{"id":1065,"date":"2023-07-14T03:07:10","date_gmt":"2023-07-14T03:07:10","guid":{"rendered":"https:\/\/www.hitbelt.com\/?post_type=product&#038;p=1065"},"modified":"2023-12-06T06:00:48","modified_gmt":"2023-12-06T06:00:48","slug":"pk-fan-belts","status":"publish","type":"product","link":"https:\/\/www.hitbelt.com\/fr\/produit\/pk-fan-belts","title":{"rendered":"Courroies PK (ventilateur)"},"content":{"rendered":"<p><strong>March\u00e9s\/Applications<\/strong><br \/>\n- Ventilateur automatique<br \/>\n\u2013 Alternateur<br \/>\n- Pompe \u00e0 eau<br \/>\n\u2013 Compresseur<br \/>\n- Pompe de direction assist\u00e9e<br \/>\n\u2013 Trube-chargeur<\/p>\n<h4>Gamme de production<\/h4>\n<a  class=\"button  button_size_2\"  href=\"https:\/\/www.hitbelt.com\/fr\/bicycles\/pk-fan-belts\/\" target=\"_blank\"   ><span class=\"button_label\">V\u00e9rifiez les tailles disponibles<\/span><\/a>","protected":false},"excerpt":{"rendered":"<p>La courroie Automotive Poly V est principalement destin\u00e9e \u00e0 la s\u00e9rie PK. Les courroies StandardA PK sont produites \u00e0 partir d&#039;un mat\u00e9riau sp\u00e9cial afin de fournir une r\u00e9sistance \u00e0 la chaleur, \u00e0 l&#039;abrasion de l&#039;huile et au vieillissement.<\/p>","protected":false},"featured_media":2493,"comment_status":"closed","ping_status":"closed","template":"","meta":{"_acf_changed":false,"_joinchat":[]},"product_brand":[],"product_cat":[98],"product_tag":[142,100],"class_list":{"0":"post-1065","1":"product","2":"type-product","3":"status-publish","4":"has-post-thumbnail","6":"product_cat-automotive-equipment-belts","7":"product_tag-automotive-equipment-belts","8":"product_tag-pk-fan-belts","10":"first","11":"instock","12":"shipping-taxable","13":"product-type-simple"},"acf":[],"_links":{"self":[{"href":"https:\/\/www.hitbelt.com\/fr\/wp-json\/wp\/v2\/product\/1065","targetHints":{"allow":["GET"]}}],"collection":[{"href":"https:\/\/www.hitbelt.com\/fr\/wp-json\/wp\/v2\/product"}],"about":[{"href":"https:\/\/www.hitbelt.com\/fr\/wp-json\/wp\/v2\/types\/product"}],"replies":[{"embeddable":true,"href":"https:\/\/www.hitbelt.com\/fr\/wp-json\/wp\/v2\/comments?post=1065"}],"wp:featuredmedia":[{"embeddable":true,"href":"https:\/\/www.hitbelt.com\/fr\/wp-json\/wp\/v2\/media\/2493"}],"wp:attachment":[{"href":"https:\/\/www.hitbelt.com\/fr\/wp-json\/wp\/v2\/media?parent=1065"}],"wp:term":[{"taxonomy":"product_brand","embeddable":true,"href":"https:\/\/www.hitbelt.com\/fr\/wp-json\/wp\/v2\/product_brand?post=1065"},{"taxonomy":"product_cat","embeddable":true,"href":"https:\/\/www.hitbelt.com\/fr\/wp-json\/wp\/v2\/product_cat?post=1065"},{"taxonomy":"product_tag","embeddable":true,"href":"https:\/\/www.hitbelt.com\/fr\/wp-json\/wp\/v2\/product_tag?post=1065"}],"curies":[{"name":"wp","href":"https:\/\/api.w.org\/{rel}","templated":true}]}}