{"id":1045,"date":"2023-07-14T02:45:31","date_gmt":"2023-07-14T02:45:31","guid":{"rendered":"https:\/\/www.hitbelt.com\/?post_type=product&#038;p=1045"},"modified":"2023-12-06T05:46:29","modified_gmt":"2023-12-06T05:46:29","slug":"haahbbhcc","status":"publish","type":"product","link":"https:\/\/www.hitbelt.com\/fr\/produit\/haahbbhcc","title":{"rendered":"Ceintures agricoles"},"content":{"rendered":"<p>Utilisant un renfort \u00e0 haute intensit\u00e9, un l\u00e9ger allongement et anti-usure comme base solide, la courroie plate en caoutchouc \u00e0 grande vitesse se caract\u00e9rise par une forte puissance de transmission et une anti-usure. Utilisant du caoutchouc chloropr\u00e8ne import\u00e9, anti-chaleur, anti-huile, anti-usure et longue dur\u00e9e de vie. Ainsi, elle devient la courroie plate de transmission \u00e0 grande vitesse la plus satisfaisante. Cette courroie est con\u00e7ue pour maintenir le contact avec les parois lat\u00e9rales, tout en restant flexible pour les entra\u00eenements n\u00e9cessitant une transmission de puissance des deux c\u00f4t\u00e9s de la courroie.<\/p>\n<p><b>Caract\u00e9ristiques\/Avantages<\/b><br \/>\n\u2013 Conception flexible et peu extensible.<br \/>\n\u2013 Excellentes caract\u00e9ristiques de fonctionnement.<br \/>\n\u2013 Flexibilit\u00e9 exceptionnelle.<br \/>\n\u2013 Faible \u00e9lasticit\u00e9.<br \/>\n\u2013 Capacit\u00e9 de transmission de puissance \u00e9lev\u00e9e.<\/p>\n<p><img loading=\"lazy\" decoding=\"async\" class=\"alignnone size-full wp-image-1047\" src=\"https:\/\/www.hitbelt.com\/wp-content\/uploads\/2023\/07\/rubber-hexagon-belts-1.gif\" alt=\"\" width=\"207\" height=\"136\" \/><\/p>\n<p><b>March\u00e9s\/Applications<\/b><br \/>\nConvient \u00e0 toutes les applications industrielles en serpentin n\u00e9cessitant une inversion de rotation sur certains arbres men\u00e9s.<\/p>\n<h4>Gamme de production<\/h4>\n<table class=\"ke-zeroborder c5\" border=\"0\" width=\"640\" cellspacing=\"0\" cellpadding=\"0\">\n<tbody>\n<tr>\n<td class=\"c1\" width=\"72\" height=\"15\">Profil<\/td>\n<td class=\"c1\" width=\"72\">Largeur<\/td>\n<td class=\"c1\" width=\"72\">\u00c9paisseur<\/td>\n<td class=\"c1\" width=\"72\">Coin<\/td>\n<td class=\"c1\">Lester<\/td>\n<td class=\"c1\">Gamme de production HIT<\/td>\n<\/tr>\n<tr>\n<td class=\"c2\" height=\"15\">AA<\/td>\n<td class=\"c3\">13<\/td>\n<td class=\"c3\">10<\/td>\n<td class=\"c3\">40\u00b0<\/td>\n<td class=\"c3\" width=\"94\">0,150 kg\/m<\/td>\n<td class=\"c3\" width=\"154\">1350mm ~ 28000mm<\/td>\n<\/tr>\n<tr>\n<td class=\"c1\" height=\"15\">BB<\/td>\n<td class=\"c4\">17<\/td>\n<td class=\"c4\">13<\/td>\n<td class=\"c4\">40\u00b0<\/td>\n<td class=\"c4\" width=\"94\">0,250 kg\/m<\/td>\n<td class=\"c4\" width=\"154\">1350mm ~ 28000mm<\/td>\n<\/tr>\n<tr>\n<td class=\"c2\" height=\"15\">CC<\/td>\n<td class=\"c3\">22<\/td>\n<td class=\"c3\">17<\/td>\n<td class=\"c3\">40\u00b0<\/td>\n<td class=\"c3\" width=\"94\">0,440 kg\/m<\/td>\n<td class=\"c3\" width=\"154\">1600mm ~ 28000mm<\/td>\n<\/tr>\n<tr>\n<td class=\"c1\" height=\"15\">DD<\/td>\n<td class=\"c4\">32<\/td>\n<td class=\"c4\">25<\/td>\n<td class=\"c4\">40\u00b0<\/td>\n<td class=\"c4\" width=\"94\">0,935 kg\/m<\/td>\n<td class=\"c4\" width=\"154\">3000mm ~ 28000mm<\/td>\n<\/tr>\n<\/tbody>\n<\/table>","protected":false},"excerpt":{"rendered":"<p>\u2013 Enveloppe (surface de protection) : Un tissu sp\u00e9cial impr\u00e9gn\u00e9 de caoutchouc qui offre une r\u00e9sistance \u00e0 l\u2019abrasion. Il est \u00e9galement responsable de la protection totale de tous les composants de la ceinture.<br \/>\n\u2013 \u00c9l\u00e9ment de traction (cordes de traction) : Constitu\u00e9 de cordes en fibres synth\u00e9tiques (polyester) qui garantissent une transmission totale de puissance avec un tr\u00e8s faible taux d\u2019allongement et une haute r\u00e9sistance \u00e0 la fatigue.<br \/>\n\u2013 \u00c9l\u00e9ment de compression\u00a0: Un compos\u00e9 pr\u00e9par\u00e9 pour r\u00e9sister \u00e0 la fatigue de compression et pour dissiper la chaleur g\u00e9n\u00e9r\u00e9e par le syst\u00e8me\u00a0; donnant ainsi \u00e0 la ceinture une dur\u00e9e de vie plus longue.<br \/>\n\u2013 \u00c9l\u00e9ment isolant : Un compos\u00e9 sp\u00e9cial pr\u00e9par\u00e9 pour maintenir l\u2019\u00e9l\u00e9ment de traction connect\u00e9 au corps de la ceinture, \u00e9vitant ainsi les frottements entre les composants.<br \/>\n\u2013 Caoutchouc de tension : Un mat\u00e9riau compos\u00e9 de caoutchouc sp\u00e9cial charg\u00e9 de r\u00e9duire les \u00e9ventuels effets d\u2019impact sur la ceinture. Il offre \u00e9galement une meilleure flexibilit\u00e9 au syst\u00e8me et un meilleur ajustement des courroies \u00e0 la poulie.<\/p>","protected":false},"featured_media":1046,"comment_status":"closed","ping_status":"closed","template":"","meta":{"_acf_changed":false,"_joinchat":[]},"product_brand":[],"product_cat":[84],"product_tag":[85,143],"class_list":{"0":"post-1045","1":"product","2":"type-product","3":"status-publish","4":"has-post-thumbnail","6":"product_cat-agricultural-equipment-belts","7":"product_tag-agricuture-belts","8":"product_tag-lawn-garden-equipment-belts","10":"first","11":"instock","12":"shipping-taxable","13":"product-type-simple"},"acf":[],"_links":{"self":[{"href":"https:\/\/www.hitbelt.com\/fr\/wp-json\/wp\/v2\/product\/1045","targetHints":{"allow":["GET"]}}],"collection":[{"href":"https:\/\/www.hitbelt.com\/fr\/wp-json\/wp\/v2\/product"}],"about":[{"href":"https:\/\/www.hitbelt.com\/fr\/wp-json\/wp\/v2\/types\/product"}],"replies":[{"embeddable":true,"href":"https:\/\/www.hitbelt.com\/fr\/wp-json\/wp\/v2\/comments?post=1045"}],"wp:featuredmedia":[{"embeddable":true,"href":"https:\/\/www.hitbelt.com\/fr\/wp-json\/wp\/v2\/media\/1046"}],"wp:attachment":[{"href":"https:\/\/www.hitbelt.com\/fr\/wp-json\/wp\/v2\/media?parent=1045"}],"wp:term":[{"taxonomy":"product_brand","embeddable":true,"href":"https:\/\/www.hitbelt.com\/fr\/wp-json\/wp\/v2\/product_brand?post=1045"},{"taxonomy":"product_cat","embeddable":true,"href":"https:\/\/www.hitbelt.com\/fr\/wp-json\/wp\/v2\/product_cat?post=1045"},{"taxonomy":"product_tag","embeddable":true,"href":"https:\/\/www.hitbelt.com\/fr\/wp-json\/wp\/v2\/product_tag?post=1045"}],"curies":[{"name":"wp","href":"https:\/\/api.w.org\/{rel}","templated":true}]}}