{"id":1024,"date":"2023-07-14T01:36:46","date_gmt":"2023-07-14T01:36:46","guid":{"rendered":"https:\/\/www.hitbelt.com\/?post_type=product&#038;p=1024"},"modified":"2023-12-06T03:47:40","modified_gmt":"2023-12-06T03:47:40","slug":"mower-belts","status":"publish","type":"product","link":"https:\/\/www.hitbelt.com\/fr\/produit\/mower-belts","title":{"rendered":"Courroies de tondeuse"},"content":{"rendered":"<p>Pour r\u00e9pondre aux exigences internationales en mati\u00e8re de protection de l&#039;environnement, les courroies trap\u00e9zo\u00efdales \u00e0 cordon en aramide HIT avec surface d&#039;emballage s\u00e8che sont dot\u00e9es de\u00a0:<\/p>\n<p>Le cordon en aramide impr\u00e9gn\u00e9 d&#039;un compos\u00e9 sp\u00e9cial \u00e9limine le besoin de retension tout en offrant\u00a0:<br \/>\n\u2013 Haute r\u00e9sistance \u00e0 la traction<br \/>\n\u2013 Non-extensibilit\u00e9<br \/>\n\u2013 Haute r\u00e9sistance aux charges de choc<\/p>\n<p>L&#039;emballage \u00e0 sec d&#039;un tissu sp\u00e9cial garantit\u00a0:<br \/>\n\u2013 Haute r\u00e9sistance \u00e0 l\u2019usure et r\u00e9duction du glissement lors de l\u2019embrayage<\/p>\n<p>Les caract\u00e9ristiques de la ceinture garantissent\u00a0:<br \/>\n\u2013 Haute r\u00e9sistance aux flexions invers\u00e9es r\u00e9p\u00e9t\u00e9es<br \/>\n\u2013 Haute r\u00e9sistance \u00e0 l\u2019huile, \u00e0 la chaleur et \u00e0 la fissuration<\/p>\n<p>Gamme \u00e9tendue test\u00e9e et approuv\u00e9e par de nombreux OEM.<br \/>\nDisponible en\u00a0<b>Bleu<\/b>,\u00a0<b>Brun<\/b>,\u00a0<b>Blanc<\/b>,\u00a0<b>Gris<\/b>, et\u00a0<b>Noir<\/b>\u00a0tissu.<br \/>\nDisponible dans toutes les sections standards.<\/p>\n<p>Comme leur nom l\u2019indique, les applications utilisant ces courroies sont tr\u00e8s sp\u00e9cifiques.<\/p>\n<p>Les courroies trap\u00e9zo\u00efdales \u00e0 cordon en aramide HIT conviennent \u00e9galement aux applications industrielles o\u00f9 les chocs ou l&#039;allongement nul sont des facteurs critiques. Les applications typiques incluent les machines pour pelouses et jardins o\u00f9 les exigences d&#039;embrayage sont tr\u00e8s \u00e9lev\u00e9es.<\/p>\n<p><img loading=\"lazy\" decoding=\"async\" class=\"alignnone size-medium wp-image-1026\" src=\"https:\/\/www.hitbelt.com\/wp-content\/uploads\/2023\/07\/lawn-mower-500x199.jpg\" alt=\"\" width=\"500\" height=\"199\" srcset=\"https:\/\/www.hitbelt.com\/wp-content\/uploads\/2023\/07\/lawn-mower-500x199.jpg 500w, https:\/\/www.hitbelt.com\/wp-content\/uploads\/2023\/07\/lawn-mower-18x7.jpg 18w, https:\/\/www.hitbelt.com\/wp-content\/uploads\/2023\/07\/lawn-mower-150x60.jpg 150w, https:\/\/www.hitbelt.com\/wp-content\/uploads\/2023\/07\/lawn-mower-480x191.jpg 480w, https:\/\/www.hitbelt.com\/wp-content\/uploads\/2023\/07\/lawn-mower.jpg 576w\" sizes=\"auto, (max-width:767px) 480px, 500px\" \/><\/p>\n<p><b><img loading=\"lazy\" decoding=\"async\" src=\"http:\/\/www.hitbelt.com\/uploadfile\/images\/redArrow.gif\" width=\"5\" height=\"9\" border=\"0\" \/>\u00a0Comparaison taille de marque populaire\/num\u00e9ro de produit<\/b><\/p>\n<table class=\"ke-zeroborder\" border=\"0\" width=\"640\" cellspacing=\"0\" cellpadding=\"0\">\n<colgroup>\n<col span=\"6\" width=\"84\" \/>\n<col width=\"57\" \/><\/colgroup>\n<tbody>\n<tr>\n<td width=\"84\" height=\"17\">FRAPPER<\/td>\n<td width=\"84\">Jason<\/td>\n<td width=\"84\">Carlisle PT<\/td>\n<td width=\"84\">portes<\/td>\n<td width=\"84\">Bonne ann\u00e9e<\/td>\n<td width=\"84\">Dayco<\/td>\n<td>Thermo\u00efde<\/td>\n<\/tr>\n<tr>\n<td height=\"17\">HITPOWER\u2122 SUPPL\u00c9MENTAIRE<\/td>\n<td>MXV<\/td>\n<td>XDV<\/td>\n<td>Aliment\u00e9<\/td>\n<td>Insta-Puissance<\/td>\n<td>GPL<\/td>\n<td width=\"79\">Puissance Plus<\/td>\n<\/tr>\n<tr>\n<td height=\"17\">3L-360<\/td>\n<td>MXV3-360<\/td>\n<td>38X360<\/td>\n<td>6736<\/td>\n<td>83360<\/td>\n<td>L336<\/td>\n<td width=\"79\">3H360<\/td>\n<\/tr>\n<tr>\n<td height=\"17\">4L-380<\/td>\n<td>MXV4-380<\/td>\n<td>48X380<\/td>\n<td>6838<\/td>\n<td>84380<\/td>\n<td>L438<\/td>\n<td width=\"79\">4H380<\/td>\n<\/tr>\n<tr>\n<td height=\"17\">5L-420<\/td>\n<td>MXV5-420<\/td>\n<td>58X420<\/td>\n<td>6942<\/td>\n<td>85420<\/td>\n<td>L542<\/td>\n<td width=\"79\">5H420<\/td>\n<\/tr>\n<\/tbody>\n<\/table>\n<p>&nbsp;<\/p>\n<p><b><img loading=\"lazy\" decoding=\"async\" src=\"http:\/\/www.hitbelt.com\/uploadfile\/images\/redArrow.gif\" width=\"5\" height=\"9\" border=\"0\" \/>\u00a0Pour courroies de remplacement pour pelouse et jardin<\/b><\/p>\n<p><u><a href=\"http:\/\/www.hitbelt.com\/index.php?m=content&amp;c=index&amp;a=show&amp;catid=491&amp;id=132\">Ariens<\/a><br \/>\n<a href=\"http:\/\/www.hitbelt.com\/index.php?m=content&amp;c=index&amp;a=show&amp;catid=491&amp;id=131\">Bolens<\/a><br \/>\n<a href=\"http:\/\/www.hitbelt.com\/index.php?m=content&amp;c=index&amp;a=show&amp;catid=491&amp;id=130\">Louveteau cadet<\/a><br \/>\n<a href=\"http:\/\/www.hitbelt.com\/index.php?m=content&amp;c=index&amp;a=show&amp;catid=491&amp;id=129\">Dixon<\/a><br \/>\n<a href=\"http:\/\/www.hitbelt.com\/index.php?m=content&amp;c=index&amp;a=show&amp;catid=491&amp;id=128\">Honda<\/a><br \/>\n<a href=\"http:\/\/www.hitbelt.com\/index.php?m=content&amp;c=index&amp;a=show&amp;catid=491&amp;id=127\">Jacobson<\/a><br \/>\n<a href=\"http:\/\/www.hitbelt.com\/index.php?m=content&amp;c=index&amp;a=show&amp;catid=491&amp;id=126\">John Deere<\/a><br \/>\n<a href=\"http:\/\/www.hitbelt.com\/index.php?m=content&amp;c=index&amp;a=show&amp;catid=491&amp;id=125\">Kubota<\/a><br \/>\n<a href=\"http:\/\/www.hitbelt.com\/index.php?m=content&amp;c=index&amp;a=show&amp;catid=491&amp;id=124\">Gar\u00e7on de pelouse<\/a><br \/>\n<a href=\"http:\/\/www.hitbelt.com\/index.php?m=content&amp;c=index&amp;a=show&amp;catid=491&amp;id=122\">Murray<\/a><br \/>\n<a href=\"http:\/\/www.hitbelt.com\/index.php?m=content&amp;c=index&amp;a=show&amp;catid=491&amp;id=121\">Sears<\/a><br \/>\n<a href=\"http:\/\/www.hitbelt.com\/index.php?m=content&amp;c=index&amp;a=show&amp;catid=491&amp;id=120\">Simplicit\u00e9<\/a><br \/>\n<a href=\"http:\/\/www.hitbelt.com\/index.php?m=content&amp;c=index&amp;a=show&amp;catid=491&amp;id=119\">Vivaneau<\/a><br \/>\n<a href=\"http:\/\/www.hitbelt.com\/index.php?m=content&amp;c=index&amp;a=show&amp;catid=491&amp;id=118\">les bois<\/a><\/u><\/p>\n<a  class=\"button  button_size_2\"  href=\"https:\/\/www.hitbelt.com\/fr\/bicycles\/dry-v-belts-with-aramid-cords\/\" target=\"_blank\"   ><span class=\"button_label\">V\u00e9rifiez les tailles acaliabe<\/span><\/a>\n\n<div id=\"gtx-trans\" style=\"position: absolute; left: 93px; top: 1423px;\">\n<div class=\"gtx-trans-icon\"><\/div>\n<\/div>","protected":false},"excerpt":{"rendered":"<p>\u2013 Haute r\u00e9sistance \u00e0 la traction<br \/>\n\u2013 Non-extensibilit\u00e9<br \/>\n\u2013 Haute r\u00e9sistance aux charges de choc<\/p>","protected":false},"featured_media":1025,"comment_status":"closed","ping_status":"closed","template":"","meta":{"_acf_changed":false,"_joinchat":[]},"product_brand":[],"product_cat":[136],"product_tag":[143,86],"class_list":{"0":"post-1024","1":"product","2":"type-product","3":"status-publish","4":"has-post-thumbnail","6":"product_cat-lawn-garden-equipment-belts","7":"product_tag-lawn-garden-equipment-belts","8":"product_tag-mower-belts","10":"first","11":"instock","12":"shipping-taxable","13":"product-type-simple"},"acf":[],"_links":{"self":[{"href":"https:\/\/www.hitbelt.com\/fr\/wp-json\/wp\/v2\/product\/1024","targetHints":{"allow":["GET"]}}],"collection":[{"href":"https:\/\/www.hitbelt.com\/fr\/wp-json\/wp\/v2\/product"}],"about":[{"href":"https:\/\/www.hitbelt.com\/fr\/wp-json\/wp\/v2\/types\/product"}],"replies":[{"embeddable":true,"href":"https:\/\/www.hitbelt.com\/fr\/wp-json\/wp\/v2\/comments?post=1024"}],"wp:featuredmedia":[{"embeddable":true,"href":"https:\/\/www.hitbelt.com\/fr\/wp-json\/wp\/v2\/media\/1025"}],"wp:attachment":[{"href":"https:\/\/www.hitbelt.com\/fr\/wp-json\/wp\/v2\/media?parent=1024"}],"wp:term":[{"taxonomy":"product_brand","embeddable":true,"href":"https:\/\/www.hitbelt.com\/fr\/wp-json\/wp\/v2\/product_brand?post=1024"},{"taxonomy":"product_cat","embeddable":true,"href":"https:\/\/www.hitbelt.com\/fr\/wp-json\/wp\/v2\/product_cat?post=1024"},{"taxonomy":"product_tag","embeddable":true,"href":"https:\/\/www.hitbelt.com\/fr\/wp-json\/wp\/v2\/product_tag?post=1024"}],"curies":[{"name":"wp","href":"https:\/\/api.w.org\/{rel}","templated":true}]}}