{"id":1795,"date":"2023-07-17T09:48:49","date_gmt":"2023-07-17T09:48:49","guid":{"rendered":"https:\/\/www.hitbelt.com\/?page_id=1795"},"modified":"2023-07-25T06:02:09","modified_gmt":"2023-07-25T06:02:09","slug":"asp2vp","status":"publish","type":"page","link":"https:\/\/www.hitbelt.com\/fr\/bicycles\/asp2vp","title":{"rendered":"ASP2VP"},"content":{"rendered":"<p>Poulies \u00e0 pas variable \u00e0 deux rainures pour courroies \u00ab 3L \u00bb, \u00ab 4L \u00bb, \u00ab 5L \u00bb, \u00ab A \u00bb, \u00ab B \u00bb ou \u00ab 5v \u00bb<\/p>\n\n\n\n<figure class=\"wp-block-image size-full\"><img loading=\"lazy\" decoding=\"async\" width=\"584\" height=\"350\" src=\"https:\/\/www.hitbelt.com\/wp-content\/uploads\/2023\/07\/20150521114532704.jpg\" alt=\"\" class=\"wp-image-1796\" srcset=\"https:\/\/www.hitbelt.com\/wp-content\/uploads\/2023\/07\/20150521114532704.jpg 584w, https:\/\/www.hitbelt.com\/wp-content\/uploads\/2023\/07\/20150521114532704-500x300.jpg 500w, https:\/\/www.hitbelt.com\/wp-content\/uploads\/2023\/07\/20150521114532704-18x12.jpg 18w, https:\/\/www.hitbelt.com\/wp-content\/uploads\/2023\/07\/20150521114532704-125x75.jpg 125w, https:\/\/www.hitbelt.com\/wp-content\/uploads\/2023\/07\/20150521114532704-480x288.jpg 480w\" sizes=\"auto, (max-width:767px) 480px, 584px\" \/><\/figure>\n\n\n\n<figure class=\"wp-block-table\"><table><tbody><tr><td rowspan=\"2\">Num\u00e9ro de pi\u00e8ce.<\/td><td rowspan=\"2\">Taper<\/td><td colspan=\"7\">Dimensions (pouces)<\/td><td rowspan=\"2\">Poids en livres<\/td><\/tr><tr><td>OD<\/td><td>Max.<\/td><td>Min.<\/td><td>Max.<\/td><td>Min.<\/td><td>L<\/td><td>K<\/td><\/tr><tr><td>2VP36<\/td><td>4<\/td><td>3.35<\/td><td>2<\/td><td>1 3\/8<\/td><td>13\/16<\/td><td>1\/2<\/td><td>3<\/td><td>1 3\/16<\/td><td>3.4<\/td><\/tr><tr><td>2VP42<\/td><td>4<\/td><td>3.95<\/td><td>2 1\/8<\/td><td>1 3\/8<\/td><td>7\/8<\/td><td>1\/2<\/td><td>3<\/td><td>1 3\/16<\/td><td>4.4<\/td><\/tr><tr><td>2VP50<\/td><td>5<\/td><td>4.75<\/td><td>2 1\/8<\/td><td>1 3\/8<\/td><td>7\/8<\/td><td>1\/2<\/td><td>3<\/td><td>1 3\/16<\/td><td>6.3<\/td><\/tr><tr><td>2VP56<\/td><td>5<\/td><td>5.35<\/td><td>2 1\/8<\/td><td>1 3\/8<\/td><td>7\/8<\/td><td>1\/2<\/td><td>3<\/td><td>1 3\/16<\/td><td>7.8<\/td><\/tr><tr><td>2VP60<\/td><td>5<\/td><td>6<\/td><td>2 3\/8<\/td><td>1 5\/8<\/td><td>1 1\/32<\/td><td>21\/32<\/td><td>3 1\/4<\/td><td>1 1\/4<\/td><td>10.6<\/td><\/tr><tr><td>2VP62<\/td><td>5<\/td><td>5.95<\/td><td>2 1\/8<\/td><td>1 3\/8<\/td><td>7\/8<\/td><td>1\/2<\/td><td>3<\/td><td>1 3\/16<\/td><td>10<\/td><\/tr><tr><td>2VP65<\/td><td>5<\/td><td>6.5<\/td><td>2 3\/8<\/td><td>1 5\/8<\/td><td>1 1\/32<\/td><td>21\/32<\/td><td>3 1\/4<\/td><td>1 1\/4<\/td><td>12.3<\/td><\/tr><tr><td>2VP68<\/td><td>5<\/td><td>6.55<\/td><td>2 1\/8<\/td><td>1 3\/8<\/td><td>7\/8<\/td><td>1\/2<\/td><td>3<\/td><td>1 3\/16<\/td><td>11.7<\/td><\/tr><tr><td>2VP71<\/td><td>5<\/td><td>7.1<\/td><td>2 3\/8<\/td><td>1 5\/8<\/td><td>1 1\/32<\/td><td>21\/32<\/td><td>3 1\/4<\/td><td>1 1\/4<\/td><td>14.6<\/td><\/tr><tr><td>2VP75<\/td><td>5<\/td><td>7.5<\/td><td>2 3\/8<\/td><td>1 5\/8<\/td><td>1 1\/32<\/td><td>21\/32<\/td><td>3 1\/4<\/td><td>1 1\/4<\/td><td>16.5<\/td><\/tr><\/tbody><\/table><\/figure>\n\n\n\n<p><br>Tailles de stock - Al\u00e9sage fini (pouces)<\/p>\n\n\n\n<figure class=\"wp-block-table\"><table><tbody><tr><td rowspan=\"2\">Num\u00e9ro de pi\u00e8ce.<\/td><td rowspan=\"2\">Taper<\/td><td colspan=\"4\">CEINTURES \u00ab 3L \u00bb<\/td><td colspan=\"9\">Al\u00e9sages de cigogne marqu\u00e9s \u00ab x \u00bb<\/td><\/tr><tr><td>Min.<br>Pas<\/td><td>Tours<br>Ouvrir<\/td><td>Max.<br>Pas<\/td><td>Tours<br>Ouvrir<\/td><td>&nbsp;1\/2<\/td><td>&nbsp;5\/8<\/td><td>&nbsp;3\/4<\/td><td>&nbsp;7\/8<\/td><td>1<\/td><td>1 1\/8<\/td><td>1 1\/4<\/td><td>1 3\/8<\/td><td>1 5\/8<\/td><\/tr><tr><td>2VP36<\/td><td>4<\/td><td>1.9<\/td><td>4<\/td><td>2.7<\/td><td>0<\/td><td>X<\/td><td>X<\/td><td>X<\/td><td>X<\/td><td>&#8211;<\/td><td>&#8211;<\/td><td>&#8211;<\/td><td>&#8211;<\/td><td>&#8211;<\/td><\/tr><tr><td>2VP42<\/td><td>4<\/td><td>2.5<\/td><td>4<\/td><td>3.3<\/td><td>0<\/td><td>&#8211;<\/td><td>X<\/td><td>X<\/td><td>X<\/td><td>X<\/td><td>X<\/td><td>&#8211;<\/td><td>&#8211;<\/td><td>&#8211;<\/td><\/tr><tr><td>2VP50<\/td><td>5<\/td><td>3.3<\/td><td>4<\/td><td>4.1<\/td><td>0<\/td><td>&#8211;<\/td><td>X<\/td><td>X<\/td><td>X<\/td><td>X<\/td><td>X<\/td><td>&#8211;<\/td><td>&#8211;<\/td><td>&#8211;<\/td><\/tr><tr><td>2VP56<\/td><td>5<\/td><td>3.9<\/td><td>4<\/td><td>4.7<\/td><td>0<\/td><td>&#8211;<\/td><td>X<\/td><td>X<\/td><td>X<\/td><td>X<\/td><td>X<\/td><td>&#8211;<\/td><td>&#8211;<\/td><td>&#8211;<\/td><\/tr><tr><td>2VP60<\/td><td>5<\/td><td>&#8211;<\/td><td>&#8211;<\/td><td>&#8211;<\/td><td>&#8211;<\/td><td>&#8211;<\/td><td>&#8211;<\/td><td>X<\/td><td>X<\/td><td>&#8211;<\/td><td>X<\/td><td>&#8211;<\/td><td>X<\/td><td>X<\/td><\/tr><tr><td>2VP62<\/td><td>5<\/td><td>4.5<\/td><td>4<\/td><td>5.3<\/td><td>0<\/td><td>&#8211;<\/td><td>&#8211;<\/td><td>X<\/td><td>X<\/td><td>X<\/td><td>X<\/td><td>X<\/td><td>X<\/td><td>&#8211;<\/td><\/tr><tr><td>2VP65<\/td><td>5<\/td><td>&#8211;<\/td><td>&#8211;<\/td><td>&#8211;<\/td><td>&#8211;<\/td><td>&#8211;<\/td><td>&#8211;<\/td><td>X<\/td><td>X<\/td><td>&#8211;<\/td><td>X<\/td><td>&#8211;<\/td><td>X<\/td><td>X<\/td><\/tr><tr><td>2VP68<\/td><td>5<\/td><td>5.1<\/td><td>4<\/td><td>5.9<\/td><td>0<\/td><td>&#8211;<\/td><td>&#8211;<\/td><td>&#8211;<\/td><td>X<\/td><td>X<\/td><td>X<\/td><td>X<\/td><td>X<\/td><td>&#8211;<\/td><\/tr><tr><td>2VP71<\/td><td>5<\/td><td>&#8211;<\/td><td>&#8211;<\/td><td>&#8211;<\/td><td>&#8211;<\/td><td>&#8211;<\/td><td>&#8211;<\/td><td>X<\/td><td>X<\/td><td>&#8211;<\/td><td>X<\/td><td>&#8211;<\/td><td>X<\/td><td>X<\/td><\/tr><tr><td>2VP75<\/td><td>5<\/td><td>&#8211;<\/td><td>&#8211;<\/td><td>&#8211;<\/td><td>&#8211;<\/td><td>&#8211;<\/td><td>&#8211;<\/td><td>X<\/td><td>X<\/td><td>&#8211;<\/td><td>X<\/td><td>&#8211;<\/td><td>X<\/td><td>X<\/td><\/tr><\/tbody><\/table><\/figure>\n\n\n\n<p>\u3000<\/p>\n\n\n\n<figure class=\"wp-block-table\"><table><tbody><tr><td rowspan=\"2\">Num\u00e9ro de pi\u00e8ce.<\/td><td rowspan=\"2\">Taper<\/td><td colspan=\"4\">COURROIES \u00ab 4L \u00bb ou \u00ab A \u00bb<\/td><td colspan=\"9\">Al\u00e9sages de cigogne marqu\u00e9s \u00ab x \u00bb<\/td><\/tr><tr><td>Min.<br>Pas<\/td><td>S&#039;ouvre \u00e0 tour de r\u00f4le<\/td><td>Max.<br>Pas<\/td><td>S&#039;ouvre \u00e0 tour de r\u00f4le<\/td><td>&nbsp;1\/2<\/td><td>&nbsp;5\/8<\/td><td>&nbsp;3\/4<\/td><td>&nbsp;7\/8<\/td><td>1<\/td><td>1 1\/8<\/td><td>1 1\/4<\/td><td>1 3\/8<\/td><td>1 5\/8<\/td><\/tr><tr><td>2VP36<\/td><td>4<\/td><td>2<\/td><td>5<\/td><td>3<\/td><td>0<\/td><td>X<\/td><td>X<\/td><td>X<\/td><td>X<\/td><td>&#8211;<\/td><td>&#8211;<\/td><td>&#8211;<\/td><td>&#8211;<\/td><td>&#8211;<\/td><\/tr><tr><td>2VP42<\/td><td>4<\/td><td>2.6<\/td><td>5<\/td><td>3.6<\/td><td>0<\/td><td>&#8211;<\/td><td>X<\/td><td>X<\/td><td>X<\/td><td>X<\/td><td>X<\/td><td>&#8211;<\/td><td>&#8211;<\/td><td>&#8211;<\/td><\/tr><tr><td>2VP50<\/td><td>5<\/td><td>3.4<\/td><td>5<\/td><td>4.4<\/td><td>0<\/td><td>&#8211;<\/td><td>X<\/td><td>X<\/td><td>X<\/td><td>X<\/td><td>X<\/td><td>&#8211;<\/td><td>&#8211;<\/td><td>&#8211;<\/td><\/tr><tr><td>2VP56<\/td><td>5<\/td><td>4<\/td><td>5<\/td><td>5<\/td><td>0<\/td><td>&#8211;<\/td><td>X<\/td><td>X<\/td><td>X<\/td><td>X<\/td><td>X<\/td><td>&#8211;<\/td><td>&#8211;<\/td><td>&#8211;<\/td><\/tr><tr><td>2VP60<\/td><td>5<\/td><td>4.2<\/td><td>5<\/td><td>5.2<\/td><td>0<\/td><td>&#8211;<\/td><td>&#8211;<\/td><td>X<\/td><td>X<\/td><td>&#8211;<\/td><td>X<\/td><td>&#8211;<\/td><td>X<\/td><td>X<\/td><\/tr><tr><td>2VP62<\/td><td>5<\/td><td>4.6<\/td><td>5<\/td><td>5.6<\/td><td>0<\/td><td>&#8211;<\/td><td>&#8211;<\/td><td>X<\/td><td>X<\/td><td>X<\/td><td>X<\/td><td>X<\/td><td>X<\/td><td>&#8211;<\/td><\/tr><tr><td>2VP65<\/td><td>5<\/td><td>4.7<\/td><td>5<\/td><td>5.7<\/td><td>0<\/td><td>&#8211;<\/td><td>&#8211;<\/td><td>X<\/td><td>X<\/td><td>&#8211;<\/td><td>X<\/td><td>&#8211;<\/td><td>X<\/td><td>X<\/td><\/tr><tr><td>2VP68<\/td><td>5<\/td><td>5.2<\/td><td>5<\/td><td>6.2<\/td><td>0<\/td><td>&#8211;<\/td><td>&#8211;<\/td><td>&#8211;<\/td><td>X<\/td><td>X<\/td><td>X<\/td><td>X<\/td><td>X<\/td><td>&#8211;<\/td><\/tr><tr><td>2VP71<\/td><td>5<\/td><td>5.3<\/td><td>5<\/td><td>6.3<\/td><td>0<\/td><td>&#8211;<\/td><td>&#8211;<\/td><td>X<\/td><td>X<\/td><td>&#8211;<\/td><td>X<\/td><td>&#8211;<\/td><td>X<\/td><td>X<\/td><\/tr><tr><td>2VP75<\/td><td>5<\/td><td>5.7<\/td><td>5<\/td><td>6.7<\/td><td>0<\/td><td>&#8211;<\/td><td>&#8211;<\/td><td>X<\/td><td>X<\/td><td>&#8211;<\/td><td>X<\/td><td>&#8211;<\/td><td>X<\/td><td>X<\/td><\/tr><\/tbody><\/table><\/figure>\n\n\n\n<p>\u3000<\/p>\n\n\n\n<figure class=\"wp-block-table\"><table><tbody><tr><td rowspan=\"2\">Num\u00e9ro de pi\u00e8ce.<\/td><td rowspan=\"2\">Taper<\/td><td colspan=\"4\">\u00ab\u00a0COURROIES\u00a0\u00bb 5L\u00a0OU\u00a0\u00ab\u00a0B\u00a0\u00bb<\/td><td colspan=\"9\">Al\u00e9sages de cigogne marqu\u00e9s \u00ab x \u00bb<\/td><\/tr><tr><td>Min.<br>Pas<\/td><td>S&#039;ouvre \u00e0 tour de r\u00f4le<\/td><td>Max.<br>Pas<\/td><td>S&#039;ouvre \u00e0 tour de r\u00f4le<\/td><td>&nbsp;1\/2<\/td><td>&nbsp;5\/8<\/td><td>&nbsp;3\/4<\/td><td>&nbsp;7\/8<\/td><td>1<\/td><td>1 1\/8<\/td><td>1 1\/4<\/td><td>1 3\/8<\/td><td>1 5\/8<\/td><\/tr><tr><td>2VP36<\/td><td>4<\/td><td>2.5<\/td><td>5<\/td><td>3.3<\/td><td>1<\/td><td>X<\/td><td>X<\/td><td>X<\/td><td>X<\/td><td>&#8211;<\/td><td>&#8211;<\/td><td>&#8211;<\/td><td>&#8211;<\/td><td>&#8211;<\/td><\/tr><tr><td>2VP42<\/td><td>4<\/td><td>2.9<\/td><td>6<\/td><td>3.9<\/td><td>1<\/td><td>&#8211;<\/td><td>X<\/td><td>X<\/td><td>X<\/td><td>X<\/td><td>X<\/td><td>&#8211;<\/td><td>&#8211;<\/td><td>&#8211;<\/td><\/tr><tr><td>2VP50<\/td><td>5<\/td><td>3.7<\/td><td>6<\/td><td>4.7<\/td><td>1<\/td><td>&#8211;<\/td><td>X<\/td><td>X<\/td><td>X<\/td><td>X<\/td><td>X<\/td><td>&#8211;<\/td><td>&#8211;<\/td><td>&#8211;<\/td><\/tr><tr><td>2VP56<\/td><td>5<\/td><td>4.3<\/td><td>6<\/td><td>5.3<\/td><td>1<\/td><td>&#8211;<\/td><td>X<\/td><td>X<\/td><td>X<\/td><td>X<\/td><td>X<\/td><td>&#8211;<\/td><td>&#8211;<\/td><td>&#8211;<\/td><\/tr><tr><td>2VP60<\/td><td>5<\/td><td>4.3<\/td><td>6<\/td><td>5.5<\/td><td>0<\/td><td>&#8211;<\/td><td>&#8211;<\/td><td>X<\/td><td>X<\/td><td>&#8211;<\/td><td>X<\/td><td>&#8211;<\/td><td>X<\/td><td>X<\/td><\/tr><tr><td>2VP62<\/td><td>5<\/td><td>4.9<\/td><td>6<\/td><td>5.9<\/td><td>1<\/td><td>&#8211;<\/td><td>&#8211;<\/td><td>X<\/td><td>X<\/td><td>X<\/td><td>X<\/td><td>X<\/td><td>X<\/td><td>&#8211;<\/td><\/tr><tr><td>2VP65<\/td><td>5<\/td><td>4.8<\/td><td>6<\/td><td>6<\/td><td>0<\/td><td>&#8211;<\/td><td>&#8211;<\/td><td>X<\/td><td>X<\/td><td>&#8211;<\/td><td>X<\/td><td>&#8211;<\/td><td>X<\/td><td>X<\/td><\/tr><tr><td>2VP68<\/td><td>5<\/td><td>5.5<\/td><td>6<\/td><td>6.5<\/td><td>1<\/td><td>&#8211;<\/td><td>&#8211;<\/td><td>&#8211;<\/td><td>X<\/td><td>X<\/td><td>X<\/td><td>X<\/td><td>X<\/td><td>&#8211;<\/td><\/tr><tr><td>2VP71<\/td><td>5<\/td><td>5.4<\/td><td>6<\/td><td>6.6<\/td><td>0<\/td><td>&#8211;<\/td><td>&#8211;<\/td><td>X<\/td><td>X<\/td><td>&#8211;<\/td><td>X<\/td><td>&#8211;<\/td><td>X<\/td><td>X<\/td><\/tr><tr><td>2VP75<\/td><td>5<\/td><td>5.8<\/td><td>6<\/td><td>7<\/td><td>0<\/td><td>&#8211;<\/td><td>&#8211;<\/td><td>X<\/td><td>X<\/td><td>&#8211;<\/td><td>X<\/td><td>&#8211;<\/td><td>X<\/td><td>X<\/td><\/tr><\/tbody><\/table><\/figure>\n\n\n\n<p>\u3000<\/p>\n\n\n\n<figure class=\"wp-block-table\"><table><tbody><tr><td rowspan=\"2\">Num\u00e9ro de pi\u00e8ce.<\/td><td rowspan=\"2\">Taper<\/td><td colspan=\"4\">COURROIES \u00ab 5V \u00bb<\/td><td colspan=\"9\">Al\u00e9sages de cigogne marqu\u00e9s \u00ab x \u00bb<\/td><\/tr><tr><td>Min.<br>Pas<\/td><td>S&#039;ouvre \u00e0 tour de r\u00f4le<\/td><td>Max.<br>Pas<\/td><td>S&#039;ouvre \u00e0 tour de r\u00f4le<\/td><td>&nbsp;1\/2<\/td><td>&nbsp;5\/8<\/td><td>&nbsp;3\/4<\/td><td>&nbsp;7\/8<\/td><td>1<\/td><td>1 1\/8<\/td><td>1 1\/4<\/td><td>1 3\/8<\/td><td>1 5\/8<\/td><\/tr><tr><td>2VP36<\/td><td>4<\/td><td>&#8211;<\/td><td>&#8211;<\/td><td>&#8211;<\/td><td>&#8211;<\/td><td>X<\/td><td>X<\/td><td>X<\/td><td>X<\/td><td>&#8211;<\/td><td>&#8211;<\/td><td>&#8211;<\/td><td>&#8211;<\/td><td>&#8211;<\/td><\/tr><tr><td>2VP42<\/td><td>4<\/td><td>&#8211;<\/td><td>&#8211;<\/td><td>&#8211;<\/td><td>&#8211;<\/td><td>&#8211;<\/td><td>X<\/td><td>X<\/td><td>X<\/td><td>X<\/td><td>X<\/td><td>&#8211;<\/td><td>&#8211;<\/td><td>&#8211;<\/td><\/tr><tr><td>2VP50<\/td><td>5<\/td><td>&#8211;<\/td><td>&#8211;<\/td><td>&#8211;<\/td><td>&#8211;<\/td><td>&#8211;<\/td><td>X<\/td><td>X<\/td><td>X<\/td><td>X<\/td><td>X<\/td><td>&#8211;<\/td><td>&#8211;<\/td><td>&#8211;<\/td><\/tr><tr><td>2VP56<\/td><td>5<\/td><td>&#8211;<\/td><td>&#8211;<\/td><td>&#8211;<\/td><td>&#8211;<\/td><td>&#8211;<\/td><td>X<\/td><td>X<\/td><td>X<\/td><td>X<\/td><td>X<\/td><td>&#8211;<\/td><td>&#8211;<\/td><td>&#8211;<\/td><\/tr><tr><td>2VP60<\/td><td>5<\/td><td>&#8211;<\/td><td>&#8211;<\/td><td>&#8211;<\/td><td>&#8211;<\/td><td>&#8211;<\/td><td>&#8211;<\/td><td>X<\/td><td>X<\/td><td>&#8211;<\/td><td>X<\/td><td>&#8211;<\/td><td>X<\/td><td>X<\/td><\/tr><tr><td>2VP62<\/td><td>5<\/td><td>5.3<\/td><td>6<\/td><td>6.3<\/td><td>1<\/td><td>&#8211;<\/td><td>&#8211;<\/td><td>X<\/td><td>X<\/td><td>X<\/td><td>X<\/td><td>X<\/td><td>X<\/td><td>&#8211;<\/td><\/tr><tr><td>2VP65<\/td><td>5<\/td><td>5.2<\/td><td>6<\/td><td>6.4<\/td><td>0<\/td><td>&#8211;<\/td><td>&#8211;<\/td><td>X<\/td><td>X<\/td><td>&#8211;<\/td><td>X<\/td><td>&#8211;<\/td><td>X<\/td><td>X<\/td><\/tr><tr><td>2VP68<\/td><td>5<\/td><td>5.9<\/td><td>6<\/td><td>6.9<\/td><td>1<\/td><td>&#8211;<\/td><td>&#8211;<\/td><td>&#8211;<\/td><td>X<\/td><td>X<\/td><td>X<\/td><td>X<\/td><td>X<\/td><td>&#8211;<\/td><\/tr><tr><td>2VP71<\/td><td>5<\/td><td>5.8<\/td><td>6<\/td><td>7<\/td><td>0<\/td><td>&#8211;<\/td><td>&#8211;<\/td><td>X<\/td><td>X<\/td><td>&#8211;<\/td><td>X<\/td><td>&#8211;<\/td><td>X<\/td><td>X<\/td><\/tr><tr><td>2VP75<\/td><td>5<\/td><td>6.2<\/td><td>6<\/td><td>7.4<\/td><td>0<\/td><td>&#8211;<\/td><td>&#8211;<\/td><td>X<\/td><td>X<\/td><td>&#8211;<\/td><td>X<\/td><td>&#8211;<\/td><td>X<\/td><td>X<\/td><\/tr><\/tbody><\/table><\/figure>\n\n\n\n<p>Tous \u00e9quip\u00e9s de vis \u00e0 t\u00eate creuse.<\/p>","protected":false},"excerpt":{"rendered":"<p>Two Groove Variable Pith Sheaves for &#8220;3L&#8221;,&#8221;4L&#8221;,&#8221;5L&#8221;,&#8221;A&#8221;,&#8221;B&#8221; or &#8220;5v&#8221; Belts Part No. Type Dimensions (Inches) Wt Lbs O.D. Max. Min. Max. Min. L K 2VP36 4<span class=\"excerpt-hellip\"> [\u2026]<\/span><\/p>","protected":false},"author":1,"featured_media":0,"parent":73,"menu_order":0,"comment_status":"closed","ping_status":"closed","template":"","meta":{"_acf_changed":false,"_joinchat":[],"footnotes":""},"class_list":["post-1795","page","type-page","status-publish","hentry"],"acf":[],"_links":{"self":[{"href":"https:\/\/www.hitbelt.com\/fr\/wp-json\/wp\/v2\/pages\/1795","targetHints":{"allow":["GET"]}}],"collection":[{"href":"https:\/\/www.hitbelt.com\/fr\/wp-json\/wp\/v2\/pages"}],"about":[{"href":"https:\/\/www.hitbelt.com\/fr\/wp-json\/wp\/v2\/types\/page"}],"author":[{"embeddable":true,"href":"https:\/\/www.hitbelt.com\/fr\/wp-json\/wp\/v2\/users\/1"}],"replies":[{"embeddable":true,"href":"https:\/\/www.hitbelt.com\/fr\/wp-json\/wp\/v2\/comments?post=1795"}],"version-history":[{"count":1,"href":"https:\/\/www.hitbelt.com\/fr\/wp-json\/wp\/v2\/pages\/1795\/revisions"}],"predecessor-version":[{"id":1797,"href":"https:\/\/www.hitbelt.com\/fr\/wp-json\/wp\/v2\/pages\/1795\/revisions\/1797"}],"up":[{"embeddable":true,"href":"https:\/\/www.hitbelt.com\/fr\/wp-json\/wp\/v2\/pages\/73"}],"wp:attachment":[{"href":"https:\/\/www.hitbelt.com\/fr\/wp-json\/wp\/v2\/media?parent=1795"}],"curies":[{"name":"wp","href":"https:\/\/api.w.org\/{rel}","templated":true}]}}