{"id":1792,"date":"2023-07-17T09:47:28","date_gmt":"2023-07-17T09:47:28","guid":{"rendered":"https:\/\/www.hitbelt.com\/?page_id=1792"},"modified":"2023-07-25T06:01:58","modified_gmt":"2023-07-25T06:01:58","slug":"asp1vp","status":"publish","type":"page","link":"https:\/\/www.hitbelt.com\/fr\/bicycles\/asp1vp","title":{"rendered":"ASP1VP"},"content":{"rendered":"<p>Poulies \u00e0 gorge simple \u00e0 pas variable pour courroies \u00ab 3L \u00bb, \u00ab 4L \u00bb, \u00ab 5L \u00bb, \u00ab A \u00bb, \u00ab B \u00bb ou \u00ab 5v \u00bb<\/p>\n\n\n\n<figure class=\"wp-block-image size-full\"><img loading=\"lazy\" decoding=\"async\" width=\"508\" height=\"470\" src=\"https:\/\/www.hitbelt.com\/wp-content\/uploads\/2023\/07\/20150811101739329-1.jpg\" alt=\"\" class=\"wp-image-1793\" srcset=\"https:\/\/www.hitbelt.com\/wp-content\/uploads\/2023\/07\/20150811101739329-1.jpg 508w, https:\/\/www.hitbelt.com\/wp-content\/uploads\/2023\/07\/20150811101739329-1-500x463.jpg 500w, https:\/\/www.hitbelt.com\/wp-content\/uploads\/2023\/07\/20150811101739329-1-13x12.jpg 13w, https:\/\/www.hitbelt.com\/wp-content\/uploads\/2023\/07\/20150811101739329-1-81x75.jpg 81w, https:\/\/www.hitbelt.com\/wp-content\/uploads\/2023\/07\/20150811101739329-1-480x444.jpg 480w\" sizes=\"auto, (max-width:767px) 480px, 508px\" \/><\/figure>\n\n\n\n<figure class=\"wp-block-table\"><table><tbody><tr><td rowspan=\"2\">Num\u00e9ro de pi\u00e8ce.<\/td><td rowspan=\"2\">Taper<\/td><td rowspan=\"2\">OD<\/td><td colspan=\"2\">F<\/td><td colspan=\"2\">g<\/td><td rowspan=\"2\">L<\/td><td rowspan=\"2\">K<\/td><td rowspan=\"2\">Poids en livres<\/td><\/tr><tr><td>Max.<\/td><td>Min.<\/td><td>Max.<\/td><td>Min.<\/td><\/tr><tr><td>1VP25<\/td><td>1<\/td><td>2.32<\/td><td>13\/16<\/td><td>9\/16<\/td><td>5\/8<\/td><td>3\/8<\/td><td>1 19\/32<\/td><td>5\/8<\/td><td>0.70<\/td><\/tr><tr><td>1VP30<\/td><td>1<\/td><td>2.87<\/td><td>13\/16<\/td><td>9\/16<\/td><td>5\/8<\/td><td>3\/8<\/td><td>1 21\/32<\/td><td>19\/32<\/td><td>1.10<\/td><\/tr><tr><td>1VP34<\/td><td>1<\/td><td>3.15<\/td><td>1<\/td><td>11\/16<\/td><td>13\/16<\/td><td>1\/2<\/td><td>1 7\/8<\/td><td>21\/32<\/td><td>1.40<\/td><\/tr><tr><td>1VP40<\/td><td>1<\/td><td>3.75<\/td><td>1 1\/16<\/td><td>11\/16<\/td><td>7\/8<\/td><td>1\/2<\/td><td>1 7\/8<\/td><td>21\/32<\/td><td>1.90<\/td><\/tr><tr><td>1VP44<\/td><td>1<\/td><td>4.15<\/td><td>1 1\/16<\/td><td>11\/16<\/td><td>7\/8<\/td><td>1\/2<\/td><td>1 7\/8<\/td><td>21\/32<\/td><td>2.40<\/td><\/tr><tr><td>1VP44<\/td><td>2<\/td><td>4.15<\/td><td>1 1\/8<\/td><td>3\/41<\/td><td>7\/8<\/td><td>1\/2<\/td><td>1 7\/8<\/td><td>11\/16<\/td><td>2.90<\/td><\/tr><tr><td>1VP50<\/td><td>1<\/td><td>4.75<\/td><td>1 1\/16<\/td><td>11\/16<\/td><td>7\/8<\/td><td>1\/2<\/td><td>2<\/td><td>25\/32<\/td><td>2.90<\/td><\/tr><tr><td>1VP50<\/td><td>2<\/td><td>4.75<\/td><td>1 1\/8<\/td><td>3\/41<\/td><td>7\/8<\/td><td>1\/2<\/td><td>1 7\/8<\/td><td>11\/16<\/td><td>3.60<\/td><\/tr><tr><td>1VP56<\/td><td>1<\/td><td>5.35<\/td><td>1 1\/16<\/td><td>11\/16<\/td><td>7\/8<\/td><td>1\/2<\/td><td>1 7\/8<\/td><td>21\/32<\/td><td>3.80<\/td><\/tr><tr><td>1VP56<\/td><td>2<\/td><td>5.35<\/td><td>1 1\/8<\/td><td>3\/41<\/td><td>7\/8<\/td><td>1\/2<\/td><td>1 7\/8<\/td><td>11\/16<\/td><td>4.40<\/td><\/tr><tr><td>1VP60<\/td><td>2<\/td><td>6.00<\/td><td>1 1\/4<\/td><td>7\/82<\/td><td>1 1\/32<\/td><td>21\/32<\/td><td>1 21\/32<\/td><td>7\/16<\/td><td>6.50<\/td><\/tr><tr><td>1VP62<\/td><td>2<\/td><td>5.95<\/td><td>1 1\/8<\/td><td>3\/41<\/td><td>7\/8<\/td><td>1\/2<\/td><td>1 29\/32<\/td><td>21\/32<\/td><td>6.10<\/td><\/tr><tr><td>1VP65<\/td><td>2<\/td><td>6.50<\/td><td>1 1\/4<\/td><td>7\/82<\/td><td>1 1\/32<\/td><td>21\/32<\/td><td>1 21\/32<\/td><td>7\/16<\/td><td>6.80<\/td><\/tr><tr><td>1VP68<\/td><td>2<\/td><td>6.55<\/td><td>1 1\/8<\/td><td>3\/4<\/td><td>7\/8<\/td><td>1\/2<\/td><td>1 29\/32<\/td><td>21\/32<\/td><td>7.30<\/td><\/tr><tr><td>1VP71<\/td><td>2<\/td><td>7.10<\/td><td>1 1\/4<\/td><td>7\/8<\/td><td>1 1\/32<\/td><td>21\/32<\/td><td>1 21\/32<\/td><td>7\/16<\/td><td>8.20<\/td><\/tr><tr><td>1VP75<\/td><td>2<\/td><td>7.50<\/td><td>1 1\/4<\/td><td>7\/82<\/td><td>1 1\/32<\/td><td>21\/32<\/td><td>1 21\/32<\/td><td>7\/16<\/td><td>9.20<\/td><\/tr><\/tbody><\/table><\/figure>\n\n\n\n<p>Dimensions (pouces)<br>&nbsp;<\/p>\n\n\n\n<p>Tailles de stock - Al\u00e9sage fini (pouces)<\/p>\n\n\n\n<figure class=\"wp-block-table\"><table><tbody><tr><td rowspan=\"3\">Partie<br>Non.<\/td><td rowspan=\"3\">Taper<\/td><td colspan=\"4\">GAMME DE DIAM\u00c8TRES<\/td><td colspan=\"9\">Al\u00e9sages de s\u00e9rie marqu\u00e9s \u00ab X \u00bb<\/td><\/tr><tr><td colspan=\"4\">CEINTURES \u00ab 3L \u00bb<\/td><td rowspan=\"2\">&nbsp;1\/2<\/td><td rowspan=\"2\">&nbsp;5\/8<\/td><td rowspan=\"2\">&nbsp;3\/4<\/td><td rowspan=\"2\">&nbsp;7\/8<\/td><td rowspan=\"2\">1<\/td><td rowspan=\"2\">1 1\/8<\/td><td rowspan=\"2\">1 1\/4<\/td><td rowspan=\"2\">1 3\/8<\/td><td rowspan=\"2\">1 5\/8<\/td><\/tr><tr><td>Min.<br>Pas<\/td><td>Tours<br>Ouvrir<\/td><td>Max.<br>Pas<\/td><td>Tours<br>Ouvrir<\/td><\/tr><tr><td>1VP25<\/td><td>1<\/td><td>1.4<\/td><td>4<\/td><td>2.2<\/td><td>0<\/td><td>X<\/td><td>&#8211;<\/td><td>&#8211;<\/td><td>&#8211;<\/td><td>&#8211;<\/td><td>&#8211;<\/td><td>&#8211;<\/td><td>&#8211;<\/td><td>&#8211;<\/td><\/tr><tr><td>1VP30<\/td><td>1<\/td><td>1.8<\/td><td>4<\/td><td>2.7<\/td><td>0<\/td><td>X<\/td><td>X<\/td><td>X<\/td><td>&#8211;<\/td><td>&#8211;<\/td><td>&#8211;<\/td><td>&#8211;<\/td><td>&#8211;<\/td><td>&#8211;<\/td><\/tr><tr><td>1VP34<\/td><td>1<\/td><td>1.7<\/td><td>4<\/td><td>2.5<\/td><td>0<\/td><td>X<\/td><td>X<\/td><td>X<\/td><td>X<\/td><td>&#8211;<\/td><td>&#8211;<\/td><td>&#8211;<\/td><td>&#8211;<\/td><td>&#8211;<\/td><\/tr><tr><td>1VP40<\/td><td>1<\/td><td>2.3<\/td><td>4<\/td><td>3.1<\/td><td>0<\/td><td>X<\/td><td>X<\/td><td>X<\/td><td>X<\/td><td>&#8211;<\/td><td>&#8211;<\/td><td>&#8211;<\/td><td>&#8211;<\/td><td>&#8211;<\/td><\/tr><tr><td>1VP44<\/td><td>1<\/td><td>2.7<\/td><td>4<\/td><td>3.5<\/td><td>0<\/td><td>X<\/td><td>X<\/td><td>X<\/td><td>&#8211;<\/td><td>&#8211;<\/td><td>&#8211;<\/td><td>&#8211;<\/td><td>&#8211;<\/td><td>&#8211;<\/td><\/tr><tr><td>1VP44<\/td><td>2<\/td><td>2.7<\/td><td>4<\/td><td>3.5<\/td><td>0<\/td><td>&#8211;<\/td><td>&#8211;<\/td><td>&#8211;<\/td><td>X<\/td><td>X<\/td><td>X<\/td><td>&#8211;<\/td><td>&#8211;<\/td><td>&#8211;<\/td><\/tr><tr><td>1VP50<\/td><td>1<\/td><td>3.3<\/td><td>4<\/td><td>4.1<\/td><td>0<\/td><td>X<\/td><td>X<\/td><td>X<\/td><td>&#8211;<\/td><td>&#8211;<\/td><td>&#8211;<\/td><td>&#8211;<\/td><td>&#8211;<\/td><td>&#8211;<\/td><\/tr><tr><td>1VP50<\/td><td>2<\/td><td>3.3<\/td><td>4<\/td><td>4.1<\/td><td>0<\/td><td>&#8211;<\/td><td>&#8211;<\/td><td>&#8211;<\/td><td>X<\/td><td>X<\/td><td>X<\/td><td>&#8211;<\/td><td>&#8211;<\/td><td>&#8211;<\/td><\/tr><tr><td>1VP56<\/td><td>1<\/td><td>3.9<\/td><td>4<\/td><td>4.7<\/td><td>0<\/td><td>X<\/td><td>X<\/td><td>X<\/td><td>&#8211;<\/td><td>&#8211;<\/td><td>&#8211;<\/td><td>&#8211;<\/td><td>&#8211;<\/td><td>&#8211;<\/td><\/tr><tr><td>1VP56<\/td><td>2<\/td><td>3.9<\/td><td>4<\/td><td>4.7<\/td><td>0<\/td><td>&#8211;<\/td><td>&#8211;<\/td><td>&#8211;<\/td><td>X<\/td><td>X<\/td><td>X<\/td><td>&#8211;<\/td><td>&#8211;<\/td><td>&#8211;<\/td><\/tr><tr><td>1VP60<\/td><td>2<\/td><td>&#8211;<\/td><td>&#8211;<\/td><td>&#8211;<\/td><td>&#8211;<\/td><td>&#8211;<\/td><td>&#8211;<\/td><td>X<\/td><td>X<\/td><td>&#8211;<\/td><td>X<\/td><td>&#8211;<\/td><td>X<\/td><td>X<\/td><\/tr><tr><td>1VP62<\/td><td>2<\/td><td>4.5<\/td><td>4<\/td><td>5.3<\/td><td>0<\/td><td>&#8211;<\/td><td>X<\/td><td>X<\/td><td>X<\/td><td>X<\/td><td>X<\/td><td>X<\/td><td>X<\/td><td>&#8211;<\/td><\/tr><tr><td>1VP65<\/td><td>2<\/td><td>&#8211;<\/td><td>&#8211;<\/td><td>&#8211;<\/td><td>&#8211;<\/td><td>&#8211;<\/td><td>&#8211;<\/td><td>X<\/td><td>X<\/td><td>&#8211;<\/td><td>X<\/td><td>&#8211;<\/td><td>X<\/td><td>X<\/td><\/tr><tr><td>1VP68<\/td><td>2<\/td><td>5.1<\/td><td>4<\/td><td>5.9<\/td><td>0<\/td><td>&#8211;<\/td><td>X<\/td><td>X<\/td><td>X<\/td><td>X<\/td><td>X<\/td><td>X<\/td><td>X<\/td><td>&#8211;<\/td><\/tr><tr><td>1VP71<\/td><td>2<\/td><td>&#8211;<\/td><td>&#8211;<\/td><td>&#8211;<\/td><td>&#8211;<\/td><td>&#8211;<\/td><td>&#8211;<\/td><td>X<\/td><td>X<\/td><td>&#8211;<\/td><td>X<\/td><td>&#8211;<\/td><td>X<\/td><td>X<\/td><\/tr><tr><td>1VP75<\/td><td>2<\/td><td>&#8211;<\/td><td>&#8211;<\/td><td>&#8211;<\/td><td>&#8211;<\/td><td>&#8211;<\/td><td>&#8211;<\/td><td>X<\/td><td>X<\/td><td>&#8211;<\/td><td>X<\/td><td>&#8211;<\/td><td>X<\/td><td>X<\/td><\/tr><\/tbody><\/table><\/figure>\n\n\n\n<p>\u3000<\/p>\n\n\n\n<figure class=\"wp-block-table\"><table><tbody><tr><td rowspan=\"3\">Partie<br>Non.<\/td><td rowspan=\"3\">Taper<\/td><td colspan=\"4\">GAMME DE DIAM\u00c8TRES<\/td><td colspan=\"9\">Al\u00e9sages de s\u00e9rie marqu\u00e9s \u00ab X \u00bb<\/td><\/tr><tr><td colspan=\"4\"><strong>COURROIES \u00ab 4L \u00bb ou \u00ab A \u00bb<\/strong><\/td><td rowspan=\"2\">&nbsp;1\/2<\/td><td rowspan=\"2\">&nbsp;5\/8<\/td><td rowspan=\"2\">&nbsp;3\/4<\/td><td rowspan=\"2\">&nbsp;7\/8<\/td><td rowspan=\"2\">1<\/td><td rowspan=\"2\">1 1\/8<\/td><td rowspan=\"2\">1 1\/4<\/td><td rowspan=\"2\">1 3\/8<\/td><td rowspan=\"2\">1 5\/8<\/td><\/tr><tr><td>Min.<br>Donn\u00e9es<\/td><td>S&#039;ouvre \u00e0 tour de r\u00f4le<\/td><td>Max.<br>Donn\u00e9es<\/td><td>S&#039;ouvre \u00e0 tour de r\u00f4le<\/td><\/tr><tr><td>1VP25<\/td><td>1<\/td><td>&#8211;<\/td><td>&#8211;<\/td><td>&#8211;<\/td><td>&#8211;<\/td><td>X<\/td><td>&#8211;<\/td><td>&#8211;<\/td><td>&#8211;<\/td><td>&#8211;<\/td><td>&#8211;<\/td><td>&#8211;<\/td><td>&#8211;<\/td><td>&#8211;<\/td><\/tr><tr><td>1VP30<\/td><td>1<\/td><td>&#8211;<\/td><td>&#8211;<\/td><td>&#8211;<\/td><td>&#8211;<\/td><td>X<\/td><td>X<\/td><td>X<\/td><td>&#8211;<\/td><td>&#8211;<\/td><td>&#8211;<\/td><td>&#8211;<\/td><td>&#8211;<\/td><td>&#8211;<\/td><\/tr><tr><td>1VP34<\/td><td>1<\/td><td>1.9<\/td><td>5<\/td><td>2.9<\/td><td>0<\/td><td>X<\/td><td>X<\/td><td>X<\/td><td>X<\/td><td>&#8211;<\/td><td>&#8211;<\/td><td>&#8211;<\/td><td>&#8211;<\/td><td>&#8211;<\/td><\/tr><tr><td>1VP40<\/td><td>1<\/td><td>2.4<\/td><td>5<\/td><td>3.4<\/td><td>0<\/td><td>X<\/td><td>X<\/td><td>X<\/td><td>X<\/td><td>&#8211;<\/td><td>&#8211;<\/td><td>&#8211;<\/td><td>&#8211;<\/td><td>&#8211;<\/td><\/tr><tr><td>1VP44<\/td><td>1<\/td><td>2.8<\/td><td>5<\/td><td>3.8<\/td><td>0<\/td><td>X<\/td><td>X<\/td><td>X<\/td><td>&#8211;<\/td><td>&#8211;<\/td><td>&#8211;<\/td><td>&#8211;<\/td><td>&#8211;<\/td><td>&#8211;<\/td><\/tr><tr><td>1VP44<\/td><td>2<\/td><td>2.8<\/td><td>5<\/td><td>3.8<\/td><td>0<\/td><td>&#8211;<\/td><td>&#8211;<\/td><td>&#8211;<\/td><td>X<\/td><td>X<\/td><td>X<\/td><td>&#8211;<\/td><td>&#8211;<\/td><td>&#8211;<\/td><\/tr><tr><td>1VP50<\/td><td>1<\/td><td>3.4<\/td><td>5<\/td><td>4.4<\/td><td>0<\/td><td>X<\/td><td>X<\/td><td>X<\/td><td>&#8211;<\/td><td>&#8211;<\/td><td>&#8211;<\/td><td>&#8211;<\/td><td>&#8211;<\/td><td>&#8211;<\/td><\/tr><tr><td>1VP50<\/td><td>2<\/td><td>3.4<\/td><td>5<\/td><td>4.4<\/td><td>0<\/td><td>&#8211;<\/td><td>&#8211;<\/td><td>&#8211;<\/td><td>X<\/td><td>X<\/td><td>X<\/td><td>&#8211;<\/td><td>&#8211;<\/td><td>&#8211;<\/td><\/tr><tr><td>1VP56<\/td><td>1<\/td><td>4<\/td><td>5<\/td><td>5<\/td><td>0<\/td><td>X<\/td><td>X<\/td><td>X<\/td><td>&#8211;<\/td><td>&#8211;<\/td><td>&#8211;<\/td><td>&#8211;<\/td><td>&#8211;<\/td><td>&#8211;<\/td><\/tr><tr><td>1VP56<\/td><td>2<\/td><td>4<\/td><td>5<\/td><td>5<\/td><td>0<\/td><td>&#8211;<\/td><td>&#8211;<\/td><td>&#8211;<\/td><td>X<\/td><td>X<\/td><td>X<\/td><td>&#8211;<\/td><td>&#8211;<\/td><td>&#8211;<\/td><\/tr><tr><td>1VP60<\/td><td>2<\/td><td>4.2<\/td><td>5<\/td><td>5.2<\/td><td>0<\/td><td>&#8211;<\/td><td>&#8211;<\/td><td>X<\/td><td>X<\/td><td>&#8211;<\/td><td>X<\/td><td>&#8211;<\/td><td>X<\/td><td>X<\/td><\/tr><tr><td>1VP62<\/td><td>2<\/td><td>4.6<\/td><td>5<\/td><td>5.6<\/td><td>0<\/td><td>&#8211;<\/td><td>X<\/td><td>X<\/td><td>X<\/td><td>X<\/td><td>X<\/td><td>X<\/td><td>X<\/td><td>&#8211;<\/td><\/tr><tr><td>1VP65<\/td><td>2<\/td><td>4.7<\/td><td>5<\/td><td>5.7<\/td><td>0<\/td><td>&#8211;<\/td><td>&#8211;<\/td><td>X<\/td><td>X<\/td><td>&#8211;<\/td><td>X<\/td><td>&#8211;<\/td><td>X<\/td><td>X<\/td><\/tr><tr><td>1VP68<\/td><td>2<\/td><td>5.2<\/td><td>5<\/td><td>6.2<\/td><td>0<\/td><td>&#8211;<\/td><td>X<\/td><td>X<\/td><td>X<\/td><td>X<\/td><td>X<\/td><td>X<\/td><td>X<\/td><td>&#8211;<\/td><\/tr><tr><td>1VP71<\/td><td>2<\/td><td>5.3<\/td><td>5<\/td><td>6.3<\/td><td>0<\/td><td>&#8211;<\/td><td>&#8211;<\/td><td>X<\/td><td>X<\/td><td>&#8211;<\/td><td>X<\/td><td>&#8211;<\/td><td>X<\/td><td>X<\/td><\/tr><tr><td>1VP75<\/td><td>2<\/td><td>5.7<\/td><td>5<\/td><td>6.7<\/td><td>0<\/td><td>&#8211;<\/td><td>&#8211;<\/td><td>X<\/td><td>X<\/td><td>&#8211;<\/td><td>X<\/td><td>&#8211;<\/td><td>X<\/td><td>X<\/td><\/tr><\/tbody><\/table><\/figure>\n\n\n\n<p>\u3000<\/p>\n\n\n\n<figure class=\"wp-block-table\"><table><tbody><tr><td rowspan=\"3\">Partie<br>Non.<\/td><td rowspan=\"3\">Taper<\/td><td colspan=\"4\">GAMME DE DIAM\u00c8TRES<\/td><td colspan=\"9\">Al\u00e9sages de s\u00e9rie marqu\u00e9s \u00ab X \u00bb<\/td><\/tr><tr><td colspan=\"4\">COURROIES \u00ab 5L \u00bb ou \u00ab B \u00bb<\/td><td rowspan=\"2\">&nbsp;1\/2<\/td><td rowspan=\"2\">&nbsp;5\/8<\/td><td rowspan=\"2\">&nbsp;3\/4<\/td><td rowspan=\"2\">&nbsp;7\/8<\/td><td rowspan=\"2\">1<\/td><td rowspan=\"2\">1 1\/8<\/td><td rowspan=\"2\">1 1\/4<\/td><td rowspan=\"2\">1 3\/8<\/td><td rowspan=\"2\">1 5\/8<\/td><\/tr><tr><td>Min.<br>Donn\u00e9es<\/td><td>S&#039;ouvre \u00e0 tour de r\u00f4le<\/td><td>Max.<br>Donn\u00e9es<\/td><td>S&#039;ouvre \u00e0 tour de r\u00f4le<\/td><\/tr><tr><td>1VP25<\/td><td>1<\/td><td>&#8211;<\/td><td>&#8211;<\/td><td>&#8211;<\/td><td>&#8211;<\/td><td>X<\/td><td>&#8211;<\/td><td>&#8211;<\/td><td>&#8211;<\/td><td>&#8211;<\/td><td>&#8211;<\/td><td>&#8211;<\/td><td>&#8211;<\/td><td>&#8211;<\/td><\/tr><tr><td>1VP30<\/td><td>1<\/td><td>&#8211;<\/td><td>&#8211;<\/td><td>&#8211;<\/td><td>&#8211;<\/td><td>X<\/td><td>X<\/td><td>X<\/td><td>&#8211;<\/td><td>&#8211;<\/td><td>&#8211;<\/td><td>&#8211;<\/td><td>&#8211;<\/td><td>&#8211;<\/td><\/tr><tr><td>1VP34<\/td><td>1<\/td><td>2.4<\/td><td>5<\/td><td>3.2<\/td><td>1<\/td><td>X<\/td><td>X<\/td><td>X<\/td><td>X<\/td><td>&#8211;<\/td><td>&#8211;<\/td><td>&#8211;<\/td><td>&#8211;<\/td><td>&#8211;<\/td><\/tr><tr><td>1VP40<\/td><td>1<\/td><td>2.7<\/td><td>6<\/td><td>3.7<\/td><td>1<\/td><td>X<\/td><td>X<\/td><td>X<\/td><td>X<\/td><td>&#8211;<\/td><td>&#8211;<\/td><td>&#8211;<\/td><td>&#8211;<\/td><td>&#8211;<\/td><\/tr><tr><td>1VP44<\/td><td>1<\/td><td>3.1<\/td><td>6<\/td><td>4.1<\/td><td>1<\/td><td>X<\/td><td>X<\/td><td>X<\/td><td>&#8211;<\/td><td>&#8211;<\/td><td>&#8211;<\/td><td>&#8211;<\/td><td>&#8211;<\/td><td>&#8211;<\/td><\/tr><tr><td>1VP44<\/td><td>2<\/td><td>3.1<\/td><td>6<\/td><td>4.1<\/td><td>1<\/td><td>&#8211;<\/td><td>&#8211;<\/td><td>&#8211;<\/td><td>X<\/td><td>X<\/td><td>X<\/td><td>&#8211;<\/td><td>&#8211;<\/td><td>&#8211;<\/td><\/tr><tr><td>1VP50<\/td><td>1<\/td><td>3.7<\/td><td>6<\/td><td>4.7<\/td><td>1<\/td><td>X<\/td><td>X<\/td><td>X<\/td><td>&#8211;<\/td><td>&#8211;<\/td><td>&#8211;<\/td><td>&#8211;<\/td><td>&#8211;<\/td><td>&#8211;<\/td><\/tr><tr><td>1VP50<\/td><td>2<\/td><td>3.7<\/td><td>6<\/td><td>4.7<\/td><td>1<\/td><td>&#8211;<\/td><td>&#8211;<\/td><td>&#8211;<\/td><td>X<\/td><td>X<\/td><td>X<\/td><td>&#8211;<\/td><td>&#8211;<\/td><td>&#8211;<\/td><\/tr><tr><td>1VP56<\/td><td>1<\/td><td>4.3<\/td><td>6<\/td><td>5.3<\/td><td>1<\/td><td>X<\/td><td>X<\/td><td>X<\/td><td>&#8211;<\/td><td>&#8211;<\/td><td>&#8211;<\/td><td>&#8211;<\/td><td>&#8211;<\/td><td>&#8211;<\/td><\/tr><tr><td>1VP56<\/td><td>2<\/td><td>4.3<\/td><td>6<\/td><td>5.3<\/td><td>1<\/td><td>&#8211;<\/td><td>&#8211;<\/td><td>&#8211;<\/td><td>X<\/td><td>X<\/td><td>X<\/td><td>&#8211;<\/td><td>&#8211;<\/td><td>&#8211;<\/td><\/tr><tr><td>1VP60<\/td><td>2<\/td><td>4.3<\/td><td>6<\/td><td>5.5<\/td><td>0<\/td><td>&#8211;<\/td><td>&#8211;<\/td><td>X<\/td><td>X<\/td><td>&#8211;<\/td><td>X<\/td><td>&#8211;<\/td><td>X<\/td><td>X<\/td><\/tr><tr><td>1VP62<\/td><td>2<\/td><td>4.9<\/td><td>6<\/td><td>5.9<\/td><td>1<\/td><td>&#8211;<\/td><td>X<\/td><td>X<\/td><td>X<\/td><td>X<\/td><td>X<\/td><td>X<\/td><td>X<\/td><td>&#8211;<\/td><\/tr><tr><td>1VP65<\/td><td>2<\/td><td>4.8<\/td><td>6<\/td><td>6<\/td><td>0<\/td><td>&#8211;<\/td><td>&#8211;<\/td><td>X<\/td><td>X<\/td><td>&#8211;<\/td><td>X<\/td><td>&#8211;<\/td><td>X<\/td><td>X<\/td><\/tr><tr><td>1VP68<\/td><td>2<\/td><td>5.5<\/td><td>6<\/td><td>6.5<\/td><td>1<\/td><td>&#8211;<\/td><td>X<\/td><td>X<\/td><td>X<\/td><td>X<\/td><td>X<\/td><td>X<\/td><td>X<\/td><td>&#8211;<\/td><\/tr><tr><td>1VP71<\/td><td>2<\/td><td>5.4<\/td><td>6<\/td><td>6.6<\/td><td>0<\/td><td>&#8211;<\/td><td>&#8211;<\/td><td>X<\/td><td>X<\/td><td>&#8211;<\/td><td>X<\/td><td>&#8211;<\/td><td>X<\/td><td>X<\/td><\/tr><tr><td>1VP75<\/td><td>2<\/td><td>5.8<\/td><td>6<\/td><td>7<\/td><td>0<\/td><td>&#8211;<\/td><td>&#8211;<\/td><td>X<\/td><td>X<\/td><td>&#8211;<\/td><td>X<\/td><td>&#8211;<\/td><td>X<\/td><td>X<\/td><\/tr><\/tbody><\/table><\/figure>\n\n\n\n<p>\u3000<\/p>\n\n\n\n<figure class=\"wp-block-table\"><table><tbody><tr><td rowspan=\"3\">Partie<br>Non.<\/td><td rowspan=\"3\">Taper<\/td><td colspan=\"4\">GAMME DE DIAM\u00c8TRES<\/td><td colspan=\"9\">Al\u00e9sages de s\u00e9rie marqu\u00e9s \u00ab X \u00bb<\/td><\/tr><tr><td colspan=\"4\">Courroies \u00ab 5V \u00bb<\/td><td rowspan=\"2\">&nbsp;1\/2<\/td><td rowspan=\"2\">&nbsp;5\/8<\/td><td rowspan=\"2\">&nbsp;3\/4<\/td><td rowspan=\"2\">&nbsp;7\/8<\/td><td rowspan=\"2\">1<\/td><td rowspan=\"2\">1 1\/8<\/td><td rowspan=\"2\">1 1\/4<\/td><td rowspan=\"2\">1 3\/8<\/td><td rowspan=\"2\">1 5\/8<\/td><\/tr><tr><td>Min.<br>Pas<\/td><td>S&#039;ouvre \u00e0 tour de r\u00f4le<\/td><td>Max.<br>Pas<\/td><td>S&#039;ouvre \u00e0 tour de r\u00f4le<\/td><\/tr><tr><td>1VP25<\/td><td>1<\/td><td>&#8211;<\/td><td>&#8211;<\/td><td>&#8211;<\/td><td>&#8211;<\/td><td>X<\/td><td>&#8211;<\/td><td>&#8211;<\/td><td>&#8211;<\/td><td>&#8211;<\/td><td>&#8211;<\/td><td>&#8211;<\/td><td>&#8211;<\/td><td>&#8211;<\/td><\/tr><tr><td>1VP30<\/td><td>1<\/td><td>&#8211;<\/td><td>&#8211;<\/td><td>&#8211;<\/td><td>&#8211;<\/td><td>X<\/td><td>X<\/td><td>X<\/td><td>&#8211;<\/td><td>&#8211;<\/td><td>&#8211;<\/td><td>&#8211;<\/td><td>&#8211;<\/td><td>&#8211;<\/td><\/tr><tr><td>1VP34<\/td><td>1<\/td><td>&#8211;<\/td><td>&#8211;<\/td><td>&#8211;<\/td><td>&#8211;<\/td><td>X<\/td><td>X<\/td><td>X<\/td><td>X<\/td><td>&#8211;<\/td><td>&#8211;<\/td><td>&#8211;<\/td><td>&#8211;<\/td><td>&#8211;<\/td><\/tr><tr><td>1VP40<\/td><td>1<\/td><td>&#8211;<\/td><td>&#8211;<\/td><td>&#8211;<\/td><td>&#8211;<\/td><td>X<\/td><td>X<\/td><td>X<\/td><td>X<\/td><td>&#8211;<\/td><td>&#8211;<\/td><td>&#8211;<\/td><td>&#8211;<\/td><td>&#8211;<\/td><\/tr><tr><td>1VP44<\/td><td>1<\/td><td>&#8211;<\/td><td>&#8211;<\/td><td>&#8211;<\/td><td>&#8211;<\/td><td>X<\/td><td>X<\/td><td>X<\/td><td>&#8211;<\/td><td>&#8211;<\/td><td>&#8211;<\/td><td>&#8211;<\/td><td>&#8211;<\/td><td>&#8211;<\/td><\/tr><tr><td>1VP44<\/td><td>2<\/td><td>&#8211;<\/td><td>&#8211;<\/td><td>&#8211;<\/td><td>&#8211;<\/td><td>&#8211;<\/td><td>&#8211;<\/td><td>&#8211;<\/td><td>X<\/td><td>X<\/td><td>X<\/td><td>&#8211;<\/td><td>&#8211;<\/td><td>&#8211;<\/td><\/tr><tr><td>1VP50<\/td><td>1<\/td><td>&#8211;<\/td><td>&#8211;<\/td><td>&#8211;<\/td><td>&#8211;<\/td><td>X<\/td><td>X<\/td><td>X<\/td><td>&#8211;<\/td><td>&#8211;<\/td><td>&#8211;<\/td><td>&#8211;<\/td><td>&#8211;<\/td><td>&#8211;<\/td><\/tr><tr><td>1VP50<\/td><td>2<\/td><td>&#8211;<\/td><td>&#8211;<\/td><td>&#8211;<\/td><td>&#8211;<\/td><td>&#8211;<\/td><td>&#8211;<\/td><td>&#8211;<\/td><td>X<\/td><td>X<\/td><td>X<\/td><td>&#8211;<\/td><td>&#8211;<\/td><td>&#8211;<\/td><\/tr><tr><td>1VP56<\/td><td>1<\/td><td>&#8211;<\/td><td>&#8211;<\/td><td>&#8211;<\/td><td>&#8211;<\/td><td>X<\/td><td>X<\/td><td>X<\/td><td>&#8211;<\/td><td>&#8211;<\/td><td>&#8211;<\/td><td>&#8211;<\/td><td>&#8211;<\/td><td>&#8211;<\/td><\/tr><tr><td>1VP56<\/td><td>2<\/td><td>&#8211;<\/td><td>&#8211;<\/td><td>&#8211;<\/td><td>&#8211;<\/td><td>&#8211;<\/td><td>&#8211;<\/td><td>&#8211;<\/td><td>X<\/td><td>X<\/td><td>X<\/td><td>&#8211;<\/td><td>&#8211;<\/td><td>&#8211;<\/td><\/tr><tr><td>1VP60<\/td><td>2<\/td><td>&#8211;<\/td><td>&#8211;<\/td><td>&#8211;<\/td><td>&#8211;<\/td><td>&#8211;<\/td><td>&#8211;<\/td><td>X<\/td><td>X<\/td><td>&#8211;<\/td><td>X<\/td><td>&#8211;<\/td><td>X<\/td><td>X<\/td><\/tr><tr><td>1VP62<\/td><td>2<\/td><td>5.3<\/td><td>6<\/td><td>6.3<\/td><td>1<\/td><td>&#8211;<\/td><td>X<\/td><td>X<\/td><td>X<\/td><td>X<\/td><td>X<\/td><td>X<\/td><td>X<\/td><td>&#8211;<\/td><\/tr><tr><td>1VP65<\/td><td>2<\/td><td>5.2<\/td><td>6<\/td><td>6.4<\/td><td>0<\/td><td>&#8211;<\/td><td>&#8211;<\/td><td>X<\/td><td>X<\/td><td>&#8211;<\/td><td>X<\/td><td>&#8211;<\/td><td>X<\/td><td>X<\/td><\/tr><tr><td>1VP68<\/td><td>2<\/td><td>5.9<\/td><td>6<\/td><td>6.9<\/td><td>1<\/td><td>&#8211;<\/td><td>X<\/td><td>X<\/td><td>X<\/td><td>X<\/td><td>X<\/td><td>X<\/td><td>X<\/td><td>&#8211;<\/td><\/tr><tr><td>1VP71<\/td><td>2<\/td><td>5.8<\/td><td>6<\/td><td>7<\/td><td>0<\/td><td>&#8211;<\/td><td>&#8211;<\/td><td>X<\/td><td>X<\/td><td>&#8211;<\/td><td>X<\/td><td>&#8211;<\/td><td>X<\/td><td>X<\/td><\/tr><tr><td>1VP75<\/td><td>2<\/td><td>6.2<\/td><td>6<\/td><td>7.4<\/td><td>0<\/td><td>&#8211;<\/td><td>&#8211;<\/td><td>X<\/td><td>X<\/td><td>&#8211;<\/td><td>X<\/td><td>&#8211;<\/td><td>X<\/td><td>X<\/td><\/tr><\/tbody><\/table><\/figure>\n\n\n\n<p>Tous \u00e9quip\u00e9s de vis \u00e0 t\u00eate creuse.<\/p>","protected":false},"excerpt":{"rendered":"<p>Single Groove Variable Pith Sheaves for &#8220;3L&#8221;,&#8221;4L&#8221;,&#8221;5L&#8221;,&#8221;A&#8221;,&#8221;B&#8221; or &#8220;5v&#8221; Belts Part No. Type O.D. F G L K Wt Lbs Max. Min. Max. Min. 1VP25 1<span class=\"excerpt-hellip\"> [\u2026]<\/span><\/p>","protected":false},"author":1,"featured_media":0,"parent":73,"menu_order":0,"comment_status":"closed","ping_status":"closed","template":"","meta":{"_acf_changed":false,"_joinchat":[],"footnotes":""},"class_list":["post-1792","page","type-page","status-publish","hentry"],"acf":[],"_links":{"self":[{"href":"https:\/\/www.hitbelt.com\/fr\/wp-json\/wp\/v2\/pages\/1792","targetHints":{"allow":["GET"]}}],"collection":[{"href":"https:\/\/www.hitbelt.com\/fr\/wp-json\/wp\/v2\/pages"}],"about":[{"href":"https:\/\/www.hitbelt.com\/fr\/wp-json\/wp\/v2\/types\/page"}],"author":[{"embeddable":true,"href":"https:\/\/www.hitbelt.com\/fr\/wp-json\/wp\/v2\/users\/1"}],"replies":[{"embeddable":true,"href":"https:\/\/www.hitbelt.com\/fr\/wp-json\/wp\/v2\/comments?post=1792"}],"version-history":[{"count":1,"href":"https:\/\/www.hitbelt.com\/fr\/wp-json\/wp\/v2\/pages\/1792\/revisions"}],"predecessor-version":[{"id":1794,"href":"https:\/\/www.hitbelt.com\/fr\/wp-json\/wp\/v2\/pages\/1792\/revisions\/1794"}],"up":[{"embeddable":true,"href":"https:\/\/www.hitbelt.com\/fr\/wp-json\/wp\/v2\/pages\/73"}],"wp:attachment":[{"href":"https:\/\/www.hitbelt.com\/fr\/wp-json\/wp\/v2\/media?parent=1792"}],"curies":[{"name":"wp","href":"https:\/\/api.w.org\/{rel}","templated":true}]}}