{"id":1788,"date":"2023-07-17T09:45:08","date_gmt":"2023-07-17T09:45:08","guid":{"rendered":"https:\/\/www.hitbelt.com\/?page_id=1788"},"modified":"2023-07-25T06:09:16","modified_gmt":"2023-07-25T06:09:16","slug":"tbss8v","status":"publish","type":"page","link":"https:\/\/www.hitbelt.com\/fr\/bicycles\/tbss8v","title":{"rendered":"TBSS8V"},"content":{"rendered":"<figure class=\"wp-block-image size-full\"><img loading=\"lazy\" decoding=\"async\" width=\"584\" height=\"370\" src=\"https:\/\/www.hitbelt.com\/wp-content\/uploads\/2023\/07\/20150811101739456.jpg\" alt=\"\" class=\"wp-image-1790\" srcset=\"https:\/\/www.hitbelt.com\/wp-content\/uploads\/2023\/07\/20150811101739456.jpg 584w, https:\/\/www.hitbelt.com\/wp-content\/uploads\/2023\/07\/20150811101739456-500x317.jpg 500w, https:\/\/www.hitbelt.com\/wp-content\/uploads\/2023\/07\/20150811101739456-18x12.jpg 18w, https:\/\/www.hitbelt.com\/wp-content\/uploads\/2023\/07\/20150811101739456-118x75.jpg 118w, https:\/\/www.hitbelt.com\/wp-content\/uploads\/2023\/07\/20150811101739456-480x304.jpg 480w\" sizes=\"auto, (max-width:767px) 480px, 584px\" \/><\/figure>\n\n\n\n<figure class=\"wp-block-image size-full\"><img loading=\"lazy\" decoding=\"async\" width=\"508\" height=\"470\" src=\"https:\/\/www.hitbelt.com\/wp-content\/uploads\/2023\/07\/20150811101739329.jpg\" alt=\"\" class=\"wp-image-1789\" srcset=\"https:\/\/www.hitbelt.com\/wp-content\/uploads\/2023\/07\/20150811101739329.jpg 508w, https:\/\/www.hitbelt.com\/wp-content\/uploads\/2023\/07\/20150811101739329-500x463.jpg 500w, https:\/\/www.hitbelt.com\/wp-content\/uploads\/2023\/07\/20150811101739329-13x12.jpg 13w, https:\/\/www.hitbelt.com\/wp-content\/uploads\/2023\/07\/20150811101739329-81x75.jpg 81w, https:\/\/www.hitbelt.com\/wp-content\/uploads\/2023\/07\/20150811101739329-480x444.jpg 480w\" sizes=\"auto, (max-width:767px) 480px, 508px\" \/><\/figure>\n\n\n\n<p>4 rainures F=4 7\/8\u2033<br>Dimensions en pouces, poids en livres<\/p>\n\n\n\n<figure class=\"wp-block-table\"><table><tbody><tr><td rowspan=\"2\">NUM\u00c9RO DE PI\u00c8CE<\/td><td colspan=\"2\">DIAM\u00c8TRE<\/td><td rowspan=\"2\">TAPER<\/td><td rowspan=\"2\">BUISSON<\/td><td rowspan=\"2\">BUISSON<br>AL\u00c9SAGE MAXIMUM<\/td><td rowspan=\"2\">E<\/td><td rowspan=\"2\">L \u00c0 TRAVERS L&#039;AL\u00c9SAGE<\/td><td rowspan=\"2\">M<\/td><td rowspan=\"2\">POIDS MOINS<br>BUISSON<\/td><\/tr><tr><td>OD<\/td><td>Pas 8V<\/td><\/tr><tr><td>4 8V1250TB<\/td><td>12.50<\/td><td>12.30<\/td><td>A-1<\/td><td>4040<\/td><td>4<\/td><td>0<\/td><td>4<\/td><td>&nbsp;7\/8<\/td><td>88.00<\/td><\/tr><tr><td>4 8V1320TB<\/td><td>13.20<\/td><td>13.00<\/td><td>A-1<\/td><td>4040<\/td><td>4<\/td><td>0<\/td><td>4<\/td><td>&nbsp;7\/8<\/td><td>102.00<\/td><\/tr><tr><td>4 8V1400TB<\/td><td>14.00<\/td><td>13.80<\/td><td>A-1<\/td><td>4040<\/td><td>4<\/td><td>0<\/td><td>4 1\/2<\/td><td>&nbsp;7\/8<\/td><td>123.00<\/td><\/tr><tr><td>4 8V1500TB<\/td><td>15.00<\/td><td>14.80<\/td><td>A-1<\/td><td>4040<\/td><td>4 1\/2<\/td><td>0<\/td><td>4 1\/2<\/td><td>&nbsp;7\/8<\/td><td>145.00<\/td><\/tr><tr><td>4 8V1600TB<\/td><td>16.00<\/td><td>15.80<\/td><td>A-2<\/td><td>4040<\/td><td>4 1\/2<\/td><td>0<\/td><td>4 1\/2<\/td><td>&nbsp;7\/8<\/td><td>111.00<\/td><\/tr><tr><td>4 8V1700TB<\/td><td>17.00<\/td><td>16.80<\/td><td>A-2<\/td><td>4040<\/td><td>4 1\/2<\/td><td>0<\/td><td>4 1\/2<\/td><td>&nbsp;7\/8<\/td><td>120.00<\/td><\/tr><tr><td>4 8V1800TB<\/td><td>18.00<\/td><td>17.80<\/td><td>A-2<\/td><td>4040<\/td><td>4 1\/2<\/td><td>0<\/td><td>4 1\/2<\/td><td>&nbsp;7\/8<\/td><td>130.00<\/td><\/tr><tr><td>4 8V1900TB<\/td><td>19.00<\/td><td>18.80<\/td><td>A-2<\/td><td>4040<\/td><td>4 1\/2<\/td><td>0<\/td><td>4 1\/2<\/td><td>&nbsp;7\/8<\/td><td>140.00<\/td><\/tr><tr><td>4 8V2000TB<\/td><td>20.00<\/td><td>19.80<\/td><td>A-2<\/td><td>4545<\/td><td>4 1\/2<\/td><td>0<\/td><td>4 1\/2<\/td><td>&nbsp;3\/8<\/td><td>151.00<\/td><\/tr><tr><td>4 8V2120TB<\/td><td>21.20<\/td><td>21.00<\/td><td>A-3<\/td><td>4545<\/td><td>4 1\/2<\/td><td>0<\/td><td>4 1\/2<\/td><td>&nbsp;3\/8<\/td><td>154.00<\/td><\/tr><tr><td>4 8V2240TB<\/td><td>22.40<\/td><td>22.20<\/td><td>A-3<\/td><td>4545<\/td><td>4 1\/2<\/td><td>0<\/td><td>4 1\/2<\/td><td>&nbsp;3\/8<\/td><td>185.00<\/td><\/tr><tr><td>4 8V3000TB<\/td><td>30.00<\/td><td>29.80<\/td><td>C-3<\/td><td>5050<\/td><td>5<\/td><td>0<\/td><td>5<\/td><td>&nbsp;1\/8<\/td><td>246.00<\/td><\/tr><tr><td>4 8V4000TB<\/td><td>40.00<\/td><td>39.80<\/td><td>B-3<\/td><td>5050<\/td><td>5<\/td><td>0<\/td><td>5<\/td><td>&nbsp;1\/8<\/td><td>292.00<\/td><\/tr><tr><td>4 8V5300TB<\/td><td>53.00<\/td><td>52.80<\/td><td>B-3<\/td><td>5050<\/td><td>5<\/td><td>0<\/td><td>5<\/td><td>&nbsp;1\/8<\/td><td>573.00<\/td><\/tr><\/tbody><\/table><\/figure>\n\n\n\n<p>\u3000<\/p>\n\n\n\n<p>5 rainures F=6<br>Dimensions en pouces, poids en livres<\/p>\n\n\n\n<figure class=\"wp-block-table\"><table><tbody><tr><td rowspan=\"2\">NUM\u00c9RO DE PI\u00c8CE<\/td><td colspan=\"2\">DIAM\u00c8TRE<\/td><td rowspan=\"2\">TAPER<\/td><td rowspan=\"2\">BUISSON<\/td><td rowspan=\"2\">BUISSON<br>AL\u00c9SAGE MAXIMUM<\/td><td rowspan=\"2\">E<\/td><td rowspan=\"2\">L \u00c0 TRAVERS L&#039;AL\u00c9SAGE<\/td><td rowspan=\"2\">M<\/td><td rowspan=\"2\">POIDS MOINS<br>BUISSON<\/td><\/tr><tr><td>OD<\/td><td>Pas 8V<\/td><\/tr><tr><td>5 8V1250TB<\/td><td>12.50<\/td><td>12.30<\/td><td>A-1<\/td><td>4040<\/td><td>4<\/td><td>&nbsp; 3\/16<\/td><td>4<\/td><td>1 13\/16<\/td><td>100.00<\/td><\/tr><tr><td>5 8V1320TB<\/td><td>13.20<\/td><td>13.00<\/td><td>A-1<\/td><td>4040<\/td><td>4<\/td><td>&nbsp; 3\/16<\/td><td>4<\/td><td>1 13\/16<\/td><td>115.00<\/td><\/tr><tr><td>5 8V1400TB<\/td><td>14.00<\/td><td>13.80<\/td><td>A-1<\/td><td>4040<\/td><td>4<\/td><td>&nbsp; 3\/16<\/td><td>4<\/td><td>1 13\/16<\/td><td>133.00<\/td><\/tr><tr><td>5 8V1500TB<\/td><td>15.00<\/td><td>14.80<\/td><td>A-1<\/td><td>4040<\/td><td>4<\/td><td>&nbsp; 3\/16<\/td><td>4<\/td><td>1 13\/16<\/td><td>156.00<\/td><\/tr><tr><td>5 8V1600TB<\/td><td>16.00<\/td><td>15.80<\/td><td>A-1<\/td><td>4040<\/td><td>4<\/td><td>&nbsp; 1\/2<\/td><td>4<\/td><td>1 1\/2<\/td><td>181.00<\/td><\/tr><tr><td>5 8V1700TB<\/td><td>17.00<\/td><td>16.80<\/td><td>A-2<\/td><td>4545<\/td><td>4 1\/2<\/td><td>0<\/td><td>4 1\/2<\/td><td>1 1\/2<\/td><td>146.00<\/td><\/tr><tr><td>5 8V1800TB<\/td><td>18.00<\/td><td>17.80<\/td><td>A-2<\/td><td>4545<\/td><td>4 1\/2<\/td><td>0<\/td><td>4 1\/2<\/td><td>1 1\/2<\/td><td>156.00<\/td><\/tr><tr><td>5 8V1900TB<\/td><td>19.00<\/td><td>18.80<\/td><td>A-2<\/td><td>4545<\/td><td>4 1\/2<\/td><td>0<\/td><td>4 1\/2<\/td><td>1 1\/2<\/td><td>176.00<\/td><\/tr><tr><td>5 8V2000TB<\/td><td>20.00<\/td><td>19.80<\/td><td>A-2<\/td><td>4545<\/td><td>4 1\/2<\/td><td>0<\/td><td>4 1\/2<\/td><td>1 1\/2<\/td><td>186.00<\/td><\/tr><tr><td>5 8V2120TB<\/td><td>21.20<\/td><td>21.00<\/td><td>A-3<\/td><td>4545<\/td><td>4 1\/2<\/td><td>0<\/td><td>4 1\/2<\/td><td>1 1\/2<\/td><td>195.00<\/td><\/tr><tr><td>5 8V2240TB<\/td><td>22.40<\/td><td>22.20<\/td><td>A-3<\/td><td>4545<\/td><td>4 1\/2<\/td><td>0<\/td><td>4 1\/2<\/td><td>1 1\/2<\/td><td>200.00<\/td><\/tr><tr><td>5 8V3000TB<\/td><td>30.00<\/td><td>29.80<\/td><td>A-3<\/td><td>5050<\/td><td>5<\/td><td>0<\/td><td>5<\/td><td>1<\/td><td>278.00<\/td><\/tr><tr><td>5 8V4000TB<\/td><td>40.00<\/td><td>39.80<\/td><td>A-3<\/td><td>5050<\/td><td>5<\/td><td>0<\/td><td>5<\/td><td>1<\/td><td>350.00<\/td><\/tr><tr><td>5 8V5300TB<\/td><td>53.00<\/td><td>52.80<\/td><td>A-3<\/td><td>5050<\/td><td>5<\/td><td>0<\/td><td>5<\/td><td>1<\/td><td>565.00<\/td><\/tr><\/tbody><\/table><\/figure>\n\n\n\n<p>\u3000<\/p>\n\n\n\n<p>6 rainures F=6 1\/8\u2033<br>Dimensions en pouces, poids en livres<\/p>\n\n\n\n<figure class=\"wp-block-table\"><table><tbody><tr><td rowspan=\"2\">NUM\u00c9RO DE PI\u00c8CE<\/td><td colspan=\"2\">DIAM\u00c8TRE<\/td><td rowspan=\"2\">TAPER<\/td><td rowspan=\"2\">BUISSON<\/td><td rowspan=\"2\">BUISSON<br>AL\u00c9SAGE MAXIMUM<\/td><td rowspan=\"2\">E<\/td><td rowspan=\"2\">L \u00c0 TRAVERS L&#039;AL\u00c9SAGE<\/td><td rowspan=\"2\">M<\/td><td rowspan=\"2\">POIDS MOINS<br>BUISSON<\/td><\/tr><tr><td>OD<\/td><td>Pas 8V<\/td><\/tr><tr><td>6 8V1250TB<\/td><td>12.50<\/td><td>12.30<\/td><td>A-1<\/td><td>4040<\/td><td>4 1\/2<\/td><td>1<\/td><td>4 1\/2<\/td><td>2 1\/8<\/td><td>100.00<\/td><\/tr><tr><td>6 8V1320TB<\/td><td>13.20<\/td><td>13.00<\/td><td>A-1<\/td><td>4040<\/td><td>4 1\/2<\/td><td>1<\/td><td>4 1\/2<\/td><td>2 1\/8<\/td><td>124.00<\/td><\/tr><tr><td>6 8V1400TB<\/td><td>14.00<\/td><td>13.80<\/td><td>A-1<\/td><td>4040<\/td><td>4 1\/2<\/td><td>1<\/td><td>4 1\/2<\/td><td>2 1\/8<\/td><td>142.00<\/td><\/tr><tr><td>6 8V1500TB<\/td><td>15.00<\/td><td>14.80<\/td><td>A-1<\/td><td>4545<\/td><td>4 1\/2<\/td><td>&nbsp;1\/2<\/td><td>4 1\/2<\/td><td>2 1\/8<\/td><td>153.00<\/td><\/tr><tr><td>6 8V1600TB<\/td><td>16.00<\/td><td>15.80<\/td><td>A-2<\/td><td>4545<\/td><td>4 1\/2<\/td><td>&nbsp;1\/2<\/td><td>4 1\/2<\/td><td>2 1\/8<\/td><td>170.00<\/td><\/tr><tr><td>6 8V1700TB<\/td><td>17.00<\/td><td>16.80<\/td><td>A-2<\/td><td>4545<\/td><td>4 1\/2<\/td><td>&nbsp;1\/2<\/td><td>4 1\/2<\/td><td>2 1\/8<\/td><td>175.00<\/td><\/tr><tr><td>6 8V1800TB<\/td><td>18.00<\/td><td>17.80<\/td><td>A-2<\/td><td>4545<\/td><td>4 1\/2<\/td><td>&nbsp;1\/2<\/td><td>4 1\/2<\/td><td>2 1\/8<\/td><td>180.00<\/td><\/tr><tr><td>6 8V1900TB<\/td><td>19.00<\/td><td>18.80<\/td><td>A-2<\/td><td>4545<\/td><td>4 1\/2<\/td><td>&nbsp;1\/2<\/td><td>4 1\/2<\/td><td>2 1\/8<\/td><td>182.00<\/td><\/tr><tr><td>6 8V2000TB<\/td><td>20.00<\/td><td>19.80<\/td><td>A-2<\/td><td>5050<\/td><td>5<\/td><td>&nbsp;1\/2<\/td><td>5<\/td><td>1 5\/8<\/td><td>226.00<\/td><\/tr><tr><td>6 8V2120TB<\/td><td>21.20<\/td><td>21.00<\/td><td>A-3<\/td><td>5050<\/td><td>5<\/td><td>&nbsp;1\/2<\/td><td>5<\/td><td>1 5\/8<\/td><td>246.00<\/td><\/tr><tr><td>6 8V2240TB<\/td><td>22.40<\/td><td>22.20<\/td><td>A-3<\/td><td>5050<\/td><td>5<\/td><td>&nbsp;1\/2<\/td><td>5<\/td><td>1 5\/8<\/td><td>267.00<\/td><\/tr><tr><td>6 8V3000TB<\/td><td>30.00<\/td><td>29.80<\/td><td>A-3<\/td><td>5050<\/td><td>5<\/td><td>&nbsp;1\/2<\/td><td>5<\/td><td>1 5\/8<\/td><td>398.00<\/td><\/tr><tr><td>6 8V4000TB<\/td><td>40.00<\/td><td>39.80<\/td><td>A-3<\/td><td>5050<\/td><td>5<\/td><td>&nbsp;1\/2<\/td><td>5<\/td><td>1 5\/8<\/td><td>468.00<\/td><\/tr><tr><td>6 8V5300TB<\/td><td>53.00<\/td><td>52.80<\/td><td>A-3<\/td><td>5050<\/td><td>5<\/td><td>&nbsp;1\/2<\/td><td>5<\/td><td>1 5\/8<\/td><td>658.00<\/td><\/tr><\/tbody><\/table><\/figure>\n\n\n\n<p>\u3000<\/p>\n\n\n\n<p>8 rainures F=9 3\/8\u2033<br>Dimensions en pouces, poids en livres<\/p>\n\n\n\n<figure class=\"wp-block-table\"><table><tbody><tr><td rowspan=\"2\">NUM\u00c9RO DE PI\u00c8CE<\/td><td colspan=\"2\">DIAM\u00c8TRE<\/td><td rowspan=\"2\">TAPER<\/td><td rowspan=\"2\">BUISSON<\/td><td rowspan=\"2\">BUISSON<br>AL\u00c9SAGE MAXIMUM<\/td><td rowspan=\"2\">E<\/td><td rowspan=\"2\">L \u00c0 TRAVERS L&#039;AL\u00c9SAGE<\/td><td rowspan=\"2\">M<\/td><td rowspan=\"2\">POIDS MOINS<br>BUISSON<\/td><\/tr><tr><td>OD<\/td><td>Pas 8V<\/td><\/tr><tr><td>8 8V1250TB<\/td><td>12.50<\/td><td>12.30<\/td><td>A-1<\/td><td>4545<\/td><td>4 1\/2<\/td><td>1 1\/2<\/td><td>4 1\/2<\/td><td>3 3\/8<\/td><td>125.00<\/td><\/tr><tr><td>8 8V1320TB<\/td><td>13.20<\/td><td>13.00<\/td><td>A-1<\/td><td>4545<\/td><td>4 1\/2<\/td><td>1 1\/2<\/td><td>4 1\/2<\/td><td>3 3\/8<\/td><td>135.00<\/td><\/tr><tr><td>8 8V1400TB<\/td><td>14.00<\/td><td>13.80<\/td><td>A-1<\/td><td>4545<\/td><td>4 1\/2<\/td><td>1 1\/2<\/td><td>4 1\/2<\/td><td>3 3\/8<\/td><td>156.00<\/td><\/tr><tr><td>8 8V1500TB<\/td><td>15.00<\/td><td>14.80<\/td><td>A-1<\/td><td>4545<\/td><td>4 1\/2<\/td><td>1 1\/2<\/td><td>4 1\/2<\/td><td>3 3\/8<\/td><td>160.00<\/td><\/tr><tr><td>8 8V1600TB<\/td><td>16.00<\/td><td>15.80<\/td><td>A-2<\/td><td>4545<\/td><td>4 1\/2<\/td><td>1 1\/2<\/td><td>4 1\/2<\/td><td>3 3\/8<\/td><td>166.00<\/td><\/tr><tr><td>8 8V1700TB<\/td><td>17.00<\/td><td>16.80<\/td><td>A-2<\/td><td>5050<\/td><td>5<\/td><td>1<\/td><td>5<\/td><td>3 3\/8<\/td><td>265.00<\/td><\/tr><tr><td>8 8V1800TB<\/td><td>18.00<\/td><td>17.80<\/td><td>A-2<\/td><td>5050<\/td><td>5<\/td><td>1<\/td><td>5<\/td><td>3 3\/8<\/td><td>204.00<\/td><\/tr><tr><td>8 8V1900TB<\/td><td>19.00<\/td><td>18.80<\/td><td>A-2<\/td><td>5050<\/td><td>5<\/td><td>1<\/td><td>5<\/td><td>3 3\/8<\/td><td>228.00<\/td><\/tr><tr><td>8 8V2000TB<\/td><td>20.00<\/td><td>19.80<\/td><td>A-2<\/td><td>5050<\/td><td>5<\/td><td>1<\/td><td>5<\/td><td>3 3\/8<\/td><td>234.00<\/td><\/tr><tr><td>8 8V2120TB<\/td><td>21.20<\/td><td>21.00<\/td><td>A-3<\/td><td>5050<\/td><td>5<\/td><td>1<\/td><td>5<\/td><td>3 3\/8<\/td><td>246.00<\/td><\/tr><tr><td>8 8V2240TB<\/td><td>22.40<\/td><td>22.20<\/td><td>A-3<\/td><td>5050<\/td><td>5<\/td><td>1<\/td><td>5<\/td><td>3 3\/8<\/td><td>300.00<\/td><\/tr><tr><td>8 8V3000TB<\/td><td>30.00<\/td><td>29.80<\/td><td>A-3<\/td><td>5050<\/td><td>5<\/td><td>1<\/td><td>5<\/td><td>3 3\/8<\/td><td>384.00<\/td><\/tr><tr><td>8 8V4000TB<\/td><td>40.00<\/td><td>39.80<\/td><td>A-3<\/td><td>5050<\/td><td>5<\/td><td>1<\/td><td>5<\/td><td>3 3\/8<\/td><td>556.00<\/td><\/tr><tr><td>8 8V5300TB<\/td><td>53.00<\/td><td>52.80<\/td><td>A-3<\/td><td>6050<\/td><td>6<\/td><td>1<\/td><td>5<\/td><td>3 3\/8<\/td><td>1040.00<\/td><\/tr><\/tbody><\/table><\/figure>\n\n\n\n<p>\u3000<\/p>\n\n\n\n<p>10 rainures F=6 1\/8\u2033<br>Dimensions en pouces, poids en livres<\/p>\n\n\n\n<figure class=\"wp-block-table\"><table><tbody><tr><td rowspan=\"2\">NUM\u00c9RO DE PI\u00c8CE<\/td><td colspan=\"2\">DIAM\u00c8TRE<\/td><td rowspan=\"2\">TAPER<\/td><td rowspan=\"2\">BUISSON<\/td><td rowspan=\"2\">BUISSON<br>AL\u00c9SAGE MAXIMUM<\/td><td rowspan=\"2\">E<\/td><td rowspan=\"2\">L \u00c0 TRAVERS L&#039;AL\u00c9SAGE<\/td><td rowspan=\"2\">M<\/td><td rowspan=\"2\">POIDS MOINS<br>BUISSON<\/td><\/tr><tr><td>OD<\/td><td>Pas 8V<\/td><\/tr><tr><td>10 8V1320TB<\/td><td>13.20<\/td><td>13.00<\/td><td>A-1<\/td><td>4545<\/td><td>4 1\/2<\/td><td>1<\/td><td>4 1\/2<\/td><td>6 1\/8<\/td><td>150.00<\/td><\/tr><tr><td>10 8V1400TB<\/td><td>14.00<\/td><td>13.80<\/td><td>A-1<\/td><td>4545<\/td><td>4 1\/2<\/td><td>1<\/td><td>4 1\/2<\/td><td>6 1\/8<\/td><td>180.00<\/td><\/tr><tr><td>10 8V1500To<\/td><td>15.00<\/td><td>14.80<\/td><td>A-1<\/td><td>5050<\/td><td>5<\/td><td>1<\/td><td>5<\/td><td>5 5\/8<\/td><td>211.00<\/td><\/tr><tr><td>10 8V1600TB<\/td><td>16.00<\/td><td>15.80<\/td><td>A-1<\/td><td>5050<\/td><td>5<\/td><td>1<\/td><td>5<\/td><td>5 5\/8<\/td><td>220.00<\/td><\/tr><tr><td>10 8V1700TB<\/td><td>17.00<\/td><td>16.80<\/td><td>A-2<\/td><td>5050<\/td><td>5<\/td><td>2 1\/4<\/td><td>5<\/td><td>4 3\/8<\/td><td>228.00<\/td><\/tr><tr><td>10 8V1800TB<\/td><td>18.00<\/td><td>17.80<\/td><td>A-2<\/td><td>5050<\/td><td>5<\/td><td>2 1\/4<\/td><td>5<\/td><td>4 3\/8<\/td><td>244.00<\/td><\/tr><tr><td>10 8V1900TB<\/td><td>19.00<\/td><td>18.80<\/td><td>A-2<\/td><td>5050<\/td><td>5<\/td><td>2 1\/4<\/td><td>5<\/td><td>4 3\/8<\/td><td>260.00<\/td><\/tr><tr><td>10 8V2000To<\/td><td>20.00<\/td><td>19.80<\/td><td>A-2<\/td><td>5050<\/td><td>5<\/td><td>2 1\/4<\/td><td>5<\/td><td>4 3\/8<\/td><td>270.00<\/td><\/tr><tr><td>10 8V2120TB<\/td><td>21.20<\/td><td>21.00<\/td><td>A-2<\/td><td>5050<\/td><td>5<\/td><td>2 1\/4<\/td><td>5<\/td><td>4 3\/8<\/td><td>282.00<\/td><\/tr><tr><td>10 8V2240TB<\/td><td>22.40<\/td><td>22.20<\/td><td>A-3<\/td><td>5050<\/td><td>5<\/td><td>2 1\/4<\/td><td>5<\/td><td>4 3\/8<\/td><td>312.00<\/td><\/tr><tr><td>10 8V3000TB<\/td><td>30.00<\/td><td>29.80<\/td><td>A-3<\/td><td>5050<\/td><td>5<\/td><td>2 1\/4<\/td><td>5<\/td><td>4 3\/8<\/td><td>448.00<\/td><\/tr><tr><td>10 8V4000TB<\/td><td>40.00<\/td><td>39.80<\/td><td>A-3<\/td><td>6050<\/td><td>6<\/td><td>2 1\/4<\/td><td>5<\/td><td>4 3\/8<\/td><td>550.00<\/td><\/tr><tr><td>10 8V5300TB<\/td><td>53.00<\/td><td>52.80<\/td><td>A-3<\/td><td>6050<\/td><td>6<\/td><td>2 1\/4<\/td><td>5<\/td><td>4 3\/8<\/td><td>870.00<\/td><\/tr><\/tbody><\/table><\/figure>","protected":false},"excerpt":{"rendered":"<p>4 rainures F = 4 7\/8\u2033 Dimensions en pouces, poids en livres NUM\u00c9RO DE PI\u00c8CE DIAM\u00c8TRE TYPE BAGUE BAGUE MAXIMUM AL\u00c9SAGE EL TRAVERSANT AL\u00c9SAGE M POIDS MOINS BAGUE OD Pas 8V<span class=\"excerpt-hellip\"> [\u2026]<\/span><\/p>","protected":false},"author":1,"featured_media":0,"parent":73,"menu_order":0,"comment_status":"closed","ping_status":"closed","template":"","meta":{"_acf_changed":false,"_joinchat":[],"footnotes":""},"class_list":["post-1788","page","type-page","status-publish","hentry"],"acf":[],"_links":{"self":[{"href":"https:\/\/www.hitbelt.com\/fr\/wp-json\/wp\/v2\/pages\/1788","targetHints":{"allow":["GET"]}}],"collection":[{"href":"https:\/\/www.hitbelt.com\/fr\/wp-json\/wp\/v2\/pages"}],"about":[{"href":"https:\/\/www.hitbelt.com\/fr\/wp-json\/wp\/v2\/types\/page"}],"author":[{"embeddable":true,"href":"https:\/\/www.hitbelt.com\/fr\/wp-json\/wp\/v2\/users\/1"}],"replies":[{"embeddable":true,"href":"https:\/\/www.hitbelt.com\/fr\/wp-json\/wp\/v2\/comments?post=1788"}],"version-history":[{"count":1,"href":"https:\/\/www.hitbelt.com\/fr\/wp-json\/wp\/v2\/pages\/1788\/revisions"}],"predecessor-version":[{"id":1791,"href":"https:\/\/www.hitbelt.com\/fr\/wp-json\/wp\/v2\/pages\/1788\/revisions\/1791"}],"up":[{"embeddable":true,"href":"https:\/\/www.hitbelt.com\/fr\/wp-json\/wp\/v2\/pages\/73"}],"wp:attachment":[{"href":"https:\/\/www.hitbelt.com\/fr\/wp-json\/wp\/v2\/media?parent=1788"}],"curies":[{"name":"wp","href":"https:\/\/api.w.org\/{rel}","templated":true}]}}