{"id":1776,"date":"2023-07-17T09:39:32","date_gmt":"2023-07-17T09:39:32","guid":{"rendered":"https:\/\/www.hitbelt.com\/?page_id=1776"},"modified":"2023-07-25T06:09:38","modified_gmt":"2023-07-25T06:09:38","slug":"tbssd","status":"publish","type":"page","link":"https:\/\/www.hitbelt.com\/fr\/bicycles\/tbssd","title":{"rendered":"TBSSD"},"content":{"rendered":"<figure class=\"wp-block-image size-full\"><img loading=\"lazy\" decoding=\"async\" width=\"584\" height=\"370\" src=\"https:\/\/www.hitbelt.com\/wp-content\/uploads\/2023\/07\/20150811101212128.jpg\" alt=\"\" class=\"wp-image-1777\" srcset=\"https:\/\/www.hitbelt.com\/wp-content\/uploads\/2023\/07\/20150811101212128.jpg 584w, https:\/\/www.hitbelt.com\/wp-content\/uploads\/2023\/07\/20150811101212128-500x317.jpg 500w, https:\/\/www.hitbelt.com\/wp-content\/uploads\/2023\/07\/20150811101212128-18x12.jpg 18w, https:\/\/www.hitbelt.com\/wp-content\/uploads\/2023\/07\/20150811101212128-118x75.jpg 118w, https:\/\/www.hitbelt.com\/wp-content\/uploads\/2023\/07\/20150811101212128-480x304.jpg 480w\" sizes=\"auto, (max-width:767px) 480px, 584px\" \/><\/figure>\n\n\n\n<figure class=\"wp-block-image size-full\"><img loading=\"lazy\" decoding=\"async\" width=\"584\" height=\"310\" src=\"https:\/\/www.hitbelt.com\/wp-content\/uploads\/2023\/07\/20150811101212528.jpg\" alt=\"\" class=\"wp-image-1778\" srcset=\"https:\/\/www.hitbelt.com\/wp-content\/uploads\/2023\/07\/20150811101212528.jpg 584w, https:\/\/www.hitbelt.com\/wp-content\/uploads\/2023\/07\/20150811101212528-500x265.jpg 500w, https:\/\/www.hitbelt.com\/wp-content\/uploads\/2023\/07\/20150811101212528-18x10.jpg 18w, https:\/\/www.hitbelt.com\/wp-content\/uploads\/2023\/07\/20150811101212528-141x75.jpg 141w, https:\/\/www.hitbelt.com\/wp-content\/uploads\/2023\/07\/20150811101212528-480x255.jpg 480w\" sizes=\"auto, (max-width:767px) 480px, 584px\" \/><\/figure>\n\n\n\n<p>4 rainures F=6 1\/16\u2033<br>Dimensions en pouces, poids en livres<br>&nbsp;<\/p>\n\n\n\n<figure class=\"wp-block-table\"><table><tbody><tr><td rowspan=\"2\">PARTIE<br>NOMBRE<\/td><td>PAS DIA.<\/td><td rowspan=\"2\">DO<\/td><td rowspan=\"2\">TAPER<\/td><td rowspan=\"2\">BUISSON<\/td><td rowspan=\"2\">BUISSON<br>AL\u00c9SAGE MAXIMUM<\/td><td rowspan=\"2\">E<\/td><td rowspan=\"2\">L \u00c0 TRAVERS L&#039;AL\u00c9SAGE<\/td><td rowspan=\"2\">M<\/td><td rowspan=\"2\">POIDS MOINS<br>BUISSON<\/td><\/tr><tr><td>COURROIES D<\/td><\/tr><tr><td>4D120TB3535<\/td><td>12.00<\/td><td>12.60<\/td><td>A-2<\/td><td>3535<\/td><td>3 1\/2<\/td><td>3\/4<\/td><td>3 1\/2<\/td><td>1 13\/16<\/td><td>63.00<\/td><\/tr><tr><td>4D130TB3535<\/td><td>13.00<\/td><td>13.60<\/td><td>A-2<\/td><td>3535<\/td><td>3 1\/2<\/td><td>3\/4<\/td><td>3 1\/2<\/td><td>1 13\/16<\/td><td>73.00<\/td><\/tr><tr><td>4D135TB3535<\/td><td>13.50<\/td><td>14.10<\/td><td>A-2<\/td><td>3535<\/td><td>3 1\/2<\/td><td>3\/4<\/td><td>3 1\/2<\/td><td>1 13\/16<\/td><td>78.00<\/td><\/tr><tr><td>4D140TB3535<\/td><td>14.00<\/td><td>14.60<\/td><td>A-2<\/td><td>3535<\/td><td>3 1\/2<\/td><td>3\/4<\/td><td>3 1\/2<\/td><td>1 13\/16<\/td><td>83.00<\/td><\/tr><tr><td>4D145TB3535<\/td><td>14.50<\/td><td>15.10<\/td><td>A-2<\/td><td>3535<\/td><td>3 1\/2<\/td><td>3\/4<\/td><td>3 1\/2<\/td><td>1 13\/16<\/td><td>94.00<\/td><\/tr><tr><td>4D150TB3535<\/td><td>15.00<\/td><td>15.60<\/td><td>A-2<\/td><td>3535<\/td><td>3 1\/2<\/td><td>3\/4<\/td><td>3 1\/2<\/td><td>1 13\/16<\/td><td>96.00<\/td><\/tr><tr><td>4D155TB3535<\/td><td>15.50<\/td><td>16.10<\/td><td>A-2<\/td><td>3535<\/td><td>3 1\/2<\/td><td>3\/4<\/td><td>3 1\/2<\/td><td>1 13\/16<\/td><td>99.00<\/td><\/tr><tr><td>4D160TB3535<\/td><td>16.00<\/td><td>16.60<\/td><td>A-2<\/td><td>3535<\/td><td>3 1\/2<\/td><td>3\/4<\/td><td>3 1\/2<\/td><td>1 13\/16<\/td><td>104.00<\/td><\/tr><tr><td>4D180TB3535<\/td><td>18.00<\/td><td>18.60<\/td><td>A-3<\/td><td>3535<\/td><td>3 1\/2<\/td><td>3\/4<\/td><td>3 1\/2<\/td><td>1 13\/16<\/td><td>109.00<\/td><\/tr><tr><td>4D220TB4040<\/td><td>22.00<\/td><td>22.60<\/td><td>A-3<\/td><td>4040<\/td><td>4&nbsp;&nbsp;&nbsp;<\/td><td>3\/4<\/td><td>4&nbsp;&nbsp;&nbsp;<\/td><td>1 5\/16<\/td><td>142.00<\/td><\/tr><tr><td>4D270TB4040<\/td><td>27.00<\/td><td>27.60<\/td><td>A-3<\/td><td>4040<\/td><td>4&nbsp;&nbsp;&nbsp;<\/td><td>3\/4<\/td><td>4&nbsp;&nbsp;&nbsp;<\/td><td>1 5\/16<\/td><td>182.00<\/td><\/tr><\/tbody><\/table><\/figure>\n\n\n\n<p>\u3000<\/p>\n\n\n\n<p>5 rainures F=7 1\/2\u2033<br>Dimensions en pouces, poids en livres<\/p>\n\n\n\n<figure class=\"wp-block-table\"><table><tbody><tr><td rowspan=\"2\">PARTIE<br>NOMBRE<\/td><td>PAS DIA.<\/td><td rowspan=\"2\">DO<\/td><td rowspan=\"2\">TAPER<\/td><td rowspan=\"2\">BUISSON<\/td><td rowspan=\"2\">BUISSON<br>AL\u00c9SAGE MAXIMUM<\/td><td rowspan=\"2\">E<\/td><td rowspan=\"2\">L \u00c0 TRAVERS L&#039;AL\u00c9SAGE<\/td><td rowspan=\"2\">M<\/td><td rowspan=\"2\">POIDS MOINS<br>BUISSON<\/td><\/tr><tr><td>COURROIES D<\/td><\/tr><tr><td>5D120TB4040<\/td><td>12.00<\/td><td>12.60<\/td><td>A-1<\/td><td>4040<\/td><td>4<\/td><td>1\/4<\/td><td>4<\/td><td>2 3\/4<\/td><td>82.00<\/td><\/tr><tr><td>5D130TB4040<\/td><td>13.00<\/td><td>13.60<\/td><td>A-2<\/td><td>4040<\/td><td>4<\/td><td>3\/4<\/td><td>4<\/td><td>2 3\/4<\/td><td>87.00<\/td><\/tr><tr><td>5D135TB4040<\/td><td>13.50<\/td><td>14.10<\/td><td>A-2<\/td><td>4040<\/td><td>4<\/td><td>3\/4<\/td><td>4<\/td><td>2 3\/4<\/td><td>92.00<\/td><\/tr><tr><td>5D140TB4040<\/td><td>14.00<\/td><td>14.60<\/td><td>A-2<\/td><td>4040<\/td><td>4<\/td><td>3\/4<\/td><td>4<\/td><td>2 3\/4<\/td><td>97.00<\/td><\/tr><tr><td>5D145TB4040<\/td><td>14.50<\/td><td>15.10<\/td><td>A-2<\/td><td>4040<\/td><td>4<\/td><td>3\/4<\/td><td>4<\/td><td>2 3\/4<\/td><td>102.00<\/td><\/tr><tr><td>5D150TB4040<\/td><td>15.00<\/td><td>15.60<\/td><td>A-2<\/td><td>4040<\/td><td>4<\/td><td>3\/4<\/td><td>4<\/td><td>2 3\/4<\/td><td>107.00<\/td><\/tr><tr><td>5D155TB4040<\/td><td>15.50<\/td><td>16.10<\/td><td>A-2<\/td><td>4040<\/td><td>4<\/td><td>3\/4<\/td><td>4<\/td><td>2 3\/4<\/td><td>112.00<\/td><\/tr><tr><td>5D160TB4040<\/td><td>16.00<\/td><td>16.60<\/td><td>A-2<\/td><td>4040<\/td><td>4<\/td><td>3\/4<\/td><td>4<\/td><td>2 3\/4<\/td><td>122.00<\/td><\/tr><tr><td>5D180TB4040<\/td><td>18.00<\/td><td>18.60<\/td><td>A-3<\/td><td>4040<\/td><td>4<\/td><td>1<\/td><td>4<\/td><td>2 1\/2<\/td><td>132.00<\/td><\/tr><tr><td>5D220TB4040<\/td><td>22.00<\/td><td>22.60<\/td><td>A-3<\/td><td>4040<\/td><td>4<\/td><td>1<\/td><td>4<\/td><td>2 1\/2<\/td><td>162.00<\/td><\/tr><tr><td>5D270TB4040<\/td><td>27.00<\/td><td>27.60<\/td><td>A-3<\/td><td>4040<\/td><td>4<\/td><td>1<\/td><td>4<\/td><td>2 1\/2<\/td><td>207.00<\/td><\/tr><\/tbody><\/table><\/figure>\n\n\n\n<p>\u3000<\/p>\n\n\n\n<p>6 rainures F=8 15\/16\u2033<br>Dimensions en pouces, poids en livres<\/p>\n\n\n\n<figure class=\"wp-block-table\"><table><tbody><tr><td rowspan=\"2\">PARTIE<br>NOMBRE<\/td><td>PAS DIA.<\/td><td rowspan=\"2\">DO<\/td><td rowspan=\"2\">TAPER<\/td><td rowspan=\"2\">BUISSON<\/td><td rowspan=\"2\">BUISSON<br>AL\u00c9SAGE MAXIMUM<\/td><td rowspan=\"2\">E<\/td><td rowspan=\"2\">L \u00c0 TRAVERS L&#039;AL\u00c9SAGE<\/td><td rowspan=\"2\">M<\/td><td rowspan=\"2\">POIDS MOINS<br>BUISSON<\/td><\/tr><tr><td>COURROIES D<\/td><\/tr><tr><td>6D120TB4040<\/td><td>12.00<\/td><td>12.60<\/td><td>A-1<\/td><td>4040<\/td><td>4<\/td><td>1<\/td><td>4<\/td><td>3 15\/16<\/td><td>100.00<\/td><\/tr><tr><td>6D130TB4040<\/td><td>13.00<\/td><td>13.60<\/td><td>A-2<\/td><td>4040<\/td><td>4<\/td><td>1 1\/2<\/td><td>4<\/td><td>3 7\/16<\/td><td>100.00<\/td><\/tr><tr><td>6D135TB4040<\/td><td>13.50<\/td><td>14.10<\/td><td>A-2<\/td><td>4040<\/td><td>4<\/td><td>2<\/td><td>4<\/td><td>3 7\/16<\/td><td>107.00<\/td><\/tr><tr><td>6D140TB4040<\/td><td>14.00<\/td><td>14.60<\/td><td>A-2<\/td><td>4040<\/td><td>4<\/td><td>1 1\/2<\/td><td>4<\/td><td>3 7\/16<\/td><td>112.00<\/td><\/tr><tr><td>6D145TB4040<\/td><td>14.50<\/td><td>15.10<\/td><td>A-2<\/td><td>4040<\/td><td>4<\/td><td>2<\/td><td>4<\/td><td>3 7\/16<\/td><td>117.00<\/td><\/tr><tr><td>6D150TB4040<\/td><td>15.00<\/td><td>15.60<\/td><td>A-2<\/td><td>4040<\/td><td>4<\/td><td>1 1\/2<\/td><td>4<\/td><td>3 7\/16<\/td><td>122.00<\/td><\/tr><tr><td>6D155TB4040<\/td><td>15.50<\/td><td>16.10<\/td><td>A-2<\/td><td>4040<\/td><td>4<\/td><td>2<\/td><td>4<\/td><td>3 7\/16<\/td><td>127.00<\/td><\/tr><tr><td>6D160TB4040<\/td><td>16.00<\/td><td>16.60<\/td><td>A-2<\/td><td>4040<\/td><td>4<\/td><td>1 1\/2<\/td><td>4<\/td><td>3 7\/16<\/td><td>175.00<\/td><\/tr><tr><td>6D180TB4040<\/td><td>18.00<\/td><td>18.60<\/td><td>A-2<\/td><td>4040<\/td><td>4<\/td><td>2<\/td><td>4<\/td><td>3 7\/16<\/td><td>185.00<\/td><\/tr><tr><td>6D220TB4040<\/td><td>22.00<\/td><td>22.60<\/td><td>A-3<\/td><td>4040<\/td><td>4<\/td><td>1 1\/2<\/td><td>4<\/td><td>3 7\/16<\/td><td>210.00<\/td><\/tr><tr><td>6D270TB4545<\/td><td>27.00<\/td><td>27.60<\/td><td>A-3<\/td><td>4545<\/td><td>5<\/td><td>2<\/td><td>5<\/td><td>2 11\/16<\/td><td>260.00<\/td><\/tr><tr><td>6D330TB4545<\/td><td>33.00<\/td><td>33.60<\/td><td>A-3<\/td><td>4545<\/td><td>5<\/td><td>1 3\/4<\/td><td>5<\/td><td>2 11\/16<\/td><td>340.00<\/td><\/tr><\/tbody><\/table><\/figure>\n\n\n\n<p>\u3000<\/p>\n\n\n\n<p>8 rainures F=11 13\/16\u2033<br>Dimensions en pouces, poids en livres<\/p>\n\n\n\n<figure class=\"wp-block-table\"><table><tbody><tr><td rowspan=\"2\">PARTIE<br>NOMBRE<\/td><td>PAS DIA.<\/td><td rowspan=\"2\">DO<\/td><td rowspan=\"2\">TAPER<\/td><td rowspan=\"2\">BUISSON<\/td><td rowspan=\"2\">BUISSON<br>AL\u00c9SAGE MAXIMUM<\/td><td rowspan=\"2\">E<\/td><td rowspan=\"2\">L \u00c0 TRAVERS L&#039;AL\u00c9SAGE<\/td><td rowspan=\"2\">M<\/td><td rowspan=\"2\">POIDS MOINS<br>BUISSON<\/td><\/tr><tr><td>COURROIES D<\/td><\/tr><tr><td>8D120TB4545<\/td><td>12.00<\/td><td>12.60<\/td><td>A-1<\/td><td>4545<\/td><td>4 1\/2<\/td><td>&nbsp;1\/2<\/td><td>4 1\/2<\/td><td>6 13\/16<\/td><td>125.0<\/td><\/tr><tr><td>8D130TB4545<\/td><td>13.00<\/td><td>13.60<\/td><td>A-1<\/td><td>4545<\/td><td>4 1\/2<\/td><td>&nbsp;1\/2<\/td><td>4 1\/2<\/td><td>6 13\/16<\/td><td>155.0<\/td><\/tr><tr><td>8D135TB4545<\/td><td>13.50<\/td><td>14.10<\/td><td>A-2<\/td><td>4545<\/td><td>4 1\/2<\/td><td>1&nbsp;&nbsp;&nbsp;<\/td><td>4 1\/2<\/td><td>6 5\/16<\/td><td>150.0<\/td><\/tr><tr><td>8D140TB4545<\/td><td>14.00<\/td><td>14.60<\/td><td>A-1<\/td><td>4545<\/td><td>4 1\/2<\/td><td>1&nbsp;&nbsp;&nbsp;<\/td><td>4 1\/2<\/td><td>6 5\/16<\/td><td>155.0<\/td><\/tr><tr><td>8D145TB4545<\/td><td>14.50<\/td><td>15.10<\/td><td>A-2<\/td><td>4545<\/td><td>4 1\/2<\/td><td>2&nbsp;&nbsp;&nbsp;<\/td><td>4 1\/2<\/td><td>5 5\/16<\/td><td>155.0<\/td><\/tr><tr><td>8D150TB4545<\/td><td>15.00<\/td><td>15.60<\/td><td>A-2<\/td><td>4545<\/td><td>4 1\/2<\/td><td>2&nbsp;&nbsp;&nbsp;<\/td><td>4 1\/2<\/td><td>5 5\/16<\/td><td>135.0<\/td><\/tr><tr><td>8D155TB4545<\/td><td>15.50<\/td><td>16.10<\/td><td>A-2<\/td><td>4545<\/td><td>4 1\/2<\/td><td>2&nbsp;&nbsp;&nbsp;<\/td><td>4 1\/2<\/td><td>5 5\/16<\/td><td>165.0<\/td><\/tr><tr><td>8D160TB4545<\/td><td>16.00<\/td><td>16.60<\/td><td>A-2<\/td><td>4545<\/td><td>4 1\/2<\/td><td>2&nbsp;&nbsp;&nbsp;<\/td><td>4 1\/2<\/td><td>5 5\/16<\/td><td>165.0<\/td><\/tr><tr><td>8D180TB4545<\/td><td>18.00<\/td><td>18.60<\/td><td>A-2<\/td><td>4545<\/td><td>4 1\/2<\/td><td>2 3\/4<\/td><td>4 1\/2<\/td><td>4 9\/16<\/td><td>180.0<\/td><\/tr><tr><td>8D220TB4545<\/td><td>22.00<\/td><td>22.60<\/td><td>A-3<\/td><td>4545<\/td><td>4 1\/2<\/td><td>2 3\/4<\/td><td>4 1\/2<\/td><td>4 9\/16<\/td><td>275.0<\/td><\/tr><tr><td>8D270TB4545<\/td><td>27.00<\/td><td>27.60<\/td><td>A-3<\/td><td>4545<\/td><td>4 1\/2<\/td><td>2 3\/4<\/td><td>4 1\/2<\/td><td>4 9\/16<\/td><td>345.0<\/td><\/tr><tr><td>8D330TB4545<\/td><td>33.00<\/td><td>33.60<\/td><td>A-3<\/td><td>4545<\/td><td>4 1\/2<\/td><td>2 3\/4<\/td><td>4 1\/2<\/td><td>4 9\/16<\/td><td>455.0<\/td><\/tr><\/tbody><\/table><\/figure>\n\n\n\n<p>\u3000<\/p>\n\n\n\n<p>10 rainures F=14 11\/16\u2033<br>Dimensions en pouces, poids en livres<\/p>\n\n\n\n<figure class=\"wp-block-table\"><table><tbody><tr><td rowspan=\"2\">PARTIE<br>NOMBRE<\/td><td>PAS DIA.<\/td><td rowspan=\"2\">DO<\/td><td rowspan=\"2\">TAPER<\/td><td rowspan=\"2\">BUISSON<\/td><td rowspan=\"2\">BUISSON<br>AL\u00c9SAGE MAXIMUM<\/td><td rowspan=\"2\">E<\/td><td rowspan=\"2\">L \u00c0 TRAVERS L&#039;AL\u00c9SAGE<\/td><td rowspan=\"2\">M<\/td><td rowspan=\"2\">POIDS MOINS<br>BUISSON<\/td><\/tr><tr><td>COURROIES D<\/td><\/tr><tr><td>10D120TB4545<\/td><td>12.0<\/td><td>12.6<\/td><td>A-1<\/td><td>4545<\/td><td>4 1\/2<\/td><td>2 3\/8<\/td><td>4 1\/2<\/td><td>7 13\/16<\/td><td>144.0<\/td><\/tr><tr><td>10D130TB4545<\/td><td>13.0<\/td><td>13.6<\/td><td>A-1<\/td><td>4545<\/td><td>4 1\/2<\/td><td>2 3\/8<\/td><td>4 1\/2<\/td><td>7 13\/16<\/td><td>170.0<\/td><\/tr><tr><td>10D135TB4545<\/td><td>13.5<\/td><td>14.1<\/td><td>A-2<\/td><td>4545<\/td><td>4 1\/2<\/td><td>2 3\/8<\/td><td>4 1\/2<\/td><td>7 13\/16<\/td><td>170.0<\/td><\/tr><tr><td>10D140TB4545<\/td><td>14.0<\/td><td>14.6<\/td><td>A-2<\/td><td>4545<\/td><td>4 1\/2<\/td><td>2 3\/8<\/td><td>4 1\/2<\/td><td>7 13\/16<\/td><td>175.0<\/td><\/tr><tr><td>10D145TB4545<\/td><td>14.5<\/td><td>15.1<\/td><td>A-2<\/td><td>4545<\/td><td>4 1\/2<\/td><td>2 3\/8<\/td><td>4 1\/2<\/td><td>7 13\/16<\/td><td>180.0<\/td><\/tr><tr><td>10D150TB4545<\/td><td>15.0<\/td><td>15.6<\/td><td>A-2<\/td><td>4545<\/td><td>4 1\/2<\/td><td>2 3\/8<\/td><td>4 1\/2<\/td><td>7 13\/16<\/td><td>195.0<\/td><\/tr><tr><td>10D155TB4545<\/td><td>15.5<\/td><td>16.1<\/td><td>A-2<\/td><td>4545<\/td><td>4 1\/2<\/td><td>2 3\/8<\/td><td>4 1\/2<\/td><td>7 13\/16<\/td><td>175.0<\/td><\/tr><tr><td>10D160TB4545<\/td><td>16.0<\/td><td>16.6<\/td><td>A-2<\/td><td>4545<\/td><td>4 1\/2<\/td><td>2 3\/8<\/td><td>4 1\/2<\/td><td>7 13\/16<\/td><td>195.0<\/td><\/tr><tr><td>10D180TB4545<\/td><td>18.0<\/td><td>18.6<\/td><td>A-2<\/td><td>4545<\/td><td>4 1\/2<\/td><td>4&nbsp;&nbsp;&nbsp;<\/td><td>4 1\/2<\/td><td>6 3\/16<\/td><td>195.0<\/td><\/tr><tr><td>10D220TB4545<\/td><td>22.0<\/td><td>22.6<\/td><td>A-3<\/td><td>4545<\/td><td>4 1\/2<\/td><td>4&nbsp;&nbsp;&nbsp;<\/td><td>4 1\/2<\/td><td>6 3\/16<\/td><td>340.0<\/td><\/tr><tr><td>10D270TB4545<\/td><td>27.0<\/td><td>27.6<\/td><td>A-3<\/td><td>4545<\/td><td>4 1\/2<\/td><td>4&nbsp;&nbsp;&nbsp;<\/td><td>4 1\/2<\/td><td>6 3\/16<\/td><td>415.0<\/td><\/tr><tr><td>10D330TB4545<\/td><td>33.0<\/td><td>33.6<\/td><td>A-3<\/td><td>4545<\/td><td>4 1\/2<\/td><td>4 1\/4<\/td><td>4 1\/2<\/td><td>5 15\/16<\/td><td>485.0<\/td><\/tr><\/tbody><\/table><\/figure>","protected":false},"excerpt":{"rendered":"<p>4 rainures F = 6 1\/16\u2033 Dimensions en pouces, poids en livres NUM\u00c9RO DE PI\u00c8CE PAS DIAM\u00c8TRE OD TYPE BAGUE BAGUE MAXIMUM AL\u00c9SAGE EL TRAVERSANT AL\u00c9SAGE M POIDS SANS BAGUE D COURROIES<span class=\"excerpt-hellip\"> [\u2026]<\/span><\/p>","protected":false},"author":1,"featured_media":0,"parent":73,"menu_order":0,"comment_status":"closed","ping_status":"closed","template":"","meta":{"_acf_changed":false,"_joinchat":[],"footnotes":""},"class_list":["post-1776","page","type-page","status-publish","hentry"],"acf":[],"_links":{"self":[{"href":"https:\/\/www.hitbelt.com\/fr\/wp-json\/wp\/v2\/pages\/1776","targetHints":{"allow":["GET"]}}],"collection":[{"href":"https:\/\/www.hitbelt.com\/fr\/wp-json\/wp\/v2\/pages"}],"about":[{"href":"https:\/\/www.hitbelt.com\/fr\/wp-json\/wp\/v2\/types\/page"}],"author":[{"embeddable":true,"href":"https:\/\/www.hitbelt.com\/fr\/wp-json\/wp\/v2\/users\/1"}],"replies":[{"embeddable":true,"href":"https:\/\/www.hitbelt.com\/fr\/wp-json\/wp\/v2\/comments?post=1776"}],"version-history":[{"count":1,"href":"https:\/\/www.hitbelt.com\/fr\/wp-json\/wp\/v2\/pages\/1776\/revisions"}],"predecessor-version":[{"id":1779,"href":"https:\/\/www.hitbelt.com\/fr\/wp-json\/wp\/v2\/pages\/1776\/revisions\/1779"}],"up":[{"embeddable":true,"href":"https:\/\/www.hitbelt.com\/fr\/wp-json\/wp\/v2\/pages\/73"}],"wp:attachment":[{"href":"https:\/\/www.hitbelt.com\/fr\/wp-json\/wp\/v2\/media?parent=1776"}],"curies":[{"name":"wp","href":"https:\/\/api.w.org\/{rel}","templated":true}]}}