{"id":1723,"date":"2023-07-17T09:06:09","date_gmt":"2023-07-17T09:06:09","guid":{"rendered":"https:\/\/www.hitbelt.com\/?page_id=1723"},"modified":"2023-07-25T06:22:09","modified_gmt":"2023-07-25T06:22:09","slug":"fb3v","status":"publish","type":"page","link":"https:\/\/www.hitbelt.com\/fr\/bicycles\/fb3v","title":{"rendered":"FB3V"},"content":{"rendered":"<p>Les poulies Powermach \u00e0 al\u00e9sage fini \u00ab 3V 5V 8V \u00bb sont usin\u00e9es \u00e0 partir de pi\u00e8ces moul\u00e9es en fonte grise \u00e0 grain fin de qualit\u00e9 sup\u00e9rieure. Elles sont usin\u00e9es et \u00e9quilibr\u00e9es avec pr\u00e9cision. Elles sont fournies avec des logements de clavette standard et des vis de r\u00e9glage \u00e0 t\u00eate creuse.<\/p>\n\n\n\n<figure class=\"wp-block-image size-full\"><img loading=\"lazy\" decoding=\"async\" width=\"584\" height=\"340\" src=\"https:\/\/www.hitbelt.com\/wp-content\/uploads\/2023\/07\/20150521115356996.jpg\" alt=\"\" class=\"wp-image-1724\" srcset=\"https:\/\/www.hitbelt.com\/wp-content\/uploads\/2023\/07\/20150521115356996.jpg 584w, https:\/\/www.hitbelt.com\/wp-content\/uploads\/2023\/07\/20150521115356996-500x291.jpg 500w, https:\/\/www.hitbelt.com\/wp-content\/uploads\/2023\/07\/20150521115356996-18x10.jpg 18w, https:\/\/www.hitbelt.com\/wp-content\/uploads\/2023\/07\/20150521115356996-129x75.jpg 129w, https:\/\/www.hitbelt.com\/wp-content\/uploads\/2023\/07\/20150521115356996-480x279.jpg 480w\" sizes=\"auto, (max-width:767px) 480px, 584px\" \/><\/figure>\n\n\n\n<p>Poulies Gripbelt \u00e0 al\u00e9sage fini \u00ab 3V 5V 8V \u00bb<br>Sp\u00e9cifications \u2013 Poulies standard \u00ab 3V \u00bb<\/p>\n\n\n\n<p><\/p>\n\n\n\n<figure class=\"wp-block-table\"><table><tbody><tr><td colspan=\"3\">DIAM\u00c8TRES<\/td><td rowspan=\"2\">Partie<br>Non.<\/td><td rowspan=\"2\">Taper<\/td><td colspan=\"5\">DIMENSIONS<\/td><td colspan=\"6\">Al\u00e9sages de s\u00e9rie marqu\u00e9s \u00ab X \u00bb<\/td><td rowspan=\"2\">Poids<br>Livres<\/td><\/tr><tr><td>Pas<br>\u00ab 3V \u00bb<\/td><td>Dehors-<br>c\u00f4t\u00e9<\/td><td>Dans-<br>c\u00f4t\u00e9<\/td><td>F<\/td><td>H<\/td><td>L<\/td><td>P.<\/td><td>C<\/td><td>5\/8&#8243;<\/td><td>3\/4&#8243;<\/td><td>7\/8&#8243;<\/td><td>1&#8243;<\/td><td>1<br>1\/8&#8243;<\/td><td>1<br>3\/8&#8243;<\/td><\/tr><tr><td colspan=\"2\">1 rainure<\/td><td>\u3000<\/td><td>\u3000<\/td><td>\u3000<\/td><td>\u3000<\/td><td>\u3000<\/td><td>\u3000<\/td><td>\u3000<\/td><td>\u3000<\/td><td>\u3000<\/td><td>\u3000<\/td><td>\u3000<\/td><td>\u3000<\/td><td>\u3000<\/td><td>\u3000<\/td><td>\u3000<\/td><\/tr><tr><td>2.60&#8243;<\/td><td>2.65&#8243;<\/td><td>\u2014<\/td><td>1 F3V26<\/td><td>F<\/td><td>11\/16&#8243;<\/td><td>1 9\/16&#8243;<\/td><td>15\/16&#8243;<\/td><td>27\/64&#8243;<\/td><td>11\/64&#8243;<\/td><td>\u00d7<\/td><td>\u00d7<\/td><td>\u2014<\/td><td>\u2014<\/td><td>\u2014<\/td><td>\u2014<\/td><td>0.70<\/td><\/tr><tr><td>2.75<\/td><td>2.80<\/td><td>\u2014<\/td><td>1 F3V28<\/td><td>F<\/td><td>11\/16<\/td><td>1 9\/16<\/td><td>15\/16<\/td><td>27\/64<\/td><td>11\/64<\/td><td>\u00d7<\/td><td>\u00d7<\/td><td>\u2014<\/td><td>\u2014<\/td><td>\u2014<\/td><td>\u2014<\/td><td>0.80<\/td><\/tr><tr><td>2.95<\/td><td>3.00<\/td><td>\u2014<\/td><td>1 F3V30<\/td><td>F<\/td><td>11\/16<\/td><td>1 9\/16<\/td><td>15\/16<\/td><td>27\/64<\/td><td>11\/64<\/td><td>\u2014<\/td><td>\u00d7<\/td><td>\u00d7<\/td><td>\u2014<\/td><td>\u2014<\/td><td>\u2014<\/td><td>0.80<\/td><\/tr><tr><td>3.10<\/td><td>3.15<\/td><td>\u2014<\/td><td>1 F3V31<\/td><td>F<\/td><td>11\/16<\/td><td>1 9\/16<\/td><td>15\/16<\/td><td>27\/64<\/td><td>11\/64<\/td><td>\u2014<\/td><td>\u2014<\/td><td>\u00d7<\/td><td>\u2014<\/td><td>\u2014<\/td><td>\u2014<\/td><td>0.80<\/td><\/tr><tr><td>3.30<\/td><td>3.35<\/td><td>\u2014<\/td><td>1 F3V33<\/td><td>F<\/td><td>11\/16<\/td><td>1 9\/16<\/td><td>15\/16<\/td><td>27\/64<\/td><td>11\/64<\/td><td>\u2014<\/td><td>\u2014<\/td><td>\u00d7<\/td><td>\u2014<\/td><td>\u2014<\/td><td>\u2014<\/td><td>1.00<\/td><\/tr><tr><td colspan=\"2\">2 rainures<\/td><td>\u3000<\/td><td>\u3000<\/td><td>\u3000<\/td><td>\u3000<\/td><td>\u3000<\/td><td>\u3000<\/td><td>\u3000<\/td><td>\u3000<\/td><td>\u3000<\/td><td>\u3000<\/td><td>\u3000<\/td><td>\u3000<\/td><td>\u3000<\/td><td>\u3000<\/td><td>\u3000<\/td><\/tr><tr><td>2.60&#8243;<\/td><td>2.65&#8243;<\/td><td>\u2014<\/td><td>2 F3V26<\/td><td>F<\/td><td>1 3\/32&#8243;<\/td><td>1 7\/8&#8243;<\/td><td>1 3\/8&#8243;<\/td><td>15\/32&#8243;<\/td><td>3\/16&#8243;<\/td><td>\u2014<\/td><td>\u00d7<\/td><td>\u00d7<\/td><td>\u00d7<\/td><td>\u2014<\/td><td>\u2014<\/td><td>1.30<\/td><\/tr><tr><td>2.75<\/td><td>2.80<\/td><td>\u2014<\/td><td>2 F3V28<\/td><td>F<\/td><td>1 3\/32<\/td><td>1 7\/8<\/td><td>1 3\/8<\/td><td>15\/32<\/td><td>3\/16<\/td><td>\u2014<\/td><td>\u00d7<\/td><td>\u00d7<\/td><td>\u00d7<\/td><td>\u2014<\/td><td>\u2014<\/td><td>1.40<\/td><\/tr><tr><td>2.95<\/td><td>3.00<\/td><td>\u2014<\/td><td>2 F3V30<\/td><td>F<\/td><td>1 3\/32<\/td><td>1 7\/8<\/td><td>1 3\/8<\/td><td>15\/32<\/td><td>3\/16<\/td><td>\u2014<\/td><td>\u2014<\/td><td>\u00d7<\/td><td>\u00d7<\/td><td>\u2014<\/td><td>\u2014<\/td><td>1.40<\/td><\/tr><tr><td>3.10<\/td><td>3.15<\/td><td>\u2014<\/td><td>2 F3V31<\/td><td>F<\/td><td>1 3\/32<\/td><td>1 7\/8<\/td><td>1 3\/8<\/td><td>15\/32<\/td><td>3\/16<\/td><td>\u2014<\/td><td>\u2014<\/td><td>\u00d7<\/td><td>\u00d7<\/td><td>\u00d7<\/td><td>\u2014<\/td><td>1.60<\/td><\/tr><tr><td>3.30<\/td><td>3.35<\/td><td>\u2014<\/td><td>2 F3V33<\/td><td>F<\/td><td>1 3\/32<\/td><td>1 7\/8<\/td><td>1 3\/8<\/td><td>15\/32<\/td><td>3\/16<\/td><td>\u2014<\/td><td>\u2014<\/td><td>\u00d7<\/td><td>\u00d7<\/td><td>\u00d7<\/td><td>\u2014<\/td><td>1.90<\/td><\/tr><tr><td colspan=\"2\">3 rainures<\/td><td>\u3000<\/td><td>\u3000<\/td><td>\u3000<\/td><td>\u3000<\/td><td>\u3000<\/td><td>\u3000<\/td><td>\u3000<\/td><td>\u3000<\/td><td>\u3000<\/td><td>\u3000<\/td><td>\u3000<\/td><td>\u3000<\/td><td>\u3000<\/td><td>\u3000<\/td><td>\u3000<\/td><\/tr><tr><td>2.60&#8243;<\/td><td>2.65&#8243;<\/td><td>\u2014<\/td><td>3 F3V26<\/td><td>F<\/td><td>1 1\/2&#8243;<\/td><td>1 7\/8&#8243;<\/td><td>1 23\/32&#8243;<\/td><td>15\/32&#8243;<\/td><td>1\/4&#8243;<\/td><td>\u2014<\/td><td>\u2014<\/td><td>\u00d7<\/td><td>\u00d7<\/td><td>\u00d7<\/td><td>\u2014<\/td><td>1.50<\/td><\/tr><tr><td>2.75<\/td><td>2.80<\/td><td>\u2014<\/td><td>3 F3V28<\/td><td>F<\/td><td>1 1\/2<\/td><td>1 7\/8<\/td><td>1 23\/32<\/td><td>15\/32<\/td><td>1\/4<\/td><td>\u2014<\/td><td>\u2014<\/td><td>\u00d7<\/td><td>\u00d7<\/td><td>\u00d7<\/td><td>\u2014<\/td><td>1.70<\/td><\/tr><tr><td>2.95<\/td><td>3.00<\/td><td>\u2014<\/td><td>3 F3V30<\/td><td>F<\/td><td>1 1\/2<\/td><td>1 7\/8<\/td><td>1 23\/32<\/td><td>15\/32<\/td><td>1\/4<\/td><td>\u2014<\/td><td>\u2014<\/td><td>\u2014<\/td><td>\u00d7<\/td><td>\u00d7<\/td><td>\u2014<\/td><td>1.90<\/td><\/tr><tr><td>3.10<\/td><td>3.15<\/td><td>\u2014<\/td><td>3 F3V31<\/td><td>F<\/td><td>1 1\/2<\/td><td>1 7\/8<\/td><td>1 23\/32<\/td><td>15\/32<\/td><td>1\/4<\/td><td>\u2014<\/td><td>\u2014<\/td><td>\u2014<\/td><td>\u00d7<\/td><td>\u00d7<\/td><td>\u2014<\/td><td>2.10<\/td><\/tr><tr><td>3.30<\/td><td>3.35<\/td><td>\u2014<\/td><td>3 F3V33<\/td><td>F<\/td><td>1 1\/2<\/td><td>1 7\/8<\/td><td>1 23\/32<\/td><td>15\/32<\/td><td>1\/4<\/td><td>\u2014<\/td><td>\u2014<\/td><td>\u2014<\/td><td>\u00d7<\/td><td>\u00d7<\/td><td>\u2014<\/td><td>2.50<\/td><\/tr><tr><td colspan=\"2\">4 rainures<\/td><td>\u3000<\/td><td>\u3000<\/td><td>\u3000<\/td><td>\u3000<\/td><td>\u3000<\/td><td>\u3000<\/td><td>\u3000<\/td><td>\u3000<\/td><td>\u3000<\/td><td>\u3000<\/td><td>\u3000<\/td><td>\u3000<\/td><td>\u3000<\/td><td>\u3000<\/td><td>\u3000<\/td><\/tr><tr><td>2.60&#8243;<\/td><td>2.65&#8243;<\/td><td>\u2014<\/td><td>4 F3V26<\/td><td>F<\/td><td>1 29\/32&#8243;<\/td><td>2 3\/16&#8243;<\/td><td>2 1\/8&#8243;<\/td><td>15\/32&#8243;<\/td><td>1\/4&#8243;<\/td><td>\u2014<\/td><td>\u2014<\/td><td>\u00d7<\/td><td>\u00d7<\/td><td>\u00d7<\/td><td>\u2014<\/td><td>1.90<\/td><\/tr><tr><td>2.75<\/td><td>2.80<\/td><td>\u2014<\/td><td>4 F3V28<\/td><td>F<\/td><td>1 29\/32<\/td><td>2 3\/16<\/td><td>2 1\/8<\/td><td>15\/32<\/td><td>1\/4<\/td><td>\u2014<\/td><td>\u2014<\/td><td>\u00d7<\/td><td>\u00d7<\/td><td>\u00d7<\/td><td>\u2014<\/td><td>2.40<\/td><\/tr><tr><td>2.95<\/td><td>3.00<\/td><td>\u2014<\/td><td>4 F3V30<\/td><td>F<\/td><td>1 29\/32<\/td><td>2 3\/16<\/td><td>2 1\/8<\/td><td>15\/32<\/td><td>1\/4<\/td><td>\u2014<\/td><td>\u2014<\/td><td>\u2014<\/td><td>\u00d7<\/td><td>\u00d7<\/td><td>\u00d7<\/td><td>2.50<\/td><\/tr><tr><td>3.10<\/td><td>3.15<\/td><td>\u2014<\/td><td>4 F3V31<\/td><td>F<\/td><td>1 29\/32<\/td><td>2 3\/16<\/td><td>2 1\/8<\/td><td>15\/32<\/td><td>1\/4<\/td><td>\u2014<\/td><td>\u2014<\/td><td>\u2014<\/td><td>\u00d7<\/td><td>\u00d7<\/td><td>\u00d7<\/td><td>2.80<\/td><\/tr><tr><td>3.30<\/td><td>3.35<\/td><td>\u2014<\/td><td>4 F3V33<\/td><td>F<\/td><td>1 29\/32<\/td><td>2 3\/16<\/td><td>2 1\/8<\/td><td>15\/32<\/td><td>1\/4<\/td><td>\u2014<\/td><td>\u2014<\/td><td>\u2014<\/td><td>\u00d7<\/td><td>\u00d7<\/td><td>\u00d7<\/td><td>3.40<\/td><\/tr><\/tbody><\/table><\/figure>","protected":false},"excerpt":{"rendered":"<p>Powermach finished bore &#8220;3V 5V 8V&#8221; gripbelt sheaves are machined from top quality fine-grain gray iron\u00a0 castings. They are accurately machined and balanced. They are furnished<span class=\"excerpt-hellip\"> [\u2026]<\/span><\/p>","protected":false},"author":1,"featured_media":0,"parent":73,"menu_order":0,"comment_status":"closed","ping_status":"closed","template":"","meta":{"_acf_changed":false,"_joinchat":[],"footnotes":""},"class_list":["post-1723","page","type-page","status-publish","hentry"],"acf":[],"_links":{"self":[{"href":"https:\/\/www.hitbelt.com\/fr\/wp-json\/wp\/v2\/pages\/1723","targetHints":{"allow":["GET"]}}],"collection":[{"href":"https:\/\/www.hitbelt.com\/fr\/wp-json\/wp\/v2\/pages"}],"about":[{"href":"https:\/\/www.hitbelt.com\/fr\/wp-json\/wp\/v2\/types\/page"}],"author":[{"embeddable":true,"href":"https:\/\/www.hitbelt.com\/fr\/wp-json\/wp\/v2\/users\/1"}],"replies":[{"embeddable":true,"href":"https:\/\/www.hitbelt.com\/fr\/wp-json\/wp\/v2\/comments?post=1723"}],"version-history":[{"count":1,"href":"https:\/\/www.hitbelt.com\/fr\/wp-json\/wp\/v2\/pages\/1723\/revisions"}],"predecessor-version":[{"id":1725,"href":"https:\/\/www.hitbelt.com\/fr\/wp-json\/wp\/v2\/pages\/1723\/revisions\/1725"}],"up":[{"embeddable":true,"href":"https:\/\/www.hitbelt.com\/fr\/wp-json\/wp\/v2\/pages\/73"}],"wp:attachment":[{"href":"https:\/\/www.hitbelt.com\/fr\/wp-json\/wp\/v2\/media?parent=1723"}],"curies":[{"name":"wp","href":"https:\/\/api.w.org\/{rel}","templated":true}]}}