{"id":1706,"date":"2023-07-17T08:41:16","date_gmt":"2023-07-17T08:41:16","guid":{"rendered":"https:\/\/www.hitbelt.com\/?page_id=1706"},"modified":"2023-07-25T06:00:13","modified_gmt":"2023-07-25T06:00:13","slug":"2bk","status":"publish","type":"page","link":"https:\/\/www.hitbelt.com\/fr\/bicycles\/2bk","title":{"rendered":"2BK"},"content":{"rendered":"<figure class=\"wp-block-image size-full\"><img loading=\"lazy\" decoding=\"async\" width=\"584\" height=\"370\" src=\"https:\/\/www.hitbelt.com\/wp-content\/uploads\/2023\/07\/20150521100022122-1.jpg\" alt=\"\" class=\"wp-image-1708\" srcset=\"https:\/\/www.hitbelt.com\/wp-content\/uploads\/2023\/07\/20150521100022122-1.jpg 584w, https:\/\/www.hitbelt.com\/wp-content\/uploads\/2023\/07\/20150521100022122-1-500x317.jpg 500w, https:\/\/www.hitbelt.com\/wp-content\/uploads\/2023\/07\/20150521100022122-1-18x12.jpg 18w, https:\/\/www.hitbelt.com\/wp-content\/uploads\/2023\/07\/20150521100022122-1-118x75.jpg 118w, https:\/\/www.hitbelt.com\/wp-content\/uploads\/2023\/07\/20150521100022122-1-480x304.jpg 480w\" sizes=\"auto, (max-width:767px) 480px, 584px\" \/><\/figure>\n\n\n\n<p>Poulies \u00e0 deux gorges pour courroies \u00ab 4L \u00bb ou \u00ab A \u00bb et courroies \u00ab 5L \u00bb ou \u00ab B \u00bb<br>Tailles de stock - Al\u00e9sage fini<br>&nbsp;<\/p>\n\n\n\n<figure class=\"wp-block-table\"><table><tbody><tr><td rowspan=\"2\">Partie<br>Non.<\/td><td colspan=\"3\">DIAM\u00c8TRES<\/td><td rowspan=\"2\">Taper<\/td><td colspan=\"9\">AL\u00c9SAGES DE STOCK MARQU\u00c9S \u00ab X \u00bb<\/td><td colspan=\"4\">DIMENSIONS<\/td><td rowspan=\"2\">Poids<br>Livres<\/td><\/tr><tr><td>Dehors<\/td><td>Donn\u00e9es \u00ab A \u00bb<\/td><td>Donn\u00e9es \u00ab B \u00bb<\/td><td>1\/2&#8243;<\/td><td>5\/8&#8243;<\/td><td>3\/4&#8243;<\/td><td>7\/8&#8243;<\/td><td>1&#8243;<\/td><td>1<br>1\/8&#8243;<\/td><td>1<br>3\/16&#8243;<\/td><td>1<br>3\/8&#8243;<\/td><td>1<br>7\/16&#8243;<\/td><td>F<\/td><td>L<\/td><td>P.<\/td><td>C<\/td><\/tr><tr><td>2BK25<\/td><td>2.50&#8243;<\/td><td>1.90&#8243;<\/td><td>2.30&#8243;<\/td><td>1<\/td><td>\u00d7<\/td><td>\u00d7<\/td><td>\u00d7<\/td><td>\u00d7<\/td><td>\u2014<\/td><td>\u2014<\/td><td>\u2014<\/td><td>\u2014<\/td><td>\u2014<\/td><td>1 3\/4&#8243;<\/td><td>1 31\/32&#8243;<\/td><td>15\/32&#8243;<\/td><td>1\/4&#8243;<\/td><td>1.30<\/td><\/tr><tr><td>2BK27<\/td><td>2.70<\/td><td>2.10<\/td><td>2.50<\/td><td>1<\/td><td>\u00d7<\/td><td>\u00d7<\/td><td>\u00d7<\/td><td>\u00d7<\/td><td>\u00d7<\/td><td>\u2014<\/td><td>\u2014<\/td><td>\u2014<\/td><td>\u2014<\/td><td>1 3\/4<\/td><td>1 31\/32<\/td><td>15\/32<\/td><td>1\/4<\/td><td>1.60<\/td><\/tr><tr><td>2BK28<\/td><td>2.95<\/td><td>2.20<\/td><td>2.60<\/td><td>1<\/td><td>\u00d7<\/td><td>\u00d7<\/td><td>\u00d7<\/td><td>\u00d7<\/td><td>\u00d7<\/td><td>\u00d7<\/td><td>\u2014<\/td><td>\u2014<\/td><td>\u2014<\/td><td>1 3\/4<\/td><td>1 31\/32<\/td><td>15\/32<\/td><td>1\/4<\/td><td>1.90<\/td><\/tr><tr><td>2BK30<\/td><td>3.15<\/td><td>2.40<\/td><td>2.80<\/td><td>1<\/td><td>\u00d7<\/td><td>\u00d7<\/td><td>\u00d7<\/td><td>\u00d7<\/td><td>\u00d7<\/td><td>\u00d7<\/td><td>\u2014<\/td><td>\u2014<\/td><td>\u2014<\/td><td>1 3\/4<\/td><td>1 31\/32<\/td><td>15\/32<\/td><td>1\/4<\/td><td>2.30<\/td><\/tr><tr><td>2BK32<\/td><td>3.35<\/td><td>2.60<\/td><td>3.00<\/td><td>1<\/td><td>\u2014<\/td><td>\u00d7<\/td><td>\u2014<\/td><td>\u00d7<\/td><td>\u00d7<\/td><td>\u00d7<\/td><td>\u2014<\/td><td>\u2014<\/td><td>\u2014<\/td><td>1 3\/4<\/td><td>1 31\/32<\/td><td>15\/32<\/td><td>1\/4<\/td><td>2.60<\/td><\/tr><tr><td>2BK34<\/td><td>3.55<\/td><td>2.80<\/td><td>3.20<\/td><td>1<\/td><td>\u2014<\/td><td>\u00d7<\/td><td>\u00d7<\/td><td>\u00d7<\/td><td>\u00d7<\/td><td>\u00d7<\/td><td>\u2014<\/td><td>\u2014<\/td><td>\u2014<\/td><td>1 3\/4<\/td><td>1 31\/32<\/td><td>15\/32<\/td><td>1\/4<\/td><td>2.80<\/td><\/tr><tr><td>2BK36<\/td><td>3.75<\/td><td>3.00<\/td><td>3.40<\/td><td>1<\/td><td>\u2014<\/td><td>\u2014<\/td><td>\u00d7<\/td><td>\u00d7<\/td><td>\u00d7<\/td><td>\u00d7<\/td><td>\u2014<\/td><td>\u00d7<\/td><td>\u2014<\/td><td>1 3\/4<\/td><td>1 31\/32<\/td><td>15\/32<\/td><td>1\/4<\/td><td>3.30<\/td><\/tr><tr><td>2BK40<\/td><td>3.95<\/td><td>3.20<\/td><td>3.60<\/td><td>2<\/td><td>\u2014<\/td><td>\u00d7<\/td><td>\u00d7<\/td><td>\u00d7<\/td><td>\u00d7<\/td><td>\u00d7<\/td><td>\u2014<\/td><td>\u2014<\/td><td>\u2014<\/td><td>1 3\/4<\/td><td>1 15\/32<\/td><td>15\/32<\/td><td>3\/4<\/td><td>3.30<\/td><\/tr><tr><td>2BK45<\/td><td>4.25<\/td><td>3.50<\/td><td>3.90<\/td><td>2<\/td><td>\u2014<\/td><td>\u2014<\/td><td>\u2014<\/td><td>\u2014<\/td><td>\u00d7<\/td><td>\u00d7<\/td><td>\u2014<\/td><td>\u00d7<\/td><td>\u2014<\/td><td>1 3\/4<\/td><td>1 15\/32<\/td><td>15\/32<\/td><td>3\/4<\/td><td>3.30<\/td><\/tr><tr><td>2BK47<\/td><td>4.45<\/td><td>3.70<\/td><td>4.10<\/td><td>2<\/td><td>\u2014<\/td><td>\u2014<\/td><td>\u2014<\/td><td>\u00d7<\/td><td>\u00d7<\/td><td>\u00d7<\/td><td>\u2014<\/td><td>\u2014<\/td><td>\u2014<\/td><td>1 3\/4<\/td><td>1 15\/32<\/td><td>15\/32<\/td><td>3\/4<\/td><td>3.70<\/td><\/tr><tr><td>2BK50<\/td><td>4.75<\/td><td>4.00<\/td><td>4.40<\/td><td>2<\/td><td>\u2014<\/td><td>\u2014<\/td><td>\u00d7<\/td><td>\u2014<\/td><td>\u00d7<\/td><td>\u00d7<\/td><td>\u2014<\/td><td>\u00d7<\/td><td>\u2014<\/td><td>1 3\/4<\/td><td>1 15\/32<\/td><td>15\/32<\/td><td>3\/4<\/td><td>4.10<\/td><\/tr><tr><td>2BK52<\/td><td>4.95<\/td><td>4.20<\/td><td>4.60<\/td><td>2<\/td><td>\u2014<\/td><td>\u2014<\/td><td>\u2014<\/td><td>\u00d7<\/td><td>\u00d7<\/td><td>\u00d7<\/td><td>\u2014<\/td><td>\u00d7<\/td><td>\u2014<\/td><td>1 3\/4<\/td><td>1 15\/32<\/td><td>15\/32<\/td><td>3\/4<\/td><td>4.50<\/td><\/tr><tr><td>2BK55<\/td><td>5.25<\/td><td>4.50<\/td><td>4.90<\/td><td>2<\/td><td>\u2014<\/td><td>\u2014<\/td><td>\u2014<\/td><td>\u2014<\/td><td>\u2014<\/td><td>\u00d7<\/td><td>\u2014<\/td><td>\u00d7<\/td><td>\u2014<\/td><td>1 3\/4<\/td><td>1 15\/32<\/td><td>15\/32<\/td><td>3\/4<\/td><td>4.50<\/td><\/tr><tr><td>2BK57<\/td><td>5.45<\/td><td>4.70<\/td><td>5.10<\/td><td>2<\/td><td>\u2014<\/td><td>\u2014<\/td><td>\u2014<\/td><td>\u2014<\/td><td>\u00d7<\/td><td>\u00d7<\/td><td>\u2014<\/td><td>\u00d7<\/td><td>\u2014<\/td><td>1 3\/4<\/td><td>1 15\/32<\/td><td>15\/32<\/td><td>3\/4<\/td><td>5.10<\/td><\/tr><tr><td>2BK60<\/td><td>5.75<\/td><td>5.00<\/td><td>5.40<\/td><td>3<\/td><td>\u2014<\/td><td>\u2014<\/td><td>\u00d7<\/td><td>\u00d7<\/td><td>\u00d7<\/td><td>\u00d7<\/td><td>\u2014<\/td><td>\u00d7<\/td><td>\u2014<\/td><td>1 3\/4<\/td><td>1 15\/32<\/td><td>15\/32<\/td><td>3\/4<\/td><td>4.90<\/td><\/tr><tr><td>2BK62<\/td><td>5.95<\/td><td>5.20<\/td><td>5.60<\/td><td>3<\/td><td>\u2014<\/td><td>\u2014<\/td><td>\u2014<\/td><td>\u2014<\/td><td>\u00d7<\/td><td>\u00d7<\/td><td>\u2014<\/td><td>\u00d7<\/td><td>\u2014<\/td><td>1 3\/4<\/td><td>1 15\/32<\/td><td>15\/32<\/td><td>3\/4<\/td><td>4.80<\/td><\/tr><tr><td>2BK65<\/td><td>6.25<\/td><td>5.50<\/td><td>5.90<\/td><td>3<\/td><td>\u2014<\/td><td>\u2014<\/td><td>\u2014<\/td><td>\u2014<\/td><td>\u00d7<\/td><td>\u00d7<\/td><td>\u2014<\/td><td>\u00d7<\/td><td>\u2014<\/td><td>1 3\/4<\/td><td>1 15\/32<\/td><td>15\/32<\/td><td>3\/4<\/td><td>5.00<\/td><\/tr><tr><td>2BK67<\/td><td>6.45<\/td><td>5.70<\/td><td>6.10<\/td><td>3<\/td><td>\u2014<\/td><td>\u2014<\/td><td>\u2014<\/td><td>\u2014<\/td><td>\u00d7<\/td><td>\u00d7<\/td><td>\u2014<\/td><td>\u00d7<\/td><td>\u2014<\/td><td>1 3\/4<\/td><td>1 15\/32<\/td><td>15\/32<\/td><td>3\/4<\/td><td>5.00<\/td><\/tr><tr><td>2BK70<\/td><td>6.75<\/td><td>6.00<\/td><td>6.40<\/td><td>3<\/td><td>\u2014<\/td><td>\u2014<\/td><td>\u00d7<\/td><td>\u2014<\/td><td>\u00d7<\/td><td>\u00d7<\/td><td>\u00d7<\/td><td>\u00d7<\/td><td>\u00d7<\/td><td>1 3\/4<\/td><td>1 19\/32<\/td><td>11\/32<\/td><td>1\/2<\/td><td>6.60<\/td><\/tr><tr><td>2BK80<\/td><td>7.75<\/td><td>7.00<\/td><td>7.40<\/td><td>3<\/td><td>\u2014<\/td><td>\u2014<\/td><td>\u00d7<\/td><td>\u2014<\/td><td>\u00d7<\/td><td>\u00d7<\/td><td>\u00d7<\/td><td>\u00d7<\/td><td>\u00d7<\/td><td>1 3\/4<\/td><td>1 19\/32<\/td><td>11\/32<\/td><td>1\/2<\/td><td>7.20<\/td><\/tr><tr><td>2BK90<\/td><td>8.75<\/td><td>8.00<\/td><td>8.40<\/td><td>3<\/td><td>\u2014<\/td><td>\u2014<\/td><td>\u00d7<\/td><td>\u2014<\/td><td>\u00d7<\/td><td>\u00d7<\/td><td>\u00d7<\/td><td>\u00d7<\/td><td>\u00d7<\/td><td>1 3\/4<\/td><td>1 19\/32<\/td><td>11\/32<\/td><td>1\/2<\/td><td>8.40<\/td><\/tr><tr><td>2BK100<\/td><td>9.75<\/td><td>9.00<\/td><td>9.40<\/td><td>3<\/td><td>\u2014<\/td><td>\u2014<\/td><td>\u00d7<\/td><td>\u2014<\/td><td>\u00d7<\/td><td>\u2014<\/td><td>\u00d7<\/td><td>\u00d7<\/td><td>\u00d7<\/td><td>1 3\/4<\/td><td>1 19\/32<\/td><td>11\/32<\/td><td>1\/2<\/td><td>9.40<\/td><\/tr><tr><td>2BK110<\/td><td>10.75<\/td><td>10.00<\/td><td>10.40<\/td><td>3<\/td><td>\u2014<\/td><td>\u2014<\/td><td>\u2014<\/td><td>\u2014<\/td><td>\u00d7<\/td><td>\u2014<\/td><td>\u00d7<\/td><td>\u2014<\/td><td>\u00d7<\/td><td>1 3\/4<\/td><td>1 19\/32<\/td><td>11\/32<\/td><td>1\/2<\/td><td>10.40<\/td><\/tr><tr><td>2BK120<\/td><td>11.75<\/td><td>11.00<\/td><td>11.40<\/td><td>3<\/td><td>\u2014<\/td><td>\u2014<\/td><td>\u2014<\/td><td>\u2014<\/td><td>\u00d7<\/td><td>\u2014<\/td><td>\u00d7<\/td><td>\u2014<\/td><td>\u00d7<\/td><td>1 3\/4<\/td><td>1 19\/32<\/td><td>11\/32<\/td><td>1\/2<\/td><td>11.80<\/td><\/tr><tr><td>2BK130<\/td><td>12.75<\/td><td>12.00<\/td><td>12.40<\/td><td>3<\/td><td>\u2014<\/td><td>\u2014<\/td><td>\u2014<\/td><td>\u2014<\/td><td>\u00d7<\/td><td>\u2014<\/td><td>\u00d7<\/td><td>\u2014<\/td><td>\u00d7<\/td><td>1 3\/4<\/td><td>1 19\/32<\/td><td>11\/32<\/td><td>1\/2<\/td><td>14.90<\/td><\/tr><tr><td>2BK140<\/td><td>13.75<\/td><td>13.00<\/td><td>13.40<\/td><td>3<\/td><td>\u2014<\/td><td>\u2014<\/td><td>\u2014<\/td><td>\u2014<\/td><td>\u00d7<\/td><td>\u2014<\/td><td>\u00d7<\/td><td>\u2014<\/td><td>\u00d7<\/td><td>1 3\/4<\/td><td>1 19\/32<\/td><td>11\/32<\/td><td>1\/2<\/td><td>16.30<\/td><\/tr><tr><td>2BK160<\/td><td>15.75<\/td><td>15.00<\/td><td>15.40<\/td><td>3<\/td><td>\u2014<\/td><td>\u2014<\/td><td>\u2014<\/td><td>\u2014<\/td><td>\u00d7<\/td><td>\u2014<\/td><td>\u00d7<\/td><td>\u2014<\/td><td>\u00d7<\/td><td>1 3\/4<\/td><td>1 19\/32<\/td><td>11\/32<\/td><td>1\/2<\/td><td>18.00<\/td><\/tr><tr><td>2BK190<\/td><td>18.75<\/td><td>18.00<\/td><td>18.40<\/td><td>3<\/td><td>\u2014<\/td><td>\u2014<\/td><td>\u2014<\/td><td>\u2014<\/td><td>\u2014<\/td><td>\u2014<\/td><td>\u00d7<\/td><td>\u2014<\/td><td>\u00d7<\/td><td>1 3\/4<\/td><td>1 19\/32<\/td><td>11\/32<\/td><td>1\/2<\/td><td>23.30<\/td><\/tr><\/tbody><\/table><\/figure>","protected":false},"excerpt":{"rendered":"<p>Poulies \u00e0 deux gorges pour courroies \u00ab 4L \u00bb ou \u00ab A \u00bb et \u00ab 5L \u00bb ou \u00ab B \u00bb Tailles standard \u2014 Al\u00e9sage fini R\u00e9f\u00e9rence DIAM\u00c8TRES Type AL\u00c9SAGES DE STOCK MARQU\u00c9S \u00ab X \u00bb DIMENSIONS Poids en livres R\u00e9f\u00e9rence ext\u00e9rieure<span class=\"excerpt-hellip\"> [\u2026]<\/span><\/p>","protected":false},"author":1,"featured_media":0,"parent":73,"menu_order":0,"comment_status":"closed","ping_status":"closed","template":"","meta":{"_acf_changed":false,"_joinchat":[],"footnotes":""},"class_list":["post-1706","page","type-page","status-publish","hentry"],"acf":[],"_links":{"self":[{"href":"https:\/\/www.hitbelt.com\/fr\/wp-json\/wp\/v2\/pages\/1706","targetHints":{"allow":["GET"]}}],"collection":[{"href":"https:\/\/www.hitbelt.com\/fr\/wp-json\/wp\/v2\/pages"}],"about":[{"href":"https:\/\/www.hitbelt.com\/fr\/wp-json\/wp\/v2\/types\/page"}],"author":[{"embeddable":true,"href":"https:\/\/www.hitbelt.com\/fr\/wp-json\/wp\/v2\/users\/1"}],"replies":[{"embeddable":true,"href":"https:\/\/www.hitbelt.com\/fr\/wp-json\/wp\/v2\/comments?post=1706"}],"version-history":[{"count":1,"href":"https:\/\/www.hitbelt.com\/fr\/wp-json\/wp\/v2\/pages\/1706\/revisions"}],"predecessor-version":[{"id":1709,"href":"https:\/\/www.hitbelt.com\/fr\/wp-json\/wp\/v2\/pages\/1706\/revisions\/1709"}],"up":[{"embeddable":true,"href":"https:\/\/www.hitbelt.com\/fr\/wp-json\/wp\/v2\/pages\/73"}],"wp:attachment":[{"href":"https:\/\/www.hitbelt.com\/fr\/wp-json\/wp\/v2\/media?parent=1706"}],"curies":[{"name":"wp","href":"https:\/\/api.w.org\/{rel}","templated":true}]}}