{"id":1697,"date":"2023-07-17T08:34:27","date_gmt":"2023-07-17T08:34:27","guid":{"rendered":"https:\/\/www.hitbelt.com\/?page_id=1697"},"modified":"2023-07-25T05:58:29","modified_gmt":"2023-07-25T05:58:29","slug":"2akh","status":"publish","type":"page","link":"https:\/\/www.hitbelt.com\/fr\/bicycles\/2akh","title":{"rendered":"2AKH"},"content":{"rendered":"<figure class=\"wp-block-image size-full\"><img loading=\"lazy\" decoding=\"async\" width=\"584\" height=\"435\" src=\"https:\/\/www.hitbelt.com\/wp-content\/uploads\/2023\/07\/20150520060553666.jpg\" alt=\"\" class=\"wp-image-1698\" srcset=\"https:\/\/www.hitbelt.com\/wp-content\/uploads\/2023\/07\/20150520060553666.jpg 584w, https:\/\/www.hitbelt.com\/wp-content\/uploads\/2023\/07\/20150520060553666-500x372.jpg 500w, https:\/\/www.hitbelt.com\/wp-content\/uploads\/2023\/07\/20150520060553666-16x12.jpg 16w, https:\/\/www.hitbelt.com\/wp-content\/uploads\/2023\/07\/20150520060553666-101x75.jpg 101w, https:\/\/www.hitbelt.com\/wp-content\/uploads\/2023\/07\/20150520060553666-480x358.jpg 480w\" sizes=\"auto, (max-width:767px) 480px, 584px\" \/><\/figure>\n\n\n\n<p>Poulies \u00e0 deux gorges pour courroies \u00ab 4L \u00bb ou \u00ab A \u00bb<br>Les courroies \u00ab 3L \u00bb peuvent \u00eatre utilis\u00e9es avec ces poulies comme indiqu\u00e9 dans le tableau ci-dessous<br>Tailles de stock - avec bagues coniques fendues<\/p>\n\n\n\n<figure class=\"wp-block-table\"><table><tbody><tr><td rowspan=\"2\">Partie<br>Non.<\/td><td colspan=\"3\">DIAM\u00c8TRES<\/td><td rowspan=\"2\">Taper<\/td><td colspan=\"8\">DIMENSIONS<\/td><td rowspan=\"2\">Poids Moins<br>Buisson<\/td><\/tr><tr><td>OD<\/td><td>Donn\u00e9es<br>&quot;UN&quot;<\/td><td>Pas<br>\u00ab 3L \u00bb<\/td><td>OL<\/td><td>F<\/td><td>L<\/td><td>P.<\/td><td>C<\/td><td>X<\/td><td>g<\/td><td>E<\/td><\/tr><tr><td>2AK30H<\/td><td>3.05&#8243;<\/td><td>2.80&#8243;<\/td><td>2.46&#8243;<\/td><td>1<\/td><td>2 7\/16&#8243;<\/td><td>1 3\/8<\/td><td>1 1\/4&#8243;<\/td><td>7\/8&#8243;<\/td><td>15\/16&#8243;<\/td><td>7\/8&#8243;<\/td><td>7\/16&#8243;<\/td><td>3\/16&#8243;<\/td><td>1.40<\/td><\/tr><tr><td>2AK32H<\/td><td>3.25<\/td><td>3.00<\/td><td>2.66<\/td><td>1<\/td><td>2 7\/16<\/td><td>1 3\/8<\/td><td>1 1\/4<\/td><td>7\/8<\/td><td>15\/16<\/td><td>7\/8<\/td><td>7\/16<\/td><td>3\/16<\/td><td>1.70<\/td><\/tr><tr><td>2AK34H<\/td><td>3.45<\/td><td>3.20<\/td><td>2.86<\/td><td>1<\/td><td>2<\/td><td>1 3\/8<\/td><td>1 1\/4<\/td><td>7\/16<\/td><td>1\/2<\/td><td>7\/8<\/td><td>7\/16<\/td><td>3\/16<\/td><td>1.80<\/td><\/tr><tr><td>2AK39H<\/td><td>3.75<\/td><td>3.50<\/td><td>3.16<\/td><td>1<\/td><td>2<\/td><td>1 3\/8<\/td><td>1 1\/4<\/td><td>7\/16<\/td><td>1\/2<\/td><td>7\/8<\/td><td>7\/16<\/td><td>3\/16<\/td><td>1.80<\/td><\/tr><tr><td>2AK41H<\/td><td>3.95<\/td><td>3.70<\/td><td>3.36<\/td><td>2<\/td><td>1 1\/2<\/td><td>1 3\/8<\/td><td>1 1\/4<\/td><td>1\/16<\/td><td>&#8211;<\/td><td>7\/8<\/td><td>7\/16<\/td><td>3\/16<\/td><td>1.90<\/td><\/tr><tr><td>2AK44H<\/td><td>4.25<\/td><td>4.00<\/td><td>3.66<\/td><td>2<\/td><td>1 1\/2<\/td><td>1 3\/8<\/td><td>1 1\/4<\/td><td>1\/16<\/td><td>&#8211;<\/td><td>7\/8<\/td><td>7\/16<\/td><td>3\/16<\/td><td>2.40<\/td><\/tr><tr><td>2AK46H<\/td><td>4.45<\/td><td>4.20<\/td><td>3.86<\/td><td>2<\/td><td>1 1\/2<\/td><td>1 3\/8<\/td><td>1 1\/4<\/td><td>1\/16<\/td><td>&#8211;<\/td><td>7\/8<\/td><td>7\/16<\/td><td>3\/16<\/td><td>2.50<\/td><\/tr><tr><td>2AK49H<\/td><td>4.75<\/td><td>4.50<\/td><td>4.16<\/td><td>2<\/td><td>1 1\/2<\/td><td>1 3\/8<\/td><td>1 1\/4<\/td><td>1\/16<\/td><td>&#8211;<\/td><td>7\/8<\/td><td>7\/16<\/td><td>3\/16<\/td><td>3.10<\/td><\/tr><tr><td>2AK51H<\/td><td>4.95<\/td><td>4.70<\/td><td>4.36<\/td><td>2<\/td><td>1 1\/2<\/td><td>1 3\/8<\/td><td>1 1\/4<\/td><td>1\/16<\/td><td>&#8211;<\/td><td>7\/8<\/td><td>7\/16<\/td><td>3\/16<\/td><td>3.20<\/td><\/tr><tr><td>2AK54H<\/td><td>5.25<\/td><td>5.00<\/td><td>4.66<\/td><td>2<\/td><td>1 1\/2<\/td><td>1 3\/8<\/td><td>1 1\/4<\/td><td>1\/16<\/td><td>&#8211;<\/td><td>7\/8<\/td><td>7\/16<\/td><td>3\/16<\/td><td>3.40<\/td><\/tr><tr><td>2AK56H<\/td><td>5.45<\/td><td>5.20<\/td><td>4.86<\/td><td>2<\/td><td>1 1\/2<\/td><td>1 3\/8<\/td><td>1 1\/4<\/td><td>1\/16<\/td><td>&#8211;<\/td><td>7\/8<\/td><td>7\/16<\/td><td>3\/16<\/td><td>3.60<\/td><\/tr><tr><td>2AK59H<\/td><td>5.75<\/td><td>5.50<\/td><td>5.16<\/td><td>3<\/td><td>1 1\/2<\/td><td>1 3\/8<\/td><td>1 1\/4<\/td><td>1\/16<\/td><td>0<\/td><td>7\/8<\/td><td>7\/16<\/td><td>3\/16<\/td><td>3.40<\/td><\/tr><tr><td>2AK61H<\/td><td>5.95<\/td><td>5.70<\/td><td>5.36<\/td><td>3<\/td><td>1 1\/2<\/td><td>1 3\/8<\/td><td>1 1\/4<\/td><td>1\/16<\/td><td>0<\/td><td>7\/8<\/td><td>7\/16<\/td><td>3\/16<\/td><td>3.30<\/td><\/tr><tr><td>2AK64H<\/td><td>6.25<\/td><td>6.00<\/td><td>5.66<\/td><td>3<\/td><td>1 1\/2<\/td><td>1 3\/8<\/td><td>1 1\/4<\/td><td>1\/16<\/td><td>0<\/td><td>7\/8<\/td><td>7\/16<\/td><td>3\/16<\/td><td>3.90<\/td><\/tr><tr><td>2AK74H<\/td><td>7.25<\/td><td>7.00<\/td><td>6.66<\/td><td>3<\/td><td>1 1\/2<\/td><td>1 3\/8<\/td><td>1 1\/4<\/td><td>1\/16<\/td><td>0<\/td><td>7\/8<\/td><td>7\/16<\/td><td>3\/16<\/td><td>4.90<\/td><\/tr><tr><td>2AK84H<\/td><td>8.25<\/td><td>8.00<\/td><td>7.66<\/td><td>3<\/td><td>1 1\/2<\/td><td>1 3\/8<\/td><td>1 1\/4<\/td><td>1\/16<\/td><td>0<\/td><td>7\/8<\/td><td>7\/16<\/td><td>3\/16<\/td><td>5.80<\/td><\/tr><tr><td>2AK94H<\/td><td>9.25<\/td><td>9.00<\/td><td>8.66<\/td><td>3<\/td><td>1 1\/2<\/td><td>1 3\/8<\/td><td>1 1\/4<\/td><td>1\/16<\/td><td>0<\/td><td>7\/8<\/td><td>7\/16<\/td><td>3\/16<\/td><td>6.10<\/td><\/tr><tr><td>2AK104H<\/td><td>10.25<\/td><td>10.00<\/td><td>9.66<\/td><td>3<\/td><td>1 1\/2<\/td><td>1 3\/8<\/td><td>1 1\/4<\/td><td>1\/16<\/td><td>0<\/td><td>7\/8<\/td><td>7\/16<\/td><td>3\/16<\/td><td>7.70<\/td><\/tr><tr><td>2AK114H<\/td><td>11.25<\/td><td>11.00<\/td><td>10.66<\/td><td>3<\/td><td>1 1\/2<\/td><td>1 3\/8<\/td><td>1 1\/4<\/td><td>1\/16<\/td><td>0<\/td><td>7\/8<\/td><td>7\/16<\/td><td>3\/16<\/td><td>8.50<\/td><\/tr><tr><td>2AK124H<\/td><td>12.25<\/td><td>12.00<\/td><td>11.66<\/td><td>3<\/td><td>1 1\/2<\/td><td>1 3\/8<\/td><td>1 1\/4<\/td><td>1\/16<\/td><td>0<\/td><td>7\/8<\/td><td>7\/16<\/td><td>3\/16<\/td><td>9.50<\/td><\/tr><tr><td>2AK134H<\/td><td>13.25<\/td><td>13.00<\/td><td>12.66<\/td><td>3<\/td><td>1 1\/2<\/td><td>1 3\/8<\/td><td>1 1\/4<\/td><td>1\/16<\/td><td>0<\/td><td>7\/8<\/td><td>7\/16<\/td><td>3\/16<\/td><td>11.40<\/td><\/tr><tr><td>2AK144H<\/td><td>14.25<\/td><td>14.00<\/td><td>13.66<\/td><td>3<\/td><td>1 1\/2<\/td><td>1 3\/8<\/td><td>1 1\/4<\/td><td>1\/16<\/td><td>0<\/td><td>7\/8<\/td><td>7\/16<\/td><td>3\/16<\/td><td>11.90<\/td><\/tr><tr><td>2AK154H<\/td><td>15.25<\/td><td>15.00<\/td><td>14.66<\/td><td>3<\/td><td>1 1\/2<\/td><td>1 3\/8<\/td><td>1 1\/4<\/td><td>1\/16<\/td><td>0<\/td><td>7\/8<\/td><td>7\/16<\/td><td>3\/16<\/td><td>13.30<\/td><\/tr><tr><td>2AK184H<\/td><td>18.25<\/td><td>18.00<\/td><td>17.66<\/td><td>3<\/td><td>1 1\/2<\/td><td>1 3\/8<\/td><td>1 1\/4<\/td><td>1\/16<\/td><td>0<\/td><td>7\/8<\/td><td>7\/16<\/td><td>3\/16<\/td><td>16.80<\/td><\/tr><\/tbody><\/table><\/figure>","protected":false},"excerpt":{"rendered":"<p>Two Groove Sheaves for &#8220;4L&#8221; or &#8220;A&#8221; Belts&#8220;3L&#8221; Belts may be used with These Sheaves as indicated in Table BelowStock Sizes-with split Taper Bushings PartNo. DIAMETERS<span class=\"excerpt-hellip\"> [\u2026]<\/span><\/p>","protected":false},"author":1,"featured_media":0,"parent":73,"menu_order":0,"comment_status":"closed","ping_status":"closed","template":"","meta":{"_acf_changed":false,"_joinchat":[],"footnotes":""},"class_list":["post-1697","page","type-page","status-publish","hentry"],"acf":[],"_links":{"self":[{"href":"https:\/\/www.hitbelt.com\/fr\/wp-json\/wp\/v2\/pages\/1697","targetHints":{"allow":["GET"]}}],"collection":[{"href":"https:\/\/www.hitbelt.com\/fr\/wp-json\/wp\/v2\/pages"}],"about":[{"href":"https:\/\/www.hitbelt.com\/fr\/wp-json\/wp\/v2\/types\/page"}],"author":[{"embeddable":true,"href":"https:\/\/www.hitbelt.com\/fr\/wp-json\/wp\/v2\/users\/1"}],"replies":[{"embeddable":true,"href":"https:\/\/www.hitbelt.com\/fr\/wp-json\/wp\/v2\/comments?post=1697"}],"version-history":[{"count":1,"href":"https:\/\/www.hitbelt.com\/fr\/wp-json\/wp\/v2\/pages\/1697\/revisions"}],"predecessor-version":[{"id":1699,"href":"https:\/\/www.hitbelt.com\/fr\/wp-json\/wp\/v2\/pages\/1697\/revisions\/1699"}],"up":[{"embeddable":true,"href":"https:\/\/www.hitbelt.com\/fr\/wp-json\/wp\/v2\/pages\/73"}],"wp:attachment":[{"href":"https:\/\/www.hitbelt.com\/fr\/wp-json\/wp\/v2\/media?parent=1697"}],"curies":[{"name":"wp","href":"https:\/\/api.w.org\/{rel}","templated":true}]}}