{"id":1316,"date":"2023-07-14T08:23:03","date_gmt":"2023-07-14T08:23:03","guid":{"rendered":"https:\/\/www.hitbelt.com\/?page_id=1316"},"modified":"2023-07-14T08:36:14","modified_gmt":"2023-07-14T08:36:14","slug":"rubber-sheet","status":"publish","type":"page","link":"https:\/\/www.hitbelt.com\/fr\/bicycles\/rubber-sheet","title":{"rendered":"FEUILLE DE CAOUTCHOUC"},"content":{"rendered":"<h3 class=\"wp-block-heading\">Caoutchouc \u00e0 usage g\u00e9n\u00e9ral<\/h3>\n\n\n\n<figure class=\"wp-block-table\"><table><tbody><tr><td>Taper<\/td><td>Gravit\u00e9 sp\u00e9cifique<\/td><td>Duret\u00e9<\/td><td>R\u00e9sistance \u00e0 la traction<\/td><td>Allongement \u00e0 la rupture&nbsp;<\/td><td>Couleur<\/td><\/tr><tr><td>\u3000<\/td><td>(g\/cc)<\/td><td>(Rive A)<\/td><td>(MPa)<\/td><td>%<\/td><td>\u3000<\/td><\/tr><tr><td rowspan=\"4\">NR\/SBR<\/td><td>1.45<\/td><td>50 \u00b1 5<\/td><td>5<\/td><td>300<\/td><td>noir<\/td><\/tr><tr><td>1.5<\/td><td>60 \u00b1 5<\/td><td>4<\/td><td>250<\/td><td>noir<\/td><\/tr><tr><td>1.6<\/td><td>65 \u00b1 5<\/td><td>3<\/td><td>250<\/td><td>noir<\/td><\/tr><tr><td>1.7<\/td><td>70 \u00b1 5<\/td><td>2-2.5<\/td><td>200<\/td><td>noir<\/td><\/tr><tr><td>NR\/SBR 1 pli<\/td><td>1.6<\/td><td>65 \u00b1 5<\/td><td>3<\/td><td>250<\/td><td>noir<\/td><\/tr><tr><td>NR\/SBR 2 plis<\/td><td>1.6<\/td><td>65 \u00b1 5<\/td><td>3<\/td><td>250<\/td><td>noir<\/td><\/tr><tr><td>Feuille SBR rouge<\/td><td>1.7<\/td><td>80 \u00b1 5<\/td><td>3<\/td><td>200<\/td><td>rouge<\/td><\/tr><tr><td>Feuille SBT grise<\/td><td>1.7<\/td><td>80 \u00b1 5<\/td><td>3<\/td><td>200<\/td><td>gris<\/td><\/tr><\/tbody><\/table><\/figure>\n\n\n\n<h3 class=\"wp-block-heading\">Caoutchouc nitrile (NBR)<\/h3>\n\n\n\n<figure class=\"wp-block-table\"><table><tbody><tr><td>Taper<\/td><td>Gravit\u00e9 sp\u00e9cifique<\/td><td>Duret\u00e9<\/td><td>R\u00e9sistance \u00e0 la traction<\/td><td>Allongement \u00e0 la rupture&nbsp;<\/td><td>Couleur<\/td><td>Temp\u00e9rature de fonctionnement<\/td><\/tr><tr><td>\u3000<\/td><td>(g\/cc)<\/td><td>(Rive A)<\/td><td>(MPa)<\/td><td>%<\/td><td>\u3000<\/td><td>(\u00b0C)<\/td><\/tr><tr><td rowspan=\"4\">NR\/SBR<\/td><td>1.6<\/td><td>70 \u00b1 5<\/td><td>3<\/td><td>200<\/td><td>noir<\/td><td>&nbsp;-20 \/ 90<\/td><\/tr><tr><td>1.55<\/td><td>65 \u00b1 5<\/td><td>4<\/td><td>250<\/td><td>noir<\/td><td>&nbsp;-20 \/ 90<\/td><\/tr><tr><td>1.5<\/td><td>60 \u00b1 5<\/td><td>5<\/td><td>250<\/td><td>noir<\/td><td>&nbsp;-20 \/ 90<\/td><\/tr><tr><td>1.4<\/td><td>70 \u00b1 5<\/td><td>7<\/td><td>300<\/td><td>noir<\/td><td>&nbsp;-20 \/ 90<\/td><\/tr><\/tbody><\/table><\/figure>\n\n\n\n<h3 class=\"wp-block-heading\">Caoutchouc nitrile de haute qualit\u00e9<\/h3>\n\n\n\n<figure class=\"wp-block-table\"><table><tbody><tr><td>Taper<\/td><td>Gravit\u00e9 sp\u00e9cifique<\/td><td>Duret\u00e9<\/td><td>R\u00e9sistance \u00e0 la traction<\/td><td>Allongement \u00e0 la rupture&nbsp;<\/td><td>Couleur<\/td><td>Temp\u00e9rature de fonctionnement<\/td><\/tr><tr><td>\u3000<\/td><td>(g\/cc)<\/td><td>(Rive A)<\/td><td>(MPa)<\/td><td>%<\/td><td>\u3000<\/td><td>(\u00b0C)<\/td><\/tr><tr><td rowspan=\"5\">NR\/SBR<\/td><td>1.16<\/td><td>50 \u00b1 5<\/td><td>7.5<\/td><td>450<\/td><td>noir<\/td><td>&nbsp;-30 \/ 100<\/td><\/tr><tr><td>1.19<\/td><td>60 \u00b1 5<\/td><td>8.5<\/td><td>400<\/td><td>noir<\/td><td>&nbsp;-30 \/ 100<\/td><\/tr><tr><td>1.2<\/td><td>65 \u00b1 5<\/td><td>8.5<\/td><td>400<\/td><td>noir<\/td><td>&nbsp;-30 \/ 100<\/td><\/tr><tr><td>1.21<\/td><td>70 \u00b1 5<\/td><td>12.5<\/td><td>250<\/td><td>noir<\/td><td>&nbsp;-30 \/ 100<\/td><\/tr><tr><td>1.28<\/td><td>80 \u00b1 5<\/td><td>12.5<\/td><td>150<\/td><td>noir<\/td><td>&nbsp;-30 \/ 100<\/td><\/tr><\/tbody><\/table><\/figure>\n\n\n\n<h3 class=\"wp-block-heading\">Caoutchouc n\u00e9opr\u00e8ne (CR)<\/h3>\n\n\n\n<figure class=\"wp-block-table\"><table><tbody><tr><td>Taper<\/td><td>Gravit\u00e9 sp\u00e9cifique<\/td><td>Duret\u00e9<\/td><td>R\u00e9sistance \u00e0 la traction<\/td><td>Allongement \u00e0 la rupture&nbsp;<\/td><td>Couleur<\/td><td>Temp\u00e9rature de fonctionnement<\/td><\/tr><tr><td>\u3000<\/td><td>(g\/cc)<\/td><td>(Rive A)<\/td><td>(MPa)<\/td><td>%<\/td><td>\u3000<\/td><td>(\u00b0C)<\/td><\/tr><tr><td rowspan=\"3\">CR commerciale<\/td><td>1.6<\/td><td>70 \u00b1 5<\/td><td>3<\/td><td>200<\/td><td>noir<\/td><td>&nbsp;<\/td><\/tr><tr><td>1.5<\/td><td>70 \u00b1 5<\/td><td>5<\/td><td>250<\/td><td>noir<\/td><td>&nbsp;<\/td><\/tr><tr><td>1.4<\/td><td>50 \u00b1 5<\/td><td>5<\/td><td>300<\/td><td>noir<\/td><td>&nbsp;<\/td><\/tr><tr><td rowspan=\"2\">CR commerciale<\/td><td rowspan=\"2\">1.35<\/td><td rowspan=\"2\">60 \u00b1 5<\/td><td rowspan=\"2\">13<\/td><td rowspan=\"2\">300<\/td><td rowspan=\"2\">noir<\/td><td rowspan=\"2\">&nbsp;-40 \/ 100<\/td><\/tr><tr><td>&nbsp;<\/td><\/tr><\/tbody><\/table><\/figure>\n\n\n\n<h3 class=\"wp-block-heading\">Caoutchouc EPDM<\/h3>\n\n\n\n<figure class=\"wp-block-table\"><table><tbody><tr><td>Taper<\/td><td>Gravit\u00e9 sp\u00e9cifique<\/td><td>Duret\u00e9<\/td><td>R\u00e9sistance \u00e0 la traction<\/td><td>Allongement \u00e0 la rupture&nbsp;<\/td><td>Couleur<\/td><td>R\u00e9sistant \u00e0 l&#039;ozone<\/td><\/tr><tr><td>\u3000<\/td><td>(g\/cc)<\/td><td>(Rive A)<\/td><td>(MPa)<\/td><td>%<\/td><td>\u3000<\/td><td>30\u00b0Cx72Hx20%<\/td><\/tr><tr><td rowspan=\"4\">EPDM<\/td><td>1.6<\/td><td>70 \u00b1 5<\/td><td>3<\/td><td>200<\/td><td>noir<\/td><td>50 ppm<\/td><\/tr><tr><td>1.5<\/td><td>70 \u00b1 5<\/td><td>5<\/td><td>300<\/td><td>noir<\/td><td>50 ppm<\/td><\/tr><tr><td>1.35<\/td><td>60 \u00b1 5<\/td><td>5<\/td><td>300<\/td><td>noir<\/td><td>50 ppm<\/td><\/tr><tr><td>1.3<\/td><td>50 \u00b1 5<\/td><td>5<\/td><td>300<\/td><td>noir<\/td><td>50 ppm<\/td><\/tr><\/tbody><\/table><\/figure>\n\n\n\n<h3 class=\"wp-block-heading\">Caoutchouc ButyI<\/h3>\n\n\n\n<figure class=\"wp-block-table\"><table><tbody><tr><td>Taper<\/td><td>Gravit\u00e9 sp\u00e9cifique<\/td><td>Duret\u00e9<\/td><td>R\u00e9sistance \u00e0 la traction<\/td><td>Allongement \u00e0 la rupture&nbsp;<\/td><td>Couleur<\/td><td>Temp\u00e9rature de fonctionnement<\/td><\/tr><tr><td>\u3000<\/td><td>(g\/cc)<\/td><td>(Rive A)<\/td><td>(MPa)<\/td><td>%<\/td><td>\u3000<\/td><td>(\u00b0C)<\/td><\/tr><tr><td rowspan=\"3\">ButyJe<\/td><td>1.5<\/td><td>70 \u00b1 5<\/td><td>5<\/td><td>300<\/td><td>noir<\/td><td>&nbsp;-30 \/ 130<\/td><\/tr><tr><td>1.4<\/td><td>60 \u00b1 5<\/td><td>5<\/td><td>300<\/td><td>noir<\/td><td>&nbsp;-30 \/ 130<\/td><\/tr><tr><td>1.3<\/td><td>50 \u00b1 5<\/td><td>5<\/td><td>300<\/td><td>noir<\/td><td>&nbsp;-30 \/ 130<\/td><\/tr><\/tbody><\/table><\/figure>\n\n\n\n<h3 class=\"wp-block-heading\">Hypalon<\/h3>\n\n\n\n<figure class=\"wp-block-table\"><table><tbody><tr><td>Taper<\/td><td>Gravit\u00e9 sp\u00e9cifique<\/td><td>Duret\u00e9<\/td><td>R\u00e9sistance \u00e0 la traction<\/td><td>Allongement \u00e0 la rupture&nbsp;<\/td><td>Couleur<\/td><td>Temp\u00e9rature de fonctionnement<\/td><\/tr><tr><td>\u3000<\/td><td>(g\/cc)<\/td><td>(Rive A)<\/td><td>(MPa)<\/td><td>%<\/td><td>\u3000<\/td><td>(\u00b0C)<\/td><\/tr><tr><td rowspan=\"3\">Hypalon<\/td><td>1.35<\/td><td>50 \u00b1 5<\/td><td>6<\/td><td>400<\/td><td>noir<\/td><td>&nbsp;-30 \/ 120<\/td><\/tr><tr><td>1.45<\/td><td>60 \u00b1 5<\/td><td>6<\/td><td>350<\/td><td>noir<\/td><td>&nbsp;-30 \/ 120<\/td><\/tr><tr><td>1.25<\/td><td>60 \u00b1 5<\/td><td>11<\/td><td>400<\/td><td>noir<\/td><td>&nbsp;-30 \/ 120<\/td><\/tr><\/tbody><\/table><\/figure>\n\n\n\n<h3 class=\"wp-block-heading\">Viton<\/h3>\n\n\n\n<figure class=\"wp-block-table\"><table><tbody><tr><td>Taper<\/td><td>Gravit\u00e9 sp\u00e9cifique<\/td><td>Duret\u00e9<\/td><td>R\u00e9sistance \u00e0 la traction<\/td><td>Allongement \u00e0 la rupture&nbsp;<\/td><td>Couleur<\/td><\/tr><tr><td>\u3000<\/td><td>(g\/cc)<\/td><td>(Rive A)<\/td><td>(MPa)<\/td><td>%<\/td><td>\u3000<\/td><\/tr><tr><td>Viton<\/td><td>1.9<\/td><td>75 \u00b1 5<\/td><td>7<\/td><td>150<\/td><td>noir<\/td><\/tr><\/tbody><\/table><\/figure>\n\n\n\n<h3 class=\"wp-block-heading\">Feuille de gomme naturelle<\/h3>\n\n\n\n<figure class=\"wp-block-table\"><table><tbody><tr><td>Taper<\/td><td>Gravit\u00e9 sp\u00e9cifique<\/td><td>Duret\u00e9<\/td><td>R\u00e9sistance \u00e0 la traction<\/td><td>Allongement \u00e0 la rupture&nbsp;<\/td><td>Couleur<\/td><td>Abrasion<\/td><\/tr><tr><td>\u3000<\/td><td>(g\/cc)<\/td><td>(Rive A)<\/td><td>(MPa)<\/td><td>%<\/td><td>\u3000<\/td><td>(mm<sup>3<\/sup>)<\/td><\/tr><tr><td rowspan=\"5\">Gomme Naturelle<\/td><td>1.3<\/td><td>70 \u00b1 5<\/td><td>12<\/td><td>500<\/td><td rowspan=\"5\">Beige, Marron, Rouge, Orange, Noir<\/td><td>150<\/td><\/tr><tr><td>1.3<\/td><td>60 \u00b1 5<\/td><td>14<\/td><td>500<\/td><td>120<\/td><\/tr><tr><td>1.1<\/td><td>40 \u00b1 5<\/td><td>14.5<\/td><td>500<\/td><td>110<\/td><\/tr><tr><td>1.04<\/td><td>40 \u00b1 5<\/td><td>16<\/td><td>600<\/td><td>80<\/td><\/tr><tr><td>1.04<\/td><td>40 \u00b1 5<\/td><td>22<\/td><td>600<\/td><td>80<\/td><\/tr><\/tbody><\/table><\/figure>","protected":false},"excerpt":{"rendered":"<p>General Purpose Rubber Type Specific Gravity Hardness Tensile Strength Elongation at break&nbsp; Color \u3000 (g\/cc) (Shore A) (Mpa) % \u3000 NR\/SBR 1.45 50\u00b15 5 300 black<span class=\"excerpt-hellip\"> [\u2026]<\/span><\/p>","protected":false},"author":1,"featured_media":0,"parent":73,"menu_order":0,"comment_status":"closed","ping_status":"closed","template":"","meta":{"_acf_changed":false,"_joinchat":[],"footnotes":""},"class_list":["post-1316","page","type-page","status-publish","hentry"],"acf":[],"_links":{"self":[{"href":"https:\/\/www.hitbelt.com\/fr\/wp-json\/wp\/v2\/pages\/1316","targetHints":{"allow":["GET"]}}],"collection":[{"href":"https:\/\/www.hitbelt.com\/fr\/wp-json\/wp\/v2\/pages"}],"about":[{"href":"https:\/\/www.hitbelt.com\/fr\/wp-json\/wp\/v2\/types\/page"}],"author":[{"embeddable":true,"href":"https:\/\/www.hitbelt.com\/fr\/wp-json\/wp\/v2\/users\/1"}],"replies":[{"embeddable":true,"href":"https:\/\/www.hitbelt.com\/fr\/wp-json\/wp\/v2\/comments?post=1316"}],"version-history":[{"count":1,"href":"https:\/\/www.hitbelt.com\/fr\/wp-json\/wp\/v2\/pages\/1316\/revisions"}],"predecessor-version":[{"id":1319,"href":"https:\/\/www.hitbelt.com\/fr\/wp-json\/wp\/v2\/pages\/1316\/revisions\/1319"}],"up":[{"embeddable":true,"href":"https:\/\/www.hitbelt.com\/fr\/wp-json\/wp\/v2\/pages\/73"}],"wp:attachment":[{"href":"https:\/\/www.hitbelt.com\/fr\/wp-json\/wp\/v2\/media?parent=1316"}],"curies":[{"name":"wp","href":"https:\/\/api.w.org\/{rel}","templated":true}]}}