{"id":1035,"date":"2023-07-14T01:43:09","date_gmt":"2023-07-14T01:43:09","guid":{"rendered":"https:\/\/www.hitbelt.com\/?page_id=1035"},"modified":"2023-07-14T01:45:34","modified_gmt":"2023-07-14T01:45:34","slug":"dry-v-belts-with-aramid-cords","status":"publish","type":"page","link":"https:\/\/www.hitbelt.com\/fr\/bicycles\/dry-v-belts-with-aramid-cords","title":{"rendered":"Courroies trap\u00e9zo\u00efdales s\u00e8ches avec cordons en aramide"},"content":{"rendered":"<figure class=\"wp-block-table\"><table><tbody><tr><td>Ceinture<\/td><td>\u00c0 l&#039;int\u00e9rieur<\/td><td>Dehors<\/td><td>Environ.<\/td><td>\u3000<\/td><td>Ceinture<\/td><td>\u00c0 l&#039;int\u00e9rieur<\/td><td>Dehors<\/td><td>Environ.<\/td><\/tr><tr><td>Taper<\/td><td>Longueur (mm)<\/td><td>Longueur (mm)<\/td><td>Poids (g)<\/td><td>\u3000<\/td><td>Taper<\/td><td>Longueur (mm)<\/td><td>Longueur (mm)<\/td><td>Poids (g)<\/td><\/tr><tr><td colspan=\"4\">&nbsp;&nbsp;&nbsp;&nbsp;&nbsp;&nbsp;&nbsp; 3\/8&quot; Largeur sup\u00e9rieure x 7\/32&quot; \u00c9paisseur x Angle 40\u00b0, La \u2248 Li +35<\/td><td>&nbsp;<\/td><td>&nbsp;<\/td><td>&nbsp;<\/td><td>&nbsp;<\/td><td>&nbsp;<\/td><\/tr><tr><td>3L<\/td><td>431.8<\/td><td>466.8<\/td><td>26.772<\/td><td>\u3000<\/td><td>3L<\/td><td>950.0<\/td><td>985.0<\/td><td>58.900<\/td><\/tr><tr><td>3L<\/td><td>500.0<\/td><td>535.0<\/td><td>31.000<\/td><td>&nbsp;<\/td><td>3L<\/td><td>965.2<\/td><td>1000.2<\/td><td>59.842<\/td><\/tr><tr><td>3L<\/td><td>520.0<\/td><td>555.0<\/td><td>32.240<\/td><td>\u3000<\/td><td>3L<\/td><td>990.6<\/td><td>1025.6<\/td><td>61.417<\/td><\/tr><tr><td>3L<\/td><td>533.4<\/td><td>568.4<\/td><td>33.071<\/td><td>&nbsp;<\/td><td>3L<\/td><td>1000.0<\/td><td>1035.0<\/td><td>62.000<\/td><\/tr><tr><td>3L<\/td><td>558.8<\/td><td>593.8<\/td><td>34.646<\/td><td>\u3000<\/td><td>3L<\/td><td>1016.0<\/td><td>1051.0<\/td><td>62.992<\/td><\/tr><tr><td>3L<\/td><td>570.0<\/td><td>605.0<\/td><td>35.340<\/td><td>&nbsp;<\/td><td>3L<\/td><td>1041.4<\/td><td>1076.4<\/td><td>64.567<\/td><\/tr><tr><td>3L<\/td><td>584.2<\/td><td>619.2<\/td><td>36.220<\/td><td>\u3000<\/td><td>3L<\/td><td>1066.8<\/td><td>1101.8<\/td><td>66.142<\/td><\/tr><tr><td>3L<\/td><td>600.0<\/td><td>635.0<\/td><td>37.200<\/td><td>&nbsp;<\/td><td>3L<\/td><td>1092.2<\/td><td>1127.2<\/td><td>67.716<\/td><\/tr><tr><td>3L<\/td><td>609.6<\/td><td>644.6<\/td><td>37.795<\/td><td>\u3000<\/td><td>3L<\/td><td>1100.0<\/td><td>1135.0<\/td><td>68.200<\/td><\/tr><tr><td>3L<\/td><td>620.0<\/td><td>655.0<\/td><td>38.440<\/td><td>&nbsp;<\/td><td>3L<\/td><td>1117.6<\/td><td>1152.6<\/td><td>69.291<\/td><\/tr><tr><td>3L<\/td><td>635.0<\/td><td>670.0<\/td><td>39.370<\/td><td>\u3000<\/td><td>3L<\/td><td>1143.0<\/td><td>1178.0<\/td><td>70.866<\/td><\/tr><tr><td>3L<\/td><td>660.4<\/td><td>695.4<\/td><td>40.945<\/td><td>&nbsp;<\/td><td>3L<\/td><td>1168.4<\/td><td>1203.4<\/td><td>72.441<\/td><\/tr><tr><td>3L<\/td><td>700.0<\/td><td>735.0<\/td><td>43.400<\/td><td>\u3000<\/td><td>3L<\/td><td>1193.8<\/td><td>1228.8<\/td><td>74.016<\/td><\/tr><tr><td>3L<\/td><td>710.0<\/td><td>745.0<\/td><td>44.020<\/td><td>&nbsp;<\/td><td>3L<\/td><td>1200.0<\/td><td>1235.0<\/td><td>74.400<\/td><\/tr><tr><td>3L<\/td><td>711.2<\/td><td>746.2<\/td><td>44.094<\/td><td>\u3000<\/td><td>3L<\/td><td>1219.2<\/td><td>1254.2<\/td><td>75.590<\/td><\/tr><tr><td>3L<\/td><td>725.0<\/td><td>760.0<\/td><td>44.950<\/td><td>&nbsp;<\/td><td>3L<\/td><td>1244.6<\/td><td>1279.6<\/td><td>77.165<\/td><\/tr><tr><td>3L<\/td><td>737.0<\/td><td>772.0<\/td><td>45.694<\/td><td>\u3000<\/td><td>3L<\/td><td>1270.0<\/td><td>1305.0<\/td><td>78.740<\/td><\/tr><tr><td>3L<\/td><td>750.0<\/td><td>785.0<\/td><td>46.500<\/td><td>&nbsp;<\/td><td>3L<\/td><td>1295.4<\/td><td>1330.4<\/td><td>80.315<\/td><\/tr><tr><td>3L<\/td><td>762.0<\/td><td>797.0<\/td><td>47.244<\/td><td>\u3000<\/td><td>3L<\/td><td>1320.8<\/td><td>1355.8<\/td><td>81.890<\/td><\/tr><tr><td>3L<\/td><td>787.4<\/td><td>822.4<\/td><td>48.819<\/td><td>&nbsp;<\/td><td>3L<\/td><td>1346.2<\/td><td>1381.2<\/td><td>83.464<\/td><\/tr><tr><td>3L<\/td><td>800.0<\/td><td>835.0<\/td><td>49.600<\/td><td>\u3000<\/td><td>3L<\/td><td>1371.6<\/td><td>1406.6<\/td><td>85.039<\/td><\/tr><tr><td>3L<\/td><td>812.8<\/td><td>847.8<\/td><td>50.394<\/td><td>&nbsp;<\/td><td>3L<\/td><td>1397.0<\/td><td>1432.0<\/td><td>86.614<\/td><\/tr><tr><td>3L<\/td><td>830.0<\/td><td>865.0<\/td><td>51.460<\/td><td>\u3000<\/td><td>3L<\/td><td>1422.4<\/td><td>1457.4<\/td><td>88.189<\/td><\/tr><tr><td>3L<\/td><td>838.2<\/td><td>873.2<\/td><td>51.968<\/td><td>&nbsp;<\/td><td>3L<\/td><td>1473.0<\/td><td>1508.0<\/td><td>91.326<\/td><\/tr><tr><td>3L<\/td><td>850.0<\/td><td>885.0<\/td><td>52.700<\/td><td>\u3000<\/td><td>3L<\/td><td>1473.2<\/td><td>1508.2<\/td><td>91.338<\/td><\/tr><tr><td>3L<\/td><td>863.6<\/td><td>898.6<\/td><td>53.543<\/td><td>&nbsp;<\/td><td>3L<\/td><td>1498.6<\/td><td>1533.6<\/td><td>92.913<\/td><\/tr><tr><td>3L<\/td><td>880.0<\/td><td>915.0<\/td><td>54.560<\/td><td>\u3000<\/td><td>3L<\/td><td>1500.0<\/td><td>1535.0<\/td><td>93.000<\/td><\/tr><tr><td>3L<\/td><td>889.0<\/td><td>924.0<\/td><td>55.118<\/td><td>&nbsp;<\/td><td>3L<\/td><td>1524.0<\/td><td>1559.0<\/td><td>94.488<\/td><\/tr><tr><td>3L<\/td><td>900.0<\/td><td>935.0<\/td><td>55.800<\/td><td>\u3000<\/td><td>3L<\/td><td>1550.0<\/td><td>1585.0<\/td><td>96.100<\/td><\/tr><tr><td>3L<\/td><td>914.4<\/td><td>949.4<\/td><td>56.693<\/td><td>&nbsp;<\/td><td>3L<\/td><td>1574.8<\/td><td>1609.8<\/td><td>97.638<\/td><\/tr><tr><td>3L<\/td><td>939.8<\/td><td>974.8<\/td><td>58.268<\/td><td>\u3000<\/td><td>3L<\/td><td>1600.0<\/td><td>1635.0<\/td><td>99.200<\/td><\/tr><tr><td>&nbsp;<\/td><td>&nbsp;<\/td><td>&nbsp;<\/td><td>&nbsp;<\/td><td>&nbsp;<\/td><td>&nbsp;<\/td><td>&nbsp;<\/td><td>&nbsp;<\/td><td>&nbsp;<\/td><\/tr><tr><td>&nbsp;<\/td><td>&nbsp;<\/td><td>&nbsp;<\/td><td>&nbsp;<\/td><td>&nbsp;<\/td><td>&nbsp;<\/td><td>&nbsp;<\/td><td>&nbsp;<\/td><td>&nbsp;<\/td><\/tr><tr><td>Ceinture<\/td><td>\u00c0 l&#039;int\u00e9rieur<\/td><td>Dehors<\/td><td>Environ.<\/td><td>\u3000<\/td><td>Ceinture<\/td><td>\u00c0 l&#039;int\u00e9rieur<\/td><td>Dehors<\/td><td>Environ.<\/td><\/tr><tr><td>Taper<\/td><td>Longueur (mm)<\/td><td>Longueur (mm)<\/td><td>Poids (g)<\/td><td>\u3000<\/td><td>Taper<\/td><td>Longueur (mm)<\/td><td>Longueur (mm)<\/td><td>Poids (g)<\/td><\/tr><tr><td colspan=\"4\">&nbsp;&nbsp;&nbsp;&nbsp;&nbsp;&nbsp;&nbsp; 1\/2&quot; Largeur sup\u00e9rieure x 5\/16&quot; \u00c9paisseur x Angle 40\u00b0, La \u2248 Li +50<\/td><td>&nbsp;<\/td><td>&nbsp;<\/td><td>&nbsp;<\/td><td>&nbsp;<\/td><td>&nbsp;<\/td><\/tr><tr><td>4L<\/td><td>470<\/td><td>520<\/td><td>50.760<\/td><td>\u3000<\/td><td>4L<\/td><td>1118<\/td><td>1168<\/td><td>120.744<\/td><\/tr><tr><td>4L<\/td><td>475<\/td><td>525<\/td><td>51.300<\/td><td>&nbsp;<\/td><td>4L<\/td><td>1120<\/td><td>1170<\/td><td>120.960<\/td><\/tr><tr><td>4L<\/td><td>483<\/td><td>533<\/td><td>52.164<\/td><td>\u3000<\/td><td>4L<\/td><td>1150<\/td><td>1200<\/td><td>124.200<\/td><\/tr><tr><td>4L<\/td><td>520<\/td><td>570<\/td><td>56.160<\/td><td>&nbsp;<\/td><td>4L<\/td><td>1168<\/td><td>1218<\/td><td>126.144<\/td><\/tr><tr><td>4L<\/td><td>550<\/td><td>600<\/td><td>59.400<\/td><td>\u3000<\/td><td>4L<\/td><td>1180<\/td><td>1230<\/td><td>127.440<\/td><\/tr><tr><td>4L<\/td><td>560<\/td><td>610<\/td><td>60.480<\/td><td>&nbsp;<\/td><td>4L<\/td><td>1200<\/td><td>1250<\/td><td>129.600<\/td><\/tr><tr><td>4L<\/td><td>580<\/td><td>630<\/td><td>62.640<\/td><td>\u3000<\/td><td>4L<\/td><td>1219<\/td><td>1269<\/td><td>131.652<\/td><\/tr><tr><td>4L<\/td><td>600<\/td><td>650<\/td><td>64.800<\/td><td>&nbsp;<\/td><td>4L<\/td><td>1250<\/td><td>1300<\/td><td>135.000<\/td><\/tr><tr><td>4L<\/td><td>620<\/td><td>670<\/td><td>66.960<\/td><td>\u3000<\/td><td>4L<\/td><td>1270<\/td><td>1320<\/td><td>137.160<\/td><\/tr><tr><td>4L<\/td><td>630<\/td><td>680<\/td><td>68.040<\/td><td>&nbsp;<\/td><td>4L<\/td><td>1295<\/td><td>1345<\/td><td>139.860<\/td><\/tr><tr><td>4L<\/td><td>650<\/td><td>700<\/td><td>70.200<\/td><td>\u3000<\/td><td>4L<\/td><td>1300<\/td><td>1350<\/td><td>140.400<\/td><\/tr><tr><td>4L<\/td><td>660<\/td><td>710<\/td><td>71.280<\/td><td>&nbsp;<\/td><td>4L<\/td><td>1321<\/td><td>1371<\/td><td>142.668<\/td><\/tr><tr><td>4L<\/td><td>680<\/td><td>730<\/td><td>73.440<\/td><td>\u3000<\/td><td>4L<\/td><td>1346<\/td><td>1396<\/td><td>145.368<\/td><\/tr><tr><td>4L<\/td><td>700<\/td><td>750<\/td><td>75.600<\/td><td>&nbsp;<\/td><td>4L<\/td><td>1372<\/td><td>1422<\/td><td>148.176<\/td><\/tr><tr><td>4L<\/td><td>710<\/td><td>760<\/td><td>76.680<\/td><td>\u3000<\/td><td>4L<\/td><td>1400<\/td><td>1450<\/td><td>151.200<\/td><\/tr><tr><td>4L<\/td><td>737<\/td><td>787<\/td><td>79.596<\/td><td>&nbsp;<\/td><td>4L<\/td><td>1422<\/td><td>1472<\/td><td>153.576<\/td><\/tr><tr><td>4L<\/td><td>750<\/td><td>800<\/td><td>81.000<\/td><td>\u3000<\/td><td>4L<\/td><td>1450<\/td><td>1500<\/td><td>156.600<\/td><\/tr><tr><td>4L<\/td><td>762<\/td><td>812<\/td><td>82.296<\/td><td>&nbsp;<\/td><td>4L<\/td><td>1473<\/td><td>1523<\/td><td>159.084<\/td><\/tr><tr><td>4L<\/td><td>787<\/td><td>837<\/td><td>84.996<\/td><td>\u3000<\/td><td>4L<\/td><td>1500<\/td><td>1550<\/td><td>162.000<\/td><\/tr><tr><td>4L<\/td><td>800<\/td><td>850<\/td><td>86.400<\/td><td>&nbsp;<\/td><td>4L<\/td><td>1524<\/td><td>1574<\/td><td>164.592<\/td><\/tr><tr><td>4L<\/td><td>813<\/td><td>863<\/td><td>87.804<\/td><td>\u3000<\/td><td>4L<\/td><td>1550<\/td><td>1600<\/td><td>167.400<\/td><\/tr><tr><td>4L<\/td><td>838<\/td><td>888<\/td><td>90.504<\/td><td>&nbsp;<\/td><td>4L<\/td><td>1575<\/td><td>1625<\/td><td>170.100<\/td><\/tr><tr><td>4L<\/td><td>850<\/td><td>900<\/td><td>91.800<\/td><td>\u3000<\/td><td>4L<\/td><td>1600<\/td><td>1650<\/td><td>172.800<\/td><\/tr><tr><td>4L<\/td><td>864<\/td><td>914<\/td><td>93.312<\/td><td>&nbsp;<\/td><td>4L<\/td><td>1626<\/td><td>1676<\/td><td>175.608<\/td><\/tr><tr><td>4L<\/td><td>900<\/td><td>950<\/td><td>97.200<\/td><td>\u3000<\/td><td>4L<\/td><td>1650<\/td><td>1700<\/td><td>178.200<\/td><\/tr><tr><td>4L<\/td><td>914<\/td><td>964<\/td><td>98.712<\/td><td>&nbsp;<\/td><td>4L<\/td><td>1676<\/td><td>1726<\/td><td>181.008<\/td><\/tr><tr><td>4L<\/td><td>940<\/td><td>990<\/td><td>101.520<\/td><td>\u3000<\/td><td>4L<\/td><td>1700<\/td><td>1750<\/td><td>183.600<\/td><\/tr><tr><td>4L<\/td><td>950<\/td><td>1000<\/td><td>102.600<\/td><td>&nbsp;<\/td><td>4L<\/td><td>1727<\/td><td>1777<\/td><td>186.516<\/td><\/tr><tr><td>4L<\/td><td>965<\/td><td>1015<\/td><td>104.220<\/td><td>\u3000<\/td><td>4L<\/td><td>1750<\/td><td>1800<\/td><td>189.000<\/td><\/tr><tr><td>4L<\/td><td>983<\/td><td>1033<\/td><td>106.164<\/td><td>&nbsp;<\/td><td>4L<\/td><td>1778<\/td><td>1828<\/td><td>192.024<\/td><\/tr><tr><td>4L<\/td><td>987<\/td><td>1037<\/td><td>106.596<\/td><td>\u3000<\/td><td>4L<\/td><td>1800<\/td><td>1850<\/td><td>194.400<\/td><\/tr><tr><td>4L<\/td><td>1000<\/td><td>1050<\/td><td>108.000<\/td><td>&nbsp;<\/td><td>4L<\/td><td>1829<\/td><td>1879<\/td><td>197.532<\/td><\/tr><tr><td>4L<\/td><td>1016<\/td><td>1066<\/td><td>109.728<\/td><td>\u3000<\/td><td>4L<\/td><td>1850<\/td><td>1900<\/td><td>199.800<\/td><\/tr><tr><td>4L<\/td><td>1050<\/td><td>1100<\/td><td>113.400<\/td><td>&nbsp;<\/td><td>4L<\/td><td>1880<\/td><td>1930<\/td><td>203.040<\/td><\/tr><tr><td>4L<\/td><td>1067<\/td><td>1117<\/td><td>115.236<\/td><td>\u3000<\/td><td>4L<\/td><td>1950<\/td><td>2000<\/td><td>210.600<\/td><\/tr><tr><td>4L<\/td><td>1080<\/td><td>1130<\/td><td>116.640<\/td><td>&nbsp;<\/td><td>4L<\/td><td>2057<\/td><td>2107<\/td><td>222.156<\/td><\/tr><tr><td>4L<\/td><td>1100<\/td><td>1150<\/td><td>118.800<\/td><td>\u3000<\/td><td>\u3000<\/td><td>\u3000<\/td><td>\u3000<\/td><td>\u3000<\/td><\/tr><tr><td>&nbsp;<\/td><td>&nbsp;<\/td><td>&nbsp;<\/td><td>&nbsp;<\/td><td>&nbsp;<\/td><td>&nbsp;<\/td><td>&nbsp;<\/td><td>&nbsp;<\/td><td>&nbsp;<\/td><\/tr><tr><td>&nbsp;<\/td><td>&nbsp;<\/td><td>&nbsp;<\/td><td>&nbsp;<\/td><td>&nbsp;<\/td><td>&nbsp;<\/td><td>&nbsp;<\/td><td>&nbsp;<\/td><td>&nbsp;<\/td><\/tr><tr><td>Ceinture<\/td><td>\u00c0 l&#039;int\u00e9rieur<\/td><td>Dehors<\/td><td>Environ.<\/td><td>\u3000<\/td><td>Ceinture<\/td><td>\u00c0 l&#039;int\u00e9rieur<\/td><td>Dehors<\/td><td>Environ.<\/td><\/tr><tr><td>Taper<\/td><td>Longueur (mm)<\/td><td>Longueur (mm)<\/td><td>Poids (g)<\/td><td>\u3000<\/td><td>Taper<\/td><td>Longueur (mm)<\/td><td>Longueur (mm)<\/td><td>Poids (g)<\/td><\/tr><tr><td colspan=\"4\">&nbsp;&nbsp;&nbsp;&nbsp;&nbsp;&nbsp;&nbsp; 21\/32&quot; Largeur sup\u00e9rieure x 3\/8&quot; \u00c9paisseur x Angle 40\u00b0, La \u2248 Li +60<\/td><td>&nbsp;<\/td><td>&nbsp;<\/td><td>&nbsp;<\/td><td>&nbsp;<\/td><td>&nbsp;<\/td><\/tr><tr><td>5L<\/td><td>660<\/td><td>720<\/td><td>118.800<\/td><td>\u3000<\/td><td>5L<\/td><td>1676<\/td><td>1736<\/td><td>301.680<\/td><\/tr><tr><td>5L<\/td><td>680<\/td><td>740<\/td><td>122.400<\/td><td>&nbsp;<\/td><td>5L<\/td><td>1700<\/td><td>1760<\/td><td>306.000<\/td><\/tr><tr><td>5L<\/td><td>686<\/td><td>746<\/td><td>123.480<\/td><td>\u3000<\/td><td>5L<\/td><td>1727<\/td><td>1787<\/td><td>310.860<\/td><\/tr><tr><td>5L<\/td><td>700<\/td><td>760<\/td><td>126.000<\/td><td>&nbsp;<\/td><td>5L<\/td><td>1750<\/td><td>1810<\/td><td>315.000<\/td><\/tr><tr><td>5L<\/td><td>710<\/td><td>770<\/td><td>127.800<\/td><td>\u3000<\/td><td>5L<\/td><td>1778<\/td><td>1838<\/td><td>320.040<\/td><\/tr><tr><td>5L<\/td><td>737<\/td><td>797<\/td><td>132.660<\/td><td>&nbsp;<\/td><td>5L<\/td><td>1800<\/td><td>1860<\/td><td>324.000<\/td><\/tr><tr><td>5L<\/td><td>750<\/td><td>810<\/td><td>135.000<\/td><td>\u3000<\/td><td>5L<\/td><td>1830<\/td><td>1890<\/td><td>329.400<\/td><\/tr><tr><td>5L<\/td><td>762<\/td><td>822<\/td><td>137.160<\/td><td>&nbsp;<\/td><td>5L<\/td><td>1850<\/td><td>1910<\/td><td>333.000<\/td><\/tr><tr><td>5L<\/td><td>787<\/td><td>847<\/td><td>141.660<\/td><td>\u3000<\/td><td>5L<\/td><td>1880<\/td><td>1940<\/td><td>338.400<\/td><\/tr><tr><td>5L<\/td><td>800<\/td><td>860<\/td><td>144.000<\/td><td>&nbsp;<\/td><td>5L<\/td><td>1900<\/td><td>1960<\/td><td>342.000<\/td><\/tr><tr><td>5L<\/td><td>813<\/td><td>873<\/td><td>146.340<\/td><td>\u3000<\/td><td>5L<\/td><td>1930<\/td><td>1990<\/td><td>347.400<\/td><\/tr><tr><td>5L<\/td><td>838<\/td><td>898<\/td><td>150.840<\/td><td>&nbsp;<\/td><td>5L<\/td><td>1950<\/td><td>2010<\/td><td>351.000<\/td><\/tr><tr><td>5L<\/td><td>850<\/td><td>910<\/td><td>153.000<\/td><td>\u3000<\/td><td>5L<\/td><td>1980<\/td><td>2040<\/td><td>356.400<\/td><\/tr><tr><td>5L<\/td><td>864<\/td><td>924<\/td><td>155.520<\/td><td>&nbsp;<\/td><td>5L<\/td><td>2000<\/td><td>2060<\/td><td>360.000<\/td><\/tr><tr><td>5L<\/td><td>880<\/td><td>940<\/td><td>158.400<\/td><td>\u3000<\/td><td>5L<\/td><td>2032<\/td><td>2092<\/td><td>365.760<\/td><\/tr><tr><td>5L<\/td><td>889<\/td><td>949<\/td><td>160.020<\/td><td>&nbsp;<\/td><td>5L<\/td><td>2050<\/td><td>2110<\/td><td>369.000<\/td><\/tr><tr><td>5L<\/td><td>900<\/td><td>960<\/td><td>162.000<\/td><td>\u3000<\/td><td>5L<\/td><td>2083<\/td><td>2143<\/td><td>374.940<\/td><\/tr><tr><td>5L<\/td><td>914<\/td><td>974<\/td><td>164.520<\/td><td>&nbsp;<\/td><td>5L<\/td><td>2100<\/td><td>2160<\/td><td>378.000<\/td><\/tr><tr><td>5L<\/td><td>940<\/td><td>1000<\/td><td>169.200<\/td><td>\u3000<\/td><td>5L<\/td><td>2134<\/td><td>2194<\/td><td>384.120<\/td><\/tr><tr><td>5L<\/td><td>958<\/td><td>1018<\/td><td>172.440<\/td><td>&nbsp;<\/td><td>5L<\/td><td>2150<\/td><td>2210<\/td><td>387.000<\/td><\/tr><tr><td>5L<\/td><td>965<\/td><td>1025<\/td><td>173.700<\/td><td>\u3000<\/td><td>5L<\/td><td>2159<\/td><td>2219<\/td><td>388.620<\/td><\/tr><tr><td>5L<\/td><td>980<\/td><td>1040<\/td><td>176.400<\/td><td>&nbsp;<\/td><td>5L<\/td><td>2180<\/td><td>2240<\/td><td>392.400<\/td><\/tr><tr><td>5L<\/td><td>983<\/td><td>1043<\/td><td>176.940<\/td><td>\u3000<\/td><td>5L<\/td><td>2184<\/td><td>2244<\/td><td>393.120<\/td><\/tr><tr><td>5L<\/td><td>1000<\/td><td>1060<\/td><td>180.000<\/td><td>&nbsp;<\/td><td>5L<\/td><td>2200<\/td><td>2260<\/td><td>396.000<\/td><\/tr><tr><td>5L<\/td><td>1020<\/td><td>1080<\/td><td>183.600<\/td><td>\u3000<\/td><td>5L<\/td><td>2240<\/td><td>2300<\/td><td>403.200<\/td><\/tr><tr><td>5L<\/td><td>1050<\/td><td>1110<\/td><td>189.000<\/td><td>&nbsp;<\/td><td>5L<\/td><td>2261<\/td><td>2321<\/td><td>406.980<\/td><\/tr><tr><td>5L<\/td><td>1067<\/td><td>1127<\/td><td>192.060<\/td><td>\u3000<\/td><td>5L<\/td><td>2286<\/td><td>2346<\/td><td>411.480<\/td><\/tr><tr><td>5L<\/td><td>1080<\/td><td>1140<\/td><td>194.400<\/td><td>&nbsp;<\/td><td>5L<\/td><td>2300<\/td><td>2360<\/td><td>414.000<\/td><\/tr><tr><td>5L<\/td><td>1100<\/td><td>1160<\/td><td>198.000<\/td><td>\u3000<\/td><td>5L<\/td><td>2311<\/td><td>2371<\/td><td>415.980<\/td><\/tr><tr><td>5L<\/td><td>1118<\/td><td>1178<\/td><td>201.240<\/td><td>&nbsp;<\/td><td>5L<\/td><td>2337<\/td><td>2397<\/td><td>420.660<\/td><\/tr><tr><td>5L<\/td><td>1150<\/td><td>1210<\/td><td>207.000<\/td><td>\u3000<\/td><td>5L<\/td><td>2350<\/td><td>2410<\/td><td>423.000<\/td><\/tr><tr><td>5L<\/td><td>1168<\/td><td>1228<\/td><td>210.240<\/td><td>&nbsp;<\/td><td>5L<\/td><td>2362<\/td><td>2422<\/td><td>425.160<\/td><\/tr><tr><td>5L<\/td><td>1180<\/td><td>1240<\/td><td>212.400<\/td><td>\u3000<\/td><td>5L<\/td><td>2388<\/td><td>2448<\/td><td>429.840<\/td><\/tr><tr><td>5L<\/td><td>1194<\/td><td>1254<\/td><td>214.920<\/td><td>&nbsp;<\/td><td>5L<\/td><td>2400<\/td><td>2460<\/td><td>432.000<\/td><\/tr><tr><td>5L<\/td><td>1219<\/td><td>1279<\/td><td>219.420<\/td><td>\u3000<\/td><td>5L<\/td><td>2413<\/td><td>2473<\/td><td>434.340<\/td><\/tr><tr><td>5L<\/td><td>1245<\/td><td>1305<\/td><td>224.100<\/td><td>&nbsp;<\/td><td>5L<\/td><td>2438<\/td><td>2498<\/td><td>438.840<\/td><\/tr><tr><td>5L<\/td><td>1270<\/td><td>1330<\/td><td>228.600<\/td><td>\u3000<\/td><td>5L<\/td><td>2450<\/td><td>2510<\/td><td>441.000<\/td><\/tr><tr><td>5L<\/td><td>1295<\/td><td>1355<\/td><td>233.100<\/td><td>&nbsp;<\/td><td>5L<\/td><td>2464<\/td><td>2524<\/td><td>443.520<\/td><\/tr><tr><td>5L<\/td><td>1300<\/td><td>1360<\/td><td>234.000<\/td><td>\u3000<\/td><td>5L<\/td><td>2489<\/td><td>2549<\/td><td>448.020<\/td><\/tr><tr><td>5L<\/td><td>1321<\/td><td>1381<\/td><td>237.780<\/td><td>&nbsp;<\/td><td>5L<\/td><td>2500<\/td><td>2560<\/td><td>450.000<\/td><\/tr><tr><td>5L<\/td><td>1346<\/td><td>1406<\/td><td>242.280<\/td><td>\u3000<\/td><td>5L<\/td><td>2515<\/td><td>2575<\/td><td>452.700<\/td><\/tr><tr><td>5L<\/td><td>1350<\/td><td>1410<\/td><td>243.000<\/td><td>&nbsp;<\/td><td>5L<\/td><td>2540<\/td><td>2600<\/td><td>457.200<\/td><\/tr><tr><td>5L<\/td><td>1372<\/td><td>1432<\/td><td>246.960<\/td><td>\u3000<\/td><td>5L<\/td><td>2600<\/td><td>2660<\/td><td>468.000<\/td><\/tr><tr><td>5L<\/td><td>1397<\/td><td>1457<\/td><td>251.460<\/td><td>&nbsp;<\/td><td>5L<\/td><td>2616<\/td><td>2676<\/td><td>470.880<\/td><\/tr><tr><td>5L<\/td><td>1400<\/td><td>1460<\/td><td>252.000<\/td><td>\u3000<\/td><td>5L<\/td><td>2642<\/td><td>2702<\/td><td>475.560<\/td><\/tr><tr><td>5L<\/td><td>1422<\/td><td>1482<\/td><td>255.960<\/td><td>&nbsp;<\/td><td>5L<\/td><td>2667<\/td><td>2727<\/td><td>480.060<\/td><\/tr><tr><td>5L<\/td><td>1450<\/td><td>1510<\/td><td>261.000<\/td><td>\u3000<\/td><td>5L<\/td><td>2700<\/td><td>2760<\/td><td>486.000<\/td><\/tr><tr><td>5L<\/td><td>1473<\/td><td>1533<\/td><td>265.140<\/td><td>&nbsp;<\/td><td>5L<\/td><td>2718<\/td><td>2778<\/td><td>489.240<\/td><\/tr><tr><td>5L<\/td><td>1500<\/td><td>1560<\/td><td>270.000<\/td><td>\u3000<\/td><td>5L<\/td><td>2743<\/td><td>2803<\/td><td>493.740<\/td><\/tr><tr><td>5L<\/td><td>1524<\/td><td>1584<\/td><td>274.320<\/td><td>&nbsp;<\/td><td>5L<\/td><td>2794<\/td><td>2854<\/td><td>502.920<\/td><\/tr><tr><td>5L<\/td><td>1550<\/td><td>1610<\/td><td>279.000<\/td><td>\u3000<\/td><td>5L<\/td><td>2800<\/td><td>2860<\/td><td>504.000<\/td><\/tr><tr><td>5L<\/td><td>1560<\/td><td>1620<\/td><td>280.800<\/td><td>&nbsp;<\/td><td>5L<\/td><td>2830<\/td><td>2890<\/td><td>509.400<\/td><\/tr><tr><td>5L<\/td><td>1575<\/td><td>1635<\/td><td>283.500<\/td><td>\u3000<\/td><td>5L<\/td><td>2845<\/td><td>2905<\/td><td>512.100<\/td><\/tr><tr><td>5L<\/td><td>1600<\/td><td>1660<\/td><td>288.000<\/td><td>&nbsp;<\/td><td>5L<\/td><td>3050<\/td><td>3110<\/td><td>549.000<\/td><\/tr><tr><td>5L<\/td><td>1626<\/td><td>1686<\/td><td>292.680<\/td><td>\u3000<\/td><td>5L<\/td><td>3100<\/td><td>3160<\/td><td>558.000<\/td><\/tr><tr><td>5L<\/td><td>1650<\/td><td>1710<\/td><td>297.000<\/td><td>&nbsp;<\/td><td>5L<\/td><td>3150<\/td><td>3210<\/td><td>567.000<\/td><\/tr><tr><td>5L<\/td><td>1651<\/td><td>1711<\/td><td>297.180<\/td><td>\u3000<\/td><td>\u3000<\/td><td>\u3000<\/td><td>\u3000<\/td><td>\u3000<\/td><\/tr><\/tbody><\/table><\/figure>","protected":false},"excerpt":{"rendered":"<p>Belt Inside Outside Approx. \u3000 Belt Inside Outside Approx. Type Length (mm) Length (mm) Weight (g) \u3000 Type Length (mm) Length (mm) Weight (g) &nbsp;&nbsp;&nbsp;&nbsp;&nbsp;&nbsp;&nbsp; 3\/8\u201d<span class=\"excerpt-hellip\"> [\u2026]<\/span><\/p>","protected":false},"author":1,"featured_media":0,"parent":73,"menu_order":0,"comment_status":"closed","ping_status":"closed","template":"","meta":{"_acf_changed":false,"_joinchat":[],"footnotes":""},"class_list":["post-1035","page","type-page","status-publish","hentry"],"acf":[],"_links":{"self":[{"href":"https:\/\/www.hitbelt.com\/fr\/wp-json\/wp\/v2\/pages\/1035","targetHints":{"allow":["GET"]}}],"collection":[{"href":"https:\/\/www.hitbelt.com\/fr\/wp-json\/wp\/v2\/pages"}],"about":[{"href":"https:\/\/www.hitbelt.com\/fr\/wp-json\/wp\/v2\/types\/page"}],"author":[{"embeddable":true,"href":"https:\/\/www.hitbelt.com\/fr\/wp-json\/wp\/v2\/users\/1"}],"replies":[{"embeddable":true,"href":"https:\/\/www.hitbelt.com\/fr\/wp-json\/wp\/v2\/comments?post=1035"}],"version-history":[{"count":2,"href":"https:\/\/www.hitbelt.com\/fr\/wp-json\/wp\/v2\/pages\/1035\/revisions"}],"predecessor-version":[{"id":1038,"href":"https:\/\/www.hitbelt.com\/fr\/wp-json\/wp\/v2\/pages\/1035\/revisions\/1038"}],"up":[{"embeddable":true,"href":"https:\/\/www.hitbelt.com\/fr\/wp-json\/wp\/v2\/pages\/73"}],"wp:attachment":[{"href":"https:\/\/www.hitbelt.com\/fr\/wp-json\/wp\/v2\/media?parent=1035"}],"curies":[{"name":"wp","href":"https:\/\/api.w.org\/{rel}","templated":true}]}}