{"id":969,"date":"2023-07-13T09:27:09","date_gmt":"2023-07-13T09:27:09","guid":{"rendered":"https:\/\/www.hitbelt.com\/?post_type=product&#038;p=969"},"modified":"2025-06-19T06:14:48","modified_gmt":"2025-06-19T06:14:48","slug":"zxaxbxcx","status":"publish","type":"product","link":"https:\/\/www.hitbelt.com\/es\/producto\/zxaxbxcx","title":{"rendered":"ZX, hacha, BX, CX"},"content":{"rendered":"<p><b>Caracter\u00edsticas de construcci\u00f3n<\/b><br \/>\nCubierta: la cubierta superior resistente al aceite y al calor protege la correa contra da\u00f1os y al mismo tiempo contribuye a la estabilidad dimensional de la correa. La cubierta est\u00e1 cortada al bies para proporcionar estabilidad lateral y al mismo tiempo permitir flexibilidad axial.<br \/>\nMiembro de tensi\u00f3n: la estabilidad se garantiza mediante el uso de material acolchado que mantiene la integridad del \u201ctendido\u201d del cable y la distribuci\u00f3n uniforme de la transmisi\u00f3n de carga.<br \/>\nEngranajes moldeados con precisi\u00f3n: brindan una flexibilidad \u00f3ptima con una acumulaci\u00f3n m\u00ednima de calor. La flexi\u00f3n genera calor, el calor acortar\u00e1 la vida \u00fatil de la correa.<br \/>\nSecci\u00f3n de compresi\u00f3n: la secci\u00f3n de compresi\u00f3n cargada de fibra proporciona la acci\u00f3n de agarre y el alto coeficiente de fricci\u00f3n de una construcci\u00f3n de vanguardia convencional y, al mismo tiempo, permite una acci\u00f3n de embrague de arranque inicial para eliminar picos de potencia y cargas excesivas en los rodamientos.<\/p>\n<p><b>Nuestros tama\u00f1os disponibles incluyen<\/b><\/p>\n<table class=\"ke-zeroborder\" border=\"0\" width=\"640\" cellspacing=\"0\" cellpadding=\"0\">\n<tbody>\n<tr>\n<td width=\"133\" height=\"15\">PERFIL<\/td>\n<td width=\"103\">Ancho superior (mm)<\/td>\n<td width=\"103\">Altura (mm)<\/td>\n<td colspan=\"2\"><span lang=\"EN-US\">Longitud (Ld=LP)\u00a0<\/span><\/td>\n<\/tr>\n<tr>\n<td height=\"15\"><span lang=\"EN-US\">ZX (X10)<\/span><\/td>\n<td><span lang=\"EN-US\">10<\/span><\/td>\n<td><span lang=\"EN-US\">6<\/span><\/td>\n<td width=\"113\"><span lang=\"EN-US\">Li\u2248La\uff0d38<\/span><\/td>\n<td width=\"123\"><span lang=\"EN-US\">La\u2248LP+16<\/span><\/td>\n<\/tr>\n<tr>\n<td height=\"15\"><span lang=\"EN-US\">HACHA (X13)<\/span><\/td>\n<td><span lang=\"EN-US\">13<\/span><\/td>\n<td><span lang=\"EN-US\">8<\/span><\/td>\n<td width=\"113\"><span lang=\"EN-US\">Li\u2248La\uff0d50<\/span><\/td>\n<td width=\"123\"><span lang=\"EN-US\">La\u2248LP+20<\/span><\/td>\n<\/tr>\n<tr>\n<td height=\"15\"><span lang=\"EN-US\">BX (X17)<\/span><\/td>\n<td><span lang=\"EN-US\">17<\/span><\/td>\n<td><span lang=\"EN-US\">11<\/span><\/td>\n<td width=\"113\"><span lang=\"EN-US\">Li\u2248La\uff0d69<\/span><\/td>\n<td width=\"123\"><span lang=\"EN-US\">La\u2248LP+29<\/span><\/td>\n<\/tr>\n<tr>\n<td height=\"15\"><span lang=\"EN-US\">CX (X22)<\/span><\/td>\n<td><span lang=\"EN-US\">22<\/span><\/td>\n<td><span lang=\"EN-US\">14<\/span><\/td>\n<td width=\"113\"><span lang=\"EN-US\">Li\u2248La\uff0d88<\/span><\/td>\n<td width=\"123\"><span lang=\"EN-US\">La\u2248LP+30\u00a0<\/span><\/td>\n<\/tr>\n<\/tbody>\n<\/table>\n<p>&nbsp;<\/p>\n<a  class=\"button  button_size_2\"  href=\"https:\/\/www.hitbelt.com\/es\/bicycles\/zxaxbxcx\/\" target=\"_blank\"   ><span class=\"button_label\">Consultar tallas disponibles<\/span><\/a>","protected":false},"excerpt":{"rendered":"<p><b>Caracter\u00edsticas\/Ventajas<\/b><br \/>\n\u2013 Muy alta capacidad de transmisi\u00f3n de potencia.<br \/>\n\u2013 Extraordinaria eficiencia econ\u00f3mica.<br \/>\n\u2013 Resistencia a la abrasi\u00f3n mejorada y baja elasticidad.<br \/>\n\u2013 Rigidez transversal extrema.<br \/>\n\u2013 Excelente resistencia al calor y al aceite.<\/p>\n<p><b>Mercados\/Aplicaciones<\/b><br \/>\nAdecuado para todas las aplicaciones industriales, particularmente donde el espacio, el peso y la capacidad de potencia son cr\u00edticos.<\/p>","protected":false},"featured_media":2931,"comment_status":"closed","ping_status":"closed","template":"","meta":{"_acf_changed":false,"_joinchat":[]},"product_brand":[],"product_cat":[53],"product_tag":[75],"class_list":{"0":"post-969","1":"product","2":"type-product","3":"status-publish","4":"has-post-thumbnail","6":"product_cat-rubber-belt","7":"product_tag-cogged-v-belts","9":"first","10":"instock","11":"shipping-taxable","12":"product-type-simple"},"acf":[],"_links":{"self":[{"href":"https:\/\/www.hitbelt.com\/es\/wp-json\/wp\/v2\/product\/969","targetHints":{"allow":["GET"]}}],"collection":[{"href":"https:\/\/www.hitbelt.com\/es\/wp-json\/wp\/v2\/product"}],"about":[{"href":"https:\/\/www.hitbelt.com\/es\/wp-json\/wp\/v2\/types\/product"}],"replies":[{"embeddable":true,"href":"https:\/\/www.hitbelt.com\/es\/wp-json\/wp\/v2\/comments?post=969"}],"wp:featuredmedia":[{"embeddable":true,"href":"https:\/\/www.hitbelt.com\/es\/wp-json\/wp\/v2\/media\/2931"}],"wp:attachment":[{"href":"https:\/\/www.hitbelt.com\/es\/wp-json\/wp\/v2\/media?parent=969"}],"wp:term":[{"taxonomy":"product_brand","embeddable":true,"href":"https:\/\/www.hitbelt.com\/es\/wp-json\/wp\/v2\/product_brand?post=969"},{"taxonomy":"product_cat","embeddable":true,"href":"https:\/\/www.hitbelt.com\/es\/wp-json\/wp\/v2\/product_cat?post=969"},{"taxonomy":"product_tag","embeddable":true,"href":"https:\/\/www.hitbelt.com\/es\/wp-json\/wp\/v2\/product_tag?post=969"}],"curies":[{"name":"wp","href":"https:\/\/api.w.org\/{rel}","templated":true}]}}