{"id":365,"date":"2023-07-10T03:32:52","date_gmt":"2023-07-10T03:32:52","guid":{"rendered":"https:\/\/www.hitbelt.com\/?post_type=product&#038;p=365"},"modified":"2025-06-19T05:58:34","modified_gmt":"2025-06-19T05:58:34","slug":"hitpower-argus","status":"publish","type":"product","link":"https:\/\/www.hitbelt.com\/es\/producto\/hitpower-argus","title":{"rendered":"HITPOWER\u2122 ARGUS"},"content":{"rendered":"<p><strong>HITPOWER\u2122 ARGUS<\/strong> se caracteriza por una longitud de ajuste libre seg\u00fan el uso espec\u00edfico del entorno, para requisitos especializados donde la instalaci\u00f3n evita el uso de correas sin fin o para reparaciones de emergencia. Tambi\u00e9n es conveniente y simple de operar: la longitud de la correa se puede ajustar con orificios de uni\u00f3n mediante un sujetador de conector de metal flexible y se puede reemplazar f\u00e1cilmente sin necesidad de desmontar la m\u00e1quina.<\/p>\n<p><strong>Mercados y aplicaciones<\/strong><br \/>\n- Industria de alimentos<br \/>\n\u2013 Industria del cemento<br \/>\n- Industria farmac\u00e9utica<br \/>\n\u2013 Transportadores de rodillos<br \/>\n\u2013 Ventilaci\u00f3n<br \/>\n- Aire acondicionado<br \/>\n\u2013 Sistemas de transporte de palets<\/p>\n<div class=\"tit\">\n<h3>Gama de producci\u00f3n<\/h3>\n<table class=\"excel687\" cellspacing=\"0\" cellpadding=\"0\">\n<tbody>\n<tr>\n<td class=\"excel689\" width=\"152\">Perfil<\/td>\n<td class=\"excel689\" width=\"163\">Secci\u00f3n (mm)<\/td>\n<td class=\"excel689\" width=\"161\">Gama de producci\u00f3n HIT<\/td>\n<\/tr>\n<tr>\n<td class=\"excel688\">Z<\/td>\n<td class=\"excel688\">10,0 x 6,0<\/td>\n<td class=\"excel688\">50 metros\/rollo<\/td>\n<\/tr>\n<tr>\n<td class=\"excel690\">A<\/td>\n<td class=\"excel690\">13,0 x 8,0<\/td>\n<td class=\"excel690\">50 metros\/rollo<\/td>\n<\/tr>\n<tr>\n<td class=\"excel688\">B<\/td>\n<td class=\"excel688\">17,0 x 11,0<\/td>\n<td class=\"excel688\">50 metros\/rollo<\/td>\n<\/tr>\n<tr>\n<td class=\"excel690\">C<\/td>\n<td class=\"excel690\">22,0 x 14,0<\/td>\n<td class=\"excel690\">50 metros\/rollo<\/td>\n<\/tr>\n<\/tbody>\n<\/table>\n<\/div>","protected":false},"excerpt":{"rendered":"<p>\u2013 Tejido multifibra de alta resistencia.<br \/>\n- Alta flexibilidad.<br \/>\n\u2013 Alta resistencia al aceite, al calor, a la fuerza y a la abrasi\u00f3n.<br \/>\n\u2013 Su forma compacta permite una larga vida \u00fatil y mayor durabilidad.<br \/>\n- Resistente a la corrosi\u00f3n.<br \/>\n\u2013 Buena estructura robusta<br \/>\n\u2013 La longitud de la correa se puede ajustar con el soporte de empalme y permite un f\u00e1cil reemplazo de la correa sin necesidad de desmontar la m\u00e1quina. Las correas se pueden suministrar en cualquier longitud, seg\u00fan las necesidades.<\/p>","protected":false},"featured_media":2930,"comment_status":"closed","ping_status":"closed","template":"","meta":{"_acf_changed":false,"_joinchat":[]},"product_brand":[],"product_cat":[53],"product_tag":[54],"class_list":{"0":"post-365","1":"product","2":"type-product","3":"status-publish","4":"has-post-thumbnail","6":"product_cat-rubber-belt","7":"product_tag-wrapped-v-belts","9":"first","10":"instock","11":"shipping-taxable","12":"product-type-simple"},"acf":[],"_links":{"self":[{"href":"https:\/\/www.hitbelt.com\/es\/wp-json\/wp\/v2\/product\/365","targetHints":{"allow":["GET"]}}],"collection":[{"href":"https:\/\/www.hitbelt.com\/es\/wp-json\/wp\/v2\/product"}],"about":[{"href":"https:\/\/www.hitbelt.com\/es\/wp-json\/wp\/v2\/types\/product"}],"replies":[{"embeddable":true,"href":"https:\/\/www.hitbelt.com\/es\/wp-json\/wp\/v2\/comments?post=365"}],"wp:featuredmedia":[{"embeddable":true,"href":"https:\/\/www.hitbelt.com\/es\/wp-json\/wp\/v2\/media\/2930"}],"wp:attachment":[{"href":"https:\/\/www.hitbelt.com\/es\/wp-json\/wp\/v2\/media?parent=365"}],"wp:term":[{"taxonomy":"product_brand","embeddable":true,"href":"https:\/\/www.hitbelt.com\/es\/wp-json\/wp\/v2\/product_brand?post=365"},{"taxonomy":"product_cat","embeddable":true,"href":"https:\/\/www.hitbelt.com\/es\/wp-json\/wp\/v2\/product_cat?post=365"},{"taxonomy":"product_tag","embeddable":true,"href":"https:\/\/www.hitbelt.com\/es\/wp-json\/wp\/v2\/product_tag?post=365"}],"curies":[{"name":"wp","href":"https:\/\/api.w.org\/{rel}","templated":true}]}}