{"id":2726,"date":"2024-10-30T03:04:05","date_gmt":"2024-10-30T03:04:05","guid":{"rendered":"https:\/\/www.hitbelt.com\/?post_type=product&#038;p=2726"},"modified":"2024-10-30T03:06:15","modified_gmt":"2024-10-30T03:06:15","slug":"hit-blets","status":"publish","type":"product","link":"https:\/\/www.hitbelt.com\/es\/producto\/hit-blets","title":{"rendered":"Cintur\u00f3n HIT"},"content":{"rendered":"","protected":false},"excerpt":{"rendered":"<p><strong>Cord\u00f3n: DuPont\u2122, Kevlar\u00ae<\/strong><\/p>\n<p>\u201cDuPont\u2122 y Kevlar\u00ae son marcas comerciales o marcas comerciales registradas de DuPont en los Estados Unidos\u201d.<\/p>\n<p>Las correas en V industriales incluyen la correa en V com\u00fan, estrecha, ancha, de gran \u00e1ngulo y de cambio de velocidad. Las correas trapezoidales comunes y estrechas son las m\u00e1s utilizadas. Con un nuevo material: cable de poli\u00e9ster como elemento de tensi\u00f3n, la correa trapezoidal de cable de poli\u00e9ster presenta alta resistencia, baja tasa de elongaci\u00f3n, larga vida \u00fatil, dimensi\u00f3n estable, alta resistencia a la flexi\u00f3n y al desgaste, etc., por lo que satisface mejor los requisitos para transmisi\u00f3n mec\u00e1nica.<\/p>","protected":false},"featured_media":2600,"comment_status":"closed","ping_status":"closed","template":"","meta":{"_acf_changed":false,"_joinchat":[]},"product_brand":[],"product_cat":[],"product_tag":[],"class_list":{"0":"post-2726","1":"product","2":"type-product","3":"status-publish","4":"has-post-thumbnail","7":"first","8":"instock","9":"shipping-taxable","10":"product-type-simple"},"acf":[],"_links":{"self":[{"href":"https:\/\/www.hitbelt.com\/es\/wp-json\/wp\/v2\/product\/2726","targetHints":{"allow":["GET"]}}],"collection":[{"href":"https:\/\/www.hitbelt.com\/es\/wp-json\/wp\/v2\/product"}],"about":[{"href":"https:\/\/www.hitbelt.com\/es\/wp-json\/wp\/v2\/types\/product"}],"replies":[{"embeddable":true,"href":"https:\/\/www.hitbelt.com\/es\/wp-json\/wp\/v2\/comments?post=2726"}],"wp:featuredmedia":[{"embeddable":true,"href":"https:\/\/www.hitbelt.com\/es\/wp-json\/wp\/v2\/media\/2600"}],"wp:attachment":[{"href":"https:\/\/www.hitbelt.com\/es\/wp-json\/wp\/v2\/media?parent=2726"}],"wp:term":[{"taxonomy":"product_brand","embeddable":true,"href":"https:\/\/www.hitbelt.com\/es\/wp-json\/wp\/v2\/product_brand?post=2726"},{"taxonomy":"product_cat","embeddable":true,"href":"https:\/\/www.hitbelt.com\/es\/wp-json\/wp\/v2\/product_cat?post=2726"},{"taxonomy":"product_tag","embeddable":true,"href":"https:\/\/www.hitbelt.com\/es\/wp-json\/wp\/v2\/product_tag?post=2726"}],"curies":[{"name":"wp","href":"https:\/\/api.w.org\/{rel}","templated":true}]}}