{"id":268,"date":"2023-07-05T08:21:31","date_gmt":"2023-07-05T08:21:31","guid":{"rendered":"https:\/\/www.hitbelt.com\/?post_type=product&#038;p=268"},"modified":"2025-06-23T09:40:37","modified_gmt":"2025-06-23T09:40:37","slug":"banded","status":"publish","type":"product","link":"https:\/\/www.hitbelt.com\/es\/producto\/banded","title":{"rendered":"Anillado"},"content":{"rendered":"<p><b>Caracter\u00edsticas\/Ventajas<\/b><br \/>\n\u2013 Muy buena transmisi\u00f3n de potencia.<br \/>\n\u2013 Caracter\u00edsticas de funcionamiento favorables con respecto a las vibraciones.<br \/>\n\u2013 Excelente flexibilidad.<br \/>\n\u2013 Dise\u00f1o compacto y de bajo estiramiento.<\/p>\n<p><b>Descripci\u00f3n<\/b><br \/>\nLa banda asegura una alta rigidez lateral, guiando la correa en l\u00ednea recta y evitando que se salga de la transmisi\u00f3n. Las paredes laterales hacen que la banda sea adecuada para transmisiones con poleas de menor di\u00e1metro. Los cables est\u00e1n fuertemente adheridos al cuerpo de la banda, lo que da como resultado una distribuci\u00f3n uniforme de la carga y la absorci\u00f3n de la tensi\u00f3n de flexi\u00f3n sin que se deteriore el cable.<\/p>\n<p><b>Mercados\/Aplicaciones<\/b><br \/>\nRecomendado para transmisiones de correas trapezoidales m\u00faltiples expuestas a cargas pulsantes o de impacto pesado que pueden hacer que las correas latiguen, giren o salten de la transmisi\u00f3n.<\/p>\n<p><img loading=\"lazy\" decoding=\"async\" class=\"alignnone wp-image-270\" src=\"https:\/\/www.hitbelt.com\/wp-content\/uploads\/2023\/07\/banded-v-belts.gif\" alt=\"\" width=\"408\" height=\"261\" \/><\/p>\n<p><b>Nuestros tama\u00f1os disponibles incluyen<\/b><\/p>\n<div id=\"div1\" class=\"prodview_content\">\n<table class=\"ke-zeroborder\" border=\"0\" width=\"412\" cellspacing=\"0\" cellpadding=\"0\">\n<tbody>\n<tr>\n<td height=\"15\">Perfil<\/td>\n<td>pb = (mm)<\/td>\n<td>altura = (mm)<\/td>\n<\/tr>\n<tr>\n<td width=\"119\" height=\"15\">A\/HA<\/td>\n<td width=\"107\">13<\/td>\n<td width=\"119\">9.9<\/td>\n<\/tr>\n<tr>\n<td width=\"119\" height=\"15\">B\/HB<\/td>\n<td width=\"107\">17<\/td>\n<td width=\"119\">13<\/td>\n<\/tr>\n<tr>\n<td width=\"119\" height=\"15\">C\/CC<\/td>\n<td width=\"107\">22<\/td>\n<td width=\"119\">16.2<\/td>\n<\/tr>\n<tr>\n<td width=\"119\" height=\"15\">D\/HD<\/td>\n<td width=\"107\">32<\/td>\n<td width=\"119\">22.4<\/td>\n<\/tr>\n<tr>\n<td width=\"119\" height=\"15\">SPZ<\/td>\n<td width=\"107\">9.7<\/td>\n<td width=\"119\">10.5<\/td>\n<\/tr>\n<tr>\n<td width=\"119\" height=\"15\">SPA<\/td>\n<td width=\"107\">12.7<\/td>\n<td width=\"119\">12.5<\/td>\n<\/tr>\n<tr>\n<td width=\"119\" height=\"15\">SPB<\/td>\n<td width=\"107\">16.5<\/td>\n<td width=\"119\">15.6<\/td>\n<\/tr>\n<tr>\n<td width=\"119\" height=\"15\">SPC<\/td>\n<td width=\"107\">22<\/td>\n<td width=\"119\">22.6<\/td>\n<\/tr>\n<tr>\n<td width=\"119\" height=\"15\">3V\/9J<\/td>\n<td width=\"107\">9<\/td>\n<td width=\"119\">9.9<\/td>\n<\/tr>\n<tr>\n<td width=\"119\" height=\"15\">5V\/15J<\/td>\n<td width=\"107\">15<\/td>\n<td width=\"119\">15.1<\/td>\n<\/tr>\n<tr>\n<td width=\"119\" height=\"15\">8V\/25J<\/td>\n<td width=\"107\">25<\/td>\n<td width=\"119\">\u00a0\u00a0\u00a0\u00a0 25.5<\/td>\n<\/tr>\n<\/tbody>\n<\/table>\n<\/div>\n<p>&nbsp;<\/p>\n<a  class=\"button  button_size_2\"  href=\"https:\/\/www.hitbelt.com\/es\/bicycles\/banded\/\" target=\"_blank\"   ><span class=\"button_label\">Consultar tallas disponibles<\/span><\/a>","protected":false},"excerpt":{"rendered":"<p>La construcci\u00f3n de la banda permite que varias correas funcionen como una sola unidad, con una distribuci\u00f3n uniforme de la carga y cada hilo encajando de forma segura en la ranura de la polea.<\/p>","protected":false},"featured_media":2942,"comment_status":"closed","ping_status":"closed","template":"","meta":{"_acf_changed":false,"_joinchat":[]},"product_brand":[],"product_cat":[53],"product_tag":[54],"class_list":{"0":"post-268","1":"product","2":"type-product","3":"status-publish","4":"has-post-thumbnail","6":"product_cat-rubber-belt","7":"product_tag-wrapped-v-belts","9":"first","10":"instock","11":"shipping-taxable","12":"product-type-simple"},"acf":[],"_links":{"self":[{"href":"https:\/\/www.hitbelt.com\/es\/wp-json\/wp\/v2\/product\/268","targetHints":{"allow":["GET"]}}],"collection":[{"href":"https:\/\/www.hitbelt.com\/es\/wp-json\/wp\/v2\/product"}],"about":[{"href":"https:\/\/www.hitbelt.com\/es\/wp-json\/wp\/v2\/types\/product"}],"replies":[{"embeddable":true,"href":"https:\/\/www.hitbelt.com\/es\/wp-json\/wp\/v2\/comments?post=268"}],"wp:featuredmedia":[{"embeddable":true,"href":"https:\/\/www.hitbelt.com\/es\/wp-json\/wp\/v2\/media\/2942"}],"wp:attachment":[{"href":"https:\/\/www.hitbelt.com\/es\/wp-json\/wp\/v2\/media?parent=268"}],"wp:term":[{"taxonomy":"product_brand","embeddable":true,"href":"https:\/\/www.hitbelt.com\/es\/wp-json\/wp\/v2\/product_brand?post=268"},{"taxonomy":"product_cat","embeddable":true,"href":"https:\/\/www.hitbelt.com\/es\/wp-json\/wp\/v2\/product_cat?post=268"},{"taxonomy":"product_tag","embeddable":true,"href":"https:\/\/www.hitbelt.com\/es\/wp-json\/wp\/v2\/product_tag?post=268"}],"curies":[{"name":"wp","href":"https:\/\/api.w.org\/{rel}","templated":true}]}}