{"id":267,"date":"2023-07-05T08:16:51","date_gmt":"2023-07-05T08:16:51","guid":{"rendered":"https:\/\/www.hitbelt.com\/?post_type=product&#038;p=267"},"modified":"2025-06-24T01:09:29","modified_gmt":"2025-06-24T01:09:29","slug":"3l4l5l","status":"publish","type":"product","link":"https:\/\/www.hitbelt.com\/es\/producto\/3l4l5l","title":{"rendered":"Correa trapezoidal envuelta FHP"},"content":{"rendered":"<p><span style=\"font-family: Arial;\"><b>Caracter\u00edsticas\/Ventajas<\/b><br \/>\n\u2013 La cubierta protectora est\u00e1 envuelta al bies y tiene una fuerte resistencia a la fricci\u00f3n y una excelente flexibilidad para proteger el cuerpo de goma y el cord\u00f3n del cable.<br \/>\n\u2013 El cuerpo de caucho macizo sostiene el cord\u00f3n del cable en la posici\u00f3n adecuada y sujeta el material acolchado para brindar mayor flexibilidad y m\u00ednima acumulaci\u00f3n de calor durante el enganche.<br \/>\n\u2013 El tensor est\u00e1 compuesto por caucho y cable de Poli\u00e9ster de extraordinaria tenacidad para proporcionar una gran resistencia a la tracci\u00f3n.<\/span><b><\/b><\/p>\n<p><span style=\"font-family: Arial;\"><b>Mercados\/Aplicaciones<\/b><br \/>\nSe puede utilizar en muchas y variadas ramas de la industria. Procesos de fabricaci\u00f3n avanzados y materiales de alta calidad a partir de un elemento de accionamiento que garantiza una excelente fiabilidad operativa incluso en condiciones dif\u00edciles.<\/span><\/p>\n<p><b>Nuestros tama\u00f1os disponibles incluyen<\/b><\/p>\n<table class=\"ke-zeroborder\" border=\"0\" width=\"640\" cellspacing=\"0\" cellpadding=\"0\">\n<tbody>\n<tr>\n<td width=\"139\" height=\"15\">TIPO<\/td>\n<td width=\"139\">Ancho de paso<\/td>\n<td width=\"139\">Ancho superior<\/td>\n<td>Altura<\/td>\n<\/tr>\n<tr>\n<td width=\"139\" height=\"15\">3 litros &gt;&gt;<\/td>\n<td width=\"139\">8.20<\/td>\n<td width=\"139\">3\/8&#8243;<\/td>\n<td>7\/32&#8243;<\/td>\n<\/tr>\n<tr>\n<td width=\"139\" height=\"15\">4 litros &gt;&gt;<\/td>\n<td width=\"139\">10.50<\/td>\n<td width=\"139\">1\/2&#8243;<\/td>\n<td>5\/16&#8243;<\/td>\n<\/tr>\n<tr>\n<td width=\"139\" height=\"15\">5 litros &gt;&gt;<\/td>\n<td width=\"139\">13.70<\/td>\n<td width=\"139\">5\/8&#8243;<\/td>\n<td>3\/8&#8243;<\/td>\n<\/tr>\n<\/tbody>\n<\/table>\n<p>&nbsp;<\/p>\n<a  class=\"button  button_size_2\"  href=\"https:\/\/www.hitbelt.com\/es\/bicycles\/3l4l5l\/\" target=\"_blank\"   ><span class=\"button_label\">Consultar tallas disponibles<\/span><\/a>","protected":false},"excerpt":{"rendered":"<p><span style=\"font-family: Arial;\">Las correas en V industriales incluyen la correa en V com\u00fan, estrecha, ancha, de gran \u00e1ngulo y de cambio de velocidad. Las correas trapezoidales comunes y estrechas son las m\u00e1s utilizadas. Con un nuevo material: cable de poli\u00e9ster como elemento de tensi\u00f3n, la correa trapezoidal de cable de poli\u00e9ster presenta alta resistencia, baja tasa de elongaci\u00f3n, larga vida \u00fatil, dimensi\u00f3n estable, alta resistencia a la flexi\u00f3n y al desgaste, etc., por lo que satisface mejor los requisitos para transmisi\u00f3n mec\u00e1nica.<\/span><\/p>\n<p><span style=\"font-family: Arial;\">Nuestros productos, con estructura envuelta en tela, son cortados en manojos y envueltos en tela bajo presi\u00f3n de aire. La funda de goma moldeada circularmente est\u00e1 vulcanizada una vez. El proceso de producci\u00f3n avanzado asegura efectivamente que los productos sean de calidad estable y confiable y que todos los \u00edndices de rendimiento f\u00edsico y mec\u00e1nico de los productos cumplan con el est\u00e1ndar internacional.<\/span><\/p>","protected":false},"featured_media":259,"comment_status":"closed","ping_status":"closed","template":"","meta":{"_acf_changed":false,"_joinchat":[]},"product_brand":[],"product_cat":[147,53],"product_tag":[54],"class_list":{"0":"post-267","1":"product","2":"type-product","3":"status-publish","4":"has-post-thumbnail","6":"product_cat-home-products","7":"product_cat-rubber-belt","8":"product_tag-wrapped-v-belts","10":"first","11":"instock","12":"shipping-taxable","13":"product-type-simple"},"acf":[],"_links":{"self":[{"href":"https:\/\/www.hitbelt.com\/es\/wp-json\/wp\/v2\/product\/267","targetHints":{"allow":["GET"]}}],"collection":[{"href":"https:\/\/www.hitbelt.com\/es\/wp-json\/wp\/v2\/product"}],"about":[{"href":"https:\/\/www.hitbelt.com\/es\/wp-json\/wp\/v2\/types\/product"}],"replies":[{"embeddable":true,"href":"https:\/\/www.hitbelt.com\/es\/wp-json\/wp\/v2\/comments?post=267"}],"wp:featuredmedia":[{"embeddable":true,"href":"https:\/\/www.hitbelt.com\/es\/wp-json\/wp\/v2\/media\/259"}],"wp:attachment":[{"href":"https:\/\/www.hitbelt.com\/es\/wp-json\/wp\/v2\/media?parent=267"}],"wp:term":[{"taxonomy":"product_brand","embeddable":true,"href":"https:\/\/www.hitbelt.com\/es\/wp-json\/wp\/v2\/product_brand?post=267"},{"taxonomy":"product_cat","embeddable":true,"href":"https:\/\/www.hitbelt.com\/es\/wp-json\/wp\/v2\/product_cat?post=267"},{"taxonomy":"product_tag","embeddable":true,"href":"https:\/\/www.hitbelt.com\/es\/wp-json\/wp\/v2\/product_tag?post=267"}],"curies":[{"name":"wp","href":"https:\/\/api.w.org\/{rel}","templated":true}]}}