{"id":2461,"date":"2023-11-03T01:57:48","date_gmt":"2023-11-03T01:57:48","guid":{"rendered":"https:\/\/www.hitbelt.com\/?post_type=product&#038;p=2461"},"modified":"2025-06-18T09:30:47","modified_gmt":"2025-06-18T09:30:47","slug":"variable-speed-belts-2","status":"publish","type":"product","link":"https:\/\/www.hitbelt.com\/es\/producto\/variable-speed-belts-2","title":{"rendered":"Cinturones de velocidad variable"},"content":{"rendered":"<p>La correa trapezoidal para agricultura se recomienda especialmente para cargas de impacto, cargas de pulsaci\u00f3n, grandes distancias entre centros, transmisiones de eje vertical y es especialmente adecuada para transmisiones de embrague y transmisiones planas en V.<\/p>\n<p>&nbsp;<\/p>\n<p><b>Sobre:<img decoding=\"async\" src=\"http:\/\/www.hitbelt.com\/uploadfile\/images\/agricultural-belt.jpg\" \/><\/b><br \/>\nUn tejido especial impregnado de caucho que ofrece resistencia a la abrasi\u00f3n.<br \/>\nTambi\u00e9n es responsable de la protecci\u00f3n total de todos los componentes de las correas.<\/p>\n<p>&nbsp;<\/p>\n<p><b>Elemento de tracci\u00f3n (cordones de tracci\u00f3n):<\/b><br \/>\nConstituido por cordones de fibra sint\u00e9tica que garantizan una transmisi\u00f3n total de la potencia con un \u00edndice de elongaci\u00f3n muy bajo y una alta resistencia a la fatiga.<\/p>\n<p>&nbsp;<\/p>\n<p><b>Elemento de compresi\u00f3n:<\/b><br \/>\nUn compuesto preparado para resistir la fatiga de compresi\u00f3n y disipar el calor generado por el sistema dando a la correa una mayor vida \u00fatil.<\/p>\n<p>&nbsp;<\/p>\n<p><b>Elemento aislante:<\/b><br \/>\nUn compuesto especial preparado para mantener el elemento tensor conectado al cuerpo de la correa, evitando la fricci\u00f3n entre los componentes.<\/p>\n<p>&nbsp;<\/p>\n<p><b>Goma tensora:<\/b><br \/>\nUn material compuesto por caucho especial que se encarga de reducir los posibles efectos del impacto en la correa. Tambi\u00e9n ofrece una mejor flexibilidad al sistema y un mejor ajuste de la correa a la polea.<\/p>\n<p><b><img loading=\"lazy\" decoding=\"async\" class=\"alignnone size-full wp-image-2462\" src=\"https:\/\/www.hitbelt.com\/wp-content\/uploads\/2023\/11\/agricultural-Belts.gif\" alt=\"\" width=\"194\" height=\"100\" \/><\/b><\/p>\n<p><b>Dimensi\u00f3n para la secta<\/b><b>ion y asignaci\u00f3n oficial<\/b><\/p>\n<table class=\"ke-zeroborder\" border=\"0\" width=\"640\" cellspacing=\"0\" cellpadding=\"0\">\n<colgroup>\n<col width=\"83\" \/>\n<col span=\"4\" width=\"89\" \/><\/colgroup>\n<tbody>\n<tr>\n<td width=\"83\" height=\"15\">Perfil<\/td>\n<td width=\"89\">Ancho (mm)<\/td>\n<td width=\"89\">Altura (mm)<\/td>\n<td width=\"89\">Ancho (pulgadas)<\/td>\n<td width=\"89\">Altura (pulgadas)<\/td>\n<\/tr>\n<tr>\n<td height=\"15\">HOLA<\/td>\n<td>25.4<\/td>\n<td>12.7<\/td>\n<td>1<\/td>\n<td>0.5<\/td>\n<\/tr>\n<tr>\n<td height=\"15\">hj<\/td>\n<td>31.8<\/td>\n<td>15.1<\/td>\n<td>1.25<\/td>\n<td>0.59<\/td>\n<\/tr>\n<tr>\n<td height=\"15\">Hong Kong<\/td>\n<td>38.1<\/td>\n<td>17.5<\/td>\n<td>1.5<\/td>\n<td>0.69<\/td>\n<\/tr>\n<tr>\n<td height=\"15\">HL<\/td>\n<td>44.5<\/td>\n<td>19.8<\/td>\n<td>1.75<\/td>\n<td>0.78<\/td>\n<\/tr>\n<tr>\n<td height=\"15\">HM<\/td>\n<td>50.8<\/td>\n<td>22.2<\/td>\n<td>2<\/td>\n<td>0.88<\/td>\n<\/tr>\n<tr>\n<td height=\"15\">hn<\/td>\n<td>57.2<\/td>\n<td>23.9<\/td>\n<td>2.25<\/td>\n<td>0.94<\/td>\n<\/tr>\n<tr>\n<td height=\"16\">HO<\/td>\n<td>63.5<\/td>\n<td>25.4<\/td>\n<td>2.5<\/td>\n<td>1<\/td>\n<\/tr>\n<\/tbody>\n<\/table>","protected":false},"excerpt":{"rendered":"<p>\u2013 Alta flexibilidad combinada con una excelente rigidez de la secci\u00f3n transversal.<br \/>\n\u2013 M\u00e1xima econom\u00eda<br \/>\n\u2013 Excelente transmisi\u00f3n de potencia.<br \/>\n\u2013 Resistencia a temperaturas de -40 a 90 cent\u00edgrados.<\/p>","protected":false},"featured_media":2657,"comment_status":"closed","ping_status":"closed","template":"","meta":{"_acf_changed":false,"_joinchat":[]},"product_brand":[],"product_cat":[53],"product_tag":[142,102],"class_list":{"0":"post-2461","1":"product","2":"type-product","3":"status-publish","4":"has-post-thumbnail","6":"product_cat-rubber-belt","7":"product_tag-automotive-equipment-belts","8":"product_tag-variable-speed-belts","10":"first","11":"instock","12":"shipping-taxable","13":"product-type-simple"},"acf":[],"_links":{"self":[{"href":"https:\/\/www.hitbelt.com\/es\/wp-json\/wp\/v2\/product\/2461","targetHints":{"allow":["GET"]}}],"collection":[{"href":"https:\/\/www.hitbelt.com\/es\/wp-json\/wp\/v2\/product"}],"about":[{"href":"https:\/\/www.hitbelt.com\/es\/wp-json\/wp\/v2\/types\/product"}],"replies":[{"embeddable":true,"href":"https:\/\/www.hitbelt.com\/es\/wp-json\/wp\/v2\/comments?post=2461"}],"wp:featuredmedia":[{"embeddable":true,"href":"https:\/\/www.hitbelt.com\/es\/wp-json\/wp\/v2\/media\/2657"}],"wp:attachment":[{"href":"https:\/\/www.hitbelt.com\/es\/wp-json\/wp\/v2\/media?parent=2461"}],"wp:term":[{"taxonomy":"product_brand","embeddable":true,"href":"https:\/\/www.hitbelt.com\/es\/wp-json\/wp\/v2\/product_brand?post=2461"},{"taxonomy":"product_cat","embeddable":true,"href":"https:\/\/www.hitbelt.com\/es\/wp-json\/wp\/v2\/product_cat?post=2461"},{"taxonomy":"product_tag","embeddable":true,"href":"https:\/\/www.hitbelt.com\/es\/wp-json\/wp\/v2\/product_tag?post=2461"}],"curies":[{"name":"wp","href":"https:\/\/api.w.org\/{rel}","templated":true}]}}