{"id":227,"date":"2023-07-05T02:34:58","date_gmt":"2023-07-05T02:34:58","guid":{"rendered":"https:\/\/www.hitbelt.com\/?post_type=product&#038;p=227"},"modified":"2025-06-19T03:27:34","modified_gmt":"2025-06-19T03:27:34","slug":"hitpower-benu","status":"publish","type":"product","link":"https:\/\/www.hitbelt.com\/es\/producto\/hitpower-benu","title":{"rendered":"BENEFICIO HITPOWER\u2122"},"content":{"rendered":"<p><strong>Construcci\u00f3n<\/strong><br \/>\n\u2013 Tela de embalaje con tecnolog\u00eda de correa con doble envoltura: este proceso particular es el n\u00facleo de la tela impregnada con caucho, proceso de vulcanizaci\u00f3n que se integra con la correa. El tejido impregnado de caucho en la polea permite una alta flexibilidad y reduce la presi\u00f3n tambi\u00e9n la acumulaci\u00f3n de energ\u00eda t\u00e9rmica generada. La cubierta exterior de tela protege los componentes internos del polvo, el aceite y el calor.<br \/>\nLa cubierta tipo corrugado proporciona a la correa una extraordinaria rigidez y resistencia, lo que permite una larga vida \u00fatil y tambi\u00e9n una mayor durabilidad en el uso de esta correa en V de alto rendimiento. Esta funda le da m\u00e1s rigidez a la correa para soportar m\u00e1s horas de trabajo y con ello prolongar la vida \u00fatil de la correa.<\/p>\n<p>\u2013 El excelente rendimiento y estabilidad se debe a la implementaci\u00f3n del n\u00facleo de poli\u00e9ster de resistencia ultra alta: garantiza resistencia a la fatiga, estabilidad de longitud y propiedades de tracci\u00f3n. Cada cable est\u00e1 enrollado para darle a la correa la tensi\u00f3n necesaria para trabajar con alta eficiencia. La calidad superior del cord\u00f3n de poli\u00e9ster: altamente resistente al estiramiento permitiendo as\u00ed mantener la tensi\u00f3n y rigidez del cintur\u00f3n durante mucho tiempo. Tambi\u00e9n ofrecemos cord\u00f3n de Kevlar seg\u00fan los requerimientos, y siempre asegurando mantener la tensi\u00f3n y la capacidad de potencia.<\/p>\n<p>\u2013 Fibras transversales para caucho de alta calidad: proporciona una capacidad de transmisi\u00f3n ultraalta superior y brinda un fuerte soporte para el n\u00facleo, todos pueden aplicar la misma carga de manera uniforme a todas las partes. La construcci\u00f3n de fibras transversales permite una mayor y mejor transferencia de potencia, aumentando la eficiencia de la correa. Mientras permite que la correa pueda correr alrededor de las poleas tensoras.<\/p>\n<p><strong>Caracter\u00edsticas y ventajas<\/strong><br \/>\n\u2013 Mejora la vida \u00fatil de la correa.<br \/>\n\u2013 M\u00e1s durabilidad.<br \/>\n\u2013 Alta capacidad de carga.<br \/>\n\u2013 Cord\u00f3n de baja elasticidad.<br \/>\n\u2013 Mayor resistencia al desgaste.<br \/>\n\u2013 Mantiene la tensi\u00f3n durante toda su vida.<br \/>\n- Alta eficiencia<\/p>\n<h3>Gama de producci\u00f3n<\/h3>\n<table class=\"excel691\" cellspacing=\"0\" cellpadding=\"0\">\n<tbody>\n<tr>\n<td class=\"excel693\" width=\"152\">Perfil<\/td>\n<td class=\"excel693\" width=\"163\">Secci\u00f3n (mm)<\/td>\n<td class=\"excel693\" width=\"161\">Gama de producci\u00f3n HIT<\/td>\n<\/tr>\n<tr>\n<td class=\"excel692\">Z<\/td>\n<td class=\"excel692\">10,0 x 6,0<\/td>\n<td class=\"excel692\">508 \u2013 2083 mil\u00edmetros<\/td>\n<\/tr>\n<tr>\n<td class=\"excel694\">A<\/td>\n<td class=\"excel694\">13,0 x 8,0<\/td>\n<td class=\"excel694\">508 \u2013 4500 mm<\/td>\n<\/tr>\n<tr>\n<td class=\"excel692\">B<\/td>\n<td class=\"excel692\">17,0 x 11,0<\/td>\n<td class=\"excel692\">508 \u2013 10000 mm<\/td>\n<\/tr>\n<tr>\n<td class=\"excel694\">C<\/td>\n<td class=\"excel694\">22,0 x 14,0<\/td>\n<td class=\"excel694\">889 \u2013 12000 mm<\/td>\n<\/tr>\n<tr>\n<td class=\"excel692\">SPZ<\/td>\n<td class=\"excel692\">9,7 x 8,0<\/td>\n<td class=\"excel692\">508 \u2013 3353 mm<\/td>\n<\/tr>\n<tr>\n<td class=\"excel694\">SPA<\/td>\n<td class=\"excel694\">12,7 x 10,0<\/td>\n<td class=\"excel694\">737 \u2013 4500 mm<\/td>\n<\/tr>\n<tr>\n<td class=\"excel692\">SPB<\/td>\n<td class=\"excel692\">16,3 x 13,0<\/td>\n<td class=\"excel692\">910 \u2013 10000 mm<\/td>\n<\/tr>\n<tr>\n<td class=\"excel694\">SPC<\/td>\n<td class=\"excel694\">22,0 x 18,0<\/td>\n<td class=\"excel694\">2240 \u2013 12000 mm<\/td>\n<\/tr>\n<tr>\n<td class=\"excel692\">3V<\/td>\n<td class=\"excel692\">9,0 x 8,0<\/td>\n<td class=\"excel692\">508 \u2013 3353 mm<\/td>\n<\/tr>\n<tr>\n<td class=\"excel694\">5V<\/td>\n<td class=\"excel694\">15,0 x 13,0<\/td>\n<td class=\"excel694\">910 \u2013 10000 mm<\/td>\n<\/tr>\n<tr>\n<td class=\"excel692\">8V<\/td>\n<td class=\"excel692\">25,0 x 23,0<\/td>\n<td class=\"excel692\">2540 \u2013 16000 mm<\/td>\n<\/tr>\n<\/tbody>\n<\/table>","protected":false},"excerpt":{"rendered":"<p>La vida \u00fatil adicional de la transmisi\u00f3n de potencia 50% es la caracter\u00edstica destacada de las correas HITPOWER\u2122 BENU. Incluso si se encuentra en un entorno de trabajo duro, a\u00fan puede mantener un rendimiento estable y mantener el miembro de tensi\u00f3n. Mientras tanto, tambi\u00e9n se puede equipar con una polea de correa en V est\u00e1ndar.<\/p>","protected":false},"featured_media":2921,"comment_status":"closed","ping_status":"closed","template":"","meta":{"_acf_changed":false,"_joinchat":[]},"product_brand":[],"product_cat":[53],"product_tag":[54],"class_list":{"0":"post-227","1":"product","2":"type-product","3":"status-publish","4":"has-post-thumbnail","6":"product_cat-rubber-belt","7":"product_tag-wrapped-v-belts","9":"first","10":"instock","11":"shipping-taxable","12":"product-type-simple"},"acf":[],"_links":{"self":[{"href":"https:\/\/www.hitbelt.com\/es\/wp-json\/wp\/v2\/product\/227","targetHints":{"allow":["GET"]}}],"collection":[{"href":"https:\/\/www.hitbelt.com\/es\/wp-json\/wp\/v2\/product"}],"about":[{"href":"https:\/\/www.hitbelt.com\/es\/wp-json\/wp\/v2\/types\/product"}],"replies":[{"embeddable":true,"href":"https:\/\/www.hitbelt.com\/es\/wp-json\/wp\/v2\/comments?post=227"}],"wp:featuredmedia":[{"embeddable":true,"href":"https:\/\/www.hitbelt.com\/es\/wp-json\/wp\/v2\/media\/2921"}],"wp:attachment":[{"href":"https:\/\/www.hitbelt.com\/es\/wp-json\/wp\/v2\/media?parent=227"}],"wp:term":[{"taxonomy":"product_brand","embeddable":true,"href":"https:\/\/www.hitbelt.com\/es\/wp-json\/wp\/v2\/product_brand?post=227"},{"taxonomy":"product_cat","embeddable":true,"href":"https:\/\/www.hitbelt.com\/es\/wp-json\/wp\/v2\/product_cat?post=227"},{"taxonomy":"product_tag","embeddable":true,"href":"https:\/\/www.hitbelt.com\/es\/wp-json\/wp\/v2\/product_tag?post=227"}],"curies":[{"name":"wp","href":"https:\/\/api.w.org\/{rel}","templated":true}]}}