{"id":1910,"date":"2023-07-18T07:58:52","date_gmt":"2023-07-18T07:58:52","guid":{"rendered":"https:\/\/www.hitbelt.com\/?post_type=product&#038;p=1910"},"modified":"2025-05-29T07:42:57","modified_gmt":"2025-05-29T07:42:57","slug":"fixture","status":"publish","type":"product","link":"https:\/\/www.hitbelt.com\/es\/producto\/fixture","title":{"rendered":"Art\u00edculos fijos"},"content":{"rendered":"<p>Las herramientas profesionales de HIT le ayudar\u00e1n a mantener e instalar nuestras piezas de transmisi\u00f3n.<\/p>\n<p><strong>calibre de longitud<\/strong><br \/>\nEsta herramienta sirve para comprobar la longitud de las correas trapezoidales y acanaladas.<\/p>\n<p><img loading=\"lazy\" decoding=\"async\" class=\"alignnone size-medium wp-image-1911\" src=\"https:\/\/www.hitbelt.com\/wp-content\/uploads\/2023\/07\/belt-length-measure-500x333.jpg\" alt=\"\" width=\"500\" height=\"333\" srcset=\"https:\/\/www.hitbelt.com\/wp-content\/uploads\/2023\/07\/belt-length-measure-500x333.jpg 500w, https:\/\/www.hitbelt.com\/wp-content\/uploads\/2023\/07\/belt-length-measure-768x511.jpg 768w, https:\/\/www.hitbelt.com\/wp-content\/uploads\/2023\/07\/belt-length-measure-18x12.jpg 18w, https:\/\/www.hitbelt.com\/wp-content\/uploads\/2023\/07\/belt-length-measure-113x75.jpg 113w, https:\/\/www.hitbelt.com\/wp-content\/uploads\/2023\/07\/belt-length-measure-480x319.jpg 480w, https:\/\/www.hitbelt.com\/wp-content\/uploads\/2023\/07\/belt-length-measure.jpg 800w\" sizes=\"auto, (max-width:767px) 480px, 500px\" \/><\/p>","protected":false},"excerpt":{"rendered":"<p><strong>Caracter\u00edsticas\/Ventajas<\/strong><br \/>\n\u2013 Sencillo, r\u00e1pido<br \/>\n\u2013 F\u00e1cil de leer<br \/>\n\u2013 Datos precisos<br \/>\n\u2013 Disponible para correas trapezoidales y correas poli V.<\/p>\n<p>Rango de medici\u00f3n para acanalado en V: 480-2730 mm<br \/>\nRango de medici\u00f3n para correa trapezoidal: 350-2660 mm (140-1045 pulgadas)<\/p>","protected":false},"featured_media":1917,"comment_status":"closed","ping_status":"closed","template":"","meta":{"_acf_changed":false,"_joinchat":[]},"product_brand":[],"product_cat":[116],"product_tag":[121],"class_list":{"0":"post-1910","1":"product","2":"type-product","3":"status-publish","4":"has-post-thumbnail","6":"product_cat-tools-machines","7":"product_tag-tools-machines","9":"first","10":"instock","11":"shipping-taxable","12":"product-type-simple"},"acf":[],"_links":{"self":[{"href":"https:\/\/www.hitbelt.com\/es\/wp-json\/wp\/v2\/product\/1910","targetHints":{"allow":["GET"]}}],"collection":[{"href":"https:\/\/www.hitbelt.com\/es\/wp-json\/wp\/v2\/product"}],"about":[{"href":"https:\/\/www.hitbelt.com\/es\/wp-json\/wp\/v2\/types\/product"}],"replies":[{"embeddable":true,"href":"https:\/\/www.hitbelt.com\/es\/wp-json\/wp\/v2\/comments?post=1910"}],"wp:featuredmedia":[{"embeddable":true,"href":"https:\/\/www.hitbelt.com\/es\/wp-json\/wp\/v2\/media\/1917"}],"wp:attachment":[{"href":"https:\/\/www.hitbelt.com\/es\/wp-json\/wp\/v2\/media?parent=1910"}],"wp:term":[{"taxonomy":"product_brand","embeddable":true,"href":"https:\/\/www.hitbelt.com\/es\/wp-json\/wp\/v2\/product_brand?post=1910"},{"taxonomy":"product_cat","embeddable":true,"href":"https:\/\/www.hitbelt.com\/es\/wp-json\/wp\/v2\/product_cat?post=1910"},{"taxonomy":"product_tag","embeddable":true,"href":"https:\/\/www.hitbelt.com\/es\/wp-json\/wp\/v2\/product_tag?post=1910"}],"curies":[{"name":"wp","href":"https:\/\/api.w.org\/{rel}","templated":true}]}}