{"id":1901,"date":"2023-07-18T07:47:43","date_gmt":"2023-07-18T07:47:43","guid":{"rendered":"https:\/\/www.hitbelt.com\/?post_type=product&#038;p=1901"},"modified":"2025-06-20T09:52:31","modified_gmt":"2025-06-20T09:52:31","slug":"weld-on-bolt-on-hubs","status":"publish","type":"product","link":"https:\/\/www.hitbelt.com\/es\/producto\/weld-on-bolt-on-hubs","title":{"rendered":"Bujes soldados y atornillados"},"content":{"rendered":"<p align=\"left\"><img loading=\"lazy\" decoding=\"async\" class=\"alignnone size-medium wp-image-1902\" src=\"https:\/\/www.hitbelt.com\/wp-content\/uploads\/2023\/07\/20131022091029_55063-500x176.jpg\" alt=\"\" width=\"500\" height=\"176\" srcset=\"https:\/\/www.hitbelt.com\/wp-content\/uploads\/2023\/07\/20131022091029_55063-500x176.jpg 500w, https:\/\/www.hitbelt.com\/wp-content\/uploads\/2023\/07\/20131022091029_55063-18x6.jpg 18w, https:\/\/www.hitbelt.com\/wp-content\/uploads\/2023\/07\/20131022091029_55063-150x53.jpg 150w, https:\/\/www.hitbelt.com\/wp-content\/uploads\/2023\/07\/20131022091029_55063-480x168.jpg 480w, https:\/\/www.hitbelt.com\/wp-content\/uploads\/2023\/07\/20131022091029_55063.jpg 584w\" sizes=\"auto, (max-width:767px) 480px, 500px\" \/><\/p>\n<p align=\"left\">Los cubos soldados se pueden utilizar con pi\u00f1ones, bridas y ventiladores ensamblados. Trabajando junto con casquillos BTL, QTL o STL, se pueden instalar en varios mecanismos de transmisi\u00f3n. Los bujes soldados est\u00e1n hechos de acero con bajo contenido de carbono de alta calidad con excelente capacidad mec\u00e1nica y de soldadura. Ofrecemos toda la serie de casquillos BTL, QTL o STL al mismo tiempo.<\/p>\n<p>Orificio c\u00f3nico con bujes soldados WA \u2013 BTL<\/p>\n<p>Los bujes soldados tipo W\/WA est\u00e1n hechos de acero, perforados, roscados y con orificios c\u00f3nicos para usarse con los bujes c\u00f3nicos correspondientes. Se utilizan ampliamente para soldar motores de ventiladores, poleas, ruedas de placas, impulsores, agitadores y muchos otros dispositivos que deben fijarse firmemente a los ejes.<\/p>\n<p>Este tipo de cubo soldado tiene una construcci\u00f3n robusta con ventajas de f\u00e1cil instalaci\u00f3n y buena idoneidad para condiciones operativas severas. Su estructura elimina eficazmente las dificultades de montaje. Tambi\u00e9n evita posibles aflojamientos o desgastes de los bujes durante las operaciones.<\/p>\n<p><img loading=\"lazy\" decoding=\"async\" class=\"alignnone size-medium wp-image-1903\" src=\"https:\/\/www.hitbelt.com\/wp-content\/uploads\/2023\/07\/20131022091146_20647-500x277.jpg\" alt=\"\" width=\"500\" height=\"277\" srcset=\"https:\/\/www.hitbelt.com\/wp-content\/uploads\/2023\/07\/20131022091146_20647-500x277.jpg 500w, https:\/\/www.hitbelt.com\/wp-content\/uploads\/2023\/07\/20131022091146_20647-18x10.jpg 18w, https:\/\/www.hitbelt.com\/wp-content\/uploads\/2023\/07\/20131022091146_20647-135x75.jpg 135w, https:\/\/www.hitbelt.com\/wp-content\/uploads\/2023\/07\/20131022091146_20647-480x266.jpg 480w, https:\/\/www.hitbelt.com\/wp-content\/uploads\/2023\/07\/20131022091146_20647.jpg 558w\" sizes=\"auto, (max-width:767px) 480px, 500px\" \/><\/p>\n<p>Adaptadores de orificio c\u00f3nico \u2013 BTL<\/p>\n<p>Se recomiendan adaptadores para bujes c\u00f3nicos cuando sea m\u00e1s conveniente utilizar un orificio recto en lugar de taladrar y roscar para acomodar los bujes.<\/p>\n<p>El adaptador es un manguito c\u00f3nico de hierro fundido gris que encaja en el orificio recto de un cubo. El casquillo simplemente encaja dentro del adaptador que est\u00e1 roscado para los tornillos del casquillo. Al apretar los tornillos de bloqueo, el adaptador se expande contra el orificio del cubo, presionando firmemente el casquillo sobre el eje.<\/p>\n<p><img loading=\"lazy\" decoding=\"async\" class=\"alignnone size-medium wp-image-1904\" src=\"https:\/\/www.hitbelt.com\/wp-content\/uploads\/2023\/07\/20131022091242_35796-500x169.jpg\" alt=\"\" width=\"500\" height=\"169\" srcset=\"https:\/\/www.hitbelt.com\/wp-content\/uploads\/2023\/07\/20131022091242_35796-500x169.jpg 500w, https:\/\/www.hitbelt.com\/wp-content\/uploads\/2023\/07\/20131022091242_35796-18x6.jpg 18w, https:\/\/www.hitbelt.com\/wp-content\/uploads\/2023\/07\/20131022091242_35796-150x51.jpg 150w, https:\/\/www.hitbelt.com\/wp-content\/uploads\/2023\/07\/20131022091242_35796-480x162.jpg 480w, https:\/\/www.hitbelt.com\/wp-content\/uploads\/2023\/07\/20131022091242_35796.jpg 583w\" sizes=\"auto, (max-width:767px) 480px, 500px\" \/><\/p>\n<p align=\"left\">Bujes con pernos de orificio c\u00f3nico \u2013 QTL<\/p>\n<p align=\"left\">Los bujes soldados QTL son adecuados para muchas aplicaciones, como la soldadura de ruedas de chapa de acero. Los cubos soldados est\u00e1n hechos de acero, perforados, encintados y con orificios c\u00f3nicos para usarse con bujes QTL.<\/p>\n<p align=\"left\"><img loading=\"lazy\" decoding=\"async\" class=\"alignnone size-medium wp-image-1905\" src=\"https:\/\/www.hitbelt.com\/wp-content\/uploads\/2023\/07\/20131022091418_27295-500x179.jpg\" alt=\"\" width=\"500\" height=\"179\" srcset=\"https:\/\/www.hitbelt.com\/wp-content\/uploads\/2023\/07\/20131022091418_27295-500x179.jpg 500w, https:\/\/www.hitbelt.com\/wp-content\/uploads\/2023\/07\/20131022091418_27295-18x6.jpg 18w, https:\/\/www.hitbelt.com\/wp-content\/uploads\/2023\/07\/20131022091418_27295-150x54.jpg 150w, https:\/\/www.hitbelt.com\/wp-content\/uploads\/2023\/07\/20131022091418_27295-480x172.jpg 480w, https:\/\/www.hitbelt.com\/wp-content\/uploads\/2023\/07\/20131022091418_27295.jpg 583w\" sizes=\"auto, (max-width:767px) 480px, 500px\" \/><\/p>\n<p>Bujes soldados con orificio c\u00f3nico \u2013 STL<\/p>\n<p><img loading=\"lazy\" decoding=\"async\" class=\"alignnone size-medium wp-image-1906\" src=\"https:\/\/www.hitbelt.com\/wp-content\/uploads\/2023\/07\/20131022091523_38110-500x296.jpg\" alt=\"\" width=\"500\" height=\"296\" srcset=\"https:\/\/www.hitbelt.com\/wp-content\/uploads\/2023\/07\/20131022091523_38110-500x296.jpg 500w, https:\/\/www.hitbelt.com\/wp-content\/uploads\/2023\/07\/20131022091523_38110-18x12.jpg 18w, https:\/\/www.hitbelt.com\/wp-content\/uploads\/2023\/07\/20131022091523_38110-127x75.jpg 127w, https:\/\/www.hitbelt.com\/wp-content\/uploads\/2023\/07\/20131022091523_38110-480x284.jpg 480w, https:\/\/www.hitbelt.com\/wp-content\/uploads\/2023\/07\/20131022091523_38110.jpg 572w\" sizes=\"auto, (max-width:767px) 480px, 500px\" \/><\/p>\n<p>&nbsp;<\/p>\n<a  class=\"button  button_size_2\"  href=\"https:\/\/www.hitbelt.com\/es\/bicycles\/weld-on-bolt-on-hubs\/\" target=\"_blank\"   ><span class=\"button_label\">Consultar tallas disponibles<\/span><\/a>","protected":false},"excerpt":{"rendered":"<p>Los cubos soldados se pueden utilizar con pi\u00f1ones, bridas y ventiladores ensamblados. Trabajando junto con casquillos BTL, QTL o STL, se pueden instalar en varias transmisiones.<span class=\"excerpt-hellip\"> [\u2026]<\/span><\/p>","protected":false},"featured_media":2284,"comment_status":"closed","ping_status":"closed","template":"","meta":{"_acf_changed":false,"_joinchat":[]},"product_brand":[],"product_cat":[115],"product_tag":[133],"class_list":{"0":"post-1901","1":"product","2":"type-product","3":"status-publish","4":"has-post-thumbnail","6":"product_cat-metal-pats","7":"product_tag-weld-on-bolt-on-hubs","9":"first","10":"instock","11":"shipping-taxable","12":"product-type-simple"},"acf":[],"_links":{"self":[{"href":"https:\/\/www.hitbelt.com\/es\/wp-json\/wp\/v2\/product\/1901","targetHints":{"allow":["GET"]}}],"collection":[{"href":"https:\/\/www.hitbelt.com\/es\/wp-json\/wp\/v2\/product"}],"about":[{"href":"https:\/\/www.hitbelt.com\/es\/wp-json\/wp\/v2\/types\/product"}],"replies":[{"embeddable":true,"href":"https:\/\/www.hitbelt.com\/es\/wp-json\/wp\/v2\/comments?post=1901"}],"wp:featuredmedia":[{"embeddable":true,"href":"https:\/\/www.hitbelt.com\/es\/wp-json\/wp\/v2\/media\/2284"}],"wp:attachment":[{"href":"https:\/\/www.hitbelt.com\/es\/wp-json\/wp\/v2\/media?parent=1901"}],"wp:term":[{"taxonomy":"product_brand","embeddable":true,"href":"https:\/\/www.hitbelt.com\/es\/wp-json\/wp\/v2\/product_brand?post=1901"},{"taxonomy":"product_cat","embeddable":true,"href":"https:\/\/www.hitbelt.com\/es\/wp-json\/wp\/v2\/product_cat?post=1901"},{"taxonomy":"product_tag","embeddable":true,"href":"https:\/\/www.hitbelt.com\/es\/wp-json\/wp\/v2\/product_tag?post=1901"}],"curies":[{"name":"wp","href":"https:\/\/api.w.org\/{rel}","templated":true}]}}