{"id":1873,"date":"2023-07-18T06:54:24","date_gmt":"2023-07-18T06:54:24","guid":{"rendered":"https:\/\/www.hitbelt.com\/?post_type=product&#038;p=1873"},"modified":"2025-06-24T02:10:06","modified_gmt":"2025-06-24T02:10:06","slug":"locking-devices","status":"publish","type":"product","link":"https:\/\/www.hitbelt.com\/es\/producto\/locking-devices","title":{"rendered":"Dispositivos de bloqueo"},"content":{"rendered":"<p><img loading=\"lazy\" decoding=\"async\" class=\"alignnone size-medium wp-image-1874\" src=\"https:\/\/www.hitbelt.com\/wp-content\/uploads\/2023\/07\/20140629071804392-500x128.jpg\" alt=\"\" width=\"500\" height=\"128\" srcset=\"https:\/\/www.hitbelt.com\/wp-content\/uploads\/2023\/07\/20140629071804392-500x128.jpg 500w, https:\/\/www.hitbelt.com\/wp-content\/uploads\/2023\/07\/20140629071804392-18x5.jpg 18w, https:\/\/www.hitbelt.com\/wp-content\/uploads\/2023\/07\/20140629071804392-150x38.jpg 150w, https:\/\/www.hitbelt.com\/wp-content\/uploads\/2023\/07\/20140629071804392-480x123.jpg 480w, https:\/\/www.hitbelt.com\/wp-content\/uploads\/2023\/07\/20140629071804392.jpg 586w\" sizes=\"auto, (max-width:767px) 480px, 500px\" \/><\/p>\n<table class=\"ke-zeroborder\" border=\"0\" cellspacing=\"0\" cellpadding=\"0\">\n<tbody>\n<tr>\n<td dir=\"ltr\" height=\"16\"><b>\u00a0HIT-ZT1<\/b><span class=\"font5\">\u00a0<\/span><\/td>\n<td dir=\"ltr\" rowspan=\"12\"><img loading=\"lazy\" decoding=\"async\" class=\"alignnone size-full wp-image-1875\" src=\"https:\/\/www.hitbelt.com\/wp-content\/uploads\/2023\/07\/20140629071805666.gif\" alt=\"\" width=\"285\" height=\"191\" \/><\/td>\n<\/tr>\n<tr>\n<td dir=\"ltr\" width=\"255\" height=\"16\">LA DIMENSI\u00d3N A ARREGLAR (SUGERENCIA):<\/td>\n<\/tr>\n<tr>\n<td dir=\"ltr\" width=\"255\" height=\"16\">Dimensi\u00f3n nominal inferior a 38 mm:<\/td>\n<\/tr>\n<tr>\n<td dir=\"ltr\" width=\"255\" height=\"16\">eje: h6 buje: H7<\/td>\n<\/tr>\n<tr>\n<td dir=\"ltr\" width=\"255\" height=\"16\">Dimensi\u00f3n nominal superior a 40 mm:<\/td>\n<\/tr>\n<tr>\n<td dir=\"ltr\" width=\"255\" height=\"16\">eje: h8 buje: H8<\/td>\n<\/tr>\n<\/tbody>\n<\/table>\n<p>&nbsp;<\/p>\n<table class=\"ke-zeroborder\" style=\"height: 241px;\" border=\"0\" width=\"546\" cellspacing=\"0\" cellpadding=\"0\">\n<tbody>\n<tr>\n<td dir=\"ltr\" width=\"255\" height=\"16\"><b>HIT-ZT2<\/b><\/td>\n<td dir=\"ltr\" rowspan=\"8\" width=\"329\"><img loading=\"lazy\" decoding=\"async\" class=\"alignnone  wp-image-1876\" src=\"https:\/\/www.hitbelt.com\/wp-content\/uploads\/2023\/07\/20140629071806865.gif\" alt=\"\" width=\"292\" height=\"149\" \/><\/td>\n<\/tr>\n<tr>\n<td dir=\"ltr\" width=\"255\" height=\"16\">LA DIMENSI\u00d3N A ARREGLAR (SUGERENCIA):<\/td>\n<\/tr>\n<tr>\n<td dir=\"ltr\" width=\"255\" height=\"16\">EJE: h8<\/td>\n<\/tr>\n<tr>\n<td dir=\"ltr\" width=\"255\" height=\"16\">CUBO: H8<\/td>\n<\/tr>\n<tr>\n<td dir=\"ltr\" width=\"255\" height=\"16\"><\/td>\n<\/tr>\n<tr>\n<td dir=\"ltr\" width=\"255\" height=\"16\"><\/td>\n<\/tr>\n<tr>\n<td dir=\"ltr\" width=\"255\" height=\"16\"><\/td>\n<\/tr>\n<tr>\n<td dir=\"ltr\" width=\"255\" height=\"16\"><\/td>\n<\/tr>\n<\/tbody>\n<\/table>\n<p>&nbsp;<\/p>\n<table class=\"ke-zeroborder\" style=\"height: 249px;\" border=\"0\" width=\"549\" cellspacing=\"0\" cellpadding=\"0\">\n<tbody>\n<tr>\n<td dir=\"LTR\" width=\"255\" height=\"16\"><b>\u00a0HIT-ZT3<\/b><\/td>\n<td dir=\"LTR\" rowspan=\"10\" width=\"329\"><img loading=\"lazy\" decoding=\"async\" class=\"alignnone  wp-image-1877\" src=\"https:\/\/www.hitbelt.com\/wp-content\/uploads\/2023\/07\/20140629071807983.gif\" alt=\"\" width=\"296\" height=\"162\" \/><\/td>\n<\/tr>\n<tr>\n<td dir=\"LTR\" width=\"255\" height=\"16\">LA DIMENSI\u00d3N A ARREGLAR (SUGERENCIA):<\/td>\n<\/tr>\n<tr>\n<td dir=\"LTR\" width=\"255\" height=\"16\">EJE: h8<\/td>\n<\/tr>\n<tr>\n<td dir=\"LTR\" width=\"255\" height=\"16\">CUBO: H8<\/td>\n<\/tr>\n<tr>\n<td dir=\"LTR\" width=\"255\" height=\"16\"><\/td>\n<\/tr>\n<tr>\n<td dir=\"LTR\" width=\"255\" height=\"16\"><\/td>\n<\/tr>\n<tr>\n<td dir=\"LTR\" width=\"255\" height=\"16\"><\/td>\n<\/tr>\n<tr>\n<td dir=\"LTR\" width=\"255\" height=\"16\"><\/td>\n<\/tr>\n<tr>\n<td dir=\"LTR\" width=\"255\" height=\"16\"><\/td>\n<\/tr>\n<tr>\n<td dir=\"LTR\" width=\"255\" height=\"16\"><\/td>\n<\/tr>\n<\/tbody>\n<\/table>\n<p>&nbsp;<\/p>\n<table class=\"ke-zeroborder\" style=\"height: 319px;\" border=\"0\" width=\"549\" cellspacing=\"0\" cellpadding=\"0\">\n<tbody>\n<tr>\n<td dir=\"LTR\" width=\"255\" height=\"16\"><b>HIT-ZT3B<\/b><\/td>\n<td dir=\"LTR\" rowspan=\"13\" width=\"329\"><img loading=\"lazy\" decoding=\"async\" class=\"alignnone size-full wp-image-1878\" src=\"https:\/\/www.hitbelt.com\/wp-content\/uploads\/2023\/07\/20140629071808795.gif\" alt=\"\" width=\"307\" height=\"204\" \/><\/td>\n<\/tr>\n<tr>\n<td dir=\"LTR\" width=\"255\" height=\"16\">LA DIMENSI\u00d3N A ARREGLAR (SUGERENCIA):<\/td>\n<\/tr>\n<tr>\n<td dir=\"LTR\" width=\"255\" height=\"16\">EJE: h8<\/td>\n<\/tr>\n<tr>\n<td dir=\"LTR\" width=\"255\" height=\"16\">CUBO: H8<\/td>\n<\/tr>\n<tr>\n<td dir=\"LTR\" width=\"255\" height=\"16\"><\/td>\n<\/tr>\n<tr>\n<td dir=\"LTR\" width=\"255\" height=\"16\"><\/td>\n<\/tr>\n<tr>\n<td dir=\"LTR\" width=\"255\" height=\"16\"><\/td>\n<\/tr>\n<tr>\n<td dir=\"LTR\" width=\"255\" height=\"16\"><\/td>\n<\/tr>\n<tr>\n<td dir=\"LTR\" width=\"255\" height=\"16\"><\/td>\n<\/tr>\n<tr>\n<td dir=\"LTR\" width=\"255\" height=\"16\"><\/td>\n<\/tr>\n<tr>\n<td dir=\"LTR\" width=\"255\" height=\"16\"><\/td>\n<\/tr>\n<tr>\n<td dir=\"LTR\" width=\"255\" height=\"16\"><\/td>\n<\/tr>\n<tr>\n<td dir=\"LTR\" width=\"255\" height=\"16\"><\/td>\n<\/tr>\n<\/tbody>\n<\/table>\n<p>&nbsp;<\/p>\n<table class=\"ke-zeroborder\" style=\"height: 435px;\" border=\"0\" width=\"549\" cellspacing=\"0\" cellpadding=\"0\">\n<tbody>\n<tr>\n<td dir=\"LTR\" width=\"255\" height=\"16\"><b>HIT-ZT6<\/b><\/td>\n<td dir=\"LTR\" rowspan=\"18\" width=\"329\"><img loading=\"lazy\" decoding=\"async\" class=\"alignnone size-full wp-image-1879\" src=\"https:\/\/www.hitbelt.com\/wp-content\/uploads\/2023\/07\/20140629071809417.gif\" alt=\"\" width=\"314\" height=\"276\" \/><\/td>\n<\/tr>\n<tr>\n<td dir=\"LTR\" width=\"255\" height=\"16\">LA DIMENSI\u00d3N A ARREGLAR (SUGERENCIA):<\/td>\n<\/tr>\n<tr>\n<td dir=\"LTR\" width=\"255\" height=\"16\">EJE: h8<\/td>\n<\/tr>\n<tr>\n<td dir=\"LTR\" width=\"255\" height=\"16\">CUBO: H8<\/td>\n<\/tr>\n<tr>\n<td dir=\"LTR\" width=\"255\" height=\"16\"><\/td>\n<\/tr>\n<tr>\n<td dir=\"LTR\" width=\"255\" height=\"16\"><\/td>\n<\/tr>\n<tr>\n<td dir=\"LTR\" width=\"255\" height=\"16\"><\/td>\n<\/tr>\n<tr>\n<td dir=\"LTR\" width=\"255\" height=\"16\"><\/td>\n<\/tr>\n<tr>\n<td dir=\"LTR\" width=\"255\" height=\"16\"><\/td>\n<\/tr>\n<tr>\n<td dir=\"LTR\" width=\"255\" height=\"16\"><\/td>\n<\/tr>\n<tr>\n<td dir=\"LTR\" width=\"255\" height=\"16\"><\/td>\n<\/tr>\n<tr>\n<td dir=\"LTR\" width=\"255\" height=\"16\"><\/td>\n<\/tr>\n<tr>\n<td dir=\"LTR\" width=\"255\" height=\"16\"><\/td>\n<\/tr>\n<tr>\n<td dir=\"LTR\" width=\"255\" height=\"16\"><\/td>\n<\/tr>\n<tr>\n<td dir=\"LTR\" width=\"255\" height=\"16\"><\/td>\n<\/tr>\n<tr>\n<td dir=\"LTR\" width=\"255\" height=\"16\"><\/td>\n<\/tr>\n<tr>\n<td dir=\"LTR\" width=\"255\" height=\"16\"><\/td>\n<\/tr>\n<\/tbody>\n<\/table>\n<p>&nbsp;<\/p>\n<table class=\"ke-zeroborder\" style=\"height: 359px;\" border=\"0\" width=\"549\" cellspacing=\"0\" cellpadding=\"0\">\n<tbody>\n<tr>\n<td dir=\"LTR\" width=\"255\" height=\"16\"><b>HIT-ZT7B<\/b><\/td>\n<td dir=\"LTR\" rowspan=\"15\" width=\"329\"><img loading=\"lazy\" decoding=\"async\" class=\"alignnone  wp-image-1880\" src=\"https:\/\/www.hitbelt.com\/wp-content\/uploads\/2023\/07\/20140629071809498.gif\" alt=\"\" width=\"297\" height=\"272\" \/><\/td>\n<\/tr>\n<tr>\n<td dir=\"LTR\" width=\"255\" height=\"16\">LA DIMENSI\u00d3N A ARREGLAR (SUGERENCIA):<\/td>\n<\/tr>\n<tr>\n<td dir=\"LTR\" width=\"255\" height=\"16\">EJE: h8<\/td>\n<\/tr>\n<tr>\n<td dir=\"LTR\" width=\"255\" height=\"16\"><\/td>\n<\/tr>\n<tr>\n<td dir=\"LTR\" width=\"255\" height=\"16\"><\/td>\n<\/tr>\n<tr>\n<td dir=\"LTR\" width=\"255\" height=\"16\"><\/td>\n<\/tr>\n<tr>\n<td dir=\"LTR\" width=\"255\" height=\"16\"><\/td>\n<\/tr>\n<tr>\n<td dir=\"LTR\" width=\"255\" height=\"16\"><\/td>\n<\/tr>\n<tr>\n<td dir=\"LTR\" width=\"255\" height=\"16\"><\/td>\n<\/tr>\n<tr>\n<td dir=\"LTR\" width=\"255\" height=\"16\"><\/td>\n<\/tr>\n<tr>\n<td dir=\"LTR\" width=\"255\" height=\"16\"><\/td>\n<\/tr>\n<tr>\n<td dir=\"LTR\" width=\"255\" height=\"16\"><\/td>\n<\/tr>\n<tr>\n<td dir=\"LTR\" width=\"255\" height=\"16\"><\/td>\n<\/tr>\n<tr>\n<td dir=\"LTR\" width=\"255\" height=\"16\"><\/td>\n<\/tr>\n<\/tbody>\n<\/table>\n<p>&nbsp;<\/p>\n<table class=\"ke-zeroborder\" style=\"height: 345px;\" border=\"0\" width=\"550\" cellspacing=\"0\" cellpadding=\"0\">\n<tbody>\n<tr>\n<td dir=\"LTR\" width=\"255\" height=\"16\"><b>\u00a0HIT-ZT8<\/b><\/td>\n<td dir=\"LTR\" rowspan=\"15\" width=\"329\"><img loading=\"lazy\" decoding=\"async\" class=\"alignnone size-full wp-image-1881\" src=\"https:\/\/www.hitbelt.com\/wp-content\/uploads\/2023\/07\/20140629071810226.gif\" alt=\"\" width=\"314\" height=\"232\" \/><\/td>\n<\/tr>\n<tr>\n<td dir=\"LTR\" width=\"255\" height=\"16\">LA DIMENSI\u00d3N A ARREGLAR (SUGERENCIA):<\/td>\n<\/tr>\n<tr>\n<td dir=\"LTR\" width=\"255\" height=\"16\">EJE: h8<\/td>\n<\/tr>\n<tr>\n<td dir=\"LTR\" width=\"255\" height=\"16\">CUBO: H8<\/td>\n<\/tr>\n<tr>\n<td dir=\"LTR\" width=\"255\" height=\"16\"><\/td>\n<\/tr>\n<tr>\n<td dir=\"LTR\" width=\"255\" height=\"16\"><\/td>\n<\/tr>\n<tr>\n<td dir=\"LTR\" width=\"255\" height=\"16\"><\/td>\n<\/tr>\n<tr>\n<td dir=\"LTR\" width=\"255\" height=\"16\"><\/td>\n<\/tr>\n<tr>\n<td dir=\"LTR\" width=\"255\" height=\"16\"><\/td>\n<\/tr>\n<tr>\n<td dir=\"LTR\" width=\"255\" height=\"16\"><\/td>\n<\/tr>\n<tr>\n<td dir=\"LTR\" width=\"255\" height=\"16\"><\/td>\n<\/tr>\n<tr>\n<td dir=\"LTR\" width=\"255\" height=\"16\"><\/td>\n<\/tr>\n<tr>\n<td dir=\"LTR\" width=\"255\" height=\"16\"><\/td>\n<\/tr>\n<tr>\n<td dir=\"LTR\" width=\"255\" height=\"16\"><\/td>\n<\/tr>\n<\/tbody>\n<\/table>\n<p>&nbsp;<\/p>\n<table class=\"ke-zeroborder\" style=\"height: 275px;\" border=\"0\" width=\"553\" cellspacing=\"0\" cellpadding=\"0\">\n<tbody>\n<tr>\n<td dir=\"LTR\" width=\"255\" height=\"16\"><b>HIT-ZT11<\/b><\/td>\n<td dir=\"LTR\" rowspan=\"12\" width=\"329\"><img loading=\"lazy\" decoding=\"async\" class=\"alignnone  wp-image-1882\" src=\"https:\/\/www.hitbelt.com\/wp-content\/uploads\/2023\/07\/20140629071811712.gif\" alt=\"\" width=\"301\" height=\"263\" \/><\/td>\n<\/tr>\n<tr>\n<td dir=\"LTR\" width=\"255\" height=\"16\">LA DIMENSI\u00d3N A ARREGLAR (SUGERENCIA):<\/td>\n<\/tr>\n<tr>\n<td dir=\"LTR\" width=\"255\" height=\"16\">EJE: h8<\/td>\n<\/tr>\n<tr>\n<td dir=\"LTR\" width=\"255\" height=\"16\">CUBO: H8<\/td>\n<\/tr>\n<tr>\n<td dir=\"LTR\" width=\"255\" height=\"16\"><\/td>\n<\/tr>\n<tr>\n<td dir=\"LTR\" width=\"255\" height=\"16\"><\/td>\n<\/tr>\n<tr>\n<td dir=\"LTR\" width=\"255\" height=\"16\"><\/td>\n<\/tr>\n<tr>\n<td dir=\"LTR\" width=\"255\" height=\"16\"><\/td>\n<\/tr>\n<tr>\n<td dir=\"LTR\" width=\"255\" height=\"16\"><\/td>\n<\/tr>\n<tr>\n<td dir=\"LTR\" width=\"255\" height=\"16\"><\/td>\n<\/tr>\n<tr>\n<td dir=\"LTR\" width=\"255\" height=\"16\"><\/td>\n<\/tr>\n<tr>\n<td dir=\"LTR\" width=\"255\" height=\"16\"><\/td>\n<\/tr>\n<\/tbody>\n<\/table>\n<p>&nbsp;<\/p>\n<table class=\"ke-zeroborder\" style=\"height: 277px;\" border=\"0\" width=\"554\" cellspacing=\"0\" cellpadding=\"0\">\n<tbody>\n<tr>\n<td dir=\"LTR\" width=\"255\" height=\"16\"><b>\u00a0HIT-ZT12A<\/b><\/td>\n<td dir=\"LTR\" rowspan=\"11\" width=\"329\"><img loading=\"lazy\" decoding=\"async\" class=\"alignnone  wp-image-1883\" src=\"https:\/\/www.hitbelt.com\/wp-content\/uploads\/2023\/07\/20140629071812767.gif\" alt=\"\" width=\"304\" height=\"193\" \/><\/td>\n<\/tr>\n<tr>\n<td dir=\"LTR\" width=\"255\" height=\"16\">LA DIMENSI\u00d3N A ARREGLAR (SUGERENCIA):<\/td>\n<\/tr>\n<tr>\n<td dir=\"LTR\" width=\"255\" height=\"16\">EJE: h8<\/td>\n<\/tr>\n<tr>\n<td dir=\"LTR\" width=\"255\" height=\"16\">CUBO: H8<\/td>\n<\/tr>\n<tr>\n<td dir=\"LTR\" width=\"255\" height=\"16\"><\/td>\n<\/tr>\n<tr>\n<td dir=\"LTR\" width=\"255\" height=\"16\"><\/td>\n<\/tr>\n<tr>\n<td dir=\"LTR\" width=\"255\" height=\"16\"><\/td>\n<\/tr>\n<tr>\n<td dir=\"LTR\" width=\"255\" height=\"16\"><\/td>\n<\/tr>\n<tr>\n<td dir=\"LTR\" width=\"255\" height=\"16\"><\/td>\n<\/tr>\n<tr>\n<td dir=\"LTR\" width=\"255\" height=\"16\"><\/td>\n<\/tr>\n<tr>\n<td dir=\"LTR\" width=\"255\" height=\"16\"><\/td>\n<\/tr>\n<\/tbody>\n<\/table>\n<p>&nbsp;<\/p>\n<table class=\"ke-zeroborder\" style=\"height: 203px;\" border=\"0\" width=\"555\" cellspacing=\"0\" cellpadding=\"0\">\n<tbody>\n<tr>\n<td dir=\"LTR\" width=\"255\" height=\"16\"><b>HIT-ZT12B<\/b><\/td>\n<td dir=\"LTR\" rowspan=\"8\" width=\"329\"><img loading=\"lazy\" decoding=\"async\" class=\"alignnone  wp-image-1884\" src=\"https:\/\/www.hitbelt.com\/wp-content\/uploads\/2023\/07\/20140629071813675.gif\" alt=\"\" width=\"302\" height=\"163\" \/><\/td>\n<\/tr>\n<tr>\n<td dir=\"LTR\" width=\"255\" height=\"16\">LA DIMENSI\u00d3N A ARREGLAR (SUGERENCIA):<\/td>\n<\/tr>\n<tr>\n<td dir=\"LTR\" width=\"255\" height=\"16\">EJE: h8<\/td>\n<\/tr>\n<tr>\n<td dir=\"LTR\" width=\"255\" height=\"16\">CUBO: H8<\/td>\n<\/tr>\n<tr>\n<td dir=\"LTR\" width=\"255\" height=\"16\"><\/td>\n<\/tr>\n<tr>\n<td dir=\"LTR\" width=\"255\" height=\"16\"><\/td>\n<\/tr>\n<tr>\n<td dir=\"LTR\" width=\"255\" height=\"16\"><\/td>\n<\/tr>\n<tr>\n<td dir=\"LTR\" width=\"255\" height=\"16\"><\/td>\n<\/tr>\n<\/tbody>\n<\/table>\n<p>&nbsp;<\/p>\n<table class=\"ke-zeroborder\" style=\"height: 361px;\" border=\"0\" width=\"558\" cellspacing=\"0\" cellpadding=\"0\">\n<tbody>\n<tr>\n<td dir=\"LTR\" width=\"255\" height=\"16\"><b>HIT-ZT13<\/b><\/td>\n<td dir=\"LTR\" rowspan=\"14\" width=\"329\"><img loading=\"lazy\" decoding=\"async\" class=\"alignnone  wp-image-1885\" src=\"https:\/\/www.hitbelt.com\/wp-content\/uploads\/2023\/07\/20140629071814269.gif\" alt=\"\" width=\"301\" height=\"232\" \/><\/td>\n<\/tr>\n<tr>\n<td dir=\"LTR\" width=\"255\" height=\"16\">LA DIMENSI\u00d3N A ARREGLAR (SUGERENCIA):<\/td>\n<\/tr>\n<tr>\n<td dir=\"LTR\" width=\"255\" height=\"16\">EJE: h8<\/td>\n<\/tr>\n<tr>\n<td dir=\"LTR\" width=\"255\" height=\"16\">CUBO: H8<\/td>\n<\/tr>\n<tr>\n<td dir=\"LTR\" width=\"255\" height=\"16\"><\/td>\n<\/tr>\n<tr>\n<td dir=\"LTR\" width=\"255\" height=\"16\"><\/td>\n<\/tr>\n<tr>\n<td dir=\"LTR\" width=\"255\" height=\"16\"><\/td>\n<\/tr>\n<tr>\n<td dir=\"LTR\" width=\"255\" height=\"16\"><\/td>\n<\/tr>\n<tr>\n<td dir=\"LTR\" width=\"255\" height=\"16\"><\/td>\n<\/tr>\n<tr>\n<td dir=\"LTR\" width=\"255\" height=\"16\"><\/td>\n<\/tr>\n<tr>\n<td dir=\"LTR\" width=\"255\" height=\"16\"><\/td>\n<\/tr>\n<tr>\n<td dir=\"LTR\" width=\"255\" height=\"16\"><\/td>\n<\/tr>\n<tr>\n<td dir=\"LTR\" width=\"255\" height=\"16\"><\/td>\n<\/tr>\n<tr>\n<td dir=\"LTR\" width=\"255\" height=\"16\"><\/td>\n<\/tr>\n<\/tbody>\n<\/table>\n<p>&nbsp;<\/p>\n<table class=\"ke-zeroborder\" style=\"height: 361px;\" border=\"0\" width=\"560\" cellspacing=\"0\" cellpadding=\"0\">\n<tbody>\n<tr>\n<td dir=\"LTR\" width=\"255\" height=\"16\"><b>HIT-ZT16<\/b><\/td>\n<td dir=\"LTR\" rowspan=\"14\" width=\"329\"><img loading=\"lazy\" decoding=\"async\" class=\"alignnone size-full wp-image-1886\" src=\"https:\/\/www.hitbelt.com\/wp-content\/uploads\/2023\/07\/20140629071814113.gif\" alt=\"\" width=\"292\" height=\"245\" \/><\/td>\n<\/tr>\n<tr>\n<td dir=\"LTR\" width=\"255\" height=\"16\">LA DIMENSI\u00d3N A ARREGLAR (SUGERENCIA):<\/td>\n<\/tr>\n<tr>\n<td dir=\"LTR\" width=\"255\" height=\"16\">EJE: h8<\/td>\n<\/tr>\n<tr>\n<td dir=\"LTR\" width=\"255\" height=\"16\">CUBO: H8<\/td>\n<\/tr>\n<tr>\n<td dir=\"LTR\" width=\"255\" height=\"16\"><\/td>\n<\/tr>\n<tr>\n<td dir=\"LTR\" width=\"255\" height=\"16\"><\/td>\n<\/tr>\n<tr>\n<td dir=\"LTR\" width=\"255\" height=\"16\"><\/td>\n<\/tr>\n<tr>\n<td dir=\"LTR\" width=\"255\" height=\"16\"><\/td>\n<\/tr>\n<tr>\n<td dir=\"LTR\" width=\"255\" height=\"16\"><\/td>\n<\/tr>\n<tr>\n<td dir=\"LTR\" width=\"255\" height=\"16\"><\/td>\n<\/tr>\n<tr>\n<td dir=\"LTR\" width=\"255\" height=\"16\"><\/td>\n<\/tr>\n<tr>\n<td dir=\"LTR\" width=\"255\" height=\"16\"><\/td>\n<\/tr>\n<tr>\n<td dir=\"LTR\" width=\"255\" height=\"16\"><\/td>\n<\/tr>\n<tr>\n<td dir=\"LTR\" width=\"255\" height=\"16\"><\/td>\n<\/tr>\n<\/tbody>\n<\/table>\n<p>&nbsp;<\/p>\n<table class=\"ke-zeroborder\" style=\"height: 407px;\" border=\"0\" width=\"561\" cellspacing=\"0\" cellpadding=\"0\">\n<tbody>\n<tr>\n<td dir=\"LTR\" width=\"255\" height=\"16\"><b>HIT-ZT17<\/b><\/td>\n<td dir=\"LTR\" rowspan=\"17\" width=\"329\"><img loading=\"lazy\" decoding=\"async\" class=\"alignnone size-full wp-image-1887\" src=\"https:\/\/www.hitbelt.com\/wp-content\/uploads\/2023\/07\/20140629071815987.gif\" alt=\"\" width=\"319\" height=\"270\" \/><\/td>\n<\/tr>\n<tr>\n<td dir=\"LTR\" width=\"255\" height=\"16\">LA DIMENSI\u00d3N A ARREGLAR (SUGERENCIA):<\/td>\n<\/tr>\n<tr>\n<td dir=\"LTR\" width=\"255\" height=\"16\">EJE: h8<\/td>\n<\/tr>\n<tr>\n<td dir=\"LTR\" width=\"255\" height=\"16\"><\/td>\n<\/tr>\n<tr>\n<td dir=\"LTR\" width=\"255\" height=\"16\"><\/td>\n<\/tr>\n<tr>\n<td dir=\"LTR\" width=\"255\" height=\"16\"><\/td>\n<\/tr>\n<tr>\n<td dir=\"LTR\" width=\"255\" height=\"16\"><\/td>\n<\/tr>\n<tr>\n<td dir=\"LTR\" width=\"255\" height=\"16\"><\/td>\n<\/tr>\n<tr>\n<td dir=\"LTR\" width=\"255\" height=\"16\"><\/td>\n<\/tr>\n<tr>\n<td dir=\"LTR\" width=\"255\" height=\"16\"><\/td>\n<\/tr>\n<tr>\n<td dir=\"LTR\" width=\"255\" height=\"16\"><\/td>\n<\/tr>\n<tr>\n<td dir=\"LTR\" width=\"255\" height=\"16\"><\/td>\n<\/tr>\n<tr>\n<td dir=\"LTR\" width=\"255\" height=\"16\"><\/td>\n<\/tr>\n<tr>\n<td dir=\"LTR\" width=\"255\" height=\"16\"><\/td>\n<\/tr>\n<tr>\n<td dir=\"LTR\" width=\"255\" height=\"16\"><\/td>\n<\/tr>\n<tr>\n<td dir=\"LTR\" width=\"255\" height=\"16\"><\/td>\n<\/tr>\n<\/tbody>\n<\/table>\n<p>&nbsp;<\/p>\n<table class=\"ke-zeroborder\" style=\"height: 249px;\" border=\"0\" width=\"564\" cellspacing=\"0\" cellpadding=\"0\">\n<tbody>\n<tr>\n<td dir=\"LTR\" width=\"255\" height=\"16\"><b>HIT-ZT19B<\/b><\/td>\n<td dir=\"LTR\" rowspan=\"15\" width=\"329\"><img loading=\"lazy\" decoding=\"async\" class=\"alignnone  wp-image-1888\" src=\"https:\/\/www.hitbelt.com\/wp-content\/uploads\/2023\/07\/20140629071816156.gif\" alt=\"\" width=\"300\" height=\"265\" \/><\/td>\n<\/tr>\n<tr>\n<td dir=\"LTR\" width=\"255\" height=\"16\">LA DIMENSI\u00d3N A ARREGLAR (SUGERENCIA):<\/td>\n<\/tr>\n<tr>\n<td dir=\"LTR\" width=\"255\" height=\"16\">EJE: h8<\/td>\n<\/tr>\n<tr>\n<td dir=\"LTR\" width=\"255\" height=\"16\">CUBO: H8<\/td>\n<\/tr>\n<tr>\n<td dir=\"LTR\" width=\"255\" height=\"16\"><\/td>\n<\/tr>\n<tr>\n<td dir=\"LTR\" width=\"255\" height=\"16\"><\/td>\n<\/tr>\n<tr>\n<td dir=\"LTR\" width=\"255\" height=\"16\"><\/td>\n<\/tr>\n<tr>\n<td dir=\"LTR\" width=\"255\" height=\"16\"><\/td>\n<\/tr>\n<tr>\n<td dir=\"LTR\" width=\"255\" height=\"16\"><\/td>\n<\/tr>\n<\/tbody>\n<\/table>\n<p>&nbsp;<\/p>\n<a  class=\"button  button_size_2\"  href=\"https:\/\/www.hitbelt.com\/es\/locking-devices\/\" target=\"_blank\"   ><span class=\"button_label\">Consultar tallas disponibles<\/span><\/a>","protected":false},"excerpt":{"rendered":"<p>\u00a0HIT-ZT1 LA DIMENSI\u00d3N A FIJAR (SUGERENCIA): Dimensi\u00f3n nominal inferior a 38 mm: eje: h6 buje: H7 Dimensi\u00f3n nominal superior a 40 mm: eje: h8 buje: H8 HIT-ZT2<span class=\"excerpt-hellip\"> [\u2026]<\/span><\/p>","protected":false},"featured_media":2283,"comment_status":"closed","ping_status":"closed","template":"","meta":{"_acf_changed":false,"_joinchat":[]},"product_brand":[],"product_cat":[115],"product_tag":[131],"class_list":{"0":"post-1873","1":"product","2":"type-product","3":"status-publish","4":"has-post-thumbnail","6":"product_cat-metal-pats","7":"product_tag-locking-devices","9":"first","10":"instock","11":"shipping-taxable","12":"product-type-simple"},"acf":[],"_links":{"self":[{"href":"https:\/\/www.hitbelt.com\/es\/wp-json\/wp\/v2\/product\/1873","targetHints":{"allow":["GET"]}}],"collection":[{"href":"https:\/\/www.hitbelt.com\/es\/wp-json\/wp\/v2\/product"}],"about":[{"href":"https:\/\/www.hitbelt.com\/es\/wp-json\/wp\/v2\/types\/product"}],"replies":[{"embeddable":true,"href":"https:\/\/www.hitbelt.com\/es\/wp-json\/wp\/v2\/comments?post=1873"}],"wp:featuredmedia":[{"embeddable":true,"href":"https:\/\/www.hitbelt.com\/es\/wp-json\/wp\/v2\/media\/2283"}],"wp:attachment":[{"href":"https:\/\/www.hitbelt.com\/es\/wp-json\/wp\/v2\/media?parent=1873"}],"wp:term":[{"taxonomy":"product_brand","embeddable":true,"href":"https:\/\/www.hitbelt.com\/es\/wp-json\/wp\/v2\/product_brand?post=1873"},{"taxonomy":"product_cat","embeddable":true,"href":"https:\/\/www.hitbelt.com\/es\/wp-json\/wp\/v2\/product_cat?post=1873"},{"taxonomy":"product_tag","embeddable":true,"href":"https:\/\/www.hitbelt.com\/es\/wp-json\/wp\/v2\/product_tag?post=1873"}],"curies":[{"name":"wp","href":"https:\/\/api.w.org\/{rel}","templated":true}]}}