{"id":1857,"date":"2023-07-18T06:27:34","date_gmt":"2023-07-18T06:27:34","guid":{"rendered":"https:\/\/www.hitbelt.com\/?post_type=product&#038;p=1857"},"modified":"2023-10-13T03:54:16","modified_gmt":"2023-10-13T03:54:16","slug":"cylindrical-roller-bearings","status":"publish","type":"product","link":"https:\/\/www.hitbelt.com\/es\/producto\/cylindrical-roller-bearings","title":{"rendered":"Rodamientos de rodillos cil\u00edndricos"},"content":{"rendered":"<p>Los rodamientos de rodillos cil\u00edndricos son rodamientos en los que se utilizan cilindros como elementos rodantes en lugar de bolas en los rodamientos de bolas. Como tal, los rodillos tienen un \u00e1rea de contacto (lineal) mayor con el anillo exterior y distribuyen las cargas a trav\u00e9s de una superficie m\u00e1s amplia. Por lo tanto, tienen una capacidad de carga radial relativamente alta y son adecuados para altas velocidades. Los rodamientos de rodillos cil\u00edndricos de dos hileras tienen una alta rigidez radial y se utilizan principalmente para m\u00e1quinas herramienta de precisi\u00f3n.<\/p>\n<p>Dependiendo de la serie, tal como se define a continuaci\u00f3n, varios rodamientos de rodillos cil\u00edndricos no tienen nervaduras ni en el aro interior ni en el exterior, por lo que los aros pueden moverse axialmente entre s\u00ed y pueden utilizarse como rodamientos de extremo libre.<\/p>\n<p>Generalmente se utilizan jaulas de acero prensado (con o sin latas o aletas) o de lat\u00f3n mecanizado, pero a veces tambi\u00e9n est\u00e1n disponibles jaulas de poliamida moldeada seg\u00fan la aplicaci\u00f3n. Los rodamientos de rodillos cil\u00edndricos tambi\u00e9n est\u00e1n disponibles sin jaulas y con un complemento completo de rodillos. Esto permite cargas a\u00fan mayores pero a expensas de la velocidad.<\/p>\n<p>Los rodamientos de una hilera de rodillos cil\u00edndricos tambi\u00e9n se fabrican con ranuras para anillos el\u00e1sticos en los anillos exteriores. Este dise\u00f1o simplifica la uni\u00f3n del rodamiento ya que los rodamientos se ubican dentro de la carcasa por medio de anillos el\u00e1sticos. La ranura del anillo el\u00e1stico y los anillos el\u00e1sticos cumplen con la norma ISO 464.<\/p>\n<p>Existen diferentes tipos denominados NU, NJ, NUP, N, NF para rodamientos de una hilera y NNU, NN para rodamientos de dos hileras, seg\u00fan el dise\u00f1o o la ausencia de nervaduras laterales.<\/p>\n<p>Dependiendo de la existencia de nervaduras en sus anillos, los Rodamientos de Rodillos Cil\u00edndricos se clasifican en los siguientes tipos:<\/p>\n<p><img loading=\"lazy\" decoding=\"async\" class=\"alignnone size-full wp-image-1858\" src=\"https:\/\/www.hitbelt.com\/wp-content\/uploads\/2023\/07\/20141202021010903.gif\" alt=\"\" width=\"450\" height=\"209\" \/><\/p>\n<div class=\"productTxtBox firstChild\">\n<p>Como rodamientos de extremo libre son adecuados los tipos NU, N, NNU y NN. Los tipos NJ y NF pueden soportar cargas axiales limitadas en una direcci\u00f3n. Los tipos NH y NUP se pueden utilizar como rodamientos de extremo fijo.<\/p>\n<p>Los rodamientos de rodillos cil\u00edndricos tipo NH constan de rodamientos de rodillos cil\u00edndricos tipo NJ y collarines de empuje en forma de L tipo HJ.<\/p>\n<p>La nervadura suelta del aro interior de un rodamiento de rodillos cil\u00edndricos tipo NUP debe montarse de modo que el lado marcado quede hacia el exterior.<\/p>\n<\/div>","protected":false},"excerpt":{"rendered":"<p><strong>Mercados\/Aplicaciones<\/strong><br \/>\n- Industria metal\u00fargica<br \/>\n\u2013 Miner\u00eda y Construcci\u00f3n<br \/>\n\u2013 Maquinaria para la fabricaci\u00f3n de papel<br \/>\n- Turbinas de viento<br \/>\n\u2013 M\u00e1quinas Herramientas<br \/>\n\u2013 Cajas de cambios<br \/>\n- Motor electrico<br \/>\n\u2013 Bombas y compresores<br \/>\n\u2013 M\u00e1quinas de moldeo por inyecci\u00f3n<br \/>\n\u2013 Motos<br \/>\n- Vias ferreas<\/p>","protected":false},"featured_media":2385,"comment_status":"closed","ping_status":"closed","template":"","meta":{"_acf_changed":false,"_joinchat":[]},"product_brand":[],"product_cat":[115],"product_tag":[129],"class_list":{"0":"post-1857","1":"product","2":"type-product","3":"status-publish","4":"has-post-thumbnail","6":"product_cat-metal-pats","7":"product_tag-bearings","9":"first","10":"instock","11":"shipping-taxable","12":"product-type-simple"},"acf":[],"_links":{"self":[{"href":"https:\/\/www.hitbelt.com\/es\/wp-json\/wp\/v2\/product\/1857","targetHints":{"allow":["GET"]}}],"collection":[{"href":"https:\/\/www.hitbelt.com\/es\/wp-json\/wp\/v2\/product"}],"about":[{"href":"https:\/\/www.hitbelt.com\/es\/wp-json\/wp\/v2\/types\/product"}],"replies":[{"embeddable":true,"href":"https:\/\/www.hitbelt.com\/es\/wp-json\/wp\/v2\/comments?post=1857"}],"wp:featuredmedia":[{"embeddable":true,"href":"https:\/\/www.hitbelt.com\/es\/wp-json\/wp\/v2\/media\/2385"}],"wp:attachment":[{"href":"https:\/\/www.hitbelt.com\/es\/wp-json\/wp\/v2\/media?parent=1857"}],"wp:term":[{"taxonomy":"product_brand","embeddable":true,"href":"https:\/\/www.hitbelt.com\/es\/wp-json\/wp\/v2\/product_brand?post=1857"},{"taxonomy":"product_cat","embeddable":true,"href":"https:\/\/www.hitbelt.com\/es\/wp-json\/wp\/v2\/product_cat?post=1857"},{"taxonomy":"product_tag","embeddable":true,"href":"https:\/\/www.hitbelt.com\/es\/wp-json\/wp\/v2\/product_tag?post=1857"}],"curies":[{"name":"wp","href":"https:\/\/api.w.org\/{rel}","templated":true}]}}