{"id":1856,"date":"2023-07-18T06:25:35","date_gmt":"2023-07-18T06:25:35","guid":{"rendered":"https:\/\/www.hitbelt.com\/?post_type=product&#038;p=1856"},"modified":"2024-02-19T08:04:31","modified_gmt":"2024-02-19T08:04:31","slug":"angular-contact-ball-bearings","status":"publish","type":"product","link":"https:\/\/www.hitbelt.com\/es\/producto\/angular-contact-ball-bearings","title":{"rendered":"Rodamientos de bolas de contacto angular"},"content":{"rendered":"<p><strong>Caracter\u00edsticas\/Ventajas<\/strong><br \/>\n\u2013 La geometr\u00eda espec\u00edfica de los caminos de rodadura y los hombros de los rodamientos de contacto angular crea \u00e1ngulos de contacto de bola que soportan cargas axiales m\u00e1s altas.<br \/>\n\u2013 Las opciones ampliadas incluyen lubricantes especiales, materiales de jaula, precargas y revestimientos para mayor resistencia a la corrosi\u00f3n.<\/p>\n<p><strong>Mercados\/Aplicaciones<\/strong><br \/>\nLos rodamientos de bolas de contacto angular est\u00e1n dise\u00f1ados para su uso en aplicaciones de alta precisi\u00f3n y alta velocidad para:<br \/>\n- Agricultura<br \/>\n\u2013 Qu\u00edmico<br \/>\n\u2013 Industria general<br \/>\n\u2013 Utilidades<\/p>","protected":false},"excerpt":{"rendered":"<p class=\"firstChild\">Los rodamientos de bolas de contacto angular HIT est\u00e1n dise\u00f1ados para una combinaci\u00f3n de carga radial y axial. Los rodamientos de una hilera tienen una alta capacidad de empuje en una direcci\u00f3n. Algunos rodamientos de una hilera est\u00e1n dise\u00f1ados espec\u00edficamente para montaje d\u00faplex en conjuntos para un rendimiento m\u00e1ximo. Los cojinetes Conrad de doble fila pueden acomodar empuje en ambas direcciones.<\/p>","protected":false},"featured_media":2649,"comment_status":"closed","ping_status":"closed","template":"","meta":{"_acf_changed":false,"_joinchat":[]},"product_brand":[],"product_cat":[115],"product_tag":[129],"class_list":{"0":"post-1856","1":"product","2":"type-product","3":"status-publish","4":"has-post-thumbnail","6":"product_cat-metal-pats","7":"product_tag-bearings","9":"first","10":"instock","11":"shipping-taxable","12":"product-type-simple"},"acf":[],"_links":{"self":[{"href":"https:\/\/www.hitbelt.com\/es\/wp-json\/wp\/v2\/product\/1856","targetHints":{"allow":["GET"]}}],"collection":[{"href":"https:\/\/www.hitbelt.com\/es\/wp-json\/wp\/v2\/product"}],"about":[{"href":"https:\/\/www.hitbelt.com\/es\/wp-json\/wp\/v2\/types\/product"}],"replies":[{"embeddable":true,"href":"https:\/\/www.hitbelt.com\/es\/wp-json\/wp\/v2\/comments?post=1856"}],"wp:featuredmedia":[{"embeddable":true,"href":"https:\/\/www.hitbelt.com\/es\/wp-json\/wp\/v2\/media\/2649"}],"wp:attachment":[{"href":"https:\/\/www.hitbelt.com\/es\/wp-json\/wp\/v2\/media?parent=1856"}],"wp:term":[{"taxonomy":"product_brand","embeddable":true,"href":"https:\/\/www.hitbelt.com\/es\/wp-json\/wp\/v2\/product_brand?post=1856"},{"taxonomy":"product_cat","embeddable":true,"href":"https:\/\/www.hitbelt.com\/es\/wp-json\/wp\/v2\/product_cat?post=1856"},{"taxonomy":"product_tag","embeddable":true,"href":"https:\/\/www.hitbelt.com\/es\/wp-json\/wp\/v2\/product_tag?post=1856"}],"curies":[{"name":"wp","href":"https:\/\/api.w.org\/{rel}","templated":true}]}}