{"id":1853,"date":"2023-07-18T06:22:53","date_gmt":"2023-07-18T06:22:53","guid":{"rendered":"https:\/\/www.hitbelt.com\/?post_type=product&#038;p=1853"},"modified":"2025-06-24T02:14:47","modified_gmt":"2025-06-24T02:14:47","slug":"self-aligning-ball-bearings","status":"publish","type":"product","link":"https:\/\/www.hitbelt.com\/es\/producto\/self-aligning-ball-bearings","title":{"rendered":"Rodamientos de bolas autoalineantes"},"content":{"rendered":"<p><strong>Mercados\/Aplicaciones<\/strong><br \/>\n\u2013 Maquinaria para la fabricaci\u00f3n de papel<br \/>\n\u2013 Semiconductores<br \/>\n\u2013 Cajas de cambios<\/p>\n<a  class=\"button  button_size_2\"  href=\"https:\/\/www.hitbelt.com\/es\/self-aligning-ball-bearings\/\" target=\"_blank\"   ><span class=\"button_label\">Consultar tallas disponibles<\/span><\/a>","protected":false},"excerpt":{"rendered":"<p class=\"firstChild\">Este tipo de rodamiento de bolas se recomienda cuando la alineaci\u00f3n del eje y la carcasa es dif\u00edcil y el eje puede flexionarse. El aro exterior tiene una pista de rodadura esf\u00e9rica y su centro de curvatura coincide con el del rodamiento; por lo tanto, el eje del aro interior, las bolas y la jaula pueden desviarse hasta cierto punto alrededor del centro del rodamiento. Generalmente se utilizan jaulas de acero prensado. Dado que el \u00e1ngulo de contacto es peque\u00f1o, la capacidad de carga axial es baja. La desalineaci\u00f3n din\u00e1mica permitida es de aproximadamente 0,07 a 0,12 radianes (4 a 7 grados) bajo cargas normales.<\/p>\n<p>Sin embargo, dependiendo de la estructura circundante, tal \u00e1ngulo puede no ser posible.<\/p>","protected":false},"featured_media":2652,"comment_status":"closed","ping_status":"closed","template":"","meta":{"_acf_changed":false,"_joinchat":[]},"product_brand":[],"product_cat":[115],"product_tag":[129],"class_list":{"0":"post-1853","1":"product","2":"type-product","3":"status-publish","4":"has-post-thumbnail","6":"product_cat-metal-pats","7":"product_tag-bearings","9":"first","10":"instock","11":"shipping-taxable","12":"product-type-simple"},"acf":[],"_links":{"self":[{"href":"https:\/\/www.hitbelt.com\/es\/wp-json\/wp\/v2\/product\/1853","targetHints":{"allow":["GET"]}}],"collection":[{"href":"https:\/\/www.hitbelt.com\/es\/wp-json\/wp\/v2\/product"}],"about":[{"href":"https:\/\/www.hitbelt.com\/es\/wp-json\/wp\/v2\/types\/product"}],"replies":[{"embeddable":true,"href":"https:\/\/www.hitbelt.com\/es\/wp-json\/wp\/v2\/comments?post=1853"}],"wp:featuredmedia":[{"embeddable":true,"href":"https:\/\/www.hitbelt.com\/es\/wp-json\/wp\/v2\/media\/2652"}],"wp:attachment":[{"href":"https:\/\/www.hitbelt.com\/es\/wp-json\/wp\/v2\/media?parent=1853"}],"wp:term":[{"taxonomy":"product_brand","embeddable":true,"href":"https:\/\/www.hitbelt.com\/es\/wp-json\/wp\/v2\/product_brand?post=1853"},{"taxonomy":"product_cat","embeddable":true,"href":"https:\/\/www.hitbelt.com\/es\/wp-json\/wp\/v2\/product_cat?post=1853"},{"taxonomy":"product_tag","embeddable":true,"href":"https:\/\/www.hitbelt.com\/es\/wp-json\/wp\/v2\/product_tag?post=1853"}],"curies":[{"name":"wp","href":"https:\/\/api.w.org\/{rel}","templated":true}]}}