{"id":1851,"date":"2023-07-18T06:20:07","date_gmt":"2023-07-18T06:20:07","guid":{"rendered":"https:\/\/www.hitbelt.com\/?post_type=product&#038;p=1851"},"modified":"2024-02-19T08:09:40","modified_gmt":"2024-02-19T08:09:40","slug":"deep-groove-ball-bearings","status":"publish","type":"product","link":"https:\/\/www.hitbelt.com\/es\/producto\/deep-groove-ball-bearings","title":{"rendered":"Rodamientos r\u00edgidos de bolas"},"content":{"rendered":"<p><strong>Caracter\u00edsticas\/Ventajas<\/strong><br \/>\n\u2013 Excelente para altas velocidades<br \/>\n\u2013 Buena capacidad de carga radial<br \/>\n\u2013 Capacidad de carga axial aceptable en ambas direcciones.<br \/>\n\u2013 Tener baja capacidad de par en las velocidades de arranque y funcionamiento.<br \/>\n\u2013 Puede funcionar con poco ruido<br \/>\n\u2013 Requieren poco mantenimiento<\/p>\n<p><strong>Mercados\/Aplicaciones<\/strong><br \/>\n- Industria metal\u00fargica<br \/>\n\u2013 Miner\u00eda y Construcci\u00f3n<br \/>\n\u2013 Maquinaria para la fabricaci\u00f3n de papel<br \/>\n\u2013 Turbinas de viento<br \/>\n\u2013 Semiconductores<br \/>\n- Herramientas de m\u00e1quina<br \/>\n\u2013 Cajas de cambios<br \/>\n- Motor electrico<br \/>\n\u2013 Bombas y compresores<br \/>\n- Equipo de oficina<br \/>\n\u2013 M\u00e1quinas de moldeo por inyecci\u00f3n<br \/>\n\u2013 motocicletas<br \/>\n- Vias ferreas<\/p>\n<p>&nbsp;<\/p>\n<h4><strong>Gama de producci\u00f3n<\/strong><\/h4>\n<div class=\"artview_title\">Rodamientos r\u00edgidos de bolas<\/div>\n<div class=\"news_content\">\n<div id=\"div2\">Serie R pulgadas<br \/>\nSerie 60 m\u00e9tricas extra ligeras<br \/>\nSerie de luces 62 m\u00e9tricas<br \/>\n63 Secci\u00f3n media m\u00e9trica<br \/>\nSecci\u00f3n ultrafina de 68 m\u00e9tricas.<br \/>\n69 Secci\u00f3n delgada m\u00e9trica<br \/>\nBL3 Capacidad m\u00e1xima m\u00e9trica<br \/>\nserie media<\/div>\n<\/div>","protected":false},"excerpt":{"rendered":"<p>Los rodamientos r\u00edgidos de bolas son rodamientos vers\u00e1tiles y autorretenedores con aros exteriores macizos, aros interiores y conjuntos de bolas y jaula. Estos productos son de dise\u00f1o simple, duraderos en funcionamiento y f\u00e1ciles de mantener; Est\u00e1n disponibles en dise\u00f1os de una o dos filas y en variantes abiertas y selladas. Debido a la tecnolog\u00eda de producci\u00f3n utilizada, los rodamientos abiertos a\u00fan pueden tener entalladuras torneadas en el aro exterior para obturaciones o protecciones.<\/p>\n<p>Debido a su bajo par de fricci\u00f3n, son adecuados para altas velocidades.<\/p>","protected":false},"featured_media":2651,"comment_status":"closed","ping_status":"closed","template":"","meta":{"_acf_changed":false,"_joinchat":[]},"product_brand":[],"product_cat":[147,115],"product_tag":[129],"class_list":{"0":"post-1851","1":"product","2":"type-product","3":"status-publish","4":"has-post-thumbnail","6":"product_cat-home-products","7":"product_cat-metal-pats","8":"product_tag-bearings","10":"first","11":"instock","12":"shipping-taxable","13":"product-type-simple"},"acf":[],"_links":{"self":[{"href":"https:\/\/www.hitbelt.com\/es\/wp-json\/wp\/v2\/product\/1851","targetHints":{"allow":["GET"]}}],"collection":[{"href":"https:\/\/www.hitbelt.com\/es\/wp-json\/wp\/v2\/product"}],"about":[{"href":"https:\/\/www.hitbelt.com\/es\/wp-json\/wp\/v2\/types\/product"}],"replies":[{"embeddable":true,"href":"https:\/\/www.hitbelt.com\/es\/wp-json\/wp\/v2\/comments?post=1851"}],"wp:featuredmedia":[{"embeddable":true,"href":"https:\/\/www.hitbelt.com\/es\/wp-json\/wp\/v2\/media\/2651"}],"wp:attachment":[{"href":"https:\/\/www.hitbelt.com\/es\/wp-json\/wp\/v2\/media?parent=1851"}],"wp:term":[{"taxonomy":"product_brand","embeddable":true,"href":"https:\/\/www.hitbelt.com\/es\/wp-json\/wp\/v2\/product_brand?post=1851"},{"taxonomy":"product_cat","embeddable":true,"href":"https:\/\/www.hitbelt.com\/es\/wp-json\/wp\/v2\/product_cat?post=1851"},{"taxonomy":"product_tag","embeddable":true,"href":"https:\/\/www.hitbelt.com\/es\/wp-json\/wp\/v2\/product_tag?post=1851"}],"curies":[{"name":"wp","href":"https:\/\/api.w.org\/{rel}","templated":true}]}}