{"id":1832,"date":"2023-07-18T03:09:48","date_gmt":"2023-07-18T03:09:48","guid":{"rendered":"https:\/\/www.hitbelt.com\/?post_type=product&#038;p=1832"},"modified":"2025-05-27T01:26:59","modified_gmt":"2025-05-27T01:26:59","slug":"plain-bore","status":"publish","type":"product","link":"https:\/\/www.hitbelt.com\/es\/producto\/plain-bore","title":{"rendered":"Orificio liso"},"content":{"rendered":"","protected":false},"excerpt":{"rendered":"<p>Mantenga su sistema a la vanguardia con ruedas dentadas y descubra la diferencia de calidad con el acero tratado t\u00e9rmicamente de primera calidad para soportar cargas de impacto pesadas, resistir la abrasi\u00f3n y brindar una larga vida \u00fatil. Tambi\u00e9n se encuentran disponibles pi\u00f1ones de aleaci\u00f3n y acero inoxidable para mayor resistencia a la corrosi\u00f3n y aplicaciones de calidad alimentaria.<\/p>","protected":false},"featured_media":2895,"comment_status":"closed","ping_status":"closed","template":"","meta":{"_acf_changed":false,"_joinchat":[]},"product_brand":[],"product_cat":[115],"product_tag":[128],"class_list":{"0":"post-1832","1":"product","2":"type-product","3":"status-publish","4":"has-post-thumbnail","6":"product_cat-metal-pats","7":"product_tag-sprockets","9":"first","10":"instock","11":"shipping-taxable","12":"product-type-simple"},"acf":[],"_links":{"self":[{"href":"https:\/\/www.hitbelt.com\/es\/wp-json\/wp\/v2\/product\/1832","targetHints":{"allow":["GET"]}}],"collection":[{"href":"https:\/\/www.hitbelt.com\/es\/wp-json\/wp\/v2\/product"}],"about":[{"href":"https:\/\/www.hitbelt.com\/es\/wp-json\/wp\/v2\/types\/product"}],"replies":[{"embeddable":true,"href":"https:\/\/www.hitbelt.com\/es\/wp-json\/wp\/v2\/comments?post=1832"}],"wp:featuredmedia":[{"embeddable":true,"href":"https:\/\/www.hitbelt.com\/es\/wp-json\/wp\/v2\/media\/2895"}],"wp:attachment":[{"href":"https:\/\/www.hitbelt.com\/es\/wp-json\/wp\/v2\/media?parent=1832"}],"wp:term":[{"taxonomy":"product_brand","embeddable":true,"href":"https:\/\/www.hitbelt.com\/es\/wp-json\/wp\/v2\/product_brand?post=1832"},{"taxonomy":"product_cat","embeddable":true,"href":"https:\/\/www.hitbelt.com\/es\/wp-json\/wp\/v2\/product_cat?post=1832"},{"taxonomy":"product_tag","embeddable":true,"href":"https:\/\/www.hitbelt.com\/es\/wp-json\/wp\/v2\/product_tag?post=1832"}],"curies":[{"name":"wp","href":"https:\/\/api.w.org\/{rel}","templated":true}]}}