{"id":1824,"date":"2023-07-18T03:01:42","date_gmt":"2023-07-18T03:01:42","guid":{"rendered":"https:\/\/www.hitbelt.com\/?post_type=product&#038;p=1824"},"modified":"2025-06-24T02:23:12","modified_gmt":"2025-06-24T02:23:12","slug":"taper-bore-poly-v-sheaves","status":"publish","type":"product","link":"https:\/\/www.hitbelt.com\/es\/producto\/taper-bore-poly-v-sheaves","title":{"rendered":"Poleas Poly-V de di\u00e1metro c\u00f3nico"},"content":{"rendered":"<p><img loading=\"lazy\" decoding=\"async\" class=\"alignnone size-medium wp-image-1826\" src=\"https:\/\/www.hitbelt.com\/wp-content\/uploads\/2023\/07\/20140629071037372-500x199.jpg\" alt=\"\" width=\"500\" height=\"199\" srcset=\"https:\/\/www.hitbelt.com\/wp-content\/uploads\/2023\/07\/20140629071037372-500x199.jpg 500w, https:\/\/www.hitbelt.com\/wp-content\/uploads\/2023\/07\/20140629071037372-18x7.jpg 18w, https:\/\/www.hitbelt.com\/wp-content\/uploads\/2023\/07\/20140629071037372-150x60.jpg 150w, https:\/\/www.hitbelt.com\/wp-content\/uploads\/2023\/07\/20140629071037372-480x191.jpg 480w, https:\/\/www.hitbelt.com\/wp-content\/uploads\/2023\/07\/20140629071037372.jpg 559w\" sizes=\"auto, (max-width:767px) 480px, 500px\" \/><\/p>\n<p><img loading=\"lazy\" decoding=\"async\" class=\"alignnone size-medium wp-image-1827\" src=\"https:\/\/www.hitbelt.com\/wp-content\/uploads\/2023\/07\/20140629071039834-500x199.jpg\" alt=\"\" width=\"500\" height=\"199\" srcset=\"https:\/\/www.hitbelt.com\/wp-content\/uploads\/2023\/07\/20140629071039834-500x199.jpg 500w, https:\/\/www.hitbelt.com\/wp-content\/uploads\/2023\/07\/20140629071039834-18x7.jpg 18w, https:\/\/www.hitbelt.com\/wp-content\/uploads\/2023\/07\/20140629071039834-150x60.jpg 150w, https:\/\/www.hitbelt.com\/wp-content\/uploads\/2023\/07\/20140629071039834-480x191.jpg 480w, https:\/\/www.hitbelt.com\/wp-content\/uploads\/2023\/07\/20140629071039834.jpg 546w\" sizes=\"auto, (max-width:767px) 480px, 500px\" \/><\/p>\n<p><img loading=\"lazy\" decoding=\"async\" class=\"alignnone size-medium wp-image-1828\" src=\"https:\/\/www.hitbelt.com\/wp-content\/uploads\/2023\/07\/20140629071040796-500x194.jpg\" alt=\"\" width=\"500\" height=\"194\" srcset=\"https:\/\/www.hitbelt.com\/wp-content\/uploads\/2023\/07\/20140629071040796-500x194.jpg 500w, https:\/\/www.hitbelt.com\/wp-content\/uploads\/2023\/07\/20140629071040796-18x7.jpg 18w, https:\/\/www.hitbelt.com\/wp-content\/uploads\/2023\/07\/20140629071040796-150x58.jpg 150w, https:\/\/www.hitbelt.com\/wp-content\/uploads\/2023\/07\/20140629071040796-480x186.jpg 480w, https:\/\/www.hitbelt.com\/wp-content\/uploads\/2023\/07\/20140629071040796.jpg 567w\" sizes=\"auto, (max-width:767px) 480px, 500px\" \/><\/p>\n<p><img loading=\"lazy\" decoding=\"async\" class=\"alignnone size-medium wp-image-1829\" src=\"https:\/\/www.hitbelt.com\/wp-content\/uploads\/2023\/07\/20140629071041649-500x241.jpg\" alt=\"\" width=\"500\" height=\"241\" srcset=\"https:\/\/www.hitbelt.com\/wp-content\/uploads\/2023\/07\/20140629071041649-500x241.jpg 500w, https:\/\/www.hitbelt.com\/wp-content\/uploads\/2023\/07\/20140629071041649-18x9.jpg 18w, https:\/\/www.hitbelt.com\/wp-content\/uploads\/2023\/07\/20140629071041649-150x72.jpg 150w, https:\/\/www.hitbelt.com\/wp-content\/uploads\/2023\/07\/20140629071041649-480x231.jpg 480w, https:\/\/www.hitbelt.com\/wp-content\/uploads\/2023\/07\/20140629071041649.jpg 509w\" sizes=\"auto, (max-width:767px) 480px, 500px\" \/><\/p>\n<p><img loading=\"lazy\" decoding=\"async\" class=\"alignnone size-medium wp-image-1830\" src=\"https:\/\/www.hitbelt.com\/wp-content\/uploads\/2023\/07\/20140629071043119-500x211.jpg\" alt=\"\" width=\"500\" height=\"211\" srcset=\"https:\/\/www.hitbelt.com\/wp-content\/uploads\/2023\/07\/20140629071043119-500x211.jpg 500w, https:\/\/www.hitbelt.com\/wp-content\/uploads\/2023\/07\/20140629071043119-18x8.jpg 18w, https:\/\/www.hitbelt.com\/wp-content\/uploads\/2023\/07\/20140629071043119-150x63.jpg 150w, https:\/\/www.hitbelt.com\/wp-content\/uploads\/2023\/07\/20140629071043119-480x203.jpg 480w, https:\/\/www.hitbelt.com\/wp-content\/uploads\/2023\/07\/20140629071043119.jpg 584w\" sizes=\"auto, (max-width:767px) 480px, 500px\" \/><\/p>\n<p><strong>Nuestros tama\u00f1os disponibles incluyen<\/strong><\/p>\n<table border=\"0\" width=\"640\" cellspacing=\"0\" cellpadding=\"0\" align=\"center\">\n<colgroup>\n<col width=\"41\" \/>\n<col width=\"92\" \/>\n<col width=\"105\" \/>\n<col width=\"93\" \/>\n<col width=\"138\" \/>\n<col width=\"81\" \/><\/colgroup>\n<tbody>\n<tr>\n<td colspan=\"2\" height=\"17\">Secci\u00f3n transversal<\/td>\n<td>No. de ranuras<\/td>\n<td>Di\u00e1metro de paso<\/td>\n<td>Rango de di\u00e1metro<\/td>\n<td>Longitudes de paso de correa<\/td>\n<\/tr>\n<tr>\n<td rowspan=\"2\" width=\"72\" height=\"34\"><strong>J &gt;&gt;<\/strong><\/td>\n<td>3\/32&#8243;<\/td>\n<td width=\"98\">4, 6<\/td>\n<td width=\"87\">1.25 ~ 1.90&#8243;<\/td>\n<td width=\"121\">Orificio terminado 3\/8\u2033 \u2013 1\u2033<\/td>\n<td rowspan=\"2\" width=\"109\">18.0 ~ 98.0&#8243;<\/td>\n<\/tr>\n<tr>\n<td height=\"17\">Espaciado de costillas<\/td>\n<td width=\"98\">4, 6, 10, 16<\/td>\n<td width=\"87\">2.00 ~ 10.60<\/td>\n<td width=\"121\">3\/8&#8243; ~ 2 11\/16&#8243;<\/td>\n<\/tr>\n<tr>\n<td rowspan=\"2\" width=\"72\" height=\"34\"><strong>L &gt;&gt;<\/strong><\/td>\n<td>3\/8<\/td>\n<td>6, 8, 10, 12,<\/td>\n<td rowspan=\"2\" width=\"87\">3.00 ~ 30.00<\/td>\n<td rowspan=\"2\" width=\"121\">1\/2&#8243; ~ 3 3\/4&#8243;<\/td>\n<td rowspan=\"2\" width=\"109\">50.0 ~ 145.5&#8243;<\/td>\n<\/tr>\n<tr>\n<td height=\"17\">Espaciado de costillas<\/td>\n<td>14, 16, 20<\/td>\n<\/tr>\n<tr>\n<td rowspan=\"2\" width=\"72\" height=\"34\"><strong>M &gt;&gt;<\/strong><\/td>\n<td>3\/8<\/td>\n<td>6, 8, 10, 12,<\/td>\n<td rowspan=\"2\" width=\"87\">7.00 ~ 44.00<\/td>\n<td rowspan=\"2\" width=\"121\">3\/4&#8243; ~ 4 1\/4&#8243;<\/td>\n<td rowspan=\"2\" width=\"109\">90.0 ~ 198.0&#8243;<\/td>\n<\/tr>\n<tr>\n<td height=\"17\">Espaciado de costillas<\/td>\n<td>14, 16, 20<\/td>\n<\/tr>\n<\/tbody>\n<\/table>\n<a  class=\"button  button_size_2\"  href=\"https:\/\/www.hitbelt.com\/es\/bicycles\/taper-bore-poly-v-sheaves\/\" target=\"_blank\"   ><span class=\"button_label\">Consultar tallas disponibles<\/span><\/a>","protected":false},"excerpt":{"rendered":"<p>Suministramos toda la serie de Poleas de cu\u00f1as m\u00faltiples (J3-M20) desde DP 20 mm hasta 710 mm. Las poleas est\u00e1n disponibles en orificios est\u00e1ndar rectos y c\u00f3nicos. Las poleas de cu\u00f1as m\u00faltiples est\u00e1n hechas de GG25, GGG45, S45C u otros materiales solicitados por los clientes.<\/p>\n<p>Las poleas est\u00e1n mecanizadas con alta precisi\u00f3n, equilibradas din\u00e1micamente y recubiertas de negro. Tienen las caracter\u00edsticas de alta precisi\u00f3n, estabilidad y transmisi\u00f3n suave. Son adecuados para todo tipo de equipos de transmisi\u00f3n precisos, de alta velocidad y con cargas pesadas. Tambi\u00e9n se pueden utilizar en motores de autom\u00f3viles. Podemos proporcionar poleas de cu\u00f1as m\u00faltiples especialmente dise\u00f1adas seg\u00fan las solicitudes de los clientes.<\/p>\n<p>Tipo de estructura b\u00e1sica de las poleas Poly-V<\/p>","protected":false},"featured_media":2644,"comment_status":"closed","ping_status":"closed","template":"","meta":{"_acf_changed":false,"_joinchat":[]},"product_brand":[],"product_cat":[115],"product_tag":[127],"class_list":{"0":"post-1824","1":"product","2":"type-product","3":"status-publish","4":"has-post-thumbnail","6":"product_cat-metal-pats","7":"product_tag-poly-v-belt-sheaves","9":"first","10":"instock","11":"shipping-taxable","12":"product-type-simple"},"acf":[],"_links":{"self":[{"href":"https:\/\/www.hitbelt.com\/es\/wp-json\/wp\/v2\/product\/1824","targetHints":{"allow":["GET"]}}],"collection":[{"href":"https:\/\/www.hitbelt.com\/es\/wp-json\/wp\/v2\/product"}],"about":[{"href":"https:\/\/www.hitbelt.com\/es\/wp-json\/wp\/v2\/types\/product"}],"replies":[{"embeddable":true,"href":"https:\/\/www.hitbelt.com\/es\/wp-json\/wp\/v2\/comments?post=1824"}],"wp:featuredmedia":[{"embeddable":true,"href":"https:\/\/www.hitbelt.com\/es\/wp-json\/wp\/v2\/media\/2644"}],"wp:attachment":[{"href":"https:\/\/www.hitbelt.com\/es\/wp-json\/wp\/v2\/media?parent=1824"}],"wp:term":[{"taxonomy":"product_brand","embeddable":true,"href":"https:\/\/www.hitbelt.com\/es\/wp-json\/wp\/v2\/product_brand?post=1824"},{"taxonomy":"product_cat","embeddable":true,"href":"https:\/\/www.hitbelt.com\/es\/wp-json\/wp\/v2\/product_cat?post=1824"},{"taxonomy":"product_tag","embeddable":true,"href":"https:\/\/www.hitbelt.com\/es\/wp-json\/wp\/v2\/product_tag?post=1824"}],"curies":[{"name":"wp","href":"https:\/\/api.w.org\/{rel}","templated":true}]}}