{"id":1685,"date":"2023-07-17T08:19:53","date_gmt":"2023-07-17T08:19:53","guid":{"rendered":"https:\/\/www.hitbelt.com\/?post_type=product&#038;p=1685"},"modified":"2025-05-07T07:44:15","modified_gmt":"2025-05-07T07:44:15","slug":"ansi-rma-mpta-standard","status":"publish","type":"product","link":"https:\/\/www.hitbelt.com\/es\/producto\/ansi-rma-mpta-standard","title":{"rendered":"Est\u00e1ndar ANSI RMA\/MPTA"},"content":{"rendered":"<p><img loading=\"lazy\" decoding=\"async\" class=\"alignnone size-medium wp-image-1687\" src=\"https:\/\/www.hitbelt.com\/wp-content\/uploads\/2023\/07\/20140624105708121-500x146.jpg\" alt=\"\" width=\"500\" height=\"146\" srcset=\"https:\/\/www.hitbelt.com\/wp-content\/uploads\/2023\/07\/20140624105708121-500x146.jpg 500w, https:\/\/www.hitbelt.com\/wp-content\/uploads\/2023\/07\/20140624105708121-18x5.jpg 18w, https:\/\/www.hitbelt.com\/wp-content\/uploads\/2023\/07\/20140624105708121-150x44.jpg 150w, https:\/\/www.hitbelt.com\/wp-content\/uploads\/2023\/07\/20140624105708121-480x140.jpg 480w, https:\/\/www.hitbelt.com\/wp-content\/uploads\/2023\/07\/20140624105708121.jpg 584w\" sizes=\"auto, (max-width:767px) 480px, 500px\" \/><\/p>\n<h2><strong>Gama de producci\u00f3n<\/strong><\/h2>\n<h4 class=\"artview_title\"><strong>Est\u00e1ndar ANSI RMA\/MPTA<\/strong><\/h4>\n<div class=\"artview_title\"><b>Polea de di\u00e1metro est\u00e1ndar<\/b><\/div>\n<div class=\"news_content\">\n<div id=\"div2\">\n<div class=\"com_con\">\n<p><a href=\"https:\/\/www.hitbelt.com\/es\/v-belt-sheaves-cast-lron-sheaves-ak\/\"><u>POLEAS DE CORREA V Poleas de hierro fundido AK &gt;&gt;<\/u><\/a><br \/>\n<a href=\"https:\/\/www.hitbelt.com\/es\/akh\/\"><u>POLEAS DE CORREA V Poleas de hierro fundido AKH &gt;&gt;<\/u><\/a><br \/>\n<a href=\"https:\/\/www.hitbelt.com\/es\/2ak\/\"><u>POLEAS DE CORREA V Poleas de hierro fundido 2AK &gt;&gt;<\/u><\/a><br \/>\n<a href=\"https:\/\/www.hitbelt.com\/es\/2akh\/\"><u>POLEAS DE CORREA V Poleas de hierro fundido 2AKH &gt;&gt;<\/u><\/a><br \/>\n<a href=\"https:\/\/www.hitbelt.com\/es\/bk\/\"><u>POLEAS DE CORREA V Poleas de hierro fundido BK &gt;&gt;<\/u><\/a><br \/>\n<a href=\"https:\/\/www.hitbelt.com\/es\/bkh\/\"><u>POLEAS DE CORREA V Poleas de hierro fundido BKH &gt;&gt;<\/u><\/a><br \/>\n<a href=\"https:\/\/www.hitbelt.com\/es\/2bk\/\"><u>POLEAS DE CORREA V Poleas de hierro fundido 2BK &gt;&gt;<\/u><\/a><br \/>\n<a href=\"https:\/\/www.hitbelt.com\/es\/2bkh\/\"><u>POLEAS DE CORREA V Poleas de hierro fundido 2BKH &gt;&gt;<\/u><\/a><br \/>\n<a href=\"https:\/\/www.hitbelt.com\/es\/3bk\/\"><u>POLEAS DE CORREA V Poleas de hierro fundido 3BK &gt;&gt;<\/u><\/a><br \/>\n<a href=\"https:\/\/www.hitbelt.com\/es\/3bkh-2\/\"><u>POLEAS DE CORREA V Poleas de hierro fundido 3BKH &gt;&gt;<\/u><\/a><br \/>\n<b>Buje QD y STB ensamblado con polea de 3V 5V 8V<\/b><\/p>\n<p><a href=\"https:\/\/www.hitbelt.com\/es\/fb3v\/\"><u>POLEAS DE CORREA EN V Di\u00e1metro terminado \u201c3V, 5V, 8V\u201d Poleas de correa de agarre 3V &gt;&gt;<\/u><\/a><br \/>\n<a href=\"https:\/\/www.hitbelt.com\/es\/stb3v\/\"><u>POLEAS DE CORREA V Poleas de correa de agarre con bujes c\u00f3nicos divididos 3V &gt;&gt;<\/u><\/a><br \/>\n<a href=\"https:\/\/www.hitbelt.com\/es\/qd3v\/\"><u>POLEAS DE CORREA V QD Poleas para Correas \u201c3V\u201d 3V &gt;&gt;<\/u><\/a><br \/>\n<a href=\"https:\/\/www.hitbelt.com\/es\/stb5v\/\"><u>POLEAS DE CORREA V Poleas de correa de agarre con bujes c\u00f3nicos partidos 5V &gt;&gt;<\/u><\/a><br \/>\n<a href=\"https:\/\/www.hitbelt.com\/es\/qd5v\/\"><u>POLEAS DE CORREA V QD Poleas para Correas \u201c5V\u201d 5V &gt;&gt;<\/u><\/a><br \/>\n<a href=\"https:\/\/www.hitbelt.com\/es\/qd8v\/\"><u>POLEAS DE CORREA V QD Poleas para Correas \u201c8V\u201d 8V &gt;&gt;<\/u><\/a><\/p>\n<p><b>Polea ABCD ensamblada con buje QD y STB<\/b><\/p>\n<p><a href=\"https:\/\/www.hitbelt.com\/es\/bicycles\/stbta\/\"><u>POLEAS DE CORREA V Poleas de correa de agarre con bujes c\u00f3nicos divididos TA &gt;&gt;<\/u><\/a><br \/>\n<a href=\"https:\/\/www.hitbelt.com\/es\/stbtb\/\"><u>POLEAS DE CORREA V Poleas de correa de agarre con bujes c\u00f3nicos divididos TB &gt;&gt;<\/u><\/a><br \/>\n<a href=\"https:\/\/www.hitbelt.com\/es\/stbb\/\"><u>POLEAS DE CORREA V Poleas de correa de agarre con bujes c\u00f3nicos divididos B &gt;&gt;<\/u><\/a><br \/>\n<a href=\"https:\/\/www.hitbelt.com\/es\/qdabb\/\"><u>POLEAS DE CORREA V QD Poleas para correas \u201cA\u201d y \u201cB\u201d B &gt;&gt;<\/u><\/a><br \/>\n<a href=\"https:\/\/www.hitbelt.com\/es\/tbtc\/\"><u>POLEAS DE CORREA V Poleas de correa de agarre con bujes c\u00f3nicos divididos TC &gt;&gt;<\/u><\/a><br \/>\n<a href=\"https:\/\/www.hitbelt.com\/es\/tbc\/\"><u>POLEAS DE CORREA V Poleas de correa de agarre con bujes c\u00f3nicos divididos C &gt;&gt;<\/u><\/a><br \/>\n<a href=\"https:\/\/www.hitbelt.com\/es\/qdc\/\"><u>POLEAS DE CORREA V Poleas QD para correas \u201cC\u201d &gt;&gt;<\/u><\/a><br \/>\n<a href=\"https:\/\/www.hitbelt.com\/es\/qdd\/\"><u>POLEAS PARA CORREAS V Poleas QD para correas \u201cD\u201d &gt;&gt;<\/u><\/a><\/p>\n<p><b>\u00a0<\/b>Buje TB ensamblado con polea ABCD de 3V 5V 8V<\/p>\n<p><a href=\"https:\/\/www.hitbelt.com\/es\/tbssab\/\"><u>POLEAS DE CORREA V Poleas de correa de agarre con casquillo c\u00f3nico Poleas originales A\/B &gt;&gt;<\/u><\/a><br \/>\n<a href=\"https:\/\/www.hitbelt.com\/es\/tbssc\/\"><u>POLEAS DE CORREA V Poleas de correa de agarre con poleas con casquillo c\u00f3nico C &gt;&gt;<\/u><\/a><br \/>\n<a href=\"https:\/\/www.hitbelt.com\/es\/tbssd\/\"><u>POLEAS DE CORREA V Poleas de correa de agarre con poleas con casquillo c\u00f3nico D &gt;&gt;<\/u><\/a><br \/>\n<a href=\"https:\/\/www.hitbelt.com\/es\/tbss3v\/\"><u>POLEAS DE CORREA EN V Poleas de correa de agarre con poleas con casquillo c\u00f3nico 3V &gt;&gt;<\/u><\/a><br \/>\n<a href=\"https:\/\/www.hitbelt.com\/es\/tbss5v\/\"><u>POLEAS DE CORREA EN V Poleas de correa de agarre con poleas con casquillo c\u00f3nico 5V &gt;&gt;<\/u><\/a><br \/>\n<a href=\"https:\/\/www.hitbelt.com\/es\/tbss8v\/\"><u>POLEAS DE CORREA V Poleas de correa de agarre con poleas con casquillo c\u00f3nico 8V &gt;&gt;<\/u><\/a><\/p>\n<p>Polea de velocidad ajustable<\/p>\n<p><a href=\"https:\/\/www.hitbelt.com\/es\/asp1vp\/\"><u>POLEAS DE CORREA V Poleas de velocidad variable 1VP &gt;&gt;<\/u><\/a><br \/>\n<a href=\"https:\/\/www.hitbelt.com\/es\/asp2vp\/\"><u>POLEAS DE CORREA V Poleas de velocidad variable 2VP &gt;&gt;<\/u><\/a><br \/>\n<a href=\"https:\/\/www.hitbelt.com\/es\/asp1vlm\/\"><u>POLEAS DE CORREA V Poleas de velocidad variable 1VL,1VM &gt;&gt;<\/u><\/a><\/p>\n<\/div>\n<\/div>\n<\/div>","protected":false},"excerpt":{"rendered":"<p>Rango de producci\u00f3n ANSI RMA\/MPTA Est\u00e1ndar Est\u00e1ndar Di\u00e1metro interior de la polea POLEAS DE CORREA EN V Poleas de hierro fundido AK &gt;&gt; POLEAS DE CORREA EN V Poleas de hierro fundido AKH &gt;&gt; POLEAS DE CORREA EN V Fundici\u00f3n<span class=\"excerpt-hellip\"> [\u2026]<\/span><\/p>","protected":false},"featured_media":1686,"comment_status":"closed","ping_status":"closed","template":"","meta":{"_acf_changed":false,"_joinchat":[]},"product_brand":[],"product_cat":[115],"product_tag":[125],"class_list":{"0":"post-1685","1":"product","2":"type-product","3":"status-publish","4":"has-post-thumbnail","6":"product_cat-metal-pats","7":"product_tag-v-belt-pulleys","9":"first","10":"instock","11":"shipping-taxable","12":"product-type-simple"},"acf":[],"_links":{"self":[{"href":"https:\/\/www.hitbelt.com\/es\/wp-json\/wp\/v2\/product\/1685","targetHints":{"allow":["GET"]}}],"collection":[{"href":"https:\/\/www.hitbelt.com\/es\/wp-json\/wp\/v2\/product"}],"about":[{"href":"https:\/\/www.hitbelt.com\/es\/wp-json\/wp\/v2\/types\/product"}],"replies":[{"embeddable":true,"href":"https:\/\/www.hitbelt.com\/es\/wp-json\/wp\/v2\/comments?post=1685"}],"wp:featuredmedia":[{"embeddable":true,"href":"https:\/\/www.hitbelt.com\/es\/wp-json\/wp\/v2\/media\/1686"}],"wp:attachment":[{"href":"https:\/\/www.hitbelt.com\/es\/wp-json\/wp\/v2\/media?parent=1685"}],"wp:term":[{"taxonomy":"product_brand","embeddable":true,"href":"https:\/\/www.hitbelt.com\/es\/wp-json\/wp\/v2\/product_brand?post=1685"},{"taxonomy":"product_cat","embeddable":true,"href":"https:\/\/www.hitbelt.com\/es\/wp-json\/wp\/v2\/product_cat?post=1685"},{"taxonomy":"product_tag","embeddable":true,"href":"https:\/\/www.hitbelt.com\/es\/wp-json\/wp\/v2\/product_tag?post=1685"}],"curies":[{"name":"wp","href":"https:\/\/api.w.org\/{rel}","templated":true}]}}