{"id":1661,"date":"2023-07-17T07:56:17","date_gmt":"2023-07-17T07:56:17","guid":{"rendered":"https:\/\/www.hitbelt.com\/?post_type=product&#038;p=1661"},"modified":"2024-02-18T08:49:50","modified_gmt":"2024-02-18T08:49:50","slug":"finished-bore-steel-stock-spur-gears","status":"publish","type":"product","link":"https:\/\/www.hitbelt.com\/es\/producto\/finished-bore-steel-stock-spur-gears","title":{"rendered":"Engranajes rectos de acero con orificio terminado"},"content":{"rendered":"<p>Miles de engranajes eliminan los costos de retrabajo y garantizan una verdadera precisi\u00f3n de funcionamiento en todo momento.<\/p>\n<h4 class=\"artview_title\"><strong>Gama de producci\u00f3n<\/strong><\/h4>\n<div class=\"news_content\">\n<div id=\"div2\">\n<div class=\"news_content\">\n<div id=\"div2\">\n<div class=\"news_content\">\n<div id=\"div2\">\n<table class=\"excel680\" cellspacing=\"0\" cellpadding=\"0\">\n<colgroup>\n<col width=\"103\" \/>\n<col width=\"70\" \/>\n<col width=\"69\" \/>\n<col width=\"113\" \/>\n<col width=\"57\" \/>\n<col width=\"61\" \/><\/colgroup>\n<tbody>\n<tr>\n<td class=\"excel695\" width=\"103\">Tipo<\/td>\n<td class=\"excel695\" width=\"70\">Material<\/td>\n<td class=\"excel695\" width=\"69\">Angulo de PRESION<\/td>\n<td class=\"excel695\" width=\"113\">Rango de tono<\/td>\n<td class=\"excel695\" width=\"57\">Rango de dientes<\/td>\n<td class=\"excel695\" width=\"61\">Rango de di\u00e1metro<\/td>\n<\/tr>\n<tr>\n<td class=\"excel689\">Estimular, min. Di\u00e1metro interior (paso fino)<\/td>\n<td class=\"excel690\">Acero<\/td>\n<td class=\"excel690\">14 1\/2\u00b0<\/td>\n<td class=\"excel690\">32, 24, 20<\/td>\n<td class=\"excel690\">11 &#8211; 200<\/td>\n<td class=\"excel690\">3\/32 &#8211; 1<\/td>\n<\/tr>\n<tr>\n<td class=\"excel693\">Estimular, min. Aburrir<\/td>\n<td class=\"excel692\" rowspan=\"3\">Acero y hierro fundido<\/td>\n<td class=\"excel694\" rowspan=\"3\">14 1\/2<\/td>\n<td class=\"excel692\">16,12,19,8,6,5,4,3<\/td>\n<td class=\"excel692\">11 &#8211; 200<\/td>\n<td class=\"excel692\">3\/8 &#8211; 3 5\/8<\/td>\n<\/tr>\n<tr>\n<td class=\"excel693\">Estimular, Fin. Aburrir<\/td>\n<td class=\"excel692\">20,16,12,10,8,6<\/td>\n<td class=\"excel692\">11 &#8211; 35<\/td>\n<td class=\"excel692\">1\/4 &#8211; 1 1\/4<\/td>\n<\/tr>\n<tr>\n<td class=\"excel693\">Espol\u00f3n, tipo buje<\/td>\n<td class=\"excel692\">16,12,19,8,6,5,4,3<\/td>\n<td class=\"excel692\">15 &#8211; 200<\/td>\n<td class=\"excel692\">3\/8 &#8211; 4 1\/4<\/td>\n<\/tr>\n<tr>\n<td class=\"excel689\">Estimular, min. Aburrir<\/td>\n<td class=\"excel690\" rowspan=\"3\">Acero y hierro fundido<\/td>\n<td class=\"excel690\" rowspan=\"3\">20<\/td>\n<td class=\"excel690\">20,16,12,10,8,6,5,4<\/td>\n<td class=\"excel690\">12 &#8211; 240<\/td>\n<td class=\"excel690\">5\/16 &#8211; 3 5\/8<\/td>\n<\/tr>\n<tr>\n<td class=\"excel689\">Estimular, Fin. Aburrir<\/td>\n<td class=\"excel690\">20,16,12,10,8,6<\/td>\n<td class=\"excel690\">12 &#8211; 40<\/td>\n<td class=\"excel690\">1\/4 &#8211; 1 1\/4<\/td>\n<\/tr>\n<tr>\n<td class=\"excel689\">Espol\u00f3n, tipo buje<\/td>\n<td class=\"excel690\">16,12,19,8,6,5,4<\/td>\n<td class=\"excel690\">18 &#8211; 240<\/td>\n<td class=\"excel690\">3\/8 &#8211; 4 1\/4<\/td>\n<\/tr>\n<tr>\n<td class=\"excel693\">Estimular, cambiar de marcha<\/td>\n<td class=\"excel692\">Acero<\/td>\n<td class=\"excel694\">14 1\/2<\/td>\n<td class=\"excel692\">20,16,12,10,8<\/td>\n<td class=\"excel692\">20 &#8211; 129<\/td>\n<td class=\"excel692\">5\/8 &#8211; 1 3\/8**<\/td>\n<\/tr>\n<tr>\n<td class=\"excel693\" rowspan=\"2\">Estante<\/td>\n<td class=\"excel692\">Acero<\/td>\n<td class=\"excel694\">14 1\/2<\/td>\n<td class=\"excel692\">32,24,20,16,12,10,8,6,5,4,3<\/td>\n<td class=\"excel692\">\/<\/td>\n<td class=\"excel692\">\/<\/td>\n<\/tr>\n<tr>\n<td class=\"excel692\">Acero<\/td>\n<td class=\"excel692\">20<\/td>\n<td class=\"excel692\">20,16,12,10,8,6,5,4<\/td>\n<td class=\"excel692\">\/<\/td>\n<td class=\"excel692\">\/<\/td>\n<\/tr>\n<tr>\n<td class=\"excel689\" rowspan=\"2\">Estimular, min. Aburrir<\/td>\n<td class=\"excel690\" rowspan=\"2\">No-metalico<\/td>\n<td class=\"excel691\">14 1\/2<\/td>\n<td class=\"excel690\">16,12,19,8,6,5<\/td>\n<td class=\"excel690\">12 &#8211; 96<\/td>\n<td class=\"excel690\">3\/8 &#8211; 2 1\/4<\/td>\n<\/tr>\n<tr>\n<td class=\"excel690\">20<\/td>\n<td class=\"excel690\">16,12,8<\/td>\n<td class=\"excel690\">15 &#8211; 24<\/td>\n<td class=\"excel690\">3\/8 &#8211; 1 3\/4<\/td>\n<\/tr>\n<\/tbody>\n<\/table>\n<\/div>\n<\/div>\n<\/div>\n<\/div>\n<\/div>\n<\/div>","protected":false},"excerpt":{"rendered":"<p><strong>Caracter\u00edstica\/Ventaja<\/strong><br \/>\n\u2013 La profundidad adicional de los dientes y los radios m\u00e1s grandes proporcionan dientes m\u00e1s fuertes, un dep\u00f3sito de lubricaci\u00f3n m\u00e1s profundo y m\u00e1s espacio libre.<br \/>\n\u2013 Muchos engranajes c\u00f3nicos est\u00e1n disponibles endurecidos para una vida m\u00e1s larga.<br \/>\n\u2013 Muchos tama\u00f1os de dientes impares.<\/p>","protected":false},"featured_media":2641,"comment_status":"closed","ping_status":"closed","template":"","meta":{"_acf_changed":false,"_joinchat":[]},"product_brand":[],"product_cat":[115],"product_tag":[124],"class_list":{"0":"post-1661","1":"product","2":"type-product","3":"status-publish","4":"has-post-thumbnail","6":"product_cat-metal-pats","7":"product_tag-gears","9":"first","10":"instock","11":"shipping-taxable","12":"product-type-simple"},"acf":[],"_links":{"self":[{"href":"https:\/\/www.hitbelt.com\/es\/wp-json\/wp\/v2\/product\/1661","targetHints":{"allow":["GET"]}}],"collection":[{"href":"https:\/\/www.hitbelt.com\/es\/wp-json\/wp\/v2\/product"}],"about":[{"href":"https:\/\/www.hitbelt.com\/es\/wp-json\/wp\/v2\/types\/product"}],"replies":[{"embeddable":true,"href":"https:\/\/www.hitbelt.com\/es\/wp-json\/wp\/v2\/comments?post=1661"}],"wp:featuredmedia":[{"embeddable":true,"href":"https:\/\/www.hitbelt.com\/es\/wp-json\/wp\/v2\/media\/2641"}],"wp:attachment":[{"href":"https:\/\/www.hitbelt.com\/es\/wp-json\/wp\/v2\/media?parent=1661"}],"wp:term":[{"taxonomy":"product_brand","embeddable":true,"href":"https:\/\/www.hitbelt.com\/es\/wp-json\/wp\/v2\/product_brand?post=1661"},{"taxonomy":"product_cat","embeddable":true,"href":"https:\/\/www.hitbelt.com\/es\/wp-json\/wp\/v2\/product_cat?post=1661"},{"taxonomy":"product_tag","embeddable":true,"href":"https:\/\/www.hitbelt.com\/es\/wp-json\/wp\/v2\/product_tag?post=1661"}],"curies":[{"name":"wp","href":"https:\/\/api.w.org\/{rel}","templated":true}]}}