{"id":1660,"date":"2023-07-17T07:53:51","date_gmt":"2023-07-17T07:53:51","guid":{"rendered":"https:\/\/www.hitbelt.com\/?post_type=product&#038;p=1660"},"modified":"2024-02-18T09:37:21","modified_gmt":"2024-02-18T09:37:21","slug":"stock-bore-machined-gear-racks","status":"publish","type":"product","link":"https:\/\/www.hitbelt.com\/es\/producto\/stock-bore-machined-gear-racks","title":{"rendered":"Cremalleras de engranajes mecanizados de di\u00e1metro interior"},"content":{"rendered":"<p>Miles de engranajes eliminan los costos de retrabajo y garantizan una verdadera precisi\u00f3n de funcionamiento en todo momento.<\/p>\n<div class=\"news_content\">\n<div id=\"div2\">\n<div class=\"news_content\">\n<div id=\"div2\"><\/div>\n<\/div>\n<\/div>\n<\/div>","protected":false},"excerpt":{"rendered":"<p><strong>Caracter\u00edstica\/Ventaja<\/strong><br \/>\n\u2013 La profundidad adicional de los dientes y los radios m\u00e1s grandes proporcionan dientes m\u00e1s fuertes, un dep\u00f3sito de lubricaci\u00f3n m\u00e1s profundo y m\u00e1s espacio libre.<br \/>\n\u2013 Muchos engranajes c\u00f3nicos est\u00e1n disponibles endurecidos para una vida m\u00e1s larga.<br \/>\n\u2013 Muchos tama\u00f1os de dientes impares.<\/p>","protected":false},"featured_media":2642,"comment_status":"closed","ping_status":"closed","template":"","meta":{"_acf_changed":false,"_joinchat":[]},"product_brand":[],"product_cat":[115],"product_tag":[124],"class_list":{"0":"post-1660","1":"product","2":"type-product","3":"status-publish","4":"has-post-thumbnail","6":"product_cat-metal-pats","7":"product_tag-gears","9":"first","10":"instock","11":"shipping-taxable","12":"product-type-simple"},"acf":[],"_links":{"self":[{"href":"https:\/\/www.hitbelt.com\/es\/wp-json\/wp\/v2\/product\/1660","targetHints":{"allow":["GET"]}}],"collection":[{"href":"https:\/\/www.hitbelt.com\/es\/wp-json\/wp\/v2\/product"}],"about":[{"href":"https:\/\/www.hitbelt.com\/es\/wp-json\/wp\/v2\/types\/product"}],"replies":[{"embeddable":true,"href":"https:\/\/www.hitbelt.com\/es\/wp-json\/wp\/v2\/comments?post=1660"}],"wp:featuredmedia":[{"embeddable":true,"href":"https:\/\/www.hitbelt.com\/es\/wp-json\/wp\/v2\/media\/2642"}],"wp:attachment":[{"href":"https:\/\/www.hitbelt.com\/es\/wp-json\/wp\/v2\/media?parent=1660"}],"wp:term":[{"taxonomy":"product_brand","embeddable":true,"href":"https:\/\/www.hitbelt.com\/es\/wp-json\/wp\/v2\/product_brand?post=1660"},{"taxonomy":"product_cat","embeddable":true,"href":"https:\/\/www.hitbelt.com\/es\/wp-json\/wp\/v2\/product_cat?post=1660"},{"taxonomy":"product_tag","embeddable":true,"href":"https:\/\/www.hitbelt.com\/es\/wp-json\/wp\/v2\/product_tag?post=1660"}],"curies":[{"name":"wp","href":"https:\/\/api.w.org\/{rel}","templated":true}]}}