{"id":1659,"date":"2023-07-17T07:50:07","date_gmt":"2023-07-17T07:50:07","guid":{"rendered":"https:\/\/www.hitbelt.com\/?post_type=product&#038;p=1659"},"modified":"2023-07-17T07:51:31","modified_gmt":"2023-07-17T07:51:31","slug":"stock-bore-cast-iron-stock-spur-gears","status":"publish","type":"product","link":"https:\/\/www.hitbelt.com\/es\/producto\/stock-bore-cast-iron-stock-spur-gears","title":{"rendered":"Engranajes rectos originales de hierro fundido con orificio com\u00fan"},"content":{"rendered":"<p>Miles de engranajes eliminan los costos de retrabajo y garantizan una verdadera precisi\u00f3n de funcionamiento en todo momento.<\/p>\n<h4 class=\"artview_title\"><strong>Gama de producci\u00f3n<\/strong><\/h4>\n<div class=\"news_content\">\n<div id=\"div2\">\n<div class=\"news_content\">\n<div id=\"div2\">\n<table class=\"excel688\" cellspacing=\"0\" cellpadding=\"0\">\n<colgroup>\n<col width=\"103\" \/>\n<col width=\"70\" \/>\n<col width=\"69\" \/>\n<col width=\"113\" \/>\n<col width=\"57\" \/>\n<col width=\"61\" \/><\/colgroup>\n<tbody>\n<tr>\n<td class=\"excel700\" width=\"103\">Tipo<\/td>\n<td class=\"excel700\" width=\"70\">Material<\/td>\n<td class=\"excel700\" width=\"69\">Angulo de PRESION<\/td>\n<td class=\"excel700\" width=\"113\">Rango de tono<\/td>\n<td class=\"excel700\" width=\"57\">Rango de dientes<\/td>\n<td class=\"excel701\" width=\"61\">Rango de di\u00e1metro<\/td>\n<\/tr>\n<tr>\n<td class=\"excel702\">Estimular, min. Aburrir<\/td>\n<td class=\"excel697\" rowspan=\"3\">Acero y hierro fundido<\/td>\n<td class=\"excel703\" rowspan=\"3\">14 1\/2<\/td>\n<td class=\"excel697\">16,12,19,8,6,5,4,3<\/td>\n<td class=\"excel697\">11 &#8211; 200<\/td>\n<td class=\"excel697\">3\/8 &#8211; 3 5\/8<\/td>\n<\/tr>\n<tr>\n<td class=\"excel702\">Estimular, Fin. Aburrir<\/td>\n<td class=\"excel697\">20,16,12,10,8,6<\/td>\n<td class=\"excel697\">11 &#8211; 35<\/td>\n<td class=\"excel697\">1\/4 &#8211; 1 1\/4<\/td>\n<\/tr>\n<tr>\n<td class=\"excel702\">Espol\u00f3n, tipo buje<\/td>\n<td class=\"excel697\">16,12,19,8,6,5,4,3<\/td>\n<td class=\"excel697\">15 &#8211; 200<\/td>\n<td class=\"excel697\">3\/8 &#8211; 4 1\/4<\/td>\n<\/tr>\n<tr>\n<td class=\"excel699\">Estimular, min. Aburrir<\/td>\n<td class=\"excel698\" rowspan=\"3\">Acero y hierro fundido<\/td>\n<td class=\"excel698\" rowspan=\"3\">20<\/td>\n<td class=\"excel698\">20,16,12,10,8,6,5,4<\/td>\n<td class=\"excel698\">12 &#8211; 240<\/td>\n<td class=\"excel698\">5\/16 &#8211; 3 5\/8<\/td>\n<\/tr>\n<tr>\n<td class=\"excel699\">Estimular, Fin. Aburrir<\/td>\n<td class=\"excel698\">20,16,12,10,8,6<\/td>\n<td class=\"excel698\">12 &#8211; 40<\/td>\n<td class=\"excel698\">1\/4 &#8211; 1 1\/4<\/td>\n<\/tr>\n<tr>\n<td class=\"excel699\">Espol\u00f3n, tipo buje<\/td>\n<td class=\"excel698\">16,12,19,8,6,5,4<\/td>\n<td class=\"excel698\">18 &#8211; 240<\/td>\n<td class=\"excel698\">3\/8 &#8211; 4 1\/4<\/td>\n<\/tr>\n<\/tbody>\n<\/table>\n<\/div>\n<\/div>\n<\/div>\n<\/div>","protected":false},"excerpt":{"rendered":"<p><strong>Caracter\u00edstica\/Ventaja<\/strong><br \/>\n\u2013 La profundidad adicional de los dientes y los radios m\u00e1s grandes proporcionan dientes m\u00e1s fuertes, un dep\u00f3sito de lubricaci\u00f3n m\u00e1s profundo y m\u00e1s espacio libre.<br \/>\n\u2013 Muchos engranajes c\u00f3nicos est\u00e1n disponibles endurecidos para una vida m\u00e1s larga.<br \/>\n\u2013 Muchos tama\u00f1os de dientes impares.<\/p>","protected":false},"featured_media":2331,"comment_status":"closed","ping_status":"closed","template":"","meta":{"_acf_changed":false,"_joinchat":[]},"product_brand":[],"product_cat":[115],"product_tag":[124],"class_list":{"0":"post-1659","1":"product","2":"type-product","3":"status-publish","4":"has-post-thumbnail","6":"product_cat-metal-pats","7":"product_tag-gears","9":"first","10":"instock","11":"shipping-taxable","12":"product-type-simple"},"acf":[],"_links":{"self":[{"href":"https:\/\/www.hitbelt.com\/es\/wp-json\/wp\/v2\/product\/1659","targetHints":{"allow":["GET"]}}],"collection":[{"href":"https:\/\/www.hitbelt.com\/es\/wp-json\/wp\/v2\/product"}],"about":[{"href":"https:\/\/www.hitbelt.com\/es\/wp-json\/wp\/v2\/types\/product"}],"replies":[{"embeddable":true,"href":"https:\/\/www.hitbelt.com\/es\/wp-json\/wp\/v2\/comments?post=1659"}],"wp:featuredmedia":[{"embeddable":true,"href":"https:\/\/www.hitbelt.com\/es\/wp-json\/wp\/v2\/media\/2331"}],"wp:attachment":[{"href":"https:\/\/www.hitbelt.com\/es\/wp-json\/wp\/v2\/media?parent=1659"}],"wp:term":[{"taxonomy":"product_brand","embeddable":true,"href":"https:\/\/www.hitbelt.com\/es\/wp-json\/wp\/v2\/product_brand?post=1659"},{"taxonomy":"product_cat","embeddable":true,"href":"https:\/\/www.hitbelt.com\/es\/wp-json\/wp\/v2\/product_cat?post=1659"},{"taxonomy":"product_tag","embeddable":true,"href":"https:\/\/www.hitbelt.com\/es\/wp-json\/wp\/v2\/product_tag?post=1659"}],"curies":[{"name":"wp","href":"https:\/\/api.w.org\/{rel}","templated":true}]}}