{"id":1607,"date":"2023-07-17T06:58:39","date_gmt":"2023-07-17T06:58:39","guid":{"rendered":"https:\/\/www.hitbelt.com\/?post_type=product&#038;p=1607"},"modified":"2025-06-24T01:59:47","modified_gmt":"2025-06-24T01:59:47","slug":"taper-bore","status":"publish","type":"product","link":"https:\/\/www.hitbelt.com\/es\/producto\/taper-bore","title":{"rendered":"Agujero c\u00f3nico"},"content":{"rendered":"<p><b>Instalaci\u00f3n y uso de bujes c\u00f3nicos y poleas de correa Taper-Lock<\/b><\/p>\n<p><img loading=\"lazy\" decoding=\"async\" class=\"alignnone size-medium wp-image-1608\" src=\"https:\/\/www.hitbelt.com\/wp-content\/uploads\/2023\/07\/timing-belt-pulley-15-500x232.gif\" alt=\"\" width=\"500\" height=\"232\" srcset=\"https:\/\/www.hitbelt.com\/wp-content\/uploads\/2023\/07\/timing-belt-pulley-15-500x232.gif 500w, https:\/\/www.hitbelt.com\/wp-content\/uploads\/2023\/07\/timing-belt-pulley-15-18x8.gif 18w, https:\/\/www.hitbelt.com\/wp-content\/uploads\/2023\/07\/timing-belt-pulley-15-150x70.gif 150w, https:\/\/www.hitbelt.com\/wp-content\/uploads\/2023\/07\/timing-belt-pulley-15-480x223.gif 480w\" sizes=\"auto, (max-width:767px) 480px, 500px\" \/><\/p>\n<p>&nbsp;<\/p>\n<p>Ejemplo de marca<\/p>\n<p><img loading=\"lazy\" decoding=\"async\" class=\"alignnone size-full wp-image-1610\" src=\"https:\/\/www.hitbelt.com\/wp-content\/uploads\/2023\/07\/timing-belt-pulley-16.gif\" alt=\"\" width=\"282\" height=\"126\" \/><\/p>\n<p>&nbsp;<\/p>\n<p align=\"left\">Tipo de estructura b\u00e1sica de poleas de distribuci\u00f3n<\/p>\n<p align=\"left\"><img loading=\"lazy\" decoding=\"async\" class=\"alignnone size-medium wp-image-1611\" src=\"https:\/\/www.hitbelt.com\/wp-content\/uploads\/2023\/07\/timing-belt-pulley-17-500x244.gif\" alt=\"\" width=\"500\" height=\"244\" srcset=\"https:\/\/www.hitbelt.com\/wp-content\/uploads\/2023\/07\/timing-belt-pulley-17-500x244.gif 500w, https:\/\/www.hitbelt.com\/wp-content\/uploads\/2023\/07\/timing-belt-pulley-17-18x9.gif 18w, https:\/\/www.hitbelt.com\/wp-content\/uploads\/2023\/07\/timing-belt-pulley-17-150x73.gif 150w, https:\/\/www.hitbelt.com\/wp-content\/uploads\/2023\/07\/timing-belt-pulley-17-480x234.gif 480w\" sizes=\"auto, (max-width:767px) 480px, 500px\" \/><\/p>\n<p align=\"left\"><img loading=\"lazy\" decoding=\"async\" class=\"alignnone size-medium wp-image-1612\" src=\"https:\/\/www.hitbelt.com\/wp-content\/uploads\/2023\/07\/timing-belt-pulley-18-500x293.gif\" alt=\"\" width=\"500\" height=\"293\" srcset=\"https:\/\/www.hitbelt.com\/wp-content\/uploads\/2023\/07\/timing-belt-pulley-18-500x293.gif 500w, https:\/\/www.hitbelt.com\/wp-content\/uploads\/2023\/07\/timing-belt-pulley-18-18x12.gif 18w, https:\/\/www.hitbelt.com\/wp-content\/uploads\/2023\/07\/timing-belt-pulley-18-128x75.gif 128w, https:\/\/www.hitbelt.com\/wp-content\/uploads\/2023\/07\/timing-belt-pulley-18-480x281.gif 480w\" sizes=\"auto, (max-width:767px) 480px, 500px\" \/><\/p>\n<p align=\"left\"><img loading=\"lazy\" decoding=\"async\" class=\"alignnone size-medium wp-image-1613\" src=\"https:\/\/www.hitbelt.com\/wp-content\/uploads\/2023\/07\/timing-belt-pulley-19-500x275.gif\" alt=\"\" width=\"500\" height=\"275\" srcset=\"https:\/\/www.hitbelt.com\/wp-content\/uploads\/2023\/07\/timing-belt-pulley-19-500x275.gif 500w, https:\/\/www.hitbelt.com\/wp-content\/uploads\/2023\/07\/timing-belt-pulley-19-18x10.gif 18w, https:\/\/www.hitbelt.com\/wp-content\/uploads\/2023\/07\/timing-belt-pulley-19-136x75.gif 136w, https:\/\/www.hitbelt.com\/wp-content\/uploads\/2023\/07\/timing-belt-pulley-19-480x264.gif 480w\" sizes=\"auto, (max-width:767px) 480px, 500px\" \/><\/p>\n<p align=\"left\"><img loading=\"lazy\" decoding=\"async\" class=\"alignnone size-medium wp-image-1614\" src=\"https:\/\/www.hitbelt.com\/wp-content\/uploads\/2023\/07\/timing-belt-pulley-20-500x287.gif\" alt=\"\" width=\"500\" height=\"287\" srcset=\"https:\/\/www.hitbelt.com\/wp-content\/uploads\/2023\/07\/timing-belt-pulley-20-500x287.gif 500w, https:\/\/www.hitbelt.com\/wp-content\/uploads\/2023\/07\/timing-belt-pulley-20-18x10.gif 18w, https:\/\/www.hitbelt.com\/wp-content\/uploads\/2023\/07\/timing-belt-pulley-20-131x75.gif 131w, https:\/\/www.hitbelt.com\/wp-content\/uploads\/2023\/07\/timing-belt-pulley-20-480x276.gif 480w\" sizes=\"auto, (max-width:767px) 480px, 500px\" \/><\/p>\n<p align=\"left\"><img loading=\"lazy\" decoding=\"async\" class=\"alignnone size-medium wp-image-1615\" src=\"https:\/\/www.hitbelt.com\/wp-content\/uploads\/2023\/07\/timing-belt-pulley-21-500x328.gif\" alt=\"\" width=\"500\" height=\"328\" srcset=\"https:\/\/www.hitbelt.com\/wp-content\/uploads\/2023\/07\/timing-belt-pulley-21-500x328.gif 500w, https:\/\/www.hitbelt.com\/wp-content\/uploads\/2023\/07\/timing-belt-pulley-21-18x12.gif 18w, https:\/\/www.hitbelt.com\/wp-content\/uploads\/2023\/07\/timing-belt-pulley-21-114x75.gif 114w, https:\/\/www.hitbelt.com\/wp-content\/uploads\/2023\/07\/timing-belt-pulley-21-480x315.gif 480w\" sizes=\"auto, (max-width:767px) 480px, 500px\" \/><\/p>\n<p align=\"left\"><img loading=\"lazy\" decoding=\"async\" class=\"alignnone size-medium wp-image-1616\" src=\"https:\/\/www.hitbelt.com\/wp-content\/uploads\/2023\/07\/timing-belt-pulley-22-500x288.gif\" alt=\"\" width=\"500\" height=\"288\" srcset=\"https:\/\/www.hitbelt.com\/wp-content\/uploads\/2023\/07\/timing-belt-pulley-22-500x288.gif 500w, https:\/\/www.hitbelt.com\/wp-content\/uploads\/2023\/07\/timing-belt-pulley-22-18x10.gif 18w, https:\/\/www.hitbelt.com\/wp-content\/uploads\/2023\/07\/timing-belt-pulley-22-130x75.gif 130w, https:\/\/www.hitbelt.com\/wp-content\/uploads\/2023\/07\/timing-belt-pulley-22-480x276.gif 480w\" sizes=\"auto, (max-width:767px) 480px, 500px\" \/><\/p>\n<p align=\"left\">\n<p align=\"left\"><a  class=\"button  button_size_2\"  href=\"https:\/\/www.hitbelt.com\/es\/bicycles\/taper-bore\/\" target=\"_blank\"   ><span class=\"button_label\">Consultar tallas disponibles<\/span><\/a>\n<\/p>","protected":false},"excerpt":{"rendered":"<p>Instalaci\u00f3n y uso de bujes c\u00f3nicos y poleas de correa Taper-Lock Ejemplo de marca Tipo de estructura b\u00e1sica de poleas de distribuci\u00f3n<\/p>","protected":false},"featured_media":2337,"comment_status":"closed","ping_status":"closed","template":"","meta":{"_acf_changed":false,"_joinchat":[]},"product_brand":[],"product_cat":[115],"product_tag":[123],"class_list":{"0":"post-1607","1":"product","2":"type-product","3":"status-publish","4":"has-post-thumbnail","6":"product_cat-metal-pats","7":"product_tag-timing-belt-pulleys","9":"first","10":"instock","11":"shipping-taxable","12":"product-type-simple"},"acf":[],"_links":{"self":[{"href":"https:\/\/www.hitbelt.com\/es\/wp-json\/wp\/v2\/product\/1607","targetHints":{"allow":["GET"]}}],"collection":[{"href":"https:\/\/www.hitbelt.com\/es\/wp-json\/wp\/v2\/product"}],"about":[{"href":"https:\/\/www.hitbelt.com\/es\/wp-json\/wp\/v2\/types\/product"}],"replies":[{"embeddable":true,"href":"https:\/\/www.hitbelt.com\/es\/wp-json\/wp\/v2\/comments?post=1607"}],"wp:featuredmedia":[{"embeddable":true,"href":"https:\/\/www.hitbelt.com\/es\/wp-json\/wp\/v2\/media\/2337"}],"wp:attachment":[{"href":"https:\/\/www.hitbelt.com\/es\/wp-json\/wp\/v2\/media?parent=1607"}],"wp:term":[{"taxonomy":"product_brand","embeddable":true,"href":"https:\/\/www.hitbelt.com\/es\/wp-json\/wp\/v2\/product_brand?post=1607"},{"taxonomy":"product_cat","embeddable":true,"href":"https:\/\/www.hitbelt.com\/es\/wp-json\/wp\/v2\/product_cat?post=1607"},{"taxonomy":"product_tag","embeddable":true,"href":"https:\/\/www.hitbelt.com\/es\/wp-json\/wp\/v2\/product_tag?post=1607"}],"curies":[{"name":"wp","href":"https:\/\/api.w.org\/{rel}","templated":true}]}}