{"id":1581,"date":"2023-07-17T06:39:40","date_gmt":"2023-07-17T06:39:40","guid":{"rendered":"https:\/\/www.hitbelt.com\/?post_type=product&#038;p=1581"},"modified":"2025-05-23T07:14:49","modified_gmt":"2025-05-23T07:14:49","slug":"pilot-bore-tat","status":"publish","type":"product","link":"https:\/\/www.hitbelt.com\/es\/producto\/pilot-bore-tat","title":{"rendered":"Orificio piloto \u2013 T,AT"},"content":{"rendered":"<p><img loading=\"lazy\" decoding=\"async\" class=\"alignnone size-medium wp-image-1582\" src=\"https:\/\/www.hitbelt.com\/wp-content\/uploads\/2023\/07\/timing-belt-pulley-10-500x275.gif\" alt=\"\" width=\"500\" height=\"275\" srcset=\"https:\/\/www.hitbelt.com\/wp-content\/uploads\/2023\/07\/timing-belt-pulley-10-500x275.gif 500w, https:\/\/www.hitbelt.com\/wp-content\/uploads\/2023\/07\/timing-belt-pulley-10-18x10.gif 18w, https:\/\/www.hitbelt.com\/wp-content\/uploads\/2023\/07\/timing-belt-pulley-10-136x75.gif 136w, https:\/\/www.hitbelt.com\/wp-content\/uploads\/2023\/07\/timing-belt-pulley-10-480x264.gif 480w\" sizes=\"auto, (max-width:767px) 480px, 500px\" \/><\/p>\n<p>Ejemplo de marca<\/p>\n<p><img loading=\"lazy\" decoding=\"async\" class=\"alignnone size-full wp-image-1583\" src=\"https:\/\/www.hitbelt.com\/wp-content\/uploads\/2023\/07\/timing-belt-pulley-11.gif\" alt=\"\" width=\"348\" height=\"125\" \/><\/p>\n<p>Tipo de estructura b\u00e1sica de poleas de distribuci\u00f3n<\/p>\n<p><img loading=\"lazy\" decoding=\"async\" class=\"alignnone size-medium wp-image-1584\" src=\"https:\/\/www.hitbelt.com\/wp-content\/uploads\/2023\/07\/timing-belt-pulley-12-500x234.gif\" alt=\"\" width=\"500\" height=\"234\" srcset=\"https:\/\/www.hitbelt.com\/wp-content\/uploads\/2023\/07\/timing-belt-pulley-12-500x234.gif 500w, https:\/\/www.hitbelt.com\/wp-content\/uploads\/2023\/07\/timing-belt-pulley-12-18x8.gif 18w, https:\/\/www.hitbelt.com\/wp-content\/uploads\/2023\/07\/timing-belt-pulley-12-150x70.gif 150w, https:\/\/www.hitbelt.com\/wp-content\/uploads\/2023\/07\/timing-belt-pulley-12-480x225.gif 480w\" sizes=\"auto, (max-width:767px) 480px, 500px\" \/><\/p>\n<p>Potencia de la manguera de dise\u00f1o (factor de servicio de potencia de la manguera)<\/p>\n<p><img loading=\"lazy\" decoding=\"async\" class=\"alignnone size-medium wp-image-1586\" src=\"https:\/\/www.hitbelt.com\/wp-content\/uploads\/2023\/07\/timing-belt-pulley-13-500x335.jpg\" alt=\"\" width=\"500\" height=\"335\" srcset=\"https:\/\/www.hitbelt.com\/wp-content\/uploads\/2023\/07\/timing-belt-pulley-13-500x335.jpg 500w, https:\/\/www.hitbelt.com\/wp-content\/uploads\/2023\/07\/timing-belt-pulley-13-18x12.jpg 18w, https:\/\/www.hitbelt.com\/wp-content\/uploads\/2023\/07\/timing-belt-pulley-13-112x75.jpg 112w, https:\/\/www.hitbelt.com\/wp-content\/uploads\/2023\/07\/timing-belt-pulley-13-480x322.jpg 480w, https:\/\/www.hitbelt.com\/wp-content\/uploads\/2023\/07\/timing-belt-pulley-13.jpg 574w\" sizes=\"auto, (max-width:767px) 480px, 500px\" \/><\/p>\n<p><img loading=\"lazy\" decoding=\"async\" class=\"alignnone size-medium wp-image-1587\" src=\"https:\/\/www.hitbelt.com\/wp-content\/uploads\/2023\/07\/timing-belt-pulley-14-411x500.gif\" alt=\"\" width=\"411\" height=\"500\" srcset=\"https:\/\/www.hitbelt.com\/wp-content\/uploads\/2023\/07\/timing-belt-pulley-14-411x500.gif 411w, https:\/\/www.hitbelt.com\/wp-content\/uploads\/2023\/07\/timing-belt-pulley-14-10x12.gif 10w, https:\/\/www.hitbelt.com\/wp-content\/uploads\/2023\/07\/timing-belt-pulley-14-62x75.gif 62w\" sizes=\"auto, (max-width:767px) 411px, 411px\" \/><\/p>\n<a  class=\"button  button_size_2\"  href=\"https:\/\/www.hitbelt.com\/es\/bicycles\/pilot-bore-tat\/\" target=\"_blank\"   ><span class=\"button_label\">Consultar tallas disponibles<\/span><\/a>","protected":false},"excerpt":{"rendered":"<p>Ejemplo de marca Tipo de estructura b\u00e1sica de dise\u00f1o de poleas de distribuci\u00f3n Potencia de la manguera (Factor de servicio de potencia de la manguera)<\/p>","protected":false},"featured_media":2338,"comment_status":"closed","ping_status":"closed","template":"","meta":{"_acf_changed":false,"_joinchat":[]},"product_brand":[],"product_cat":[115],"product_tag":[123],"class_list":{"0":"post-1581","1":"product","2":"type-product","3":"status-publish","4":"has-post-thumbnail","6":"product_cat-metal-pats","7":"product_tag-timing-belt-pulleys","9":"first","10":"instock","11":"shipping-taxable","12":"product-type-simple"},"acf":[],"_links":{"self":[{"href":"https:\/\/www.hitbelt.com\/es\/wp-json\/wp\/v2\/product\/1581","targetHints":{"allow":["GET"]}}],"collection":[{"href":"https:\/\/www.hitbelt.com\/es\/wp-json\/wp\/v2\/product"}],"about":[{"href":"https:\/\/www.hitbelt.com\/es\/wp-json\/wp\/v2\/types\/product"}],"replies":[{"embeddable":true,"href":"https:\/\/www.hitbelt.com\/es\/wp-json\/wp\/v2\/comments?post=1581"}],"wp:featuredmedia":[{"embeddable":true,"href":"https:\/\/www.hitbelt.com\/es\/wp-json\/wp\/v2\/media\/2338"}],"wp:attachment":[{"href":"https:\/\/www.hitbelt.com\/es\/wp-json\/wp\/v2\/media?parent=1581"}],"wp:term":[{"taxonomy":"product_brand","embeddable":true,"href":"https:\/\/www.hitbelt.com\/es\/wp-json\/wp\/v2\/product_brand?post=1581"},{"taxonomy":"product_cat","embeddable":true,"href":"https:\/\/www.hitbelt.com\/es\/wp-json\/wp\/v2\/product_cat?post=1581"},{"taxonomy":"product_tag","embeddable":true,"href":"https:\/\/www.hitbelt.com\/es\/wp-json\/wp\/v2\/product_tag?post=1581"}],"curies":[{"name":"wp","href":"https:\/\/api.w.org\/{rel}","templated":true}]}}