{"id":1550,"date":"2023-07-17T06:15:05","date_gmt":"2023-07-17T06:15:05","guid":{"rendered":"https:\/\/www.hitbelt.com\/?post_type=product&#038;p=1550"},"modified":"2025-05-23T07:12:55","modified_gmt":"2025-05-23T07:12:55","slug":"pilot-bore-htd","status":"publish","type":"product","link":"https:\/\/www.hitbelt.com\/es\/producto\/pilot-bore-htd","title":{"rendered":"Orificio piloto \u2013 HTD"},"content":{"rendered":"<p align=\"left\">P = Paso es la distancia medida desde la l\u00ednea central entre dos dientes adyacentes de las poleas de sincronizaci\u00f3n.<br \/>\nDp = Di\u00e1metro del c\u00edrculo primitivo de la polea de distribuci\u00f3n.<br \/>\nDe = Di\u00e1metro exterior de la polea de distribuci\u00f3n.<\/p>\n<p align=\"left\"><img loading=\"lazy\" decoding=\"async\" class=\"alignnone size-full wp-image-1554\" src=\"https:\/\/www.hitbelt.com\/wp-content\/uploads\/2023\/07\/timing-belt-pulley-6.jpg\" alt=\"\" width=\"413\" height=\"310\" srcset=\"https:\/\/www.hitbelt.com\/wp-content\/uploads\/2023\/07\/timing-belt-pulley-6.jpg 413w, https:\/\/www.hitbelt.com\/wp-content\/uploads\/2023\/07\/timing-belt-pulley-6-16x12.jpg 16w, https:\/\/www.hitbelt.com\/wp-content\/uploads\/2023\/07\/timing-belt-pulley-6-100x75.jpg 100w\" sizes=\"auto, (max-width:767px) 413px, 413px\" \/><\/p>\n<h5 align=\"left\">Ejemplo de marca<\/h5>\n<p align=\"left\"><img loading=\"lazy\" decoding=\"async\" class=\"alignnone size-full wp-image-1555\" src=\"https:\/\/www.hitbelt.com\/wp-content\/uploads\/2023\/07\/timing-belt-pulley-7.gif\" alt=\"\" width=\"371\" height=\"125\" \/><\/p>\n<p align=\"left\">Tipo de estructura b\u00e1sica de poleas de distribuci\u00f3n<\/p>\n<p align=\"left\"><img loading=\"lazy\" decoding=\"async\" class=\"alignnone size-medium wp-image-1559\" src=\"https:\/\/www.hitbelt.com\/wp-content\/uploads\/2023\/07\/timing-belt-pulley-3-1-1-500x251.gif\" alt=\"\" width=\"500\" height=\"251\" srcset=\"https:\/\/www.hitbelt.com\/wp-content\/uploads\/2023\/07\/timing-belt-pulley-3-1-1-500x251.gif 500w, https:\/\/www.hitbelt.com\/wp-content\/uploads\/2023\/07\/timing-belt-pulley-3-1-1-18x9.gif 18w, https:\/\/www.hitbelt.com\/wp-content\/uploads\/2023\/07\/timing-belt-pulley-3-1-1-150x75.gif 150w, https:\/\/www.hitbelt.com\/wp-content\/uploads\/2023\/07\/timing-belt-pulley-3-1-1-480x241.gif 480w\" sizes=\"auto, (max-width:767px) 480px, 500px\" \/><\/p>\n<p align=\"left\"><img loading=\"lazy\" decoding=\"async\" class=\"alignnone size-medium wp-image-1560\" src=\"https:\/\/www.hitbelt.com\/wp-content\/uploads\/2023\/07\/timing-belt-pulley-4-1-1-500x246.gif\" alt=\"\" width=\"500\" height=\"246\" srcset=\"https:\/\/www.hitbelt.com\/wp-content\/uploads\/2023\/07\/timing-belt-pulley-4-1-1-500x246.gif 500w, https:\/\/www.hitbelt.com\/wp-content\/uploads\/2023\/07\/timing-belt-pulley-4-1-1-18x9.gif 18w, https:\/\/www.hitbelt.com\/wp-content\/uploads\/2023\/07\/timing-belt-pulley-4-1-1-150x75.gif 150w, https:\/\/www.hitbelt.com\/wp-content\/uploads\/2023\/07\/timing-belt-pulley-4-1-1-480x236.gif 480w\" sizes=\"auto, (max-width:767px) 480px, 500px\" \/><\/p>\n<p align=\"left\"><img loading=\"lazy\" decoding=\"async\" class=\"alignnone size-medium wp-image-1561\" src=\"https:\/\/www.hitbelt.com\/wp-content\/uploads\/2023\/07\/timing-belt-pulley-8-500x242.gif\" alt=\"\" width=\"500\" height=\"242\" srcset=\"https:\/\/www.hitbelt.com\/wp-content\/uploads\/2023\/07\/timing-belt-pulley-8-500x242.gif 500w, https:\/\/www.hitbelt.com\/wp-content\/uploads\/2023\/07\/timing-belt-pulley-8-18x9.gif 18w, https:\/\/www.hitbelt.com\/wp-content\/uploads\/2023\/07\/timing-belt-pulley-8-150x73.gif 150w, https:\/\/www.hitbelt.com\/wp-content\/uploads\/2023\/07\/timing-belt-pulley-8-480x233.gif 480w\" sizes=\"auto, (max-width:767px) 480px, 500px\" \/><\/p>\n<h5 align=\"left\">Potencia de la manguera de dise\u00f1o (factor de servicio de potencia de la manguera)<\/h5>\n<p align=\"left\"><img loading=\"lazy\" decoding=\"async\" class=\"alignnone size-medium wp-image-1562\" src=\"https:\/\/www.hitbelt.com\/wp-content\/uploads\/2023\/07\/timing-belt-pulley-9-500x366.jpg\" alt=\"\" width=\"500\" height=\"366\" srcset=\"https:\/\/www.hitbelt.com\/wp-content\/uploads\/2023\/07\/timing-belt-pulley-9-500x366.jpg 500w, https:\/\/www.hitbelt.com\/wp-content\/uploads\/2023\/07\/timing-belt-pulley-9-16x12.jpg 16w, https:\/\/www.hitbelt.com\/wp-content\/uploads\/2023\/07\/timing-belt-pulley-9-103x75.jpg 103w, https:\/\/www.hitbelt.com\/wp-content\/uploads\/2023\/07\/timing-belt-pulley-9-480x351.jpg 480w, https:\/\/www.hitbelt.com\/wp-content\/uploads\/2023\/07\/timing-belt-pulley-9.jpg 574w\" sizes=\"auto, (max-width:767px) 480px, 500px\" \/><\/p>\n<p align=\"left\"><a  class=\"button  button_size_2\"  href=\"https:\/\/www.hitbelt.com\/es\/pilot-bore-htd\/\" target=\"_blank\"   ><span class=\"button_label\">Consultar tallas disponibles<\/span><\/a>\n<\/p>","protected":false},"excerpt":{"rendered":"<p>P = Paso es la distancia medida desde la l\u00ednea central entre dos dientes adyacentes de las poleas de sincronizaci\u00f3n. Dp = Di\u00e1metro del c\u00edrculo primitivo de la polea de distribuci\u00f3n.<span class=\"excerpt-hellip\"> [\u2026]<\/span><\/p>","protected":false},"featured_media":2639,"comment_status":"closed","ping_status":"closed","template":"","meta":{"_acf_changed":false,"_joinchat":[]},"product_brand":[],"product_cat":[115],"product_tag":[123],"class_list":{"0":"post-1550","1":"product","2":"type-product","3":"status-publish","4":"has-post-thumbnail","6":"product_cat-metal-pats","7":"product_tag-timing-belt-pulleys","9":"first","10":"instock","11":"shipping-taxable","12":"product-type-simple"},"acf":[],"_links":{"self":[{"href":"https:\/\/www.hitbelt.com\/es\/wp-json\/wp\/v2\/product\/1550","targetHints":{"allow":["GET"]}}],"collection":[{"href":"https:\/\/www.hitbelt.com\/es\/wp-json\/wp\/v2\/product"}],"about":[{"href":"https:\/\/www.hitbelt.com\/es\/wp-json\/wp\/v2\/types\/product"}],"replies":[{"embeddable":true,"href":"https:\/\/www.hitbelt.com\/es\/wp-json\/wp\/v2\/comments?post=1550"}],"wp:featuredmedia":[{"embeddable":true,"href":"https:\/\/www.hitbelt.com\/es\/wp-json\/wp\/v2\/media\/2639"}],"wp:attachment":[{"href":"https:\/\/www.hitbelt.com\/es\/wp-json\/wp\/v2\/media?parent=1550"}],"wp:term":[{"taxonomy":"product_brand","embeddable":true,"href":"https:\/\/www.hitbelt.com\/es\/wp-json\/wp\/v2\/product_brand?post=1550"},{"taxonomy":"product_cat","embeddable":true,"href":"https:\/\/www.hitbelt.com\/es\/wp-json\/wp\/v2\/product_cat?post=1550"},{"taxonomy":"product_tag","embeddable":true,"href":"https:\/\/www.hitbelt.com\/es\/wp-json\/wp\/v2\/product_tag?post=1550"}],"curies":[{"name":"wp","href":"https:\/\/api.w.org\/{rel}","templated":true}]}}