{"id":1526,"date":"2023-07-17T05:53:56","date_gmt":"2023-07-17T05:53:56","guid":{"rendered":"https:\/\/www.hitbelt.com\/?post_type=product&#038;p=1526"},"modified":"2025-05-23T07:16:56","modified_gmt":"2025-05-23T07:16:56","slug":"pilot-bore-trapezoidal","status":"publish","type":"product","link":"https:\/\/www.hitbelt.com\/es\/producto\/pilot-bore-trapezoidal","title":{"rendered":"Orificio piloto: trapezoidal"},"content":{"rendered":"<p><img loading=\"lazy\" decoding=\"async\" class=\"alignnone size-full wp-image-1527\" src=\"https:\/\/www.hitbelt.com\/wp-content\/uploads\/2023\/07\/timing-belt-pulley-1.gif\" alt=\"\" width=\"428\" height=\"289\" \/><\/p>\n<p align=\"left\">P = Paso es la distancia entre los ejes de dos dientes adyacentes independientemente de si estos dientes est\u00e1n en la polea o en la correa proporcionada y la medici\u00f3n se toma en la circunferencia de la l\u00ednea de paso<br \/>\nZ = n\u00famero de dientes<br \/>\ndp =\u00a0<u>PAG . z<\/u><br \/>\n\u03c0<br \/>\nEl di\u00e1metro primitivo se obtiene de la f\u00f3rmula<br \/>\nDe = Di\u00e1metro exterior de la polea De= Dp-Hf<br \/>\nDm = di\u00e1metro del cubo<br \/>\nd = di\u00e1metro interior<br \/>\nF = Ancho del diente<br \/>\nL = Longitud total incluyendo bujes<\/p>\n<p align=\"left\">Ejemplo de marca<\/p>\n<p align=\"left\"><img loading=\"lazy\" decoding=\"async\" class=\"alignnone size-full wp-image-1529\" src=\"https:\/\/www.hitbelt.com\/wp-content\/uploads\/2023\/07\/timing-belt-pulley-2-1.gif\" alt=\"\" width=\"288\" height=\"130\" \/><\/p>\n<p align=\"left\">Tipo de estructura b\u00e1sica de poleas de distribuci\u00f3n<\/p>\n<p align=\"left\"><img loading=\"lazy\" decoding=\"async\" class=\"alignnone size-medium wp-image-1530\" src=\"https:\/\/www.hitbelt.com\/wp-content\/uploads\/2023\/07\/timing-belt-pulley-3-500x251.gif\" alt=\"\" width=\"500\" height=\"251\" srcset=\"https:\/\/www.hitbelt.com\/wp-content\/uploads\/2023\/07\/timing-belt-pulley-3-500x251.gif 500w, https:\/\/www.hitbelt.com\/wp-content\/uploads\/2023\/07\/timing-belt-pulley-3-18x9.gif 18w, https:\/\/www.hitbelt.com\/wp-content\/uploads\/2023\/07\/timing-belt-pulley-3-150x75.gif 150w, https:\/\/www.hitbelt.com\/wp-content\/uploads\/2023\/07\/timing-belt-pulley-3-480x241.gif 480w\" sizes=\"auto, (max-width:767px) 480px, 500px\" \/><\/p>\n<p align=\"left\"><img loading=\"lazy\" decoding=\"async\" class=\"alignnone size-medium wp-image-1531\" src=\"https:\/\/www.hitbelt.com\/wp-content\/uploads\/2023\/07\/timing-belt-pulley-4-500x246.gif\" alt=\"\" width=\"500\" height=\"246\" srcset=\"https:\/\/www.hitbelt.com\/wp-content\/uploads\/2023\/07\/timing-belt-pulley-4-500x246.gif 500w, https:\/\/www.hitbelt.com\/wp-content\/uploads\/2023\/07\/timing-belt-pulley-4-18x9.gif 18w, https:\/\/www.hitbelt.com\/wp-content\/uploads\/2023\/07\/timing-belt-pulley-4-150x75.gif 150w, https:\/\/www.hitbelt.com\/wp-content\/uploads\/2023\/07\/timing-belt-pulley-4-480x236.gif 480w\" sizes=\"auto, (max-width:767px) 480px, 500px\" \/><\/p>\n<p align=\"left\">Potencia de la manguera de dise\u00f1o (factor de servicio de potencia de la manguera)<\/p>\n<p align=\"left\"><img loading=\"lazy\" decoding=\"async\" class=\"alignnone size-medium wp-image-1532\" src=\"https:\/\/www.hitbelt.com\/wp-content\/uploads\/2023\/07\/timing-belt-pulley-5-500x299.jpg\" alt=\"\" width=\"500\" height=\"299\" srcset=\"https:\/\/www.hitbelt.com\/wp-content\/uploads\/2023\/07\/timing-belt-pulley-5-500x299.jpg 500w, https:\/\/www.hitbelt.com\/wp-content\/uploads\/2023\/07\/timing-belt-pulley-5-18x12.jpg 18w, https:\/\/www.hitbelt.com\/wp-content\/uploads\/2023\/07\/timing-belt-pulley-5-126x75.jpg 126w, https:\/\/www.hitbelt.com\/wp-content\/uploads\/2023\/07\/timing-belt-pulley-5-480x287.jpg 480w, https:\/\/www.hitbelt.com\/wp-content\/uploads\/2023\/07\/timing-belt-pulley-5.jpg 574w\" sizes=\"auto, (max-width:767px) 480px, 500px\" \/><\/p>\n<p align=\"left\"><a  class=\"button  button_size_2\"  href=\"https:\/\/www.hitbelt.com\/es\/bicycles\/pilot-bore-trapezoidal\/\" target=\"_blank\"   ><span class=\"button_label\">Consultar tallas disponibles<\/span><\/a>\n<\/p>","protected":false},"excerpt":{"rendered":"<p>P = Paso es la distancia entre los ejes de dos dientes adyacentes independientemente de si estos dientes est\u00e1n en la polea o en la correa<span class=\"excerpt-hellip\"> [\u2026]<\/span><\/p>","protected":false},"featured_media":2338,"comment_status":"closed","ping_status":"closed","template":"","meta":{"_acf_changed":false,"_joinchat":[]},"product_brand":[],"product_cat":[115],"product_tag":[123],"class_list":{"0":"post-1526","1":"product","2":"type-product","3":"status-publish","4":"has-post-thumbnail","6":"product_cat-metal-pats","7":"product_tag-timing-belt-pulleys","9":"first","10":"instock","11":"shipping-taxable","12":"product-type-simple"},"acf":[],"_links":{"self":[{"href":"https:\/\/www.hitbelt.com\/es\/wp-json\/wp\/v2\/product\/1526","targetHints":{"allow":["GET"]}}],"collection":[{"href":"https:\/\/www.hitbelt.com\/es\/wp-json\/wp\/v2\/product"}],"about":[{"href":"https:\/\/www.hitbelt.com\/es\/wp-json\/wp\/v2\/types\/product"}],"replies":[{"embeddable":true,"href":"https:\/\/www.hitbelt.com\/es\/wp-json\/wp\/v2\/comments?post=1526"}],"wp:featuredmedia":[{"embeddable":true,"href":"https:\/\/www.hitbelt.com\/es\/wp-json\/wp\/v2\/media\/2338"}],"wp:attachment":[{"href":"https:\/\/www.hitbelt.com\/es\/wp-json\/wp\/v2\/media?parent=1526"}],"wp:term":[{"taxonomy":"product_brand","embeddable":true,"href":"https:\/\/www.hitbelt.com\/es\/wp-json\/wp\/v2\/product_brand?post=1526"},{"taxonomy":"product_cat","embeddable":true,"href":"https:\/\/www.hitbelt.com\/es\/wp-json\/wp\/v2\/product_cat?post=1526"},{"taxonomy":"product_tag","embeddable":true,"href":"https:\/\/www.hitbelt.com\/es\/wp-json\/wp\/v2\/product_tag?post=1526"}],"curies":[{"name":"wp","href":"https:\/\/api.w.org\/{rel}","templated":true}]}}