{"id":1497,"date":"2023-07-17T02:33:32","date_gmt":"2023-07-17T02:33:32","guid":{"rendered":"https:\/\/www.hitbelt.com\/?post_type=product&#038;p=1497"},"modified":"2023-07-17T02:59:56","modified_gmt":"2023-07-17T02:59:56","slug":"pu-flat-belts","status":"publish","type":"product","link":"https:\/\/www.hitbelt.com\/es\/producto\/pu-flat-belts","title":{"rendered":"Cinturones planos de PU"},"content":{"rendered":"<p>La correa plana de acero revestido elimina el efecto metal con metal de los sistemas convencionales. Junto con una polea de m\u00e1quina coronada de superficie lisa, el resultado es un funcionamiento excepcionalmente silencioso y una comodidad de conducci\u00f3n superior. Adem\u00e1s, la correa plana flexible permite una m\u00e1quina m\u00e1s compacta y energ\u00e9ticamente eficiente, que se puede contener en la v\u00eda del polipasto. Esto reduce los costos operativos del edificio y del sistema, y libera espacio valioso.<br \/>\nLas correas planas de larga duraci\u00f3n, las poleas coronadas suaves y la m\u00ednima cantidad de piezas m\u00f3viles en la m\u00e1quina sin engranajes reducen dr\u00e1sticamente el desgaste y aumentan la durabilidad y la eficiencia. Supervisa continuamente el estado de los cables de acero de las correas. A diferencia de las inspecciones visuales de los cables de acero convencionales, el sistema Pulse detecta e informa autom\u00e1ticamente las fallas de la correa al personal de mantenimiento para una respuesta r\u00e1pida, brindando a los propietarios una mayor tranquilidad.<\/p>\n<p>&nbsp;<\/p>\n<p><img loading=\"lazy\" decoding=\"async\" class=\"alignnone size-full wp-image-1498\" src=\"https:\/\/www.hitbelt.com\/wp-content\/uploads\/2023\/07\/pu-flat2.gif\" alt=\"\" width=\"458\" height=\"278\" \/><\/p>\n<p>&nbsp;<\/p>\n<h4 class=\"artview_title\"><strong>Gama de producci\u00f3n<\/strong><\/h4>\n<div class=\"news_content\">\n<div id=\"div2\">\n<div id=\"MODBLK_1384\" class=\"mod_block mb_UBLu8mPx_block\">\n<div class=\"com_con\">\n<table class=\"excel286\" cellspacing=\"0\" cellpadding=\"0\">\n<colgroup>\n<col width=\"65\" \/>\n<col width=\"119\" \/>\n<col width=\"116\" \/>\n<col width=\"173\" \/><\/colgroup>\n<tbody>\n<tr>\n<td class=\"excel289\" width=\"65\">Tipo<\/td>\n<td class=\"excel289\" width=\"119\">Cable<\/td>\n<td class=\"excel289\" width=\"116\">m\u00e1x. Ancho<\/td>\n<td class=\"excel289\" width=\"173\">Longitud de rollo est\u00e1ndar<\/td>\n<\/tr>\n<tr>\n<td class=\"excel287\">P1<\/td>\n<td class=\"excel287\">Acero \/ Kevlar<\/td>\n<td class=\"excel287\">100 mm<\/td>\n<td class=\"excel287\">100 metros<\/td>\n<\/tr>\n<tr>\n<td class=\"excel288\">P2<\/td>\n<td class=\"excel288\">Acero \/ Kevlar<\/td>\n<td class=\"excel288\">100 mm<\/td>\n<td class=\"excel288\">100 metros<\/td>\n<\/tr>\n<tr>\n<td class=\"excel287\">P3<\/td>\n<td class=\"excel287\">Acero \/ Kevlar<\/td>\n<td class=\"excel287\">100 mm<\/td>\n<td class=\"excel287\">100 metros<\/td>\n<\/tr>\n<tr>\n<td class=\"excel288\">P4<\/td>\n<td class=\"excel288\">Acero \/ Kevlar<\/td>\n<td class=\"excel288\">100 mm<\/td>\n<td class=\"excel288\">100 metros<\/td>\n<\/tr>\n<\/tbody>\n<\/table>\n<\/div>\n<\/div>\n<\/div>\n<\/div>","protected":false},"excerpt":{"rendered":"<p><b>Protegiendo al medio ambiente<\/b><br \/>\nNi la correa ni la m\u00e1quina sin engranajes, con sus cojinetes permanentemente sellados, requieren lubricaci\u00f3n, por lo que es m\u00e1s limpia para el medio ambiente. La m\u00e1quina sin engranajes altamente eficiente con su motor s\u00edncrono de imanes permanentes reduce el consumo de energ\u00eda hasta en un 50 por ciento en comparaci\u00f3n con las m\u00e1quinas con engranajes convencionales y en un 15 por ciento en comparaci\u00f3n con otras m\u00e1quinas con motores de imanes permanentes de construcci\u00f3n axial.<\/p>","protected":false},"featured_media":1499,"comment_status":"closed","ping_status":"closed","template":"","meta":{"_acf_changed":false,"_joinchat":[]},"product_brand":[],"product_cat":[109],"product_tag":[120],"class_list":{"0":"post-1497","1":"product","2":"type-product","3":"status-publish","4":"has-post-thumbnail","6":"product_cat-pu-belts","7":"product_tag-pu-flat-belts","9":"first","10":"instock","11":"shipping-taxable","12":"product-type-simple"},"acf":[],"_links":{"self":[{"href":"https:\/\/www.hitbelt.com\/es\/wp-json\/wp\/v2\/product\/1497","targetHints":{"allow":["GET"]}}],"collection":[{"href":"https:\/\/www.hitbelt.com\/es\/wp-json\/wp\/v2\/product"}],"about":[{"href":"https:\/\/www.hitbelt.com\/es\/wp-json\/wp\/v2\/types\/product"}],"replies":[{"embeddable":true,"href":"https:\/\/www.hitbelt.com\/es\/wp-json\/wp\/v2\/comments?post=1497"}],"wp:featuredmedia":[{"embeddable":true,"href":"https:\/\/www.hitbelt.com\/es\/wp-json\/wp\/v2\/media\/1499"}],"wp:attachment":[{"href":"https:\/\/www.hitbelt.com\/es\/wp-json\/wp\/v2\/media?parent=1497"}],"wp:term":[{"taxonomy":"product_brand","embeddable":true,"href":"https:\/\/www.hitbelt.com\/es\/wp-json\/wp\/v2\/product_brand?post=1497"},{"taxonomy":"product_cat","embeddable":true,"href":"https:\/\/www.hitbelt.com\/es\/wp-json\/wp\/v2\/product_cat?post=1497"},{"taxonomy":"product_tag","embeddable":true,"href":"https:\/\/www.hitbelt.com\/es\/wp-json\/wp\/v2\/product_tag?post=1497"}],"curies":[{"name":"wp","href":"https:\/\/api.w.org\/{rel}","templated":true}]}}