{"id":1495,"date":"2023-07-17T02:27:38","date_gmt":"2023-07-17T02:27:38","guid":{"rendered":"https:\/\/www.hitbelt.com\/?post_type=product&#038;p=1495"},"modified":"2024-02-22T08:59:16","modified_gmt":"2024-02-22T08:59:16","slug":"pu-poly-v-belts","status":"publish","type":"product","link":"https:\/\/www.hitbelt.com\/es\/producto\/pu-poly-v-belts","title":{"rendered":"Correas Poli-V PU"},"content":{"rendered":"<p>Las correas de poliuretano Poly-V utilizan un cord\u00f3n de poli\u00e9ster de alta resistencia y bajo alargamiento, con material de poliuretano port\u00e1til cubierto. Podemos fabricar seg\u00fan los requisitos del cliente y existen tipos est\u00e1ndar PH, PJ, PK, PL, PM.<\/p>\n<h4 class=\"artview_title\"><strong>Gama de producci\u00f3n<\/strong><\/h4>\n<div class=\"news_content\">\n<div id=\"div2\">\n<div id=\"MODBLK_1384\" class=\"mod_block mb_UBLu8mPx_block\">\n<div class=\"com_con\">\n<table class=\"excel235\" cellspacing=\"0\" cellpadding=\"0\">\n<colgroup>\n<col width=\"43\" \/>\n<col width=\"18\" \/>\n<col width=\"43\" \/>\n<col width=\"18\" \/>\n<col width=\"43\" \/>\n<col width=\"18\" \/>\n<col width=\"43\" \/>\n<col width=\"18\" \/>\n<col width=\"43\" \/>\n<col width=\"18\" \/>\n<col width=\"43\" \/>\n<col width=\"18\" \/>\n<col width=\"43\" \/>\n<col width=\"18\" \/>\n<col width=\"43\" \/><\/colgroup>\n<tbody>\n<tr>\n<td class=\"excel243\" colspan=\"3\" width=\"104\">pijama<\/td>\n<td class=\"excel237\" width=\"18\"><\/td>\n<td class=\"excel243\" colspan=\"3\" width=\"104\">pijama<\/td>\n<td class=\"excel237\" width=\"18\"><\/td>\n<td class=\"excel243\" colspan=\"3\" width=\"104\">PAQUETE<\/td>\n<td class=\"excel237\" width=\"18\"><\/td>\n<td class=\"excel243\" colspan=\"3\" width=\"104\">PL<\/td>\n<\/tr>\n<tr>\n<td class=\"excel239\">pijama<\/td>\n<td class=\"excel239\">\u2013<\/td>\n<td class=\"excel239\">216<\/td>\n<td class=\"excel237\"><\/td>\n<td class=\"excel239\">pijama<\/td>\n<td class=\"excel239\">\u2013<\/td>\n<td class=\"excel239\">760<\/td>\n<td class=\"excel237\"><\/td>\n<td class=\"excel239\">PAQUETE<\/td>\n<td class=\"excel239\">\u2013<\/td>\n<td class=\"excel239\">420<\/td>\n<td class=\"excel237\"><\/td>\n<td class=\"excel239\">PL<\/td>\n<td class=\"excel239\">\u2013<\/td>\n<td class=\"excel239\">900<\/td>\n<\/tr>\n<tr>\n<td class=\"excel240\">pijama<\/td>\n<td class=\"excel240\">\u2013<\/td>\n<td class=\"excel245\">305<\/td>\n<td class=\"excel237\"><\/td>\n<td class=\"excel240\">pijama<\/td>\n<td class=\"excel240\">\u2013<\/td>\n<td class=\"excel245\">800<\/td>\n<td class=\"excel237\"><\/td>\n<td class=\"excel240\">PAQUETE<\/td>\n<td class=\"excel240\">\u2013<\/td>\n<td class=\"excel240\">450<\/td>\n<td class=\"excel237\"><\/td>\n<td class=\"excel240\">PL<\/td>\n<td class=\"excel240\">\u2013<\/td>\n<td class=\"excel240\">990<\/td>\n<\/tr>\n<tr>\n<td class=\"excel239\">pijama<\/td>\n<td class=\"excel239\">\u2013<\/td>\n<td class=\"excel239\">344<\/td>\n<td class=\"excel237\"><\/td>\n<td class=\"excel239\">pijama<\/td>\n<td class=\"excel239\">\u2013<\/td>\n<td class=\"excel239\">816<\/td>\n<td class=\"excel237\"><\/td>\n<td class=\"excel239\"><\/td>\n<td class=\"excel239\"><\/td>\n<td class=\"excel239\"><\/td>\n<td class=\"excel237\"><\/td>\n<td class=\"excel239\">PL<\/td>\n<td class=\"excel239\">\u2013<\/td>\n<td class=\"excel239\">1024<\/td>\n<\/tr>\n<tr>\n<td class=\"excel240\">pijama<\/td>\n<td class=\"excel240\">\u2013<\/td>\n<td class=\"excel245\">360<\/td>\n<td class=\"excel237\"><\/td>\n<td class=\"excel240\">pijama<\/td>\n<td class=\"excel240\">\u2013<\/td>\n<td class=\"excel245\">870<\/td>\n<td class=\"excel237\"><\/td>\n<td class=\"excel240\"><\/td>\n<td class=\"excel240\"><\/td>\n<td class=\"excel240\"><\/td>\n<td class=\"excel237\"><\/td>\n<td class=\"excel240\">PL<\/td>\n<td class=\"excel240\">\u2013<\/td>\n<td class=\"excel240\">1064<\/td>\n<\/tr>\n<tr>\n<td class=\"excel239\">pijama<\/td>\n<td class=\"excel239\">\u2013<\/td>\n<td class=\"excel239\">420<\/td>\n<td class=\"excel237\"><\/td>\n<td class=\"excel239\">pijama<\/td>\n<td class=\"excel239\">\u2013<\/td>\n<td class=\"excel239\">900<\/td>\n<td class=\"excel237\"><\/td>\n<td class=\"excel239\"><\/td>\n<td class=\"excel239\"><\/td>\n<td class=\"excel239\"><\/td>\n<td class=\"excel237\"><\/td>\n<td class=\"excel239\">PL<\/td>\n<td class=\"excel239\">\u2013<\/td>\n<td class=\"excel239\">1089<\/td>\n<\/tr>\n<tr>\n<td class=\"excel240\">pijama<\/td>\n<td class=\"excel240\">\u2013<\/td>\n<td class=\"excel245\">480<\/td>\n<td class=\"excel237\"><\/td>\n<td class=\"excel240\">pijama<\/td>\n<td class=\"excel240\">\u2013<\/td>\n<td class=\"excel245\">910<\/td>\n<td class=\"excel237\"><\/td>\n<td class=\"excel241\"><\/td>\n<td class=\"excel241\"><\/td>\n<td class=\"excel241\"><\/td>\n<td class=\"excel237\"><\/td>\n<td class=\"excel240\">PL<\/td>\n<td class=\"excel240\">\u2013<\/td>\n<td class=\"excel240\">1320<\/td>\n<\/tr>\n<tr>\n<td class=\"excel239\">pijama<\/td>\n<td class=\"excel239\">\u2013<\/td>\n<td class=\"excel239\">500<\/td>\n<td class=\"excel237\"><\/td>\n<td class=\"excel239\">pijama<\/td>\n<td class=\"excel239\">\u2013<\/td>\n<td class=\"excel239\">950<\/td>\n<td class=\"excel237\"><\/td>\n<td class=\"excel237\"><\/td>\n<td class=\"excel237\"><\/td>\n<td class=\"excel237\"><\/td>\n<td class=\"excel237\"><\/td>\n<td class=\"excel239\">PL<\/td>\n<td class=\"excel239\">\u2013<\/td>\n<td class=\"excel239\">1640<\/td>\n<\/tr>\n<tr>\n<td class=\"excel240\">pijama<\/td>\n<td class=\"excel240\">\u2013<\/td>\n<td class=\"excel245\">510<\/td>\n<td class=\"excel237\"><\/td>\n<td class=\"excel240\">pijama<\/td>\n<td class=\"excel240\">\u2013<\/td>\n<td class=\"excel245\">965<\/td>\n<td class=\"excel237\"><\/td>\n<td class=\"excel241\"><\/td>\n<td class=\"excel241\"><\/td>\n<td class=\"excel241\"><\/td>\n<td class=\"excel237\"><\/td>\n<td class=\"excel240\">PL<\/td>\n<td class=\"excel240\">\u2013<\/td>\n<td class=\"excel240\">1809<\/td>\n<\/tr>\n<tr>\n<td class=\"excel239\">pijama<\/td>\n<td class=\"excel239\">\u2013<\/td>\n<td class=\"excel239\">580<\/td>\n<td class=\"excel237\"><\/td>\n<td class=\"excel239\">pijama<\/td>\n<td class=\"excel239\">\u2013<\/td>\n<td class=\"excel239\">1000<\/td>\n<td class=\"excel237\"><\/td>\n<td class=\"excel237\"><\/td>\n<td class=\"excel237\"><\/td>\n<td class=\"excel237\"><\/td>\n<td class=\"excel237\"><\/td>\n<td class=\"excel239\"><\/td>\n<td class=\"excel239\"><\/td>\n<td class=\"excel239\"><\/td>\n<\/tr>\n<tr>\n<td class=\"excel240\">pijama<\/td>\n<td class=\"excel240\">\u2013<\/td>\n<td class=\"excel245\">600<\/td>\n<td class=\"excel237\"><\/td>\n<td class=\"excel240\">pijama<\/td>\n<td class=\"excel240\">\u2013<\/td>\n<td class=\"excel245\">1050<\/td>\n<td class=\"excel237\"><\/td>\n<td class=\"excel241\"><\/td>\n<td class=\"excel241\"><\/td>\n<td class=\"excel241\"><\/td>\n<td class=\"excel237\"><\/td>\n<td class=\"excel240\"><\/td>\n<td class=\"excel240\"><\/td>\n<td class=\"excel240\"><\/td>\n<\/tr>\n<tr>\n<td class=\"excel239\">pijama<\/td>\n<td class=\"excel239\">\u2013<\/td>\n<td class=\"excel239\">620<\/td>\n<td class=\"excel237\"><\/td>\n<td class=\"excel239\">pijama<\/td>\n<td class=\"excel239\">\u2013<\/td>\n<td class=\"excel239\">1080<\/td>\n<td class=\"excel237\"><\/td>\n<td class=\"excel237\"><\/td>\n<td class=\"excel237\"><\/td>\n<td class=\"excel237\"><\/td>\n<td class=\"excel237\"><\/td>\n<td class=\"excel239\"><\/td>\n<td class=\"excel239\"><\/td>\n<td class=\"excel239\"><\/td>\n<\/tr>\n<tr>\n<td class=\"excel240\">pijama<\/td>\n<td class=\"excel240\">\u2013<\/td>\n<td class=\"excel245\">630<\/td>\n<td class=\"excel237\"><\/td>\n<td class=\"excel240\">pijama<\/td>\n<td class=\"excel240\">\u2013<\/td>\n<td class=\"excel245\">1100<\/td>\n<td class=\"excel237\"><\/td>\n<td class=\"excel241\"><\/td>\n<td class=\"excel241\"><\/td>\n<td class=\"excel241\"><\/td>\n<td class=\"excel237\"><\/td>\n<td class=\"excel240\"><\/td>\n<td class=\"excel240\"><\/td>\n<td class=\"excel240\"><\/td>\n<\/tr>\n<tr>\n<td class=\"excel239\">pijama<\/td>\n<td class=\"excel239\">\u2013<\/td>\n<td class=\"excel239\">640<\/td>\n<td class=\"excel237\"><\/td>\n<td class=\"excel239\"><\/td>\n<td class=\"excel239\"><\/td>\n<td class=\"excel239\"><\/td>\n<td class=\"excel237\"><\/td>\n<td class=\"excel237\"><\/td>\n<td class=\"excel237\"><\/td>\n<td class=\"excel237\"><\/td>\n<td class=\"excel237\"><\/td>\n<td class=\"excel239\"><\/td>\n<td class=\"excel239\"><\/td>\n<td class=\"excel239\"><\/td>\n<\/tr>\n<tr>\n<td class=\"excel240\">pijama<\/td>\n<td class=\"excel240\">\u2013<\/td>\n<td class=\"excel245\">650<\/td>\n<td class=\"excel237\"><\/td>\n<td class=\"excel240\"><\/td>\n<td class=\"excel240\"><\/td>\n<td class=\"excel245\"><\/td>\n<td class=\"excel237\"><\/td>\n<td class=\"excel241\"><\/td>\n<td class=\"excel241\"><\/td>\n<td class=\"excel241\"><\/td>\n<td class=\"excel237\"><\/td>\n<td class=\"excel240\"><\/td>\n<td class=\"excel240\"><\/td>\n<td class=\"excel240\"><\/td>\n<\/tr>\n<tr>\n<td class=\"excel239\">pijama<\/td>\n<td class=\"excel239\">\u2013<\/td>\n<td class=\"excel239\">670<\/td>\n<td class=\"excel237\"><\/td>\n<td class=\"excel239\"><\/td>\n<td class=\"excel239\"><\/td>\n<td class=\"excel239\"><\/td>\n<td class=\"excel237\"><\/td>\n<td class=\"excel237\"><\/td>\n<td class=\"excel237\"><\/td>\n<td class=\"excel237\"><\/td>\n<td class=\"excel237\"><\/td>\n<td class=\"excel239\"><\/td>\n<td class=\"excel239\"><\/td>\n<td class=\"excel239\"><\/td>\n<\/tr>\n<tr>\n<td class=\"excel240\">pijama<\/td>\n<td class=\"excel240\">\u2013<\/td>\n<td class=\"excel245\">690<\/td>\n<td class=\"excel237\"><\/td>\n<td class=\"excel240\"><\/td>\n<td class=\"excel240\"><\/td>\n<td class=\"excel245\"><\/td>\n<td class=\"excel237\"><\/td>\n<td class=\"excel241\"><\/td>\n<td class=\"excel241\"><\/td>\n<td class=\"excel241\"><\/td>\n<td class=\"excel237\"><\/td>\n<td class=\"excel240\"><\/td>\n<td class=\"excel240\"><\/td>\n<td class=\"excel240\"><\/td>\n<\/tr>\n<tr>\n<td class=\"excel239\">pijama<\/td>\n<td class=\"excel239\">\u2013<\/td>\n<td class=\"excel239\">737<\/td>\n<td class=\"excel237\"><\/td>\n<td class=\"excel239\"><\/td>\n<td class=\"excel239\"><\/td>\n<td class=\"excel239\"><\/td>\n<td class=\"excel237\"><\/td>\n<td class=\"excel237\"><\/td>\n<td class=\"excel237\"><\/td>\n<td class=\"excel237\"><\/td>\n<td class=\"excel237\"><\/td>\n<td class=\"excel239\"><\/td>\n<td class=\"excel239\"><\/td>\n<td class=\"excel239\"><\/td>\n<\/tr>\n<tr>\n<td class=\"excel240\">pijama<\/td>\n<td class=\"excel240\">\u2013<\/td>\n<td class=\"excel245\">750<\/td>\n<td class=\"excel237\"><\/td>\n<td class=\"excel240\"><\/td>\n<td class=\"excel240\"><\/td>\n<td class=\"excel245\"><\/td>\n<td class=\"excel237\"><\/td>\n<td class=\"excel241\"><\/td>\n<td class=\"excel241\"><\/td>\n<td class=\"excel241\"><\/td>\n<td class=\"excel237\"><\/td>\n<td class=\"excel240\"><\/td>\n<td class=\"excel240\"><\/td>\n<td class=\"excel240\"><\/td>\n<\/tr>\n<\/tbody>\n<\/table>\n<\/div>\n<\/div>\n<\/div>\n<\/div>\n<p>&nbsp;<\/p>\n<p>&nbsp;<\/p>","protected":false},"excerpt":{"rendered":"<p><b>Caracter\u00edsticas<\/b><br \/>\n\u2013 Alta potencia de transmisi\u00f3n, 30% mayor potencia de transmisi\u00f3n que las correas trapezoidales normales en el mismo espacio.<br \/>\n\u2013 Sistema de transmisi\u00f3n de impacto, 25% menor necesidad de espacio de transmisi\u00f3n que las correas trapezoidales normales con la misma potencia de accionamiento.<br \/>\n\u2013 Cuerpo de correas suaves y delgadas adecuado para accionamiento por poleas peque\u00f1as, y tambi\u00e9n apto para transmisiones de alta velocidad. La velocidad de la cinta alcanza los 40Mtr\/s. Baja vibraci\u00f3n, bajo calentamiento, funcionamiento suave y estable.<br \/>\n\u2013 Resistente al calor, resistente al aceite, larga vida.<\/p>","protected":false},"featured_media":2698,"comment_status":"closed","ping_status":"closed","template":"","meta":{"_acf_changed":false,"_joinchat":[]},"product_brand":[],"product_cat":[109],"product_tag":[119],"class_list":{"0":"post-1495","1":"product","2":"type-product","3":"status-publish","4":"has-post-thumbnail","6":"product_cat-pu-belts","7":"product_tag-pu-poly-v-belts","9":"first","10":"instock","11":"shipping-taxable","12":"product-type-simple"},"acf":[],"_links":{"self":[{"href":"https:\/\/www.hitbelt.com\/es\/wp-json\/wp\/v2\/product\/1495","targetHints":{"allow":["GET"]}}],"collection":[{"href":"https:\/\/www.hitbelt.com\/es\/wp-json\/wp\/v2\/product"}],"about":[{"href":"https:\/\/www.hitbelt.com\/es\/wp-json\/wp\/v2\/types\/product"}],"replies":[{"embeddable":true,"href":"https:\/\/www.hitbelt.com\/es\/wp-json\/wp\/v2\/comments?post=1495"}],"wp:featuredmedia":[{"embeddable":true,"href":"https:\/\/www.hitbelt.com\/es\/wp-json\/wp\/v2\/media\/2698"}],"wp:attachment":[{"href":"https:\/\/www.hitbelt.com\/es\/wp-json\/wp\/v2\/media?parent=1495"}],"wp:term":[{"taxonomy":"product_brand","embeddable":true,"href":"https:\/\/www.hitbelt.com\/es\/wp-json\/wp\/v2\/product_brand?post=1495"},{"taxonomy":"product_cat","embeddable":true,"href":"https:\/\/www.hitbelt.com\/es\/wp-json\/wp\/v2\/product_cat?post=1495"},{"taxonomy":"product_tag","embeddable":true,"href":"https:\/\/www.hitbelt.com\/es\/wp-json\/wp\/v2\/product_tag?post=1495"}],"curies":[{"name":"wp","href":"https:\/\/api.w.org\/{rel}","templated":true}]}}