{"id":1483,"date":"2023-07-14T09:57:46","date_gmt":"2023-07-14T09:57:46","guid":{"rendered":"https:\/\/www.hitbelt.com\/?post_type=product&#038;p=1483"},"modified":"2024-02-22T08:41:38","modified_gmt":"2024-02-22T08:41:38","slug":"pu-pipes-and-links","status":"publish","type":"product","link":"https:\/\/www.hitbelt.com\/es\/producto\/pu-pipes-and-links","title":{"rendered":"Tubos y enlaces de PU"},"content":{"rendered":"<p>Los tubos y enlaces de PU se utilizan en equipos neum\u00e1ticos y robots industriales para diversas herramientas neum\u00e1ticas y para controlar el sistema de aceite lubricante. Haciendo de la calidad nuestra principal preocupaci\u00f3n, estos productos se fabrican con materia prima de alta calidad y son conocidos por su durabilidad, peso ligero, resistencia qu\u00edmica y a la abrasi\u00f3n.<\/p>\n<p>&nbsp;<\/p>\n<h4><strong>Gama de producci\u00f3n<\/strong><\/h4>\n<table class=\"excel173\" cellspacing=\"0\" cellpadding=\"0\">\n<tbody>\n<tr>\n<td class=\"excel175\" colspan=\"2\" width=\"226\">2*4*200m<\/td>\n<td class=\"excel174\" width=\"24\"><\/td>\n<td class=\"excel175\" colspan=\"2\" width=\"226\">10*8mm*100m<\/td>\n<\/tr>\n<tr>\n<td class=\"excel176\" colspan=\"2\">2,5*4mm*200m<\/td>\n<td class=\"excel174\"><\/td>\n<td class=\"excel176\" colspan=\"2\">10*14mm*100m<\/td>\n<\/tr>\n<tr>\n<td class=\"excel175\" colspan=\"2\">4*6mm*200m<\/td>\n<td class=\"excel174\"><\/td>\n<td class=\"excel175\" colspan=\"2\">12*8mm*100m<\/td>\n<\/tr>\n<tr>\n<td class=\"excel176\" colspan=\"2\">8*5mm*100m<\/td>\n<td class=\"excel174\"><\/td>\n<td class=\"excel176\" colspan=\"2\">10*12mm*100m<\/td>\n<\/tr>\n<tr>\n<td class=\"excel175\" colspan=\"2\">8*6mm*100m<\/td>\n<td class=\"excel174\"><\/td>\n<td class=\"excel175\" colspan=\"2\">9*12mm*100m<\/td>\n<\/tr>\n<tr>\n<td class=\"excel176\" colspan=\"2\">10*6,5mm*100m<\/td>\n<td class=\"excel174\"><\/td>\n<td class=\"excel176\" colspan=\"2\">12*16mm*100m<\/td>\n<\/tr>\n<tr>\n<td class=\"excel175\" colspan=\"2\">10*7mm*100m<\/td>\n<td class=\"excel174\"><\/td>\n<\/tr>\n<\/tbody>\n<\/table>","protected":false},"excerpt":{"rendered":"<p>Los tubos y enlaces de PU se utilizan en equipos neum\u00e1ticos y robots industriales para diversas herramientas neum\u00e1ticas y para controlar el sistema de aceite lubricante. Hacer de la calidad nuestra<span class=\"excerpt-hellip\"> [\u2026]<\/span><\/p>","protected":false},"featured_media":2695,"comment_status":"closed","ping_status":"closed","template":"","meta":{"_acf_changed":false,"_joinchat":[]},"product_brand":[],"product_cat":[109],"product_tag":[118],"class_list":{"0":"post-1483","1":"product","2":"type-product","3":"status-publish","4":"has-post-thumbnail","6":"product_cat-pu-belts","7":"product_tag-pu-extruded-belts","9":"first","10":"instock","11":"shipping-taxable","12":"product-type-simple"},"acf":[],"_links":{"self":[{"href":"https:\/\/www.hitbelt.com\/es\/wp-json\/wp\/v2\/product\/1483","targetHints":{"allow":["GET"]}}],"collection":[{"href":"https:\/\/www.hitbelt.com\/es\/wp-json\/wp\/v2\/product"}],"about":[{"href":"https:\/\/www.hitbelt.com\/es\/wp-json\/wp\/v2\/types\/product"}],"replies":[{"embeddable":true,"href":"https:\/\/www.hitbelt.com\/es\/wp-json\/wp\/v2\/comments?post=1483"}],"wp:featuredmedia":[{"embeddable":true,"href":"https:\/\/www.hitbelt.com\/es\/wp-json\/wp\/v2\/media\/2695"}],"wp:attachment":[{"href":"https:\/\/www.hitbelt.com\/es\/wp-json\/wp\/v2\/media?parent=1483"}],"wp:term":[{"taxonomy":"product_brand","embeddable":true,"href":"https:\/\/www.hitbelt.com\/es\/wp-json\/wp\/v2\/product_brand?post=1483"},{"taxonomy":"product_cat","embeddable":true,"href":"https:\/\/www.hitbelt.com\/es\/wp-json\/wp\/v2\/product_cat?post=1483"},{"taxonomy":"product_tag","embeddable":true,"href":"https:\/\/www.hitbelt.com\/es\/wp-json\/wp\/v2\/product_tag?post=1483"}],"curies":[{"name":"wp","href":"https:\/\/api.w.org\/{rel}","templated":true}]}}