{"id":1463,"date":"2023-07-14T09:39:32","date_gmt":"2023-07-14T09:39:32","guid":{"rendered":"https:\/\/www.hitbelt.com\/?post_type=product&#038;p=1463"},"modified":"2024-02-21T09:25:34","modified_gmt":"2024-02-21T09:25:34","slug":"tobacco-tapes","status":"publish","type":"product","link":"https:\/\/www.hitbelt.com\/es\/producto\/tobacco-tapes","title":{"rendered":"CINTAS DE TABACO"},"content":{"rendered":"<p>Desarrollamos cuidadosamente el material de remo y el recubrimiento especialmente para la correa de tabaco de alta velocidad, lo que mejora enormemente la resistencia al desgaste, la estabilidad t\u00e9rmica y la vida \u00fatil, su rendimiento general supera al material de remo importado; Tambi\u00e9n hemos desarrollado una l\u00ednea de s\u00edntesis especial, que se teje suavemente y los extremos se abren claramente, lo que garantiza la suavidad y uniformidad de la superficie de la correa.<\/p>\n<p><span style=\"font-family: Arial;\">Solicitud<\/span><\/p>\n<p><span style=\"font-family: Arial;\">Especialmente, las correas de tabaco producidas con c\u00e1\u00f1amo y el hilo de mezcla de ARAMID irradian bien, tienen una suavidad moderada, reducen eficazmente la temperatura de funcionamiento de la m\u00e1quina de tabaco y b\u00e1sicamente eliminan la fibra de la cinta de algod\u00f3n del tabaco.<\/span><\/p>\n<p><span style=\"font-family: Arial;\">Para las correas de tabaco utilizadas en PROTOS, utilizamos la fibra ARAMID larga de American Dupont, a trav\u00e9s de un proceso t\u00e9cnico especial extremadamente avanzado, producimos varios tipos de hilo ARAMID puro con 18S ~ 22S, la fuerza es bastante fuerte, el hilo 20S\/3 puede llegar por encima. 70N.<\/span><\/p>\n<h4>Gama de producci\u00f3n<\/h4>\n<table id=\"table19\" border=\"0\" width=\"640\" cellspacing=\"0\" cellpadding=\"0\">\n<tbody>\n<tr>\n<td rowspan=\"2\" height=\"30\"><span style=\"color: #000000;\">TIPO<\/span><\/td>\n<td rowspan=\"2\"><span style=\"color: #000000;\">TAMA\u00d1OS<\/span><\/td>\n<td><span style=\"color: #000000;\">SOLICITUD<\/span><\/td>\n<\/tr>\n<tr>\n<td height=\"15\"><span style=\"color: #000000;\">(Tipo de m\u00e1quina de tabaco)<\/span><\/td>\n<\/tr>\n<tr>\n<td width=\"170\" height=\"15\">SKO46.1<\/td>\n<td width=\"176\">3100X21,0<\/td>\n<td width=\"236\">PROTOS<\/td>\n<\/tr>\n<tr>\n<td bgcolor=\"#E4E4E4\" width=\"170\" height=\"15\">SKO47.1<\/td>\n<td bgcolor=\"#E4E4E4\" width=\"176\">3135X21.0<\/td>\n<td bgcolor=\"#E4E4E4\" width=\"236\">PASIM (SUPER9)<\/td>\n<\/tr>\n<tr>\n<td width=\"170\" height=\"15\">SKO42<\/td>\n<td width=\"176\">3080X21,0<\/td>\n<td width=\"236\">REGISTRO (LOGA)<\/td>\n<\/tr>\n<tr>\n<td bgcolor=\"#E4E4E4\" width=\"170\" height=\"15\">NKO43<\/td>\n<td bgcolor=\"#E4E4E4\" width=\"176\">2800X22,0<\/td>\n<td bgcolor=\"#E4E4E4\" width=\"236\">MK9-5 (MK9)<\/td>\n<\/tr>\n<tr>\n<td width=\"170\" height=\"15\">SKT43<\/td>\n<td width=\"176\">2715 X 18,5<\/td>\n<td width=\"236\">KDF2<\/td>\n<\/tr>\n<tr>\n<td bgcolor=\"#E4E4E4\" width=\"170\" height=\"15\">SKT43.1<\/td>\n<td bgcolor=\"#E4E4E4\" width=\"176\">3289 X 18,5<\/td>\n<td bgcolor=\"#E4E4E4\" width=\"236\">PM5<\/td>\n<\/tr>\n<\/tbody>\n<\/table>","protected":false},"excerpt":{"rendered":"<p><span style=\"font-family: Arial;\">Correa Kevlar\u00ae de alta velocidad utilizada para m\u00e1quinas de fabricaci\u00f3n de cigarrillos<\/span><br \/>\n<span style=\"font-family: Arial;\">Cada cintur\u00f3n se prueba estrictamente y cada uno puede cumplir con los requisitos est\u00e1ndar.<\/span><\/p>","protected":false},"featured_media":2673,"comment_status":"closed","ping_status":"closed","template":"","meta":{"_acf_changed":false,"_joinchat":[]},"product_brand":[],"product_cat":[53],"product_tag":[106],"class_list":{"0":"post-1463","1":"product","2":"type-product","3":"status-publish","4":"has-post-thumbnail","6":"product_cat-rubber-belt","7":"product_tag-conveyor-belts","9":"first","10":"instock","11":"shipping-taxable","12":"product-type-simple"},"acf":[],"_links":{"self":[{"href":"https:\/\/www.hitbelt.com\/es\/wp-json\/wp\/v2\/product\/1463","targetHints":{"allow":["GET"]}}],"collection":[{"href":"https:\/\/www.hitbelt.com\/es\/wp-json\/wp\/v2\/product"}],"about":[{"href":"https:\/\/www.hitbelt.com\/es\/wp-json\/wp\/v2\/types\/product"}],"replies":[{"embeddable":true,"href":"https:\/\/www.hitbelt.com\/es\/wp-json\/wp\/v2\/comments?post=1463"}],"wp:featuredmedia":[{"embeddable":true,"href":"https:\/\/www.hitbelt.com\/es\/wp-json\/wp\/v2\/media\/2673"}],"wp:attachment":[{"href":"https:\/\/www.hitbelt.com\/es\/wp-json\/wp\/v2\/media?parent=1463"}],"wp:term":[{"taxonomy":"product_brand","embeddable":true,"href":"https:\/\/www.hitbelt.com\/es\/wp-json\/wp\/v2\/product_brand?post=1463"},{"taxonomy":"product_cat","embeddable":true,"href":"https:\/\/www.hitbelt.com\/es\/wp-json\/wp\/v2\/product_cat?post=1463"},{"taxonomy":"product_tag","embeddable":true,"href":"https:\/\/www.hitbelt.com\/es\/wp-json\/wp\/v2\/product_tag?post=1463"}],"curies":[{"name":"wp","href":"https:\/\/api.w.org\/{rel}","templated":true}]}}