{"id":1398,"date":"2023-07-14T09:01:04","date_gmt":"2023-07-14T09:01:04","guid":{"rendered":"https:\/\/www.hitbelt.com\/?post_type=product&#038;p=1398"},"modified":"2025-06-20T09:59:11","modified_gmt":"2025-06-20T09:59:11","slug":"htdstsrpp-dd-3","status":"publish","type":"product","link":"https:\/\/www.hitbelt.com\/es\/producto\/htdstsrpp-dd-3","title":{"rendered":"HTD, STS, RPP y DD"},"content":{"rendered":"<p><span style=\"font-family: Arial;\"><b>Caracter\u00edsticas:<\/b><\/span><br \/>\n<span style=\"font-family: Arial;\">- Alta flexibilidad;<br \/>\n\u2013 Di\u00e1metros de polea peque\u00f1os;<br \/>\n- Precisi\u00f3n dimensional;<br \/>\n- Alta velocidad;<br \/>\n- Energ\u00eda eficiente;<br \/>\n\u2013 Bajo nivel de ruido y vibraci\u00f3n;<br \/>\n- Bajo mantenimiento;<br \/>\n\u2013 Buena resistencia qu\u00edmica y al ozono;<br \/>\n\u2013 Superficie de alta fricci\u00f3n.<\/span><\/p>\n<p><span style=\"font-family: Arial;\">Vertido de tecnolog\u00eda de pl\u00e1sticos de poliuretano poli\u00e9ster.<\/span><\/p>\n<table border=\"0\" width=\"640\" cellspacing=\"0\" cellpadding=\"0\">\n<colgroup>\n<col width=\"313\" \/>\n<col span=\"4\" width=\"66\" \/><\/colgroup>\n<tbody>\n<tr>\n<td bgcolor=\"#D8D8D8\" width=\"313\" height=\"17\">Art\u00edculo \\ etiquetado unificado<\/td>\n<td bgcolor=\"#D8D8D8\" width=\"66\">A6<\/td>\n<td bgcolor=\"#D8D8D8\" width=\"66\">A7<\/td>\n<td bgcolor=\"#D8D8D8\" width=\"66\">A8<\/td>\n<td bgcolor=\"#D8D8D8\">A9<\/td>\n<\/tr>\n<tr>\n<td width=\"313\" height=\"17\">Dureza<\/td>\n<td width=\"66\">65 \u00b1 5<\/td>\n<td width=\"66\">75 \u00b1 5<\/td>\n<td width=\"66\">85 \u00b1 5<\/td>\n<td>&gt; 90<\/td>\n<\/tr>\n<tr>\n<td width=\"313\" height=\"17\">fuerza (KG\/cm\u00b2)<\/td>\n<td width=\"66\">&gt; 30<\/td>\n<td width=\"66\">&gt; 50<\/td>\n<td width=\"66\">&gt; 70<\/td>\n<td>&gt; 120<\/td>\n<\/tr>\n<tr>\n<td width=\"313\" height=\"17\">Resistencia a la tracci\u00f3n (KG\/cm\u00b2)<\/td>\n<td width=\"66\">&gt; 250<\/td>\n<td width=\"66\">&gt; 350<\/td>\n<td width=\"66\">&gt; 400<\/td>\n<td>&gt; 450<\/td>\n<\/tr>\n<tr>\n<td width=\"313\" height=\"17\">Elongaci\u00f3n de rotura (%)<\/td>\n<td width=\"66\">&gt; 500<\/td>\n<td width=\"66\">&gt; 450<\/td>\n<td width=\"66\">&gt; 450<\/td>\n<td>&gt; 450<\/td>\n<\/tr>\n<tr>\n<td width=\"313\" height=\"17\">Deformaci\u00f3n permanente (%)<\/td>\n<td width=\"66\">&lt; 15<\/td>\n<td width=\"66\">&lt; 15<\/td>\n<td width=\"66\">x&lt;15<\/td>\n<td>&lt; 15<\/td>\n<\/tr>\n<tr>\n<td width=\"313\" height=\"17\">Resistencia al desgarro (KG\/cm\u00b2)<\/td>\n<td width=\"66\">&gt; 30<\/td>\n<td width=\"66\">&gt; 45<\/td>\n<td width=\"66\">&gt; 75<\/td>\n<td>&gt; 90<\/td>\n<\/tr>\n<tr>\n<td width=\"313\" height=\"17\">Rebote de impacto (%)<\/td>\n<td width=\"66\">&gt; 15<\/td>\n<td width=\"66\">&gt; 15<\/td>\n<td width=\"66\">&gt; 15<\/td>\n<td>&gt; 15<\/td>\n<\/tr>\n<tr>\n<td width=\"313\" height=\"17\">Temperatura fr\u00e1gil (\u00baC)<\/td>\n<td width=\"66\">&lt; -50<\/td>\n<td width=\"66\">&lt; -50<\/td>\n<td width=\"66\">&lt; -50<\/td>\n<td>&lt; -50<\/td>\n<\/tr>\n<tr>\n<td width=\"313\" height=\"17\">Desgaste (Cm\u00b3\/1,6KM)<\/td>\n<td width=\"66\">&lt; 0,05<\/td>\n<td width=\"66\">&lt; 0,05<\/td>\n<td width=\"66\">&lt; 0,05<\/td>\n<td>&lt; 0,05<\/td>\n<\/tr>\n<tr>\n<td width=\"313\" height=\"17\">Coeficiente de envejecimiento(100\u00baCX24Hour)<\/td>\n<td width=\"66\">&gt; 0,9<\/td>\n<td width=\"66\">&gt; 0,9<\/td>\n<td width=\"66\">&gt; 0,9<\/td>\n<td>&gt; 0,9<\/td>\n<\/tr>\n<tr>\n<td width=\"313\" height=\"17\">Coeficiente de resistencia al agua(70\u00baCX24Hour)<\/td>\n<td width=\"66\">&gt; 0,8<\/td>\n<td width=\"66\">&gt; 0,8<\/td>\n<td width=\"66\">&gt; 0,8<\/td>\n<td>&gt; 0,8<\/td>\n<\/tr>\n<tr>\n<td width=\"313\" height=\"17\">Resistencia n\u00ba 120 gasolina + benceno (15~25\u00baCX24 horas)<\/td>\n<td width=\"66\">&lt; +0,2<\/td>\n<td width=\"66\">&lt; +0,2<\/td>\n<td width=\"66\">&lt; +0,2<\/td>\n<td>&lt; +0,2<\/td>\n<\/tr>\n<tr>\n<td width=\"313\" height=\"17\">Resistencia al aceite 20(700\u00baC X \u00b1 2\u00baC X 24 horas)<\/td>\n<td width=\"66\">&lt; +0,4<\/td>\n<td width=\"66\">&lt; +0,4<\/td>\n<td width=\"66\">&lt; +0,4<\/td>\n<td>&lt; +0,4<\/td>\n<\/tr>\n<\/tbody>\n<\/table>\n<p>&nbsp;<\/p>\n<a  class=\"button  button_size_2\"  href=\"https:\/\/www.hitbelt.com\/es\/bicycles\/1399-2\/\" target=\"_blank\"   ><span class=\"button_label\">Consultar tallas disponibles<\/span><\/a>","protected":false},"excerpt":{"rendered":"<p><span style=\"font-family: Arial;\">Las correas de distribuci\u00f3n de PU son adecuadas para un control de movimiento de alta potencia y precisi\u00f3n, incluso a altas velocidades. Nuestras correas funcionan especialmente bien en transmisiones ligeras sincronizadas y escalonadas, en aplicaciones de automatizaci\u00f3n de oficinas y electrodom\u00e9sticos.<\/span><\/p>\n<p><span style=\"font-family: Arial;\"><b>Poli\u00e9ster, Kevlar\u00ae (Aramida) y cord\u00f3n de acero disponibles.<\/b><\/span><\/p>\n<p><b><span style=\"font-family: Arial;\"><span style=\"color: #ff9900;\">Amarillo<\/span>,\u00a0<span style=\"color: #808080;\">gris<\/span>,\u00a0<span style=\"color: #cc0000;\">rojo<\/span>, colores transparentes disponibles.<\/span><\/b><br \/>\n<span style=\"font-family: Arial;\">Las correas de distribuci\u00f3n PU Truly Endless se fabrican mediante un proceso de moldeo termoestable \u00fanico. El poliuretano de alta calidad brinda una excelente resistencia a la abrasi\u00f3n y al corte, combinado con una variedad de cordones de acero graduados, lo que garantiza una alta resistencia y resistencia a la tracci\u00f3n. El resultado es una correa de distribuci\u00f3n con una excelente estabilidad dimensional. Las correas de distribuci\u00f3n moldeadas de HIT Transmission se fabrican con un rango de tolerancia ajustado, lo que garantiza una longitud y un grosor constantes. La combinaci\u00f3n de estos factores da como resultado que las correas de transmisi\u00f3n HIT funcionen a los niveles f\u00edsicos y qu\u00edmicos m\u00e1s altos.<\/span><\/p>","protected":false},"featured_media":2688,"comment_status":"closed","ping_status":"closed","template":"","meta":{"_acf_changed":false,"_joinchat":[]},"product_brand":[],"product_cat":[109],"product_tag":[114],"class_list":{"0":"post-1398","1":"product","2":"type-product","3":"status-publish","4":"has-post-thumbnail","6":"product_cat-pu-belts","7":"product_tag-pu-molded-timing-belts","9":"first","10":"instock","11":"shipping-taxable","12":"product-type-simple"},"acf":[],"_links":{"self":[{"href":"https:\/\/www.hitbelt.com\/es\/wp-json\/wp\/v2\/product\/1398","targetHints":{"allow":["GET"]}}],"collection":[{"href":"https:\/\/www.hitbelt.com\/es\/wp-json\/wp\/v2\/product"}],"about":[{"href":"https:\/\/www.hitbelt.com\/es\/wp-json\/wp\/v2\/types\/product"}],"replies":[{"embeddable":true,"href":"https:\/\/www.hitbelt.com\/es\/wp-json\/wp\/v2\/comments?post=1398"}],"wp:featuredmedia":[{"embeddable":true,"href":"https:\/\/www.hitbelt.com\/es\/wp-json\/wp\/v2\/media\/2688"}],"wp:attachment":[{"href":"https:\/\/www.hitbelt.com\/es\/wp-json\/wp\/v2\/media?parent=1398"}],"wp:term":[{"taxonomy":"product_brand","embeddable":true,"href":"https:\/\/www.hitbelt.com\/es\/wp-json\/wp\/v2\/product_brand?post=1398"},{"taxonomy":"product_cat","embeddable":true,"href":"https:\/\/www.hitbelt.com\/es\/wp-json\/wp\/v2\/product_cat?post=1398"},{"taxonomy":"product_tag","embeddable":true,"href":"https:\/\/www.hitbelt.com\/es\/wp-json\/wp\/v2\/product_tag?post=1398"}],"curies":[{"name":"wp","href":"https:\/\/api.w.org\/{rel}","templated":true}]}}