{"id":1351,"date":"2023-07-14T08:45:46","date_gmt":"2023-07-14T08:45:46","guid":{"rendered":"https:\/\/www.hitbelt.com\/?post_type=product&#038;p=1351"},"modified":"2024-02-22T07:46:39","modified_gmt":"2024-02-22T07:46:39","slug":"hit-power","status":"publish","type":"product","link":"https:\/\/www.hitbelt.com\/es\/producto\/hit-power","title":{"rendered":"HIT\u00ae Poder\u2122"},"content":{"rendered":"<p><span style=\"font-family: Arial;\"><b>Caracter\u00edsticas\/Ventajas<\/b><\/span><\/p>\n<p><span style=\"font-family: Arial;\">\u2013 Entre las caracter\u00edsticas destacadas se encuentra la vida \u00fatil excepcional y las capacidades de transmisi\u00f3n de alta potencia. Al adoptar todo el material de poliuretano de alto rendimiento, le brinda a HIT\u00ae Power\u2122 una alta flexibilidad y una estabilidad de longitud superior.<br \/>\n\u2013 Los dientes y el cuerpo de la correa est\u00e1n fabricados en poliuretano fundido de alta resistencia. La nueva formulaci\u00f3n del material proporciona a los dientes una excelente resistencia al corte y una excelente abrasi\u00f3n.<br \/>\n\u2013 El acero altamente flexible aumenta la resistencia y durabilidad. Mientras tanto, hace que las correas HIT\u00ae Power\u2122 se adapten a una amplia gama de aplicaciones.<\/span><br \/>\n\u2013 Ancho \u00fatil de manga desde 200mm hasta 400mm.<\/p>\n<p>&nbsp;<\/p>\n<p><span style=\"font-family: Arial;\"><b>Mercados\/Aplicaciones<\/b><br \/>\nSon especialmente adecuados para sistemas de posicionamiento, industria maderera, industria qu\u00edmica farmac\u00e9utica, industria alimentaria, etc.<\/span><\/p>","protected":false},"excerpt":{"rendered":"<p><span style=\"font-family: Arial;\">Si tiene problemas con la poca transmisi\u00f3n de potencia de las correas de la m\u00e1quina, HIT\u00ae POWER\u2122 es la soluci\u00f3n perfecta.<\/span><\/p>\n<p>El poliuretano de alta calidad brinda una excelente resistencia a la abrasi\u00f3n y al corte, combinado con una variedad de cordones de acero graduados, lo que garantiza una alta resistencia y resistencia a la tracci\u00f3n. El resultado es una correa de distribuci\u00f3n con una excelente estabilidad dimensional.<\/p>\n<p>Ambos pueden hacer que los cinturones tengan una flexibilidad dos veces mayor y altas cargas de tracci\u00f3n. La mejor elasticidad y la alta flexibilidad permiten que los cinturones mantengan su apariencia original durante el largo per\u00edodo de trabajo en la m\u00e1quina.<\/p>","protected":false},"featured_media":2686,"comment_status":"closed","ping_status":"closed","template":"","meta":{"_acf_changed":false,"_joinchat":[]},"product_brand":[],"product_cat":[109],"product_tag":[114],"class_list":{"0":"post-1351","1":"product","2":"type-product","3":"status-publish","4":"has-post-thumbnail","6":"product_cat-pu-belts","7":"product_tag-pu-molded-timing-belts","9":"first","10":"instock","11":"shipping-taxable","12":"product-type-simple"},"acf":[],"_links":{"self":[{"href":"https:\/\/www.hitbelt.com\/es\/wp-json\/wp\/v2\/product\/1351","targetHints":{"allow":["GET"]}}],"collection":[{"href":"https:\/\/www.hitbelt.com\/es\/wp-json\/wp\/v2\/product"}],"about":[{"href":"https:\/\/www.hitbelt.com\/es\/wp-json\/wp\/v2\/types\/product"}],"replies":[{"embeddable":true,"href":"https:\/\/www.hitbelt.com\/es\/wp-json\/wp\/v2\/comments?post=1351"}],"wp:featuredmedia":[{"embeddable":true,"href":"https:\/\/www.hitbelt.com\/es\/wp-json\/wp\/v2\/media\/2686"}],"wp:attachment":[{"href":"https:\/\/www.hitbelt.com\/es\/wp-json\/wp\/v2\/media?parent=1351"}],"wp:term":[{"taxonomy":"product_brand","embeddable":true,"href":"https:\/\/www.hitbelt.com\/es\/wp-json\/wp\/v2\/product_brand?post=1351"},{"taxonomy":"product_cat","embeddable":true,"href":"https:\/\/www.hitbelt.com\/es\/wp-json\/wp\/v2\/product_cat?post=1351"},{"taxonomy":"product_tag","embeddable":true,"href":"https:\/\/www.hitbelt.com\/es\/wp-json\/wp\/v2\/product_tag?post=1351"}],"curies":[{"name":"wp","href":"https:\/\/api.w.org\/{rel}","templated":true}]}}