{"id":1324,"date":"2023-07-14T08:27:41","date_gmt":"2023-07-14T08:27:41","guid":{"rendered":"https:\/\/www.hitbelt.com\/?post_type=product&#038;p=1324"},"modified":"2024-02-21T09:18:48","modified_gmt":"2024-02-21T09:18:48","slug":"steel-cord-conveyor-belts","status":"publish","type":"product","link":"https:\/\/www.hitbelt.com\/es\/producto\/steel-cord-conveyor-belts","title":{"rendered":"CINTAS TRANSPORTADORAS DE CABLE DE ACERO"},"content":{"rendered":"<p><b>Caracter\u00edstica\/Ventajas<\/b><br \/>\n\u2013 Se utiliza en las industrias del carb\u00f3n, minerales, portuarias, metal\u00fargicas, energ\u00e9ticas y qu\u00edmicas, adecuado para el transporte de materiales a larga distancia y cargas pesadas.<br \/>\n\u2013 Est\u00e1ndar ofrecido: GB\/T9770, DIN22131, EN ISO 15236, SANS1366 y AS1333.<br \/>\n\u2013 Compuestos de Cubierta: General, Resistente al Fuego, Resistente al Fr\u00edo, Resistente a la Abrasi\u00f3n, Resistente al Calor y Resistente a Qu\u00edmicos.<\/p>\n<p><b>Estructuras<\/b><\/p>\n<p><img loading=\"lazy\" decoding=\"async\" class=\"alignnone size-medium wp-image-1325\" src=\"https:\/\/www.hitbelt.com\/wp-content\/uploads\/2023\/07\/20131017133859_80268-500x278.png\" alt=\"\" width=\"500\" height=\"278\" srcset=\"https:\/\/www.hitbelt.com\/wp-content\/uploads\/2023\/07\/20131017133859_80268-500x278.png 500w, https:\/\/www.hitbelt.com\/wp-content\/uploads\/2023\/07\/20131017133859_80268-18x10.png 18w, https:\/\/www.hitbelt.com\/wp-content\/uploads\/2023\/07\/20131017133859_80268-135x75.png 135w, https:\/\/www.hitbelt.com\/wp-content\/uploads\/2023\/07\/20131017133859_80268-480x267.png 480w, https:\/\/www.hitbelt.com\/wp-content\/uploads\/2023\/07\/20131017133859_80268.png 548w\" sizes=\"auto, (max-width:767px) 480px, 500px\" \/> <img loading=\"lazy\" decoding=\"async\" class=\"alignnone size-medium wp-image-1328\" src=\"https:\/\/www.hitbelt.com\/wp-content\/uploads\/2023\/07\/20131017133926_85860-500x262.png\" alt=\"\" width=\"500\" height=\"262\" srcset=\"https:\/\/www.hitbelt.com\/wp-content\/uploads\/2023\/07\/20131017133926_85860-500x262.png 500w, https:\/\/www.hitbelt.com\/wp-content\/uploads\/2023\/07\/20131017133926_85860-18x9.png 18w, https:\/\/www.hitbelt.com\/wp-content\/uploads\/2023\/07\/20131017133926_85860-143x75.png 143w, https:\/\/www.hitbelt.com\/wp-content\/uploads\/2023\/07\/20131017133926_85860-480x251.png 480w, https:\/\/www.hitbelt.com\/wp-content\/uploads\/2023\/07\/20131017133926_85860.png 709w\" sizes=\"auto, (max-width:767px) 480px, 500px\" \/><\/p>\n<p>&nbsp;<\/p>\n<p><strong>Configuraciones de empalme<\/strong><\/p>\n<p>Empalme en un solo paso (hasta ST2000)<\/p>\n<p><img loading=\"lazy\" decoding=\"async\" class=\"alignnone size-medium wp-image-1333\" src=\"https:\/\/www.hitbelt.com\/wp-content\/uploads\/2023\/07\/20131017143145_55758-500x169.png\" alt=\"\" width=\"500\" height=\"169\" srcset=\"https:\/\/www.hitbelt.com\/wp-content\/uploads\/2023\/07\/20131017143145_55758-500x169.png 500w, https:\/\/www.hitbelt.com\/wp-content\/uploads\/2023\/07\/20131017143145_55758-18x6.png 18w, https:\/\/www.hitbelt.com\/wp-content\/uploads\/2023\/07\/20131017143145_55758-150x51.png 150w, https:\/\/www.hitbelt.com\/wp-content\/uploads\/2023\/07\/20131017143145_55758-480x162.png 480w, https:\/\/www.hitbelt.com\/wp-content\/uploads\/2023\/07\/20131017143145_55758.png 625w\" sizes=\"auto, (max-width:767px) 480px, 500px\" \/><\/p>\n<p>&nbsp;<\/p>\n<p>Empalme de dos pasos (ST2500 a ST3150)<\/p>\n<p><img loading=\"lazy\" decoding=\"async\" class=\"alignnone size-medium wp-image-1334\" src=\"https:\/\/www.hitbelt.com\/wp-content\/uploads\/2023\/07\/20131017143305_82075-500x227.png\" alt=\"\" width=\"500\" height=\"227\" srcset=\"https:\/\/www.hitbelt.com\/wp-content\/uploads\/2023\/07\/20131017143305_82075-500x227.png 500w, https:\/\/www.hitbelt.com\/wp-content\/uploads\/2023\/07\/20131017143305_82075-18x8.png 18w, https:\/\/www.hitbelt.com\/wp-content\/uploads\/2023\/07\/20131017143305_82075-150x68.png 150w, https:\/\/www.hitbelt.com\/wp-content\/uploads\/2023\/07\/20131017143305_82075-480x218.png 480w, https:\/\/www.hitbelt.com\/wp-content\/uploads\/2023\/07\/20131017143305_82075.png 625w\" sizes=\"auto, (max-width:767px) 480px, 500px\" \/><\/p>\n<p>&nbsp;<\/p>\n<p>Empalme de tres pasos (ST3500 a ST4500)<\/p>\n<p><img loading=\"lazy\" decoding=\"async\" class=\"alignnone size-medium wp-image-1335\" src=\"https:\/\/www.hitbelt.com\/wp-content\/uploads\/2023\/07\/20131017143635_58029-500x227.png\" alt=\"\" width=\"500\" height=\"227\" srcset=\"https:\/\/www.hitbelt.com\/wp-content\/uploads\/2023\/07\/20131017143635_58029-500x227.png 500w, https:\/\/www.hitbelt.com\/wp-content\/uploads\/2023\/07\/20131017143635_58029-18x8.png 18w, https:\/\/www.hitbelt.com\/wp-content\/uploads\/2023\/07\/20131017143635_58029-150x68.png 150w, https:\/\/www.hitbelt.com\/wp-content\/uploads\/2023\/07\/20131017143635_58029-480x218.png 480w, https:\/\/www.hitbelt.com\/wp-content\/uploads\/2023\/07\/20131017143635_58029.png 625w\" sizes=\"auto, (max-width:767px) 480px, 500px\" \/><\/p>\n<p>&nbsp;<\/p>\n<p>Empalme de cuatro pasos (ST5000 a ST7500)<\/p>\n<p><img loading=\"lazy\" decoding=\"async\" class=\"alignnone size-medium wp-image-1336\" src=\"https:\/\/www.hitbelt.com\/wp-content\/uploads\/2023\/07\/20131017143811_61666-500x227.png\" alt=\"\" width=\"500\" height=\"227\" srcset=\"https:\/\/www.hitbelt.com\/wp-content\/uploads\/2023\/07\/20131017143811_61666-500x227.png 500w, https:\/\/www.hitbelt.com\/wp-content\/uploads\/2023\/07\/20131017143811_61666-18x8.png 18w, https:\/\/www.hitbelt.com\/wp-content\/uploads\/2023\/07\/20131017143811_61666-150x68.png 150w, https:\/\/www.hitbelt.com\/wp-content\/uploads\/2023\/07\/20131017143811_61666-480x218.png 480w, https:\/\/www.hitbelt.com\/wp-content\/uploads\/2023\/07\/20131017143811_61666.png 625w\" sizes=\"auto, (max-width:767px) 480px, 500px\" \/><\/p>\n<p>&nbsp;<\/p>","protected":false},"excerpt":{"rendered":"<p>Caracter\u00edstica\/Ventajas: Se utiliza en las industrias del carb\u00f3n, minerales, portuarias, metal\u00fargicas, energ\u00e9ticas y qu\u00edmicas, adecuado para el transporte de materiales a larga distancia y cargas pesadas. \u2013 Est\u00e1ndar ofrecido: GB\/T9770,<span class=\"excerpt-hellip\"> [\u2026]<\/span><\/p>","protected":false},"featured_media":2672,"comment_status":"closed","ping_status":"closed","template":"","meta":{"_acf_changed":false,"_joinchat":[]},"product_brand":[],"product_cat":[53],"product_tag":[106],"class_list":{"0":"post-1324","1":"product","2":"type-product","3":"status-publish","4":"has-post-thumbnail","6":"product_cat-rubber-belt","7":"product_tag-conveyor-belts","9":"first","10":"instock","11":"shipping-taxable","12":"product-type-simple"},"acf":[],"_links":{"self":[{"href":"https:\/\/www.hitbelt.com\/es\/wp-json\/wp\/v2\/product\/1324","targetHints":{"allow":["GET"]}}],"collection":[{"href":"https:\/\/www.hitbelt.com\/es\/wp-json\/wp\/v2\/product"}],"about":[{"href":"https:\/\/www.hitbelt.com\/es\/wp-json\/wp\/v2\/types\/product"}],"replies":[{"embeddable":true,"href":"https:\/\/www.hitbelt.com\/es\/wp-json\/wp\/v2\/comments?post=1324"}],"wp:featuredmedia":[{"embeddable":true,"href":"https:\/\/www.hitbelt.com\/es\/wp-json\/wp\/v2\/media\/2672"}],"wp:attachment":[{"href":"https:\/\/www.hitbelt.com\/es\/wp-json\/wp\/v2\/media?parent=1324"}],"wp:term":[{"taxonomy":"product_brand","embeddable":true,"href":"https:\/\/www.hitbelt.com\/es\/wp-json\/wp\/v2\/product_brand?post=1324"},{"taxonomy":"product_cat","embeddable":true,"href":"https:\/\/www.hitbelt.com\/es\/wp-json\/wp\/v2\/product_cat?post=1324"},{"taxonomy":"product_tag","embeddable":true,"href":"https:\/\/www.hitbelt.com\/es\/wp-json\/wp\/v2\/product_tag?post=1324"}],"curies":[{"name":"wp","href":"https:\/\/api.w.org\/{rel}","templated":true}]}}