{"id":1269,"date":"2023-07-14T08:04:05","date_gmt":"2023-07-14T08:04:05","guid":{"rendered":"https:\/\/www.hitbelt.com\/?post_type=product&#038;p=1269"},"modified":"2024-02-22T03:44:13","modified_gmt":"2024-02-22T03:44:13","slug":"belts-with-backings","status":"publish","type":"product","link":"https:\/\/www.hitbelt.com\/es\/producto\/belts-with-backings","title":{"rendered":"Cinturones con Respaldos"},"content":{"rendered":"<p><img loading=\"lazy\" decoding=\"async\" class=\"size-medium wp-image-1272 aligncenter\" src=\"https:\/\/www.hitbelt.com\/wp-content\/uploads\/2023\/07\/pu-open-belt-pu-film-backing-500x303.jpg\" alt=\"\" width=\"500\" height=\"303\" srcset=\"https:\/\/www.hitbelt.com\/wp-content\/uploads\/2023\/07\/pu-open-belt-pu-film-backing-500x303.jpg 500w, https:\/\/www.hitbelt.com\/wp-content\/uploads\/2023\/07\/pu-open-belt-pu-film-backing-18x12.jpg 18w, https:\/\/www.hitbelt.com\/wp-content\/uploads\/2023\/07\/pu-open-belt-pu-film-backing-124x75.jpg 124w, https:\/\/www.hitbelt.com\/wp-content\/uploads\/2023\/07\/pu-open-belt-pu-film-backing-480x291.jpg 480w, https:\/\/www.hitbelt.com\/wp-content\/uploads\/2023\/07\/pu-open-belt-pu-film-backing.jpg 586w\" sizes=\"auto, (max-width:767px) 480px, 500px\" \/><\/p>\n<p style=\"text-align: center;\">Soporte de pel\u00edcula de poliuretano<\/p>\n<p><img loading=\"lazy\" decoding=\"async\" class=\"size-medium wp-image-1277 aligncenter\" src=\"https:\/\/www.hitbelt.com\/wp-content\/uploads\/2023\/07\/pu-open-LINATEX-500x364.jpg\" alt=\"\" width=\"500\" height=\"364\" srcset=\"https:\/\/www.hitbelt.com\/wp-content\/uploads\/2023\/07\/pu-open-LINATEX-500x364.jpg 500w, https:\/\/www.hitbelt.com\/wp-content\/uploads\/2023\/07\/pu-open-LINATEX-16x12.jpg 16w, https:\/\/www.hitbelt.com\/wp-content\/uploads\/2023\/07\/pu-open-LINATEX-103x75.jpg 103w, https:\/\/www.hitbelt.com\/wp-content\/uploads\/2023\/07\/pu-open-LINATEX-480x350.jpg 480w, https:\/\/www.hitbelt.com\/wp-content\/uploads\/2023\/07\/pu-open-LINATEX.jpg 586w\" sizes=\"auto, (max-width:767px) 480px, 500px\" \/><\/p>\n<p style=\"text-align: center;\">LINATEX + NFT (PAZ)<\/p>\n<p style=\"text-align: center;\"><img loading=\"lazy\" decoding=\"async\" class=\"alignnone size-medium wp-image-1279\" src=\"https:\/\/www.hitbelt.com\/wp-content\/uploads\/2023\/07\/pu-open-nft-500x358.jpg\" alt=\"\" width=\"500\" height=\"358\" srcset=\"https:\/\/www.hitbelt.com\/wp-content\/uploads\/2023\/07\/pu-open-nft-500x358.jpg 500w, https:\/\/www.hitbelt.com\/wp-content\/uploads\/2023\/07\/pu-open-nft-18x12.jpg 18w, https:\/\/www.hitbelt.com\/wp-content\/uploads\/2023\/07\/pu-open-nft-105x75.jpg 105w, https:\/\/www.hitbelt.com\/wp-content\/uploads\/2023\/07\/pu-open-nft-480x344.jpg 480w, https:\/\/www.hitbelt.com\/wp-content\/uploads\/2023\/07\/pu-open-nft.jpg 586w\" sizes=\"auto, (max-width:767px) 480px, 500px\" \/><\/p>\n<p style=\"text-align: center;\">Tela verde en los dientes.<\/p>\n<h4 style=\"text-align: center;\">Gama de producci\u00f3n<\/h4>\n<div class=\"news_content\">\n<div id=\"div2\">\n<div id=\"div2\" class=\"prodview_content\">\n<div id=\"MODBLK_1414\" class=\"mod_block mb_BaXgjHQ2_block\">\n<div class=\"com_con\">\n<table class=\"ke-zeroborder aligncenter\" style=\"height: 723px;\" border=\"0\" width=\"580\" cellspacing=\"0\" cellpadding=\"0\">\n<tbody>\n<tr>\n<td style=\"text-align: center;\" width=\"152\" height=\"17\">Tipo de respaldo<\/td>\n<td>C\u00f3digo de respaldo<\/td>\n<td>Espesor (mm)<\/td>\n<td>aplicaci\u00f3n. Peso<\/td>\n<td>Dureza<\/td>\n<\/tr>\n<tr>\n<td rowspan=\"7\" width=\"152\" height=\"119\">LINATEX (rojo)<\/td>\n<td>1,5 toneladas<\/td>\n<td width=\"111\">1,5 mil\u00edmetros<\/td>\n<td width=\"111\">2,25 kg\/m\u00b2<\/td>\n<td style=\"text-align: center;\" rowspan=\"8\">55\u00baA (\u00b1 5\u00ba)<\/td>\n<\/tr>\n<tr>\n<td width=\"98\" height=\"17\">2T<\/td>\n<td width=\"111\">2 mil\u00edmetros<\/td>\n<td width=\"111\">3 kg\/m\u00b2<\/td>\n<\/tr>\n<tr>\n<td width=\"98\" height=\"17\">3T<\/td>\n<td width=\"111\">3 mil\u00edmetros<\/td>\n<td width=\"111\">4,5 kg\/m\u00b2<\/td>\n<\/tr>\n<tr>\n<td width=\"98\" height=\"17\">4T<\/td>\n<td width=\"111\">4 mil\u00edmetros<\/td>\n<td width=\"111\">5,5 kg\/m\u00b2<\/td>\n<\/tr>\n<tr>\n<td width=\"98\" height=\"17\">6T<\/td>\n<td width=\"111\">5,5 \u2013 6 mm<\/td>\n<td width=\"111\">8,5 kg\/m\u00b2<\/td>\n<\/tr>\n<tr>\n<td width=\"98\" height=\"17\">8T<\/td>\n<td width=\"111\">8 mil\u00edmetros<\/td>\n<td width=\"111\">10,8 kg\/m\u00b2<\/td>\n<\/tr>\n<tr>\n<td width=\"98\" height=\"17\">10 toneladas<\/td>\n<td width=\"111\">10 mil\u00edmetros<\/td>\n<td width=\"111\">13,5 kg\/m\u00b2<\/td>\n<\/tr>\n<tr>\n<td width=\"152\" height=\"17\">LINATEX (Blanco)<\/td>\n<td width=\"98\">3WT<\/td>\n<td width=\"111\">3 mil\u00edmetros<\/td>\n<td width=\"111\">4,5 kg\/m\u00b2<\/td>\n<\/tr>\n<tr>\n<td rowspan=\"2\" height=\"34\">Caucho natural (rojo)<\/td>\n<td width=\"98\">3NT<\/td>\n<td width=\"111\">3 mil\u00edmetros<\/td>\n<td>4 kg\/m\u00b2<\/td>\n<td rowspan=\"3\">45<span class=\"font7\"><sup>\u00ba<\/sup><\/span><span class=\"font6\">A (\u00b1 5\u00ba)<\/span><\/td>\n<\/tr>\n<tr>\n<td width=\"98\" height=\"17\">6NT<\/td>\n<td width=\"111\">6 mil\u00edmetros<\/td>\n<td>8 kg\/m\u00b2<\/td>\n<\/tr>\n<tr>\n<td height=\"17\">Caucho natural (blanco)<\/td>\n<td width=\"98\">3WNT<\/td>\n<td width=\"111\">3 mil\u00edmetros<\/td>\n<td width=\"111\">4 kg\/m\u00b2<\/td>\n<\/tr>\n<tr>\n<td rowspan=\"2\" height=\"34\">pel\u00edcula de poliuretano<\/td>\n<td width=\"98\">1P<\/td>\n<td width=\"111\">1 mil\u00edmetro<\/td>\n<td width=\"111\">1,35 kg\/m\u00b2<\/td>\n<td rowspan=\"2\" width=\"99\">88\u00baA<\/td>\n<\/tr>\n<tr>\n<td width=\"98\" height=\"17\">2P<\/td>\n<td width=\"111\">2 mil\u00edmetros<\/td>\n<td width=\"111\">2,5 kg\/m\u00b2<\/td>\n<\/tr>\n<tr>\n<td height=\"17\">Agarre de PVC<\/td>\n<td width=\"98\">3,5G<\/td>\n<td width=\"111\">3,4 \u2013 3,6 mil\u00edmetros<\/td>\n<td width=\"111\">\u00a0&#8212;<\/td>\n<td>\u00a0&#8212;<\/td>\n<\/tr>\n<tr>\n<td height=\"17\">Agarre en R de PVC<\/td>\n<td width=\"98\">3.5RG<\/td>\n<td width=\"111\">3,5 \u2013 3,8 mil\u00edmetros<\/td>\n<td width=\"111\">\u00a0&#8212;<\/td>\n<td>\u00a0&#8212;<\/td>\n<\/tr>\n<tr>\n<td height=\"17\">Panal de goma<\/td>\n<td width=\"98\">4RBG<\/td>\n<td width=\"111\">3,8 \u2013 4 mm<\/td>\n<td width=\"111\">\u00a0&#8212;<\/td>\n<td>\u00a0&#8212;<\/td>\n<\/tr>\n<tr>\n<td rowspan=\"2\" height=\"34\">Porol normal<\/td>\n<td width=\"98\">6S<\/td>\n<td width=\"111\">6 mil\u00edmetros<\/td>\n<td width=\"111\">\u00a0&#8212;<\/td>\n<td>\u00a0&#8212;<\/td>\n<\/tr>\n<tr>\n<td width=\"98\" height=\"17\">10S<\/td>\n<td width=\"111\">10 mil\u00edmetros<\/td>\n<td width=\"111\">\u00a0&#8212;<\/td>\n<td>\u00a0&#8212;<\/td>\n<\/tr>\n<tr>\n<td rowspan=\"2\" height=\"34\">porol azul<\/td>\n<td width=\"98\">6BUS<\/td>\n<td width=\"111\">6 mil\u00edmetros<\/td>\n<td width=\"111\">\u00a0&#8212;<\/td>\n<td>\u00a0&#8212;<\/td>\n<\/tr>\n<tr>\n<td width=\"98\" height=\"17\">10BUS<\/td>\n<td width=\"111\">10 mil\u00edmetros<\/td>\n<td width=\"111\">\u00a0&#8212;<\/td>\n<td>\u00a0&#8212;<\/td>\n<\/tr>\n<tr>\n<td rowspan=\"4\" width=\"152\" height=\"68\">Gu\u00eda de PVC<br \/>\n(Tipo dentado\/recto)<\/td>\n<td width=\"98\">norte<\/td>\n<td width=\"111\">8x5mm<\/td>\n<td width=\"111\">\u00a0&#8212;<\/td>\n<td>\u00a0&#8212;<\/td>\n<\/tr>\n<tr>\n<td width=\"98\" height=\"17\">oh<\/td>\n<td width=\"111\">10x6mm<\/td>\n<td width=\"111\">\u00a0&#8212;<\/td>\n<td>\u00a0&#8212;<\/td>\n<\/tr>\n<tr>\n<td width=\"98\" height=\"17\">A<\/td>\n<td width=\"111\">13x8mm<\/td>\n<td width=\"111\">\u00a0&#8212;<\/td>\n<td>\u00a0&#8212;<\/td>\n<\/tr>\n<tr>\n<td width=\"98\" height=\"17\">B<\/td>\n<td width=\"111\">17x11mm<\/td>\n<td width=\"111\">\u00a0&#8212;<\/td>\n<td>\u00a0&#8212;<\/td>\n<\/tr>\n<\/tbody>\n<\/table>\n<\/div>\n<\/div>\n<\/div>\n<\/div>\n<\/div>","protected":false},"excerpt":{"rendered":"<p>Soporte de pel\u00edcula de poliuretano LINATEX + NFT (PAZ) Tejido verde en los dientes Rango de producci\u00f3n Tipo de soporte C\u00f3digo de soporte Espesor (mm) App. Peso Dureza LINATEX (rojo) 1.5T 1.5<span class=\"excerpt-hellip\"> [\u2026]<\/span><\/p>","protected":false},"featured_media":2676,"comment_status":"closed","ping_status":"closed","template":"","meta":{"_acf_changed":false,"_joinchat":[]},"product_brand":[],"product_cat":[109],"product_tag":[110],"class_list":{"0":"post-1269","1":"product","2":"type-product","3":"status-publish","4":"has-post-thumbnail","6":"product_cat-pu-belts","7":"product_tag-pu-opne-timing-belt","9":"first","10":"instock","11":"shipping-taxable","12":"product-type-simple"},"acf":[],"_links":{"self":[{"href":"https:\/\/www.hitbelt.com\/es\/wp-json\/wp\/v2\/product\/1269","targetHints":{"allow":["GET"]}}],"collection":[{"href":"https:\/\/www.hitbelt.com\/es\/wp-json\/wp\/v2\/product"}],"about":[{"href":"https:\/\/www.hitbelt.com\/es\/wp-json\/wp\/v2\/types\/product"}],"replies":[{"embeddable":true,"href":"https:\/\/www.hitbelt.com\/es\/wp-json\/wp\/v2\/comments?post=1269"}],"wp:featuredmedia":[{"embeddable":true,"href":"https:\/\/www.hitbelt.com\/es\/wp-json\/wp\/v2\/media\/2676"}],"wp:attachment":[{"href":"https:\/\/www.hitbelt.com\/es\/wp-json\/wp\/v2\/media?parent=1269"}],"wp:term":[{"taxonomy":"product_brand","embeddable":true,"href":"https:\/\/www.hitbelt.com\/es\/wp-json\/wp\/v2\/product_brand?post=1269"},{"taxonomy":"product_cat","embeddable":true,"href":"https:\/\/www.hitbelt.com\/es\/wp-json\/wp\/v2\/product_cat?post=1269"},{"taxonomy":"product_tag","embeddable":true,"href":"https:\/\/www.hitbelt.com\/es\/wp-json\/wp\/v2\/product_tag?post=1269"}],"curies":[{"name":"wp","href":"https:\/\/api.w.org\/{rel}","templated":true}]}}