{"id":1261,"date":"2023-07-14T07:45:50","date_gmt":"2023-07-14T07:45:50","guid":{"rendered":"https:\/\/www.hitbelt.com\/?post_type=product&#038;p=1261"},"modified":"2024-02-22T06:36:54","modified_gmt":"2024-02-22T06:36:54","slug":"sfat10tk10atk10","status":"publish","type":"product","link":"https:\/\/www.hitbelt.com\/es\/producto\/sfat10tk10atk10","title":{"rendered":"SFAT10, TK10, ATK10"},"content":{"rendered":"","protected":false},"excerpt":{"rendered":"<p>Dientes SFAT<br \/>\nPerfil de prestaciones AT con paso m\u00e9trico y dentado trapezoidal, con dos pistas dentadas con correa dise\u00f1ada como SFAT. Estas huellas de dientes est\u00e1n desplazadas entre s\u00ed medio paso de diente. En combinaci\u00f3n con las poleas s\u00edncronas adjuntas, la autogu\u00eda har\u00e1 que la correa gire recta. No se requieren bridas.<\/p>\n<p>ATK TK<br \/>\nEste tipo de correas son una construcci\u00f3n combinada de correas s\u00edncronas y correas trapezoidales con caracter\u00edsticas de marcha recta. El rango de prestaciones es el de los perfiles est\u00e1ndar T o AT menos el ancho de la correa no dentada.<\/p>\n<p>&nbsp;<\/p>\n<h4 class=\"artview_title\">Gama de producci\u00f3n<\/h4>\n<div class=\"news_content\">\n<div id=\"div2\">\n<div id=\"MODBLK_1384\" class=\"mod_block mb_UBLu8mPx_block\">\n<div class=\"com_con\">\n<table class=\"excel294\" cellspacing=\"0\" cellpadding=\"0\">\n<colgroup>\n<col width=\"130\" \/>\n<col width=\"102\" \/>\n<col width=\"130\" \/>\n<col width=\"113\" \/><\/colgroup>\n<tbody>\n<tr>\n<td class=\"excel295\" width=\"130\">C\u00f3digo de pieza<\/td>\n<td class=\"excel295\" width=\"102\">Anchura m\u00e1xima<br \/>\n(mm)<\/td>\n<td class=\"excel296\" width=\"130\">aplicaci\u00f3n. Peso<\/td>\n<td class=\"excel295\" width=\"113\">Cantidad m\u00ednima de pedido<\/td>\n<\/tr>\n<tr>\n<td class=\"excel297\" width=\"130\">AT10FSAT<\/td>\n<td class=\"excel298\" width=\"102\">50<\/td>\n<td class=\"excel299\" width=\"130\">6,40 g\/m\/mm<\/td>\n<td class=\"excel300\" width=\"113\">100 metros<\/td>\n<\/tr>\n<tr>\n<td class=\"excel301\" width=\"130\">TK10(6X4)<\/td>\n<td class=\"excel302\" width=\"102\">50<\/td>\n<td class=\"excel303\" width=\"130\">5,50 g\/m\/mm<\/td>\n<td class=\"excel304\" width=\"113\">100 metros<\/td>\n<\/tr>\n<tr>\n<td class=\"excel297\" width=\"130\">TK10(13X8)<\/td>\n<td class=\"excel298\" width=\"102\">50<\/td>\n<td class=\"excel299\" width=\"130\">5,90 g\/m\/mm<\/td>\n<td class=\"excel300\" width=\"113\">100 metros<\/td>\n<\/tr>\n<tr>\n<td class=\"excel301\" width=\"130\">ATK10(6X4)<\/td>\n<td class=\"excel302\" width=\"102\">50<\/td>\n<td class=\"excel303\" width=\"130\">7,04 g\/m\/mm<\/td>\n<td class=\"excel304\" width=\"113\">100 metros<\/td>\n<\/tr>\n<tr>\n<td class=\"excel297\" width=\"130\">ATK10(13X8)<\/td>\n<td class=\"excel298\" width=\"102\">50<\/td>\n<td class=\"excel299\" width=\"130\">7,55 g\/m\/mm<\/td>\n<td class=\"excel300\" width=\"113\">100 metros<\/td>\n<\/tr>\n<\/tbody>\n<\/table>\n<\/div>\n<\/div>\n<\/div>\n<\/div>","protected":false},"featured_media":2679,"comment_status":"closed","ping_status":"closed","template":"","meta":{"_acf_changed":false,"_joinchat":[]},"product_brand":[],"product_cat":[109],"product_tag":[110],"class_list":{"0":"post-1261","1":"product","2":"type-product","3":"status-publish","4":"has-post-thumbnail","6":"product_cat-pu-belts","7":"product_tag-pu-opne-timing-belt","9":"first","10":"instock","11":"shipping-taxable","12":"product-type-simple"},"acf":[],"_links":{"self":[{"href":"https:\/\/www.hitbelt.com\/es\/wp-json\/wp\/v2\/product\/1261","targetHints":{"allow":["GET"]}}],"collection":[{"href":"https:\/\/www.hitbelt.com\/es\/wp-json\/wp\/v2\/product"}],"about":[{"href":"https:\/\/www.hitbelt.com\/es\/wp-json\/wp\/v2\/types\/product"}],"replies":[{"embeddable":true,"href":"https:\/\/www.hitbelt.com\/es\/wp-json\/wp\/v2\/comments?post=1261"}],"wp:featuredmedia":[{"embeddable":true,"href":"https:\/\/www.hitbelt.com\/es\/wp-json\/wp\/v2\/media\/2679"}],"wp:attachment":[{"href":"https:\/\/www.hitbelt.com\/es\/wp-json\/wp\/v2\/media?parent=1261"}],"wp:term":[{"taxonomy":"product_brand","embeddable":true,"href":"https:\/\/www.hitbelt.com\/es\/wp-json\/wp\/v2\/product_brand?post=1261"},{"taxonomy":"product_cat","embeddable":true,"href":"https:\/\/www.hitbelt.com\/es\/wp-json\/wp\/v2\/product_cat?post=1261"},{"taxonomy":"product_tag","embeddable":true,"href":"https:\/\/www.hitbelt.com\/es\/wp-json\/wp\/v2\/product_tag?post=1261"}],"curies":[{"name":"wp","href":"https:\/\/api.w.org\/{rel}","templated":true}]}}