{"id":1248,"date":"2023-07-14T07:40:58","date_gmt":"2023-07-14T07:40:58","guid":{"rendered":"https:\/\/www.hitbelt.com\/?post_type=product&#038;p=1248"},"modified":"2023-11-06T09:40:25","modified_gmt":"2023-11-06T09:40:25","slug":"t5-drt5-tt10-drt10-tt20-dr","status":"publish","type":"product","link":"https:\/\/www.hitbelt.com\/es\/producto\/t5-drt5-tt10-drt10-tt20-dr","title":{"rendered":"T5-DR,T5-T,T10-DR,T10-T,T20-DR"},"content":{"rendered":"","protected":false},"excerpt":{"rendered":"<p>T5: Est\u00e1ndar, de una cara<br \/>\nDR, DR-PAZ: Parte posterior de la correa reforzada, con un espesor de correa 1,2 mm mayor, disponible en longitudes superiores a 1075 mm, monto m\u00ednimo de compra bajo pedido.<\/p>\n<p>T10:Est\u00e1ndar, unilateral<br \/>\nDR, DR-PAZ: Parte posterior de la correa reforzada, con un espesor de correa 2,5 mm mayor, disponible en longitudes superiores a 1080 mm, monto m\u00ednimo de compra bajo pedido.<\/p>\n<p>T20: unilateral (como est\u00e1ndar)<br \/>\nDR, DR-PAZ: Parte posterior reforzada del cintur\u00f3n, espesor de cintur\u00f3n hasta 5 mm mayor, ancho de cintur\u00f3n disponible hasta bmax=100 mm, monto m\u00ednimo de compra a pedido.<\/p>","protected":false},"featured_media":2491,"comment_status":"closed","ping_status":"closed","template":"","meta":{"_acf_changed":false,"_joinchat":[]},"product_brand":[],"product_cat":[109],"product_tag":[110],"class_list":{"0":"post-1248","1":"product","2":"type-product","3":"status-publish","4":"has-post-thumbnail","6":"product_cat-pu-belts","7":"product_tag-pu-opne-timing-belt","9":"first","10":"instock","11":"shipping-taxable","12":"product-type-simple"},"acf":[],"_links":{"self":[{"href":"https:\/\/www.hitbelt.com\/es\/wp-json\/wp\/v2\/product\/1248","targetHints":{"allow":["GET"]}}],"collection":[{"href":"https:\/\/www.hitbelt.com\/es\/wp-json\/wp\/v2\/product"}],"about":[{"href":"https:\/\/www.hitbelt.com\/es\/wp-json\/wp\/v2\/types\/product"}],"replies":[{"embeddable":true,"href":"https:\/\/www.hitbelt.com\/es\/wp-json\/wp\/v2\/comments?post=1248"}],"wp:featuredmedia":[{"embeddable":true,"href":"https:\/\/www.hitbelt.com\/es\/wp-json\/wp\/v2\/media\/2491"}],"wp:attachment":[{"href":"https:\/\/www.hitbelt.com\/es\/wp-json\/wp\/v2\/media?parent=1248"}],"wp:term":[{"taxonomy":"product_brand","embeddable":true,"href":"https:\/\/www.hitbelt.com\/es\/wp-json\/wp\/v2\/product_brand?post=1248"},{"taxonomy":"product_cat","embeddable":true,"href":"https:\/\/www.hitbelt.com\/es\/wp-json\/wp\/v2\/product_cat?post=1248"},{"taxonomy":"product_tag","embeddable":true,"href":"https:\/\/www.hitbelt.com\/es\/wp-json\/wp\/v2\/product_tag?post=1248"}],"curies":[{"name":"wp","href":"https:\/\/api.w.org\/{rel}","templated":true}]}}