{"id":1234,"date":"2023-07-14T07:31:08","date_gmt":"2023-07-14T07:31:08","guid":{"rendered":"https:\/\/www.hitbelt.com\/?post_type=product&#038;p=1234"},"modified":"2023-11-03T07:41:37","modified_gmt":"2023-11-03T07:41:37","slug":"chevron-conveyor-belts","status":"publish","type":"product","link":"https:\/\/www.hitbelt.com\/es\/producto\/chevron-conveyor-belts","title":{"rendered":"CINTAS TRANSPORTADORAS CHEVRON"},"content":{"rendered":"<p><b>Caracter\u00edsticas\/Ventajas<\/b><\/p>\n<p>- Antideslizante<br \/>\n\u2013 Las calas y el caucho de la cubierta superior est\u00e1n vulcanizados integralmente.<br \/>\n\u2013 El patr\u00f3n, el \u00e1ngulo y el paso de la cala est\u00e1n dise\u00f1ados minuciosamente<\/p>\n<p>\u2013 La cinta transportadora Chevron es adecuada para transportar materiales sueltos, voluminosos o en bolsas en superficies inclinadas en \u00e1ngulos de menos de 40 grados.<\/p>\n<p><img loading=\"lazy\" decoding=\"async\" class=\"alignnone size-medium wp-image-1235\" src=\"https:\/\/www.hitbelt.com\/wp-content\/uploads\/2023\/07\/20131017101748_34674-500x381.png\" alt=\"\" width=\"500\" height=\"381\" srcset=\"https:\/\/www.hitbelt.com\/wp-content\/uploads\/2023\/07\/20131017101748_34674-500x381.png 500w, https:\/\/www.hitbelt.com\/wp-content\/uploads\/2023\/07\/20131017101748_34674-16x12.png 16w, https:\/\/www.hitbelt.com\/wp-content\/uploads\/2023\/07\/20131017101748_34674-98x75.png 98w, https:\/\/www.hitbelt.com\/wp-content\/uploads\/2023\/07\/20131017101748_34674-480x366.png 480w, https:\/\/www.hitbelt.com\/wp-content\/uploads\/2023\/07\/20131017101748_34674.png 696w\" sizes=\"auto, (max-width:767px) 480px, 500px\" \/><\/p>\n<p>&nbsp;<\/p>\n<p><b>Datos f\u00edsicos<\/b><br \/>\nLa elecci\u00f3n del tipo y la altura de los listones depende del material a transportar y del \u00e1ngulo de inclinaci\u00f3n:<\/p>\n<table style=\"font-weight: 400;\" width=\"640\">\n<tbody>\n<tr>\n<td rowspan=\"4\" width=\"66\"><strong>Tipo de material<\/strong><\/td>\n<td rowspan=\"4\" width=\"113\"><strong>Ejemplo de material<\/strong><\/td>\n<td colspan=\"4\" width=\"144\"><strong>M\u00e1x. \u00e1ngulo de inclinaci\u00f3n<\/strong><\/td>\n<\/tr>\n<tr>\n<td colspan=\"4\" width=\"144\"><strong>Altura de los tacos<\/strong><\/td>\n<\/tr>\n<tr>\n<td width=\"36\"><strong>Mmm):<\/strong><\/td>\n<td width=\"36\"><strong>Mmm):<\/strong><\/td>\n<td width=\"36\"><strong>Mmm):<\/strong><\/td>\n<td width=\"36\"><strong>Mmm):<\/strong><\/td>\n<\/tr>\n<tr>\n<td width=\"36\">14<\/td>\n<td width=\"36\">16<\/td>\n<td width=\"36\">25<\/td>\n<td width=\"36\">32<\/td>\n<\/tr>\n<tr>\n<td width=\"66\">En polvo<\/td>\n<td width=\"113\">Harina, etc.<\/td>\n<td width=\"36\">25\u00b0<\/td>\n<td width=\"36\">25\u00b0<\/td>\n<td width=\"36\">28\u00b0<\/td>\n<td width=\"36\">30\u00b0<\/td>\n<\/tr>\n<tr>\n<td width=\"66\">Flujo suelto<\/td>\n<td width=\"113\">Ma\u00edz, cebada, trigo, centeno, etc.<\/td>\n<td width=\"36\">20\/25\u00b0<\/td>\n<td width=\"36\">20\/25\u00b0<\/td>\n<td width=\"36\">25\/30\u00b0<\/td>\n<td width=\"36\">25\/30\u00b0<\/td>\n<\/tr>\n<tr>\n<td width=\"66\">balanceo suelto<\/td>\n<td width=\"113\">Grava, piedra molida, etc.<\/td>\n<td width=\"36\">25\u00b0<\/td>\n<td width=\"36\">25\u00b0<\/td>\n<td width=\"36\">28\u00b0<\/td>\n<td width=\"36\">30\u00b0<\/td>\n<\/tr>\n<tr>\n<td width=\"66\">Pegajoso<\/td>\n<td width=\"113\">Arena h\u00fameda, ceniza, marga h\u00fameda, etc.<\/td>\n<td width=\"36\">\u00a030\u00b0<\/td>\n<td width=\"36\">30\/35\u00b0<\/td>\n<td width=\"36\">35\/40\u00b0<\/td>\n<td width=\"36\">40\/45\u00b0<\/td>\n<\/tr>\n<tr>\n<td width=\"66\">Lleno<\/td>\n<td width=\"113\">Sacos, sacos de papel, etc.<\/td>\n<td width=\"36\">30\/35\u00b0<\/td>\n<td width=\"36\">30\/35\u00b0<\/td>\n<td width=\"36\">35\/40\u00b0<\/td>\n<td width=\"36\">35\/40\u00b0<\/td>\n<\/tr>\n<\/tbody>\n<\/table>","protected":false},"excerpt":{"rendered":"<p>Caracter\u00edsticas\/ventajas \u2013 Antideslizante \u2013 Los tacos y el caucho de la cubierta superior est\u00e1n vulcanizados integralmente \u2013 El patr\u00f3n, el \u00e1ngulo y el paso de los tacos est\u00e1n dise\u00f1ados minuciosamente \u2013 La cinta transportadora Chevron est\u00e1<span class=\"excerpt-hellip\"> [\u2026]<\/span><\/p>","protected":false},"featured_media":2471,"comment_status":"closed","ping_status":"closed","template":"","meta":{"_acf_changed":false,"_joinchat":[]},"product_brand":[],"product_cat":[53],"product_tag":[106],"class_list":{"0":"post-1234","1":"product","2":"type-product","3":"status-publish","4":"has-post-thumbnail","6":"product_cat-rubber-belt","7":"product_tag-conveyor-belts","9":"first","10":"instock","11":"shipping-taxable","12":"product-type-simple"},"acf":[],"_links":{"self":[{"href":"https:\/\/www.hitbelt.com\/es\/wp-json\/wp\/v2\/product\/1234","targetHints":{"allow":["GET"]}}],"collection":[{"href":"https:\/\/www.hitbelt.com\/es\/wp-json\/wp\/v2\/product"}],"about":[{"href":"https:\/\/www.hitbelt.com\/es\/wp-json\/wp\/v2\/types\/product"}],"replies":[{"embeddable":true,"href":"https:\/\/www.hitbelt.com\/es\/wp-json\/wp\/v2\/comments?post=1234"}],"wp:featuredmedia":[{"embeddable":true,"href":"https:\/\/www.hitbelt.com\/es\/wp-json\/wp\/v2\/media\/2471"}],"wp:attachment":[{"href":"https:\/\/www.hitbelt.com\/es\/wp-json\/wp\/v2\/media?parent=1234"}],"wp:term":[{"taxonomy":"product_brand","embeddable":true,"href":"https:\/\/www.hitbelt.com\/es\/wp-json\/wp\/v2\/product_brand?post=1234"},{"taxonomy":"product_cat","embeddable":true,"href":"https:\/\/www.hitbelt.com\/es\/wp-json\/wp\/v2\/product_cat?post=1234"},{"taxonomy":"product_tag","embeddable":true,"href":"https:\/\/www.hitbelt.com\/es\/wp-json\/wp\/v2\/product_tag?post=1234"}],"curies":[{"name":"wp","href":"https:\/\/api.w.org\/{rel}","templated":true}]}}