{"id":1225,"date":"2023-07-14T07:28:13","date_gmt":"2023-07-14T07:28:13","guid":{"rendered":"https:\/\/www.hitbelt.com\/?post_type=product&#038;p=1225"},"modified":"2024-02-21T07:22:23","modified_gmt":"2024-02-21T07:22:23","slug":"flat-transmission-belt","status":"publish","type":"product","link":"https:\/\/www.hitbelt.com\/es\/producto\/flat-transmission-belt","title":{"rendered":"Correa de transmisi\u00f3n plana"},"content":{"rendered":"<p><b>Caracter\u00edsticas\/Ventajas<\/b><br \/>\n\u2013 La correa de caucho plana tiene las caracter\u00edsticas de alta resistencia, buena flexibilidad y peque\u00f1o alargamiento.<br \/>\n\u2013 Dise\u00f1o innovador, que adopta un compuesto de caucho avanzado con buena adherencia en la uni\u00f3n opuesta de la superficie de la tela con filete, no se producir\u00e1 deslaminaci\u00f3n durante la operaci\u00f3n.<br \/>\n\u2013 Al adoptar una lona de algod\u00f3n puro de alta calidad, las capas de pato tienen buena resistencia y no se deforman f\u00e1cilmente.<\/p>\n<p><b>Mercados\/Aplicaciones<\/b><br \/>\nSe utiliza principalmente en f\u00e1bricas, minas, muelles, industria metal\u00fargica, transmisi\u00f3n de energ\u00eda mec\u00e1nica ordinaria, procesamiento de gran potencia de granos como arroz y trigo, equipos de riego, corte de madera y agricultura.<\/p>\n<p><b>Clasificaci\u00f3n del producto<\/b><br \/>\n\u2013 Categor\u00eda: 28 OZ (onza), 30 OZ (onza), 32 OZ (onza), 34 OZ (onza) y 36 OZ (onza).<br \/>\n\u2013 Correa de caucho plana con borde cortado: La correa de caucho plana con borde cortado se fabrica uniendo varias capas de lona de ancho completo, los lados de la correa son superficies formadas mediante corte, las superficies de los bordes de la correa est\u00e1n recubiertas con pasta de caucho.<\/p>\n<p><img loading=\"lazy\" decoding=\"async\" class=\"alignnone size-full wp-image-1227\" src=\"https:\/\/www.hitbelt.com\/wp-content\/uploads\/2023\/07\/20131017094309_91415.png\" alt=\"\" width=\"459\" height=\"140\" srcset=\"https:\/\/www.hitbelt.com\/wp-content\/uploads\/2023\/07\/20131017094309_91415.png 459w, https:\/\/www.hitbelt.com\/wp-content\/uploads\/2023\/07\/20131017094309_91415-18x5.png 18w, https:\/\/www.hitbelt.com\/wp-content\/uploads\/2023\/07\/20131017094309_91415-150x46.png 150w\" sizes=\"auto, (max-width:767px) 459px, 459px\" \/><\/p>\n<p>\u2013 Correa de caucho plana con borde redondo: La correa de caucho plana con borde redondo se dobla mediante la capa o capas exteriores de lona y los lados de las correas son superficies curvas.<\/p>\n<p><img loading=\"lazy\" decoding=\"async\" class=\"alignnone size-full wp-image-1230\" src=\"https:\/\/www.hitbelt.com\/wp-content\/uploads\/2023\/07\/20131017094646_32454.png\" alt=\"\" width=\"459\" height=\"140\" srcset=\"https:\/\/www.hitbelt.com\/wp-content\/uploads\/2023\/07\/20131017094646_32454.png 459w, https:\/\/www.hitbelt.com\/wp-content\/uploads\/2023\/07\/20131017094646_32454-18x5.png 18w, https:\/\/www.hitbelt.com\/wp-content\/uploads\/2023\/07\/20131017094646_32454-150x46.png 150w\" sizes=\"auto, (max-width:767px) 459px, 459px\" \/><\/p>\n<p>\u2013 Disponibles en variedad de colores, principalmente de ellos tienen cuatro colores: marr\u00f3n claro, amarillo naranja y negro.<\/p>","protected":false},"excerpt":{"rendered":"<p>La correa de transmisi\u00f3n plana es una correa de caucho plana com\u00fan, tambi\u00e9n llamada correa de transmisi\u00f3n, que generalmente utiliza lona de algod\u00f3n de alta calidad como capas de esqueleto.<\/p>","protected":false},"featured_media":2664,"comment_status":"closed","ping_status":"closed","template":"","meta":{"_acf_changed":false,"_joinchat":[]},"product_brand":[],"product_cat":[53],"product_tag":[106],"class_list":{"0":"post-1225","1":"product","2":"type-product","3":"status-publish","4":"has-post-thumbnail","6":"product_cat-rubber-belt","7":"product_tag-conveyor-belts","9":"first","10":"instock","11":"shipping-taxable","12":"product-type-simple"},"acf":[],"_links":{"self":[{"href":"https:\/\/www.hitbelt.com\/es\/wp-json\/wp\/v2\/product\/1225","targetHints":{"allow":["GET"]}}],"collection":[{"href":"https:\/\/www.hitbelt.com\/es\/wp-json\/wp\/v2\/product"}],"about":[{"href":"https:\/\/www.hitbelt.com\/es\/wp-json\/wp\/v2\/types\/product"}],"replies":[{"embeddable":true,"href":"https:\/\/www.hitbelt.com\/es\/wp-json\/wp\/v2\/comments?post=1225"}],"wp:featuredmedia":[{"embeddable":true,"href":"https:\/\/www.hitbelt.com\/es\/wp-json\/wp\/v2\/media\/2664"}],"wp:attachment":[{"href":"https:\/\/www.hitbelt.com\/es\/wp-json\/wp\/v2\/media?parent=1225"}],"wp:term":[{"taxonomy":"product_brand","embeddable":true,"href":"https:\/\/www.hitbelt.com\/es\/wp-json\/wp\/v2\/product_brand?post=1225"},{"taxonomy":"product_cat","embeddable":true,"href":"https:\/\/www.hitbelt.com\/es\/wp-json\/wp\/v2\/product_cat?post=1225"},{"taxonomy":"product_tag","embeddable":true,"href":"https:\/\/www.hitbelt.com\/es\/wp-json\/wp\/v2\/product_tag?post=1225"}],"curies":[{"name":"wp","href":"https:\/\/api.w.org\/{rel}","templated":true}]}}