{"id":1223,"date":"2023-07-14T07:26:53","date_gmt":"2023-07-14T07:26:53","guid":{"rendered":"https:\/\/www.hitbelt.com\/?post_type=product&#038;p=1223"},"modified":"2024-02-21T03:38:41","modified_gmt":"2024-02-21T03:38:41","slug":"chemical-resistant-conveyor-belt","status":"publish","type":"product","link":"https:\/\/www.hitbelt.com\/es\/producto\/chemical-resistant-conveyor-belt","title":{"rendered":"Cinta transportadora resistente a productos qu\u00edmicos"},"content":{"rendered":"<p><b>Caracter\u00edsticas\/Ventajas<\/b><br \/>\n\u2013 La cubierta de goma, que est\u00e1 hecha de materiales resistentes a productos qu\u00edmicos, tiene una fina corrosividad antiqu\u00edmica y buenas propiedades f\u00edsicas.<br \/>\n\u2013 Est\u00e1 hecho especialmente para aquellos materiales que al disolverse, expandirse o corroer la correa.<br \/>\n\u2013 Es adecuado para transportar material con corrosividad qu\u00edmica en f\u00e1bricas de productos qu\u00edmicos, f\u00e1bricas de fertilizantes qu\u00edmicos, f\u00e1bricas de papel, industria minera, etc.<br \/>\n<b>\u00a0\u00cdndices t\u00e9cnicos<\/b><\/p>\n<table style=\"font-weight: 400;\" width=\"647\">\n<tbody>\n<tr>\n<td colspan=\"3\" rowspan=\"2\" width=\"174\"><strong>Elementos<\/strong><\/td>\n<td width=\"71\"><strong>Resistencia a la tracci\u00f3n<\/strong><\/td>\n<td width=\"83\"><strong>Elongaci\u00f3n de rotura<\/strong><\/td>\n<td width=\"71\"><strong>Abrasi\u00f3n<\/strong><\/td>\n<td width=\"58\"><strong>Dureza<\/strong><\/td>\n<td width=\"126\"><strong>Ozono<\/strong><\/td>\n<\/tr>\n<tr>\n<td width=\"71\"><strong>\/Mpa\u2265<\/strong><\/td>\n<td width=\"83\"><strong>\u2044%\u2265<\/strong><\/td>\n<td width=\"71\"><strong>\/mm3\u2264<\/strong><\/td>\n<td width=\"58\"><strong>\/(\u00b0)+10\/ -5<\/strong><\/td>\n<td width=\"126\"><strong>\u00a0deterioro<\/strong><\/td>\n<\/tr>\n<tr>\n<td rowspan=\"7\" width=\"24\"><strong>Cubrir<\/strong><\/td>\n<td rowspan=\"2\" width=\"99\"><strong>Propiedad fisica<\/strong><\/td>\n<td width=\"50\"><strong>antes de envejecer<\/strong><\/td>\n<td width=\"71\">14.0<\/td>\n<td width=\"83\">400<\/td>\n<td width=\"71\">250<\/td>\n<td width=\"58\">60<\/td>\n<td width=\"126\">sin grietas<\/td>\n<\/tr>\n<tr>\n<td width=\"50\"><strong>Despu\u00e9s del envejecimiento<\/strong><\/td>\n<td width=\"71\">12.0<\/td>\n<td width=\"83\">340<\/td>\n<td width=\"71\">\/<\/td>\n<td width=\"58\">65<\/td>\n<td width=\"126\">\/<\/td>\n<\/tr>\n<tr>\n<td rowspan=\"5\" width=\"99\"><strong>Resistencia a \u00e1cidos y \u00e1lcalis<\/strong><\/td>\n<td rowspan=\"2\" width=\"50\"><strong>Clase<\/strong><\/td>\n<td rowspan=\"2\" width=\"71\"><strong>Remojar l\u00edquido<\/strong><\/td>\n<td rowspan=\"2\" width=\"83\"><strong>Densidad<\/strong><\/td>\n<td width=\"71\"><strong>Condiciones de remojo<\/strong><\/td>\n<td colspan=\"2\" width=\"184\"><strong>Tasa de cambio antes y despu\u00e9s del remojo<\/strong><\/td>\n<\/tr>\n<tr>\n<td width=\"71\"><strong>\u00b0C *h<\/strong><\/td>\n<td width=\"58\"><strong>Tasa de hinchaz\u00f3n<\/strong><\/td>\n<td width=\"126\"><strong>Tasa de cambio de resistencia a la tracci\u00f3n.<\/strong><\/td>\n<\/tr>\n<tr>\n<td width=\"50\">A1<\/td>\n<td width=\"71\">clorhidrato<\/td>\n<td width=\"83\">18%<\/td>\n<td width=\"71\">50\u00b0C*96h<\/td>\n<td width=\"58\">\u2264+10%<\/td>\n<td width=\"126\">\u226410%<\/td>\n<\/tr>\n<tr>\n<td width=\"50\">A2<\/td>\n<td width=\"71\">H<sub>2<\/sub>ENTONCES<sub>4<\/sub><\/td>\n<td width=\"83\">50%<\/td>\n<td width=\"71\">50\u00b0C*96h<\/td>\n<td width=\"58\">\u2264+10%<\/td>\n<td width=\"126\">\u226410%<\/td>\n<\/tr>\n<tr>\n<td width=\"50\">A3<\/td>\n<td width=\"71\">NaOH<\/td>\n<td width=\"83\">48%<\/td>\n<td width=\"71\">50\u00b0C*96h<\/td>\n<td width=\"58\">\u2264+10%<\/td>\n<td width=\"126\">\u226410%<\/td>\n<\/tr>\n<\/tbody>\n<\/table>","protected":false},"excerpt":{"rendered":"<p>Caracter\u00edsticas\/ventajas: la cubierta de goma, que est\u00e1 hecha de materiales resistentes a productos qu\u00edmicos, tiene una fina corrosividad antiqu\u00edmica y buenas propiedades f\u00edsicas. \u2013 Est\u00e1 hecho especialmente para<span class=\"excerpt-hellip\"> [\u2026]<\/span><\/p>","protected":false},"featured_media":2661,"comment_status":"closed","ping_status":"closed","template":"","meta":{"_acf_changed":false,"_joinchat":[]},"product_brand":[],"product_cat":[53],"product_tag":[106],"class_list":{"0":"post-1223","1":"product","2":"type-product","3":"status-publish","4":"has-post-thumbnail","6":"product_cat-rubber-belt","7":"product_tag-conveyor-belts","9":"first","10":"instock","11":"shipping-taxable","12":"product-type-simple"},"acf":[],"_links":{"self":[{"href":"https:\/\/www.hitbelt.com\/es\/wp-json\/wp\/v2\/product\/1223","targetHints":{"allow":["GET"]}}],"collection":[{"href":"https:\/\/www.hitbelt.com\/es\/wp-json\/wp\/v2\/product"}],"about":[{"href":"https:\/\/www.hitbelt.com\/es\/wp-json\/wp\/v2\/types\/product"}],"replies":[{"embeddable":true,"href":"https:\/\/www.hitbelt.com\/es\/wp-json\/wp\/v2\/comments?post=1223"}],"wp:featuredmedia":[{"embeddable":true,"href":"https:\/\/www.hitbelt.com\/es\/wp-json\/wp\/v2\/media\/2661"}],"wp:attachment":[{"href":"https:\/\/www.hitbelt.com\/es\/wp-json\/wp\/v2\/media?parent=1223"}],"wp:term":[{"taxonomy":"product_brand","embeddable":true,"href":"https:\/\/www.hitbelt.com\/es\/wp-json\/wp\/v2\/product_brand?post=1223"},{"taxonomy":"product_cat","embeddable":true,"href":"https:\/\/www.hitbelt.com\/es\/wp-json\/wp\/v2\/product_cat?post=1223"},{"taxonomy":"product_tag","embeddable":true,"href":"https:\/\/www.hitbelt.com\/es\/wp-json\/wp\/v2\/product_tag?post=1223"}],"curies":[{"name":"wp","href":"https:\/\/api.w.org\/{rel}","templated":true}]}}