{"id":1221,"date":"2023-07-14T07:24:49","date_gmt":"2023-07-14T07:24:49","guid":{"rendered":"https:\/\/www.hitbelt.com\/?post_type=product&#038;p=1221"},"modified":"2024-02-21T03:54:37","modified_gmt":"2024-02-21T03:54:37","slug":"cold-resistant-belt","status":"publish","type":"product","link":"https:\/\/www.hitbelt.com\/es\/producto\/cold-resistant-belt","title":{"rendered":"Cintur\u00f3n resistente al fr\u00edo"},"content":{"rendered":"<p><b>\u00a0Caracter\u00edsticas\/Ventajas<\/b><br \/>\nEl producto selecciona lona de algod\u00f3n, lona de nailon o lona EP como lona. La cubierta de caucho selecciona una mezcla de NR y BR, que tiene propiedades de alta elasticidad, resistencia a los golpes, resistencia al fr\u00edo, etc. Puede funcionar normalmente en condiciones de -40\u00b0 C.<\/p>\n<p><b>\u00a0Uso<\/b><br \/>\nAdecuado para transportar materiales al aire libre en \u00e1reas de congelaci\u00f3n, almacenamiento en fr\u00edo, etc.<\/p>\n<p><strong>Cubrir \u00edndices de propiedad f\u00edsica.<\/strong><\/p>\n<div id=\"MODBLK_1384\" class=\"mod_block mb_UBLu8mPx_block\">\n<div class=\"com_con\">\n<table style=\"font-weight: 400;\" width=\"640\">\n<tbody>\n<tr>\n<td colspan=\"2\" width=\"272\"><\/td>\n<td colspan=\"3\" width=\"108\"><strong>\u00cdndice<\/strong><\/td>\n<\/tr>\n<tr>\n<td colspan=\"2\" width=\"272\"><strong>Elementos<\/strong><\/td>\n<td width=\"36\">H<\/td>\n<td width=\"36\">D<\/td>\n<td width=\"36\">L<\/td>\n<\/tr>\n<tr>\n<td colspan=\"2\" width=\"272\"><strong>Resistencia a la tracci\u00f3n\/Mpa\u2265<\/strong><\/td>\n<td width=\"36\">24.0<\/td>\n<td width=\"36\">18.0<\/td>\n<td width=\"36\">15.0<\/td>\n<\/tr>\n<tr>\n<td colspan=\"2\" width=\"272\"><strong>Alargamiento de rotura \/ %\u2265<\/strong><\/td>\n<td width=\"36\">450<\/td>\n<td width=\"36\">400<\/td>\n<td width=\"36\">350<\/td>\n<\/tr>\n<tr>\n<td rowspan=\"2\" width=\"147\"><strong>Experimento de envejecimiento (70\u00b0C, 7d)<\/strong><\/td>\n<td width=\"125\">Tasa de cambio de resistencia a la tracci\u00f3n \/ %<\/td>\n<td width=\"36\">\u00b125<\/td>\n<td width=\"36\">\u00b125<\/td>\n<td width=\"36\">\u00b125<\/td>\n<\/tr>\n<tr>\n<td width=\"125\">Tasa de cambio de resistencia a la tracci\u00f3n \/ %<\/td>\n<td width=\"36\">\u00b125<\/td>\n<td width=\"36\">\u00b125<\/td>\n<td width=\"36\">\u00b125<\/td>\n<\/tr>\n<tr>\n<td colspan=\"2\" width=\"272\"><strong>Abrasi\u00f3n \/ mm<sup>3<\/sup>\u2264<\/strong><\/td>\n<td width=\"36\">120<\/td>\n<td width=\"36\">100<\/td>\n<td width=\"36\">200<\/td>\n<\/tr>\n<tr>\n<td rowspan=\"2\" width=\"147\"><strong>Coeficiente de resistencia al fr\u00edo en alargado\u2265<\/strong><\/td>\n<td width=\"125\">C<sub>1<\/sub>(-45\u00b0C)<\/td>\n<td colspan=\"3\" width=\"108\">0.3<\/td>\n<\/tr>\n<tr>\n<td width=\"125\">C<sub>2<\/sub>(-50\u00b0C)<\/td>\n<td colspan=\"3\" width=\"108\">0.2<\/td>\n<\/tr>\n<tr>\n<td colspan=\"5\" width=\"380\"><strong>Nota:<\/strong><\/td>\n<\/tr>\n<tr>\n<td colspan=\"5\" width=\"380\">C<sub>1<\/sub>\u2013la condici\u00f3n de temperatura es -45\u00b0C~+50\u00b0C<\/td>\n<\/tr>\n<tr>\n<td colspan=\"5\" width=\"380\">C<sub>2<\/sub>\u2013la condici\u00f3n de temperatura es -60\u00b0C~+50\u00b0C<\/td>\n<\/tr>\n<\/tbody>\n<\/table>\n<\/div>\n<\/div>","protected":false},"excerpt":{"rendered":"<p>\u00a0Caracter\u00edsticas\/ventajas El producto selecciona lona de algod\u00f3n, lona de nailon o lona EP como lona. La cubierta de caucho selecciona una mezcla de NR y BR, que tiene las propiedades<span class=\"excerpt-hellip\"> [\u2026]<\/span><\/p>","protected":false},"featured_media":2662,"comment_status":"closed","ping_status":"closed","template":"","meta":{"_acf_changed":false,"_joinchat":[]},"product_brand":[],"product_cat":[53],"product_tag":[106],"class_list":{"0":"post-1221","1":"product","2":"type-product","3":"status-publish","4":"has-post-thumbnail","6":"product_cat-rubber-belt","7":"product_tag-conveyor-belts","9":"first","10":"instock","11":"shipping-taxable","12":"product-type-simple"},"acf":[],"_links":{"self":[{"href":"https:\/\/www.hitbelt.com\/es\/wp-json\/wp\/v2\/product\/1221","targetHints":{"allow":["GET"]}}],"collection":[{"href":"https:\/\/www.hitbelt.com\/es\/wp-json\/wp\/v2\/product"}],"about":[{"href":"https:\/\/www.hitbelt.com\/es\/wp-json\/wp\/v2\/types\/product"}],"replies":[{"embeddable":true,"href":"https:\/\/www.hitbelt.com\/es\/wp-json\/wp\/v2\/comments?post=1221"}],"wp:featuredmedia":[{"embeddable":true,"href":"https:\/\/www.hitbelt.com\/es\/wp-json\/wp\/v2\/media\/2662"}],"wp:attachment":[{"href":"https:\/\/www.hitbelt.com\/es\/wp-json\/wp\/v2\/media?parent=1221"}],"wp:term":[{"taxonomy":"product_brand","embeddable":true,"href":"https:\/\/www.hitbelt.com\/es\/wp-json\/wp\/v2\/product_brand?post=1221"},{"taxonomy":"product_cat","embeddable":true,"href":"https:\/\/www.hitbelt.com\/es\/wp-json\/wp\/v2\/product_cat?post=1221"},{"taxonomy":"product_tag","embeddable":true,"href":"https:\/\/www.hitbelt.com\/es\/wp-json\/wp\/v2\/product_tag?post=1221"}],"curies":[{"name":"wp","href":"https:\/\/api.w.org\/{rel}","templated":true}]}}